{"id":2665,"date":"2026-01-13T08:00:48","date_gmt":"2026-01-13T08:00:48","guid":{"rendered":"https:\/\/mapospheres.eu\/about-us\/"},"modified":"2026-03-19T14:03:18","modified_gmt":"2026-03-19T14:03:18","slug":"about-us","status":"publish","type":"page","link":"https:\/\/mapospheres.eu\/es\/quienes-somos\/","title":{"rendered":"Quienes somos"},"content":{"rendered":"<div class=\"wp-block-uagb-container uagb-block-7a256846 alignfull uagb-is-root-container\">\r\n<div class=\"uagb-container-inner-blocks-wrap\">\r\n\r\n\r\n<div class=\"wp-block-uagb-advanced-heading uagb-block-3af8b3e9\">\r\n<div class=\"uagb-separator\">&nbsp;<\/div>\r\n<h2 class=\"uagb-heading-text\">Bienvenido\/a a mapospheres<\/h2>\r\n<\/div>\r\n\r\n\r\n<\/div>\r\n<\/div>\r\n<!-- \/wp:post-content -->\r\n\r\n<!-- wp:uagb\/container {\"block_id\":\"e35e5166\",\"variationSelected\":true,\"isBlockRootParent\":true} -->\r\n<div class=\"wp-block-uagb-container uagb-block-e35e5166 alignfull uagb-is-root-container\">\r\n<div class=\"uagb-container-inner-blocks-wrap\">\r\n\r\n<!-- wp:uagb\/container {\"block_id\":\"1b474e35\"} -->\r\n<div class=\"wp-block-uagb-container uagb-block-1b474e35\">\r\n\r\n<!-- wp:paragraph -->\r\n<p>\u00a1Hola!<\/p>\r\n\r\n<!-- \/wp:paragraph -->\r\n\r\n<!-- wp:paragraph -->\r\n<p>\u00abHoy en d\u00eda se ha puesto de moda apasionarse por la geograf\u00eda\u00bb (<a href=\"http:\/\/www.slate.fr\/culture\/73981\/geographie-le-nouveau-cool\" target=\"_blank\" rel=\"noreferrer noopener\">Slate.fr<\/a>)<\/p>\r\n\r\n<!-- \/wp:paragraph -->\r\n\r\n<!-- wp:paragraph -->\r\n\r\nHace siglos, solo unas pocas personas pod\u00edan crear un mapa: lo dibujaban a mano con gran atenci\u00f3n a los detalles, y no muchos sab\u00edan leerlo ni usarlo. La cartograf\u00eda ha conocido su \u00e9poca dorada en los \u00faltimos 20 a\u00f1os con el desarrollo de servicios basados \u200b\u200ben la localizaci\u00f3n, la gesti\u00f3n de datos espaciales y el software de visualizaci\u00f3n. Surgida junto con las matem\u00e1ticas y la astronom\u00eda, en la pr\u00e1ctica, la cartograf\u00eda siempre ha sido una ciencia de vanguardia en comunicaci\u00f3n y dise\u00f1o.\r\n\r\n<!-- \/wp:paragraph -->\r\n\r\n<!-- wp:paragraph -->\r\n\r\nMapospheres es una empresa que busca crear representaciones del mundo m\u00e1s cautivadoras y diversas. Representar nuestro planeta es un llamado a la exploraci\u00f3n. Es, adem\u00e1s, una forma de decir que no consentiremos que se estropee su belleza est\u00e9tica. En cierto modo, la cartograf\u00eda es una forma de activismo.\r\n\r\n<!-- \/wp:paragraph -->\r\n\r\n<!-- wp:paragraph -->\r\n\r\nMapospheres se esfuerza por visibilizar los \u00abLugares\u00bb en los que vives, tanto por su est\u00e9tica como por su valor sentimental. La mayor\u00eda de los estudios revelan que los lugares y entornos en los que vivimos ocupan un lugar central en nuestra vida y determinan parte de nuestra identidad. Por lo tanto, debemos recordarlos adecuadamente, y nuestros p\u00f3steres de alta calidad, impresos en papel satinado o lienzo fino, \u00a1celebrar\u00e1n tus lugares favoritos en las habitaciones donde vives!\r\n\r\n<!-- \/wp:paragraph -->\r\n\r\n<!-- wp:paragraph -->\r\n\r\nHagamos que los mapas y la ubicaci\u00f3n sean m\u00e1s frecuentes en nuestra sociedad.\r\n\r\n<!-- \/wp:paragraph -->\r\n\r\n<\/div>\r\n<!-- \/wp:uagb\/container -->\r\n\r\n<!-- wp:uagb\/container {\"block_id\":\"331c7fa1\",\"variationSelected\":true,\"isBlockRootParent\":true} -->\r\n<div class=\"wp-block-uagb-container uagb-block-331c7fa1 alignfull uagb-is-root-container\">\r\n<div class=\"uagb-container-inner-blocks-wrap\">\r\n\r\n<!-- wp:paragraph {\"align\":\"center\"} -->\r\n<p class=\"has-text-align-center\">&nbsp;\r\nEllos hablan de nosotros:<\/p>\r\n<!-- \/wp:paragraph -->\r\n\r\n<\/div>\r\n<\/div>\r\n<!-- \/wp:uagb\/container -->\r\n\r\n<!-- wp:uagb\/container {\"block_id\":\"2e119fff\",\"directionDesktop\":\"row\",\"variationSelected\":true,\"isBlockRootParent\":true} -->\r\n<div class=\"wp-block-uagb-container uagb-block-2e119fff alignfull uagb-is-root-container\">\r\n<div class=\"uagb-container-inner-blocks-wrap\">\r\n\r\n<!-- wp:uagb\/container {\"block_id\":\"666a8a5c\",\"widthDesktop\":50,\"widthSetByUser\":true} -->\r\n<div class=\"wp-block-uagb-container uagb-block-666a8a5c\">\r\n\r\n<!-- wp:uagb\/image {\"block_id\":\"592f5a24\",\"url\":\"https:\/\/mapospheres.eu\/wp-content\/uploads\/2026\/01\/PETITJOURNAL.png\",\"urlTablet\":\"https:\/\/mapospheres.eu\/wp-content\/uploads\/2026\/01\/PETITJOURNAL.png\",\"urlMobile\":\"https:\/\/mapospheres.eu\/wp-content\/uploads\/2026\/01\/PETITJOURNAL.png\",\"id\":5539,\"href\":\"https:\/\/lepetitjournal.com\/varsovie\/communaute\/stephane-gainot-japporte-de-la-fantaisie-dans-votre-geographie-275089\",\"rel\":\" noreferrer noopener\",\"linkDestination\":\"custom\",\"title\":\"PETITJOURNAL\",\"naturalWidth\":402,\"naturalHeight\":62,\"linkTarget\":\"_blank\",\"sizeSlug\":\"full\",\"sizeSlugTablet\":\"full\",\"sizeSlugMobile\":\"full\"} -->\r\n<div class=\"wp-block-uagb-image uagb-block-592f5a24 wp-block-uagb-image--layout-default wp-block-uagb-image--effect-static wp-block-uagb-image--align-none\">\r\n<figure class=\"wp-block-uagb-image__figure\"><a class=\"\" href=\"https:\/\/lepetitjournal.com\/varsovie\/communaute\/stephane-gainot-japporte-de-la-fantaisie-dans-votre-geographie-275089\" target=\"_blank\" rel=\"noreferrer noopener\"><img loading=\"lazy\" decoding=\"async\" class=\"uag-image-5539\" title=\"PETITJOURNAL\" role=\"img\" src=\"https:\/\/mapospheres.eu\/wp-content\/uploads\/2026\/01\/PETITJOURNAL.png\" sizes=\"auto, (max-width: 480px) 150px\" srcset=\"https:\/\/mapospheres.eu\/wp-content\/uploads\/2026\/01\/PETITJOURNAL.png ,https:\/\/mapospheres.eu\/wp-content\/uploads\/2026\/01\/PETITJOURNAL.png 780w, https:\/\/mapospheres.eu\/wp-content\/uploads\/2026\/01\/PETITJOURNAL.png 360w\" alt=\"\" width=\"402\" height=\"62\" \/><\/a><\/figure>\r\n<\/div>\r\n<!-- \/wp:uagb\/image -->\r\n\r\n<\/div>\r\n<!-- \/wp:uagb\/container -->\r\n\r\n<!-- wp:uagb\/container {\"block_id\":\"a1c8678c\",\"widthDesktop\":50,\"widthSetByUser\":true} -->\r\n<div class=\"wp-block-uagb-container uagb-block-a1c8678c\">\r\n\r\n<!-- wp:uagb\/image {\"block_id\":\"5d5acd7e\",\"url\":\"https:\/\/mapospheres.eu\/wp-content\/uploads\/2026\/01\/SKYATNIGHT.png\",\"urlTablet\":\"https:\/\/mapospheres.eu\/wp-content\/uploads\/2026\/01\/SKYATNIGHT.png\",\"urlMobile\":\"https:\/\/mapospheres.eu\/wp-content\/uploads\/2026\/01\/SKYATNIGHT.png\",\"id\":5540,\"href\":\"https:\/\/www.skyatnightmagazine.com\/top-astronomy-kit\/astrolabe\",\"rel\":\" noreferrer noopener\",\"linkDestination\":\"custom\",\"title\":\"SKYATNIGHT\",\"naturalWidth\":283,\"naturalHeight\":124,\"linkTarget\":\"_blank\",\"sizeSlug\":\"full\",\"sizeSlugTablet\":\"full\",\"sizeSlugMobile\":\"full\",\"imageBoxShadowVOffset\":18,\"imageBoxShadowBlur\":40,\"imageBoxShadowSpread\":-10} -->\r\n<div class=\"wp-block-uagb-image uagb-block-5d5acd7e wp-block-uagb-image--layout-default wp-block-uagb-image--effect-static wp-block-uagb-image--align-none\">\r\n<figure class=\"wp-block-uagb-image__figure\"><a class=\"\" href=\"https:\/\/www.skyatnightmagazine.com\/top-astronomy-kit\/astrolabe\" target=\"_blank\" rel=\"noreferrer noopener\"><img loading=\"lazy\" decoding=\"async\" class=\"uag-image-5540\" title=\"SKYATNIGHT\" role=\"img\" src=\"https:\/\/mapospheres.eu\/wp-content\/uploads\/2026\/01\/SKYATNIGHT.png\" sizes=\"auto, (max-width: 480px) 150px\" srcset=\"https:\/\/mapospheres.eu\/wp-content\/uploads\/2026\/01\/SKYATNIGHT.png ,https:\/\/mapospheres.eu\/wp-content\/uploads\/2026\/01\/SKYATNIGHT.png 780w, https:\/\/mapospheres.eu\/wp-content\/uploads\/2026\/01\/SKYATNIGHT.png 360w\" alt=\"\" width=\"283\" height=\"124\" \/><\/a><\/figure>\r\n<\/div>\r\n<!-- \/wp:uagb\/image -->\r\n\r\n<\/div>\r\n<!-- \/wp:uagb\/container -->\r\n\r\n<\/div>\r\n<\/div>\r\n<!-- \/wp:uagb\/container -->\r\n\r\n<\/div>\r\n<\/div>\r\n<!-- \/wp:uagb\/container -->","protected":false},"excerpt":{"rendered":"<p>&nbsp; Bienvenido\/a a mapospheres \u00a1Hola! \u00abHoy en d\u00eda se ha puesto de moda apasionarse por la geograf\u00eda\u00bb (Slate.fr) Hace siglos, solo unas pocas personas pod\u00edan crear un mapa: lo dibujaban a mano con gran atenci\u00f3n a los detalles, y no muchos sab\u00edan leerlo ni usarlo. La cartograf\u00eda ha conocido su \u00e9poca dorada en los \u00faltimos [&hellip;]<\/p>\n","protected":false},"author":1,"featured_media":0,"parent":0,"menu_order":0,"comment_status":"closed","ping_status":"closed","template":"","meta":{"_uag_custom_page_level_css":"","_monsterinsights_skip_tracking":false,"_monsterinsights_sitenote_active":false,"_monsterinsights_sitenote_note":"","_monsterinsights_sitenote_category":0,"site-sidebar-layout":"default","site-content-layout":"","ast-site-content-layout":"default","site-content-style":"default","site-sidebar-style":"default","ast-global-header-display":"","ast-banner-title-visibility":"","ast-main-header-display":"","ast-hfb-above-header-display":"","ast-hfb-below-header-display":"","ast-hfb-mobile-header-display":"","site-post-title":"disabled","ast-breadcrumbs-content":"","ast-featured-img":"","footer-sml-layout":"","ast-disable-related-posts":"","theme-transparent-header-meta":"","adv-header-id-meta":"","stick-header-meta":"","header-above-stick-meta":"","header-main-stick-meta":"","header-below-stick-meta":"","astra-migrate-meta-layouts":"set","ast-page-background-enabled":"default","ast-page-background-meta":{"desktop":{"background-color":"","background-image":"","background-repeat":"repeat","background-position":"center center","background-size":"auto","background-attachment":"scroll","background-type":"","background-media":"","overlay-type":"","overlay-color":"","overlay-opacity":"","overlay-gradient":""},"tablet":{"background-color":"","background-image":"","background-repeat":"repeat","background-position":"center center","background-size":"auto","background-attachment":"scroll","background-type":"","background-media":"","overlay-type":"","overlay-color":"","overlay-opacity":"","overlay-gradient":""},"mobile":{"background-color":"","background-image":"","background-repeat":"repeat","background-position":"center center","background-size":"auto","background-attachment":"scroll","background-type":"","background-media":"","overlay-type":"","overlay-color":"","overlay-opacity":"","overlay-gradient":""}},"ast-content-background-meta":{"desktop":{"background-color":"var(--ast-global-color-5)","background-image":"","background-repeat":"repeat","background-position":"center center","background-size":"auto","background-attachment":"scroll","background-type":"","background-media":"","overlay-type":"","overlay-color":"","overlay-opacity":"","overlay-gradient":""},"tablet":{"background-color":"var(--ast-global-color-5)","background-image":"","background-repeat":"repeat","background-position":"center center","background-size":"auto","background-attachment":"scroll","background-type":"","background-media":"","overlay-type":"","overlay-color":"","overlay-opacity":"","overlay-gradient":""},"mobile":{"background-color":"var(--ast-global-color-5)","background-image":"","background-repeat":"repeat","background-position":"center center","background-size":"auto","background-attachment":"scroll","background-type":"","background-media":"","overlay-type":"","overlay-color":"","overlay-opacity":"","overlay-gradient":""}},"footnotes":""},"class_list":["post-2665","page","type-page","status-publish","hentry"],"aioseo_notices":[],"_hostinger_reach_plugin_has_subscription_block":false,"_hostinger_reach_plugin_is_elementor":false,"uagb_featured_image_src":{"full":false,"thumbnail":false,"medium":false,"medium_large":false,"large":false,"1536x1536":false,"2048x2048":false,"woocommerce_thumbnail":false,"woocommerce_single":false,"woocommerce_gallery_thumbnail":false},"uagb_author_info":{"display_name":"sgainot04@gmail.com","author_link":"https:\/\/mapospheres.eu\/es\/author\/sgainot04gmail-com\/"},"uagb_comment_info":0,"uagb_excerpt":"&nbsp; Bienvenido\/a a mapospheres \u00a1Hola! \u00abHoy en d\u00eda se ha puesto de moda apasionarse por la geograf\u00eda\u00bb (Slate.fr) Hace siglos, solo unas pocas personas pod\u00edan crear un mapa: lo dibujaban a mano con gran atenci\u00f3n a los detalles, y no muchos sab\u00edan leerlo ni usarlo. La cartograf\u00eda ha conocido su \u00e9poca dorada en los \u00faltimos&hellip;","_links":{"self":[{"href":"https:\/\/mapospheres.eu\/es\/wp-json\/wp\/v2\/pages\/2665","targetHints":{"allow":["GET"]}}],"collection":[{"href":"https:\/\/mapospheres.eu\/es\/wp-json\/wp\/v2\/pages"}],"about":[{"href":"https:\/\/mapospheres.eu\/es\/wp-json\/wp\/v2\/types\/page"}],"author":[{"embeddable":true,"href":"https:\/\/mapospheres.eu\/es\/wp-json\/wp\/v2\/users\/1"}],"replies":[{"embeddable":true,"href":"https:\/\/mapospheres.eu\/es\/wp-json\/wp\/v2\/comments?post=2665"}],"version-history":[{"count":22,"href":"https:\/\/mapospheres.eu\/es\/wp-json\/wp\/v2\/pages\/2665\/revisions"}],"predecessor-version":[{"id":22623,"href":"https:\/\/mapospheres.eu\/es\/wp-json\/wp\/v2\/pages\/2665\/revisions\/22623"}],"wp:attachment":[{"href":"https:\/\/mapospheres.eu\/es\/wp-json\/wp\/v2\/media?parent=2665"}],"curies":[{"name":"wp","href":"https:\/\/api.w.org\/{rel}","templated":true}]}}