{"id":2667,"date":"2026-01-13T08:00:48","date_gmt":"2026-01-13T08:00:48","guid":{"rendered":"https:\/\/mapospheres.eu\/our-products\/"},"modified":"2026-03-19T14:11:31","modified_gmt":"2026-03-19T14:11:31","slug":"our-products","status":"publish","type":"page","link":"https:\/\/mapospheres.eu\/es\/our-products\/","title":{"rendered":"Nuestros productos - Calidad y Detalles"},"content":{"rendered":"\r\n<div class=\"wp-block-uagb-container uagb-block-7a256846 alignfull uagb-is-root-container\">\r\n<div class=\"uagb-container-inner-blocks-wrap\">\r\n\r\n\r\n<div class=\"wp-block-uagb-advanced-heading uagb-block-3af8b3e9\">\r\n<div class=\"uagb-separator\">&nbsp;<\/div>\r\n<h2 class=\"uagb-heading-text\">Nuestros productos &#8211; Calidad y Detalles<\/h2>\r\n<\/div>\r\n\r\n\r\n<\/div>\r\n<\/div>\r\n\r\n<h3 dir=\"auto\">&nbsp;<\/h3>\r\n<p class=\"body-large\" dir=\"auto\"><strong>MAPS<\/strong> &#8211;<em> Exhibe tu geograf\u00eda privada con nuestro p\u00f3ster \u00fanico que enfatiza los espacios verdes interiores y t\u00f3mate un momento para mirar realmente tu ciudad favorita con este mapa de ciudad colorido de gran tama\u00f1o impreso a pedido y f\u00e1cil de ordenar.<\/em><\/p>\r\n<p class=\"body-large\" dir=\"auto\">Puedes elegir CUALQUIER CIUDAD DEL MUNDO para embellecer tus habitaciones, ya sea en casa o en la oficina, con un p\u00f3ster grande \u00abMapa de la Ciudad\u00bb. Mapea tus destinos favoritos, muestra tu ciudad natal en tu lugar de trabajo o incluso simplemente el lugar donde nunca has estado&#8230; (todav\u00eda).\r\nMapospheres ha creado una excelente combinaci\u00f3n de cartograf\u00eda (\u00a1estos p\u00f3steres son mapas reales!) y dise\u00f1o. Puedes conseguir mapas de ciudades (ROJO OSCURO, BLANCO Y NEGRO y DISE\u00d1O NOCTURNO), Mapas del Amor o Mapas de Elevaci\u00f3n en formato de p\u00e1gina completa o redondo. Estos mapas son precisos y decorativos, ya que han sido revisados \u200b\u200bcuidadosamente por un cart\u00f3grafo y adaptados a las particularidades de la geograf\u00eda de cada ciudad.\r\nLa sostenibilidad de nuestros mapas de pared o lienzo est\u00e1 garantizada gracias a un entintado especial de gel UV. Tu p\u00f3ster o lienzo te acompa\u00f1ar\u00e1 cuando te mudes y se adaptar\u00e1 a tus muebles.<\/p>\r\n<p class=\"body-large\" dir=\"auto\">&#8211; <strong><u>Detalles de los mapas<\/u><\/strong><\/p>\r\nTodos nuestros mapas caseros cumplen estrictamente con la filosof\u00eda de datos de c\u00f3digo abierto y los aspectos legales. Los datos utilizados para crear estos mapas provienen de OpenStreetMap y est\u00e1n bajo la licencia Creative Commons 4.0 (Attribution-NonCommercial-ShareAlike 4.0 International &#8211; CC BY-NC-SA 4.0).\r\n<strong>Mapas de papel&nbsp;<\/strong>est\u00e1n impresos profesionalmente por nuestro socio en papel satinado de 180 g\/m\u00b2 con una calidad de tinta de gel UV ecol\u00f3gica que proporciona una nitidez similar a la del relieve del mapa.\r\n<strong>Canvas&nbsp;<\/strong>se imprimen, enmarcan y env\u00edan a trav\u00e9s de otro socio polaco. Impresi\u00f3n con una resoluci\u00f3n de 1440 ppp, resistente a la radiaci\u00f3n UV, sobre lienzo de algod\u00f3n de alta calidad de 285 g\/m\u00b2. \u00a1No es necesario enmarcarlo!\r\nLa escala var\u00eda de 1:50000 a 1:100000 (en raras ocasiones, 1:25000 o 1:150000) seg\u00fan la topograf\u00eda o representaci\u00f3n de la ciudad seleccionada.\r\nPuede obtener un dise\u00f1o de P\u00c1GINA COMPLETA o de FORMA REDONDA como opci\u00f3n.\r\n\u00a1Mapospheres tiene como objetivo promover la diversidad cultural! El nombre de la ciudad se establecer\u00e1 por defecto en ingl\u00e9s (ej: CONSTANCIA\/ALEMANIA). No dude en mencionar en su carrito si lo desea en otro idioma (CONSTANCIA\/ALEMANIA).\r\n<p class=\"body-large\" dir=\"auto\">&#8212;&#8212;&#8212;&#8212;&#8212;&#8212;&#8212;&#8212;-<\/p>\r\n<strong>ASTROLABIOS<\/strong> &#8211; <em>Est\u00e1n hechos con contrachapado de abeto blando. Se entregan con pegatinas laminadas de alta calidad o con impresi\u00f3n por transferencia sobre madera en cuatro versiones diferentes:\r\n&#8211; Astrolabio normal: su astrolabio de madera se entrega listo para usar junto con su manual de usuario.\r\n&#8211; Astrolabio en kit: prep\u00e1relo usted mismo y aprenda mientras lo ensambla.\r\n&#8211; Astrolabio de transferencia de madera: calidad vintage de impresi\u00f3n mediante la t\u00e9cnica de transferencia de madera.\r\n&#8211; Astrolabio de transferencia de madera personalizado: a\u00f1ada su nombre en la parte posterior de su astrolabio.<\/em>\r\n\r\n&#8212;&#8212;&#8212;&#8212;&#8212;&#8212;&#8212;&#8212;-\r\nPor favor l\u00e9e nuestra secci\u00f3n&nbsp;<a title=\"FAQ\" href=\"https:\/\/mapospheres.eu\/es\/preguntas-frecuentes\/\" target=\"_self\" rel=\"noopener noreferrer\">FAQ<\/a>&nbsp;y no dudes en enviarnos un <a title=\"contacto\" href=\"https:\/\/mapospheres.eu\/es\/contacto\/\" target=\"_self\" rel=\"noopener noreferrer\">&nbsp;mensaje&nbsp;<\/a>si tienes algunas preguntas!\r\n\r\n\r\n<div class=\"wp-block-uagb-container uagb-block-c2caf6d0 alignfull uagb-is-root-container\">\r\n<div class=\"uagb-container-inner-blocks-wrap\">\r\n\r\n\r\n<div class=\"wp-block-uagb-container uagb-block-0e63000d\">\r\n\r\n\r\n<figure class=\"wp-block-image size-large is-resized has-custom-border\" style=\"margin-right: 0; margin-left: 0;\"><img loading=\"lazy\" decoding=\"async\" width=\"1024\" height=\"614\" class=\"wp-image-5560\" style=\"border-style: none; border-width: 0px; object-fit: cover; width: 480px; height: 280px;\" src=\"https:\/\/mapospheres.eu\/wp-content\/uploads\/2026\/01\/ManWithBeard-2-1024x614.jpg\" alt=\"\" srcset=\"https:\/\/mapospheres.eu\/wp-content\/uploads\/2026\/01\/ManWithBeard-2-1024x614.jpg 1024w, https:\/\/mapospheres.eu\/wp-content\/uploads\/2026\/01\/ManWithBeard-2-300x180.jpg 300w, https:\/\/mapospheres.eu\/wp-content\/uploads\/2026\/01\/ManWithBeard-2-768x461.jpg 768w, https:\/\/mapospheres.eu\/wp-content\/uploads\/2026\/01\/ManWithBeard-2-600x360.jpg 600w, https:\/\/mapospheres.eu\/wp-content\/uploads\/2026\/01\/ManWithBeard-2.jpg 1200w\" sizes=\"auto, (max-width: 1024px) 100vw, 1024px\" \/><\/figure>\r\n\r\n\r\n<\/div>\r\n\r\n\r\n\r\n<div class=\"wp-block-uagb-container uagb-block-4b9610b7\">\r\n\r\n\r\n<figure class=\"wp-block-image size-full is-resized\"><img loading=\"lazy\" decoding=\"async\" width=\"1000\" height=\"667\" class=\"wp-image-2848\" style=\"object-fit: cover; width: 480px; height: 280px;\" src=\"https:\/\/mapospheres.eu\/wp-content\/uploads\/2026\/01\/RunnerSmiling.jpg\" alt=\"\" srcset=\"https:\/\/mapospheres.eu\/wp-content\/uploads\/2026\/01\/RunnerSmiling.jpg 1000w, https:\/\/mapospheres.eu\/wp-content\/uploads\/2026\/01\/RunnerSmiling-300x200.jpg 300w, https:\/\/mapospheres.eu\/wp-content\/uploads\/2026\/01\/RunnerSmiling-768x512.jpg 768w, https:\/\/mapospheres.eu\/wp-content\/uploads\/2026\/01\/RunnerSmiling-600x400.jpg 600w\" sizes=\"auto, (max-width: 1000px) 100vw, 1000px\" \/><\/figure>\r\n\r\n\r\n<\/div>\r\n\r\n\r\n<\/div>\r\n<\/div>\r\n\r\n\r\n\r\n<div class=\"wp-block-uagb-container uagb-block-6a0243c0 alignfull uagb-is-root-container\">\r\n<div class=\"uagb-container-inner-blocks-wrap\">&nbsp;<\/div>\r\n<\/div>\r\n","protected":false},"excerpt":{"rendered":"<p>&nbsp; Nuestros productos &#8211; Calidad y Detalles &nbsp; MAPS &#8211; Exhibe tu geograf\u00eda privada con nuestro p\u00f3ster \u00fanico que enfatiza los espacios verdes interiores y t\u00f3mate un momento para mirar realmente tu ciudad favorita con este mapa de ciudad colorido de gran tama\u00f1o impreso a pedido y f\u00e1cil de ordenar. Puedes elegir CUALQUIER CIUDAD DEL [&hellip;]<\/p>\n","protected":false},"author":1,"featured_media":0,"parent":0,"menu_order":0,"comment_status":"closed","ping_status":"closed","template":"","meta":{"_uag_custom_page_level_css":"","_monsterinsights_skip_tracking":false,"_monsterinsights_sitenote_active":false,"_monsterinsights_sitenote_note":"","_monsterinsights_sitenote_category":0,"site-sidebar-layout":"default","site-content-layout":"","ast-site-content-layout":"default","site-content-style":"default","site-sidebar-style":"default","ast-global-header-display":"","ast-banner-title-visibility":"","ast-main-header-display":"","ast-hfb-above-header-display":"","ast-hfb-below-header-display":"","ast-hfb-mobile-header-display":"","site-post-title":"disabled","ast-breadcrumbs-content":"","ast-featured-img":"","footer-sml-layout":"","ast-disable-related-posts":"","theme-transparent-header-meta":"","adv-header-id-meta":"","stick-header-meta":"","header-above-stick-meta":"","header-main-stick-meta":"","header-below-stick-meta":"","astra-migrate-meta-layouts":"set","ast-page-background-enabled":"default","ast-page-background-meta":{"desktop":{"background-color":"","background-image":"","background-repeat":"repeat","background-position":"center center","background-size":"auto","background-attachment":"scroll","background-type":"","background-media":"","overlay-type":"","overlay-color":"","overlay-opacity":"","overlay-gradient":""},"tablet":{"background-color":"","background-image":"","background-repeat":"repeat","background-position":"center center","background-size":"auto","background-attachment":"scroll","background-type":"","background-media":"","overlay-type":"","overlay-color":"","overlay-opacity":"","overlay-gradient":""},"mobile":{"background-color":"","background-image":"","background-repeat":"repeat","background-position":"center center","background-size":"auto","background-attachment":"scroll","background-type":"","background-media":"","overlay-type":"","overlay-color":"","overlay-opacity":"","overlay-gradient":""}},"ast-content-background-meta":{"desktop":{"background-color":"var(--ast-global-color-5)","background-image":"","background-repeat":"repeat","background-position":"center center","background-size":"auto","background-attachment":"scroll","background-type":"","background-media":"","overlay-type":"","overlay-color":"","overlay-opacity":"","overlay-gradient":""},"tablet":{"background-color":"var(--ast-global-color-5)","background-image":"","background-repeat":"repeat","background-position":"center center","background-size":"auto","background-attachment":"scroll","background-type":"","background-media":"","overlay-type":"","overlay-color":"","overlay-opacity":"","overlay-gradient":""},"mobile":{"background-color":"var(--ast-global-color-5)","background-image":"","background-repeat":"repeat","background-position":"center center","background-size":"auto","background-attachment":"scroll","background-type":"","background-media":"","overlay-type":"","overlay-color":"","overlay-opacity":"","overlay-gradient":""}},"footnotes":""},"class_list":["post-2667","page","type-page","status-publish","hentry"],"aioseo_notices":[],"_hostinger_reach_plugin_has_subscription_block":false,"_hostinger_reach_plugin_is_elementor":false,"uagb_featured_image_src":{"full":false,"thumbnail":false,"medium":false,"medium_large":false,"large":false,"1536x1536":false,"2048x2048":false,"woocommerce_thumbnail":false,"woocommerce_single":false,"woocommerce_gallery_thumbnail":false},"uagb_author_info":{"display_name":"sgainot04@gmail.com","author_link":"https:\/\/mapospheres.eu\/es\/author\/sgainot04gmail-com\/"},"uagb_comment_info":0,"uagb_excerpt":"&nbsp; Nuestros productos &#8211; Calidad y Detalles &nbsp; MAPS &#8211; Exhibe tu geograf\u00eda privada con nuestro p\u00f3ster \u00fanico que enfatiza los espacios verdes interiores y t\u00f3mate un momento para mirar realmente tu ciudad favorita con este mapa de ciudad colorido de gran tama\u00f1o impreso a pedido y f\u00e1cil de ordenar. Puedes elegir CUALQUIER CIUDAD DEL&hellip;","_links":{"self":[{"href":"https:\/\/mapospheres.eu\/es\/wp-json\/wp\/v2\/pages\/2667","targetHints":{"allow":["GET"]}}],"collection":[{"href":"https:\/\/mapospheres.eu\/es\/wp-json\/wp\/v2\/pages"}],"about":[{"href":"https:\/\/mapospheres.eu\/es\/wp-json\/wp\/v2\/types\/page"}],"author":[{"embeddable":true,"href":"https:\/\/mapospheres.eu\/es\/wp-json\/wp\/v2\/users\/1"}],"replies":[{"embeddable":true,"href":"https:\/\/mapospheres.eu\/es\/wp-json\/wp\/v2\/comments?post=2667"}],"version-history":[{"count":11,"href":"https:\/\/mapospheres.eu\/es\/wp-json\/wp\/v2\/pages\/2667\/revisions"}],"predecessor-version":[{"id":22627,"href":"https:\/\/mapospheres.eu\/es\/wp-json\/wp\/v2\/pages\/2667\/revisions\/22627"}],"wp:attachment":[{"href":"https:\/\/mapospheres.eu\/es\/wp-json\/wp\/v2\/media?parent=2667"}],"curies":[{"name":"wp","href":"https:\/\/api.w.org\/{rel}","templated":true}]}}