{"id":2672,"date":"2026-01-13T08:00:48","date_gmt":"2026-01-13T08:00:48","guid":{"rendered":"https:\/\/mapospheres.eu\/mapospheres\/"},"modified":"2026-03-19T14:21:57","modified_gmt":"2026-03-19T14:21:57","slug":"mapospheres","status":"publish","type":"page","link":"https:\/\/mapospheres.eu\/es\/mapospheres\/","title":{"rendered":"Nuestra historia"},"content":{"rendered":"\r\n<div class=\"wp-block-uagb-container uagb-block-7a256846 alignfull uagb-is-root-container\"><div class=\"uagb-container-inner-blocks-wrap\">\r\n<div class=\"wp-block-uagb-advanced-heading uagb-block-3af8b3e9\"><div class=\"uagb-separator\"><\/div><h2 class=\"uagb-heading-text\">Nuestra historia<\/h2><\/div>\r\n<\/div><\/div>\r\n\r\n\r\n\r\n<div class=\"wp-block-uagb-container uagb-block-e35e5166 alignfull uagb-is-root-container\"><div class=\"uagb-container-inner-blocks-wrap\">\r\n<div class=\"wp-block-uagb-container uagb-block-1b474e35\"><\/div>\r\n\r\n\r\n\r\n<div class=\"wp-block-uagb-container uagb-block-527769b7 alignfull uagb-is-root-container\"><div class=\"uagb-container-inner-blocks-wrap\">\r\n<div class=\"wp-block-uagb-container uagb-block-a30078b5\">\r\n<p>\u00c9l es el hombre que ha pensado que fuera una gran idea:<\/p>\r\n\r\n\r\n\r\n<p>\u2026 y nadie se atrevi\u00f3 a decirle que no. St\u00e9phane tiene una s\u00f3lida experiencia en cartograf\u00eda. Pero la paciencia no es precisamente lo suyo. Un negocio con la cartograf\u00eda le ayud\u00f3 a canalizar su inter\u00e9s por nuevos espacios y, hasta ahora, \u00a1es una soluci\u00f3n inteligente!<\/p>\r\n<\/div>\r\n\r\n\r\n\r\n<div class=\"wp-block-uagb-container uagb-block-99d54442\">\r\n<div class=\"wp-block-uagb-image uagb-block-972084c2 wp-block-uagb-image--layout-default wp-block-uagb-image--effect-static wp-block-uagb-image--align-none\"><figure class=\"wp-block-uagb-image__figure\"><img decoding=\"async\" srcset=\"https:\/\/mapospheres.eu\/wp-content\/uploads\/2026\/01\/Identite_ronde.png ,https:\/\/mapospheres.eu\/wp-content\/uploads\/2026\/01\/Identite_ronde.png 780w, https:\/\/mapospheres.eu\/wp-content\/uploads\/2026\/01\/Identite_ronde.png 360w\" sizes=\"auto, (max-width: 480px) 150px\" src=\"https:\/\/mapospheres.eu\/wp-content\/uploads\/2026\/01\/Identite_ronde.png\" alt=\"\" class=\"uag-image-5538\" width=\"480\" height=\"480\" title=\"Identite_ronde\" loading=\"lazy\" role=\"img\"><\/figure><\/div>\r\n<\/div>\r\n<\/div><\/div>\r\n<\/div><\/div>\r\n","protected":false},"excerpt":{"rendered":"<p>Nuestra historia \u00c9l es el hombre que ha pensado que fuera una gran idea: \u2026 y nadie se atrevi\u00f3 a decirle que no. St\u00e9phane tiene una s\u00f3lida experiencia en cartograf\u00eda. Pero la paciencia no es precisamente lo suyo. Un negocio con la cartograf\u00eda le ayud\u00f3 a canalizar su inter\u00e9s por nuevos espacios y, hasta ahora, [&hellip;]<\/p>\n","protected":false},"author":1,"featured_media":0,"parent":0,"menu_order":0,"comment_status":"closed","ping_status":"closed","template":"","meta":{"_uag_custom_page_level_css":"","_monsterinsights_skip_tracking":false,"_monsterinsights_sitenote_active":false,"_monsterinsights_sitenote_note":"","_monsterinsights_sitenote_category":0,"site-sidebar-layout":"default","site-content-layout":"","ast-site-content-layout":"default","site-content-style":"default","site-sidebar-style":"default","ast-global-header-display":"","ast-banner-title-visibility":"","ast-main-header-display":"","ast-hfb-above-header-display":"","ast-hfb-below-header-display":"","ast-hfb-mobile-header-display":"","site-post-title":"disabled","ast-breadcrumbs-content":"","ast-featured-img":"","footer-sml-layout":"","ast-disable-related-posts":"","theme-transparent-header-meta":"","adv-header-id-meta":"","stick-header-meta":"","header-above-stick-meta":"","header-main-stick-meta":"","header-below-stick-meta":"","astra-migrate-meta-layouts":"set","ast-page-background-enabled":"default","ast-page-background-meta":{"desktop":{"background-color":"","background-image":"","background-repeat":"repeat","background-position":"center center","background-size":"auto","background-attachment":"scroll","background-type":"","background-media":"","overlay-type":"","overlay-color":"","overlay-opacity":"","overlay-gradient":""},"tablet":{"background-color":"","background-image":"","background-repeat":"repeat","background-position":"center center","background-size":"auto","background-attachment":"scroll","background-type":"","background-media":"","overlay-type":"","overlay-color":"","overlay-opacity":"","overlay-gradient":""},"mobile":{"background-color":"","background-image":"","background-repeat":"repeat","background-position":"center center","background-size":"auto","background-attachment":"scroll","background-type":"","background-media":"","overlay-type":"","overlay-color":"","overlay-opacity":"","overlay-gradient":""}},"ast-content-background-meta":{"desktop":{"background-color":"var(--ast-global-color-5)","background-image":"","background-repeat":"repeat","background-position":"center center","background-size":"auto","background-attachment":"scroll","background-type":"","background-media":"","overlay-type":"","overlay-color":"","overlay-opacity":"","overlay-gradient":""},"tablet":{"background-color":"var(--ast-global-color-5)","background-image":"","background-repeat":"repeat","background-position":"center center","background-size":"auto","background-attachment":"scroll","background-type":"","background-media":"","overlay-type":"","overlay-color":"","overlay-opacity":"","overlay-gradient":""},"mobile":{"background-color":"var(--ast-global-color-5)","background-image":"","background-repeat":"repeat","background-position":"center center","background-size":"auto","background-attachment":"scroll","background-type":"","background-media":"","overlay-type":"","overlay-color":"","overlay-opacity":"","overlay-gradient":""}},"footnotes":""},"class_list":["post-2672","page","type-page","status-publish","hentry"],"aioseo_notices":[],"_hostinger_reach_plugin_has_subscription_block":false,"_hostinger_reach_plugin_is_elementor":false,"uagb_featured_image_src":{"full":false,"thumbnail":false,"medium":false,"medium_large":false,"large":false,"1536x1536":false,"2048x2048":false,"woocommerce_thumbnail":false,"woocommerce_single":false,"woocommerce_gallery_thumbnail":false},"uagb_author_info":{"display_name":"sgainot04@gmail.com","author_link":"https:\/\/mapospheres.eu\/es\/author\/sgainot04gmail-com\/"},"uagb_comment_info":0,"uagb_excerpt":"Nuestra historia \u00c9l es el hombre que ha pensado que fuera una gran idea: \u2026 y nadie se atrevi\u00f3 a decirle que no. St\u00e9phane tiene una s\u00f3lida experiencia en cartograf\u00eda. Pero la paciencia no es precisamente lo suyo. Un negocio con la cartograf\u00eda le ayud\u00f3 a canalizar su inter\u00e9s por nuevos espacios y, hasta ahora,&hellip;","_links":{"self":[{"href":"https:\/\/mapospheres.eu\/es\/wp-json\/wp\/v2\/pages\/2672","targetHints":{"allow":["GET"]}}],"collection":[{"href":"https:\/\/mapospheres.eu\/es\/wp-json\/wp\/v2\/pages"}],"about":[{"href":"https:\/\/mapospheres.eu\/es\/wp-json\/wp\/v2\/types\/page"}],"author":[{"embeddable":true,"href":"https:\/\/mapospheres.eu\/es\/wp-json\/wp\/v2\/users\/1"}],"replies":[{"embeddable":true,"href":"https:\/\/mapospheres.eu\/es\/wp-json\/wp\/v2\/comments?post=2672"}],"version-history":[{"count":8,"href":"https:\/\/mapospheres.eu\/es\/wp-json\/wp\/v2\/pages\/2672\/revisions"}],"predecessor-version":[{"id":22632,"href":"https:\/\/mapospheres.eu\/es\/wp-json\/wp\/v2\/pages\/2672\/revisions\/22632"}],"wp:attachment":[{"href":"https:\/\/mapospheres.eu\/es\/wp-json\/wp\/v2\/media?parent=2672"}],"curies":[{"name":"wp","href":"https:\/\/api.w.org\/{rel}","templated":true}]}}