{"id":3,"date":"2026-01-12T16:56:00","date_gmt":"2026-01-12T16:56:00","guid":{"rendered":"https:\/\/mapospheres.eu\/?page_id=3"},"modified":"2026-02-05T13:54:53","modified_gmt":"2026-02-05T13:54:53","slug":"privacy-policy","status":"publish","type":"page","link":"https:\/\/mapospheres.eu\/es\/politica-de-privacidad\/","title":{"rendered":"Pol\u00edtica de privacidad"},"content":{"rendered":"\r\n<div class=\"wp-block-uagb-container uagb-block-920f2e3f alignfull uagb-is-root-container\"><div class=\"uagb-container-inner-blocks-wrap\">\r\n<div class=\"wp-block-uagb-advanced-heading uagb-block-ed8a34db\"><div class=\"uagb-separator\"><\/div><h2 class=\"uagb-heading-text\">Pol\u00edtica de Privacidad<\/h2><\/div>\r\n<\/div><\/div>\r\n\r\n\r\n\r\n<div class=\"wp-block-uagb-container uagb-block-7db4d005 alignfull uagb-is-root-container\"><div class=\"uagb-container-inner-blocks-wrap\">\r\n<hr class=\"wp-block-separator has-alpha-channel-opacity\">\r\n<\/div><\/div>\r\n\r\n\r\n\r\n<p>Esta Pol\u00edtica de Privacidad describe c\u00f3mo www.mapospheres.eu (el \u00abSitio\u00bb o \u00abnosotros\u00bb) recopila, utiliza y divulga su Informaci\u00f3n Personal cuando visita o realiza una compra en el Sitio.<\/p>\r\n\r\n\r\n\r\n<h2 class=\"wp-block-heading\">Contacto<\/h2>\r\n\r\n\r\n\r\n<p>Despu\u00e9s de revisar esta pol\u00edtica, si tiene preguntas adicionales, desea m\u00e1s informaci\u00f3n sobre nuestras pr\u00e1cticas de privacidad o quiere presentar una reclamaci\u00f3n, p\u00f3ngase en contacto con nosotros por correo electr\u00f3nico o por correo postal utilizando los datos que se indican a continuaci\u00f3n:<\/p>\r\n\r\n\r\n\r\n<p>Mapospheres, 128 rue de la Boetie, 75008 PAR\u00cdS, Francia<\/p>\r\n\r\n\r\n\r\n<h2 class=\"wp-block-heading\">Recopilaci\u00f3n de Informaci\u00f3n Personal<\/h2>\r\n\r\n\r\n\r\n<p>Cuando visita el Sitio, recopilamos cierta informaci\u00f3n sobre su dispositivo, su interacci\u00f3n con el Sitio y la informaci\u00f3n necesaria para procesar sus compras. Tambi\u00e9n podemos recopilar informaci\u00f3n adicional si se pone en contacto con nosotros para recibir atenci\u00f3n al cliente. En esta Pol\u00edtica de Privacidad, nos referimos a cualquier informaci\u00f3n sobre una persona identificable (incluida la informaci\u00f3n que se indica a continuaci\u00f3n) como \u00abInformaci\u00f3n Personal\u00bb. Consulte la lista a continuaci\u00f3n para obtener m\u00e1s informaci\u00f3n sobre qu\u00e9 Informaci\u00f3n Personal recopilamos y por qu\u00e9.<\/p>\r\n\r\n\r\n\r\n<p><strong>Informaci\u00f3n Personal recopilada:<\/strong>&nbsp;nombre, direcci\u00f3n de facturaci\u00f3n, direcci\u00f3n de env\u00edo, informaci\u00f3n de pago, direcci\u00f3n de correo electr\u00f3nico y n\u00famero de tel\u00e9fono.<\/p>\r\n\r\n\r\n\r\n<p><strong>Informaci\u00f3n del dispositivo<\/strong><\/p>\r\n\r\n\r\n\r\n<p><strong>Finalidad de la recopilaci\u00f3n:<\/strong>&nbsp;cargar el Sitio correctamente para usted y realizar an\u00e1lisis sobre el uso del Sitio para optimizarlo.<\/p>\r\n\r\n\r\n\r\n<p><strong>Fuente de la recopilaci\u00f3n:<\/strong>&nbsp;recopilada autom\u00e1ticamente cuando accede a nuestro Sitio mediante cookies, archivos de registro o p\u00edxeles.<\/p>\r\n\r\n\r\n\r\n<p><strong>Informaci\u00f3n Personal recopilada:<\/strong>&nbsp;los sitios o productos que visita, los t\u00e9rminos de b\u00fasqueda y c\u00f3mo interact\u00faa con el Sitio.<\/p>\r\n\r\n\r\n\r\n<p><strong>Informaci\u00f3n del pedido<\/strong><\/p>\r\n\r\n\r\n\r\n<p><strong>Finalidad de la recopilaci\u00f3n:<\/strong>&nbsp;proporcionarle productos o servicios para cumplir nuestro contrato, procesar su informaci\u00f3n de pago, organizar el env\u00edo y proporcionarle facturas y\/o confirmaciones de pedido, comunicarnos con usted, examinar nuestros pedidos para detectar posibles riesgos o fraudes y, de acuerdo con las preferencias que haya compartido con nosotros, proporcionarle informaci\u00f3n o publicidad relacionada con nuestros productos o servicios.<\/p>\r\n\r\n\r\n\r\n<p><strong>Fuente de la recopilaci\u00f3n:<\/strong>&nbsp;recopilada directamente de usted.<\/p>\r\n\r\n\r\n\r\n<p><strong>Divulgaci\u00f3n con fines comerciales:<\/strong>&nbsp;compartida con nuestro procesador <em>Pasarela de Pago Stripe<\/em><\/p>\r\n\r\n\r\n\r\n<h3 class=\"wp-block-heading\">Menores<\/h3>\r\n\r\n\r\n\r\n<p>No recopilamos intencionadamente Informaci\u00f3n Personal de menores. Si usted es padre, madre o tutor y cree que su hijo nos ha proporcionado Informaci\u00f3n Personal, p\u00f3ngase en contacto con nosotros en la direcci\u00f3n indicada anteriormente para solicitar su eliminaci\u00f3n.<\/p>\r\n\r\n\r\n\r\n<h2 class=\"wp-block-heading\">Compartir Informaci\u00f3n Personal<\/h2>\r\n\r\n\r\n\r\n<p>Los art\u00edculos de este sitio pueden incluir contenido incrustado (por ejemplo, v\u00eddeos, im\u00e1genes, art\u00edculos, etc.). El contenido incrustado de otros sitios web se comporta exactamente de la misma manera que si el visitante hubiera visitado el otro sitio web.<\/p>\r\n\r\n\r\n\r\n<p>Estos sitios web pueden recopilar datos sobre usted, utilizar cookies, incrustar seguimiento adicional de terceros y supervisar su interacci\u00f3n con ese contenido incrustado, incluido el seguimiento de su interacci\u00f3n con el contenido incrustado si tiene una cuenta y ha iniciado sesi\u00f3n en ese sitio web.<\/p>\r\n\r\n\r\n\r\n<h2 class=\"wp-block-heading\">Con qui\u00e9n compartimos sus datos<\/h2>\r\n\r\n\r\n\r\n<p>Compartimos su Informaci\u00f3n Personal con proveedores de servicios para ayudarnos a prestar nuestros servicios y cumplir nuestros contratos con usted, tal como se describe anteriormente. Por ejemplo:<\/p>\r\n\r\n\r\n\r\n<ul class=\"wp-block-list\">\r\n<li>Podemos compartir su Informaci\u00f3n Personal para cumplir con las leyes y normativas aplicables, responder a una citaci\u00f3n, orden judicial u otra solicitud legal de informaci\u00f3n que recibamos, o para proteger nuestros derechos de otro modo.<\/li>\r\n<\/ul>\r\n\r\n\r\n\r\n<h2 class=\"wp-block-heading\">Publicidad basada en el comportamiento<\/h2>\r\n\r\n\r\n\r\n<p>Como se ha descrito anteriormente, utilizamos su Informaci\u00f3n Personal para proporcionarle anuncios dirigidos o comunicaciones de marketing que creemos que pueden ser de su inter\u00e9s. Por ejemplo:<\/p>\r\n\r\n\r\n\r\n<ul class=\"wp-block-list\">\r\n<li>Utilizamos Google Analytics para ayudarnos a comprender c\u00f3mo nuestros clientes utilizan el Sitio. Puede leer m\u00e1s sobre c\u00f3mo Google utiliza su Informaci\u00f3n Personal aqu\u00ed:&nbsp;<a href=\"https:\/\/www.google.com\/intl\/en\/policies\/privacy\/\" target=\"_blank\" rel=\"noreferrer noopener\">https:\/\/www.google.com\/intl\/en\/policies\/privacy\/<\/a>. Tambi\u00e9n puede optar por no participar en Google Analytics aqu\u00ed:&nbsp;<a href=\"https:\/\/tools.google.com\/dlpage\/gaoptout\" target=\"_blank\" rel=\"noreferrer noopener\">https:\/\/tools.google.com\/dlpage\/gaoptout<\/a>.<\/li>\r\n<\/ul>\r\n\r\n\r\n\r\n<p>Para obtener m\u00e1s informaci\u00f3n sobre c\u00f3mo funciona la publicidad dirigida, puede visitar la p\u00e1gina educativa de la Network Advertising Initiative (\u00abNAI\u00bb) en&nbsp;<a href=\"https:\/\/www.networkadvertising.org\/understanding-online-advertising\/how-does-it-work\" target=\"_blank\" rel=\"noreferrer noopener\">https:\/\/www.networkadvertising.org\/understanding-online-advertising\/how-does-it-work<\/a>.<\/p>\r\n\r\n\r\n\r\n<p>Adem\u00e1s, puede optar por no participar en algunos de estos servicios visitando el portal de exclusi\u00f3n voluntaria de la Digital Advertising Alliance en:&nbsp;<a href=\"https:\/\/optout.aboutads.info\/\" target=\"_blank\" rel=\"noreferrer noopener\">https:\/\/optout.aboutads.info\/<\/a>.<\/p>\r\n\r\n\r\n\r\n<h2 class=\"wp-block-heading\">Uso de la Informaci\u00f3n Personal<\/h2>\r\n\r\n\r\n\r\n<p>Utilizamos su Informaci\u00f3n Personal para prestarle nuestros servicios, lo que incluye: ofrecer productos a la venta, procesar pagos, el env\u00edo y la gesti\u00f3n de su pedido, y mantenerle informado sobre nuevos productos, servicios y ofertas.<\/p>\r\n\r\n\r\n\r\n<h3 class=\"wp-block-heading\">Base legal<\/h3>\r\n\r\n\r\n\r\n<p>De conformidad con el Reglamento General de Protecci\u00f3n de Datos (\u00abRGPD\u00bb), si usted es residente del Espacio Econ\u00f3mico Europeo (\u00abEEE\u00bb), procesamos su informaci\u00f3n personal bajo las siguientes bases legales:<\/p>\r\n\r\n\r\n\r\n<ul class=\"wp-block-list\">\r\n<li>Su consentimiento;<\/li>\r\n\r\n\r\n\r\n<li>La ejecuci\u00f3n del contrato entre usted y el Sitio;<\/li>\r\n\r\n\r\n\r\n<li>El cumplimiento de nuestras obligaciones legales;<\/li>\r\n\r\n\r\n\r\n<li>La protecci\u00f3n de sus intereses vitales;<\/li>\r\n\r\n\r\n\r\n<li>La realizaci\u00f3n de una tarea llevada a cabo en inter\u00e9s p\u00fablico;<\/li>\r\n\r\n\r\n\r\n<li>Nuestros intereses leg\u00edtimos, siempre que no prevalezcan sobre sus derechos y libertades fundamentales.<\/li>\r\n<\/ul>\r\n\r\n\r\n\r\n<h3 class=\"wp-block-heading\">Conservaci\u00f3n<\/h3>\r\n\r\n\r\n\r\n<p>Cuando realiza un pedido a trav\u00e9s del Sitio, conservaremos su Informaci\u00f3n Personal para nuestros registros, a menos que y hasta que nos solicite que eliminemos dicha informaci\u00f3n. Para obtener m\u00e1s informaci\u00f3n sobre su derecho de supresi\u00f3n, consulte la secci\u00f3n \u00abSus derechos\u00bb a continuaci\u00f3n.<\/p>\r\n\r\n\r\n\r\n<h3 class=\"wp-block-heading\">Toma de decisiones automatizada<\/h3>\r\n\r\n\r\n\r\n<p>Si usted es residente del EEE, tiene derecho a oponerse al tratamiento basado \u00fanicamente en la toma de decisiones automatizada (incluida la elaboraci\u00f3n de perfiles), cuando dicha toma de decisiones tenga un efecto legal sobre usted o le afecte significativamente de otro modo.<\/p>\r\n\r\n\r\n\r\n<p>Nuestro procesador utiliza una toma de decisiones automatizada limitada para prevenir el fraude, que no tiene un efecto legal ni significativo sobre usted.<\/p>\r\n\r\n\r\n\r\n<h2 class=\"wp-block-heading\">Sus derechos<\/h2>\r\n\r\n\r\n\r\n<h3 class=\"wp-block-heading\">RGPD<\/h3>\r\n\r\n\r\n\r\n<p>Si usted es residente del EEE, tiene derecho a acceder a la Informaci\u00f3n Personal que tenemos sobre usted, a transferirla a un nuevo servicio y a solicitar que su Informaci\u00f3n Personal sea corregida, actualizada o eliminada. Si desea ejercer estos derechos, p\u00f3ngase en contacto con nosotros a trav\u00e9s de la informaci\u00f3n de contacto indicada anteriormente.&nbsp;<\/p>\r\n\r\n\r\n\r\n<p>Su Informaci\u00f3n Personal se procesar\u00e1 inicialmente en Irlanda y posteriormente se transferir\u00e1 fuera de Europa para su almacenamiento y tratamiento posterior, incluidos Canad\u00e1 y Estados Unidos.<\/p>\r\n\r\n\r\n\r\n<h2 class=\"wp-block-heading\">Cookies<\/h2>\r\n\r\n\r\n\r\n<p>Una cookie es una peque\u00f1a cantidad de informaci\u00f3n que se descarga en su ordenador o dispositivo cuando visita nuestro Sitio. Utilizamos diferentes tipos de cookies, incluidas cookies funcionales, de rendimiento, publicitarias y de redes sociales o de contenido. Las cookies mejoran su experiencia de navegaci\u00f3n al permitir que el sitio web recuerde sus acciones y preferencias (como el inicio de sesi\u00f3n y la selecci\u00f3n de regi\u00f3n). Esto significa que no tiene que volver a introducir esta informaci\u00f3n cada vez que regresa al sitio o navega de una p\u00e1gina a otra. Las cookies tambi\u00e9n proporcionan informaci\u00f3n sobre c\u00f3mo las personas utilizan el sitio web, por ejemplo, si es su primera visita o si es un visitante frecuente.<\/p>\r\n\r\n\r\n\r\n<p>El tiempo que una cookie permanece en su ordenador o dispositivo m\u00f3vil depende de si se trata de una cookie \u00abpersistente\u00bb o de \u00absesi\u00f3n\u00bb. Las cookies de sesi\u00f3n duran hasta que deja de navegar y las cookies persistentes duran hasta que caducan o se eliminan. La mayor\u00eda de las cookies que utilizamos son persistentes y caducan entre 30 minutos y dos a\u00f1os desde la fecha en que se descargan en su dispositivo.<\/p>\r\n\r\n\r\n\r\n<p>Puede controlar y gestionar las cookies de diversas maneras. Tenga en cuenta que eliminar o bloquear las cookies puede afectar negativamente a su experiencia de usuario y que partes de nuestro sitio web pueden dejar de ser totalmente accesibles.<\/p>\r\n\r\n\r\n\r\n<p>La mayor\u00eda de los navegadores aceptan cookies autom\u00e1ticamente, pero puede elegir si aceptarlas o no a trav\u00e9s de los controles de su navegador, que suelen encontrarse en el men\u00fa \u00abHerramientas\u00bb o \u00abPreferencias\u00bb del navegador. Para obtener m\u00e1s informaci\u00f3n sobre c\u00f3mo modificar la configuraci\u00f3n de su navegador o c\u00f3mo bloquear, gestionar o filtrar cookies, consulte el archivo de ayuda de su navegador o visite sitios como:&nbsp;<a href=\"https:\/\/www.mapospheres.eu\/policies\/www.allaboutcookies.org\" target=\"_blank\" rel=\"noreferrer noopener\">www.allaboutcookies.org<\/a>.<\/p>\r\n\r\n\r\n\r\n<p>Adem\u00e1s, tenga en cuenta que bloquear las cookies puede no impedir completamente la forma en que compartimos informaci\u00f3n con terceros, como nuestros socios publicitarios. Para ejercer sus derechos u optar por no participar en determinados usos de su informaci\u00f3n por parte de estos terceros, siga las instrucciones de la secci\u00f3n \u00abPublicidad basada en el comportamiento\u00bb anterior.<\/p>\r\n\r\n\r\n\r\n<h2 class=\"wp-block-heading\">Cambios<\/h2>\r\n\r\n\r\n\r\n<p>Podemos actualizar esta Pol\u00edtica de Privacidad ocasionalmente para reflejar, por ejemplo, cambios en nuestras pr\u00e1cticas o por otros motivos operativos, legales o normativos.<\/p>\r\n\r\n\r\n\r\n<h2 class=\"wp-block-heading\">Reclamaciones<\/h2>\r\n\r\n\r\n\r\n<p>Como se ha indicado anteriormente, si desea presentar una reclamaci\u00f3n, p\u00f3ngase en contacto con nosotros por correo electr\u00f3nico o por correo postal utilizando los datos proporcionados en la secci\u00f3n \u00abContacto\u00bb anterior.<\/p>\r\n\r\n\r\n\r\n<p>Si no est\u00e1 satisfecho con nuestra respuesta a su reclamaci\u00f3n, tiene derecho a presentar una reclamaci\u00f3n ante la autoridad de protecci\u00f3n de datos competente. Puede ponerse en contacto con su autoridad local de protecci\u00f3n de datos.<\/p>\r\n\r\n\r\n\r\n<p>\u00daltima actualizaci\u00f3n:&nbsp;<em>20\/01\/2026<\/em><\/p>\r\n","protected":false},"excerpt":{"rendered":"<p>Pol\u00edtica de Privacidad Esta Pol\u00edtica de Privacidad describe c\u00f3mo www.mapospheres.eu (el \u00abSitio\u00bb o \u00abnosotros\u00bb) recopila, utiliza y divulga su Informaci\u00f3n Personal cuando visita o realiza una compra en el Sitio. Contacto Despu\u00e9s de revisar esta pol\u00edtica, si tiene preguntas adicionales, desea m\u00e1s informaci\u00f3n sobre nuestras pr\u00e1cticas de privacidad o quiere presentar una reclamaci\u00f3n, p\u00f3ngase en [&hellip;]<\/p>\n","protected":false},"author":1,"featured_media":0,"parent":0,"menu_order":0,"comment_status":"closed","ping_status":"open","template":"","meta":{"_uag_custom_page_level_css":"","_monsterinsights_skip_tracking":false,"_monsterinsights_sitenote_active":false,"_monsterinsights_sitenote_note":"","_monsterinsights_sitenote_category":0,"site-sidebar-layout":"default","site-content-layout":"","ast-site-content-layout":"default","site-content-style":"default","site-sidebar-style":"default","ast-global-header-display":"","ast-banner-title-visibility":"","ast-main-header-display":"","ast-hfb-above-header-display":"","ast-hfb-below-header-display":"","ast-hfb-mobile-header-display":"","site-post-title":"disabled","ast-breadcrumbs-content":"","ast-featured-img":"","footer-sml-layout":"","ast-disable-related-posts":"","theme-transparent-header-meta":"","adv-header-id-meta":"","stick-header-meta":"","header-above-stick-meta":"","header-main-stick-meta":"","header-below-stick-meta":"","astra-migrate-meta-layouts":"set","ast-page-background-enabled":"default","ast-page-background-meta":{"desktop":{"background-color":"","background-image":"","background-repeat":"repeat","background-position":"center center","background-size":"auto","background-attachment":"scroll","background-type":"","background-media":"","overlay-type":"","overlay-color":"","overlay-opacity":"","overlay-gradient":""},"tablet":{"background-color":"","background-image":"","background-repeat":"repeat","background-position":"center center","background-size":"auto","background-attachment":"scroll","background-type":"","background-media":"","overlay-type":"","overlay-color":"","overlay-opacity":"","overlay-gradient":""},"mobile":{"background-color":"","background-image":"","background-repeat":"repeat","background-position":"center center","background-size":"auto","background-attachment":"scroll","background-type":"","background-media":"","overlay-type":"","overlay-color":"","overlay-opacity":"","overlay-gradient":""}},"ast-content-background-meta":{"desktop":{"background-color":"var(--ast-global-color-5)","background-image":"","background-repeat":"repeat","background-position":"center center","background-size":"auto","background-attachment":"scroll","background-type":"","background-media":"","overlay-type":"","overlay-color":"","overlay-opacity":"","overlay-gradient":""},"tablet":{"background-color":"var(--ast-global-color-5)","background-image":"","background-repeat":"repeat","background-position":"center center","background-size":"auto","background-attachment":"scroll","background-type":"","background-media":"","overlay-type":"","overlay-color":"","overlay-opacity":"","overlay-gradient":""},"mobile":{"background-color":"var(--ast-global-color-5)","background-image":"","background-repeat":"repeat","background-position":"center center","background-size":"auto","background-attachment":"scroll","background-type":"","background-media":"","overlay-type":"","overlay-color":"","overlay-opacity":"","overlay-gradient":""}},"footnotes":""},"class_list":["post-3","page","type-page","status-publish","hentry"],"aioseo_notices":[],"_hostinger_reach_plugin_has_subscription_block":false,"_hostinger_reach_plugin_is_elementor":false,"uagb_featured_image_src":{"full":false,"thumbnail":false,"medium":false,"medium_large":false,"large":false,"1536x1536":false,"2048x2048":false,"woocommerce_thumbnail":false,"woocommerce_single":false,"woocommerce_gallery_thumbnail":false},"uagb_author_info":{"display_name":"sgainot04@gmail.com","author_link":"https:\/\/mapospheres.eu\/es\/author\/sgainot04gmail-com\/"},"uagb_comment_info":0,"uagb_excerpt":"Pol\u00edtica de Privacidad Esta Pol\u00edtica de Privacidad describe c\u00f3mo www.mapospheres.eu (el \u00abSitio\u00bb o \u00abnosotros\u00bb) recopila, utiliza y divulga su Informaci\u00f3n Personal cuando visita o realiza una compra en el Sitio. Contacto Despu\u00e9s de revisar esta pol\u00edtica, si tiene preguntas adicionales, desea m\u00e1s informaci\u00f3n sobre nuestras pr\u00e1cticas de privacidad o quiere presentar una reclamaci\u00f3n, p\u00f3ngase en&hellip;","_links":{"self":[{"href":"https:\/\/mapospheres.eu\/es\/wp-json\/wp\/v2\/pages\/3","targetHints":{"allow":["GET"]}}],"collection":[{"href":"https:\/\/mapospheres.eu\/es\/wp-json\/wp\/v2\/pages"}],"about":[{"href":"https:\/\/mapospheres.eu\/es\/wp-json\/wp\/v2\/types\/page"}],"author":[{"embeddable":true,"href":"https:\/\/mapospheres.eu\/es\/wp-json\/wp\/v2\/users\/1"}],"replies":[{"embeddable":true,"href":"https:\/\/mapospheres.eu\/es\/wp-json\/wp\/v2\/comments?post=3"}],"version-history":[{"count":6,"href":"https:\/\/mapospheres.eu\/es\/wp-json\/wp\/v2\/pages\/3\/revisions"}],"predecessor-version":[{"id":9870,"href":"https:\/\/mapospheres.eu\/es\/wp-json\/wp\/v2\/pages\/3\/revisions\/9870"}],"wp:attachment":[{"href":"https:\/\/mapospheres.eu\/es\/wp-json\/wp\/v2\/media?parent=3"}],"curies":[{"name":"wp","href":"https:\/\/api.w.org\/{rel}","templated":true}]}}