{"id":9741,"date":"2026-02-03T15:37:09","date_gmt":"2026-02-03T15:37:09","guid":{"rendered":"https:\/\/mapospheres.eu\/?page_id=9741"},"modified":"2026-03-19T14:27:26","modified_gmt":"2026-03-19T14:27:26","slug":"contact","status":"publish","type":"page","link":"https:\/\/mapospheres.eu\/es\/contacto\/","title":{"rendered":"Contacto"},"content":{"rendered":"\r\n<div class=\"wp-block-uagb-container uagb-block-7a256846 alignfull uagb-is-root-container\"><div class=\"uagb-container-inner-blocks-wrap\">\r\n<div class=\"wp-block-uagb-advanced-heading uagb-block-3af8b3e9\"><div class=\"uagb-separator\"><\/div><h2 class=\"uagb-heading-text\">Contacto<\/h2><\/div>\r\n<\/div><\/div>\r\n\r\n\r\n\r\n<div class=\"wp-block-uagb-container uagb-block-ee2336af alignfull uagb-is-root-container\"><div class=\"uagb-container-inner-blocks-wrap\"><\/div><\/div>\r\n\r\n\r\n\r\n<div class=\"wp-block-uagb-container uagb-block-7ce24448 default uagb-is-root-container\">\r\n<p class=\"has-text-align-left\">Esta es tu p\u00e1gina para conectarte con mapospheres y contarnos lo qu\u00e9 te gustar\u00eda como mapa o astralabio. \ud83c\udfc4 S\u00e9 creativo&#8230; y recuerda que representar nuestro planeta es un llamado a una mayor exploraci\u00f3n. \u00a1La cartograf\u00eda puede ser un activismo sutil! \ud83e\udd14<br><br>\u00a1Escr\u00edbenos, pronto encontraremos mucho de qu\u00e9 hablar! Tambi\u00e9n puedes encontrar algunas respuestas en la secci\u00f3n de&nbsp;<a href=\"https:\/\/mapospheres.eu\/es\/preguntas-frecuentes\/\" title=\"\">preguntas frecuentes<\/a>. <\/p>\r\n<\/div>\r\n\r\n\r\n\r\n<div class=\"wp-block-uagb-container uagb-block-f48e141e alignfull uagb-is-root-container\"><div class=\"uagb-container-inner-blocks-wrap\">\r\n<div class=\"wp-block-uagb-container uagb-block-b022fc83\"><\/div>\r\n\r\n\r\n\r\n<div class=\"wp-block-uagb-container uagb-block-c34c79a6\"><\/div>\r\n\r\n\r\n\r\n<div class=\"wp-block-uagb-container uagb-block-3e94fff7\">\n<div class=\"wpcf7 no-js\" id=\"wpcf7-f9756-o1\" lang=\"en-US\" dir=\"ltr\" data-wpcf7-id=\"9756\">\n<div class=\"screen-reader-response\"><p role=\"status\" aria-live=\"polite\" aria-atomic=\"true\"><\/p> <ul><\/ul><\/div>\n<form action=\"\/es\/wp-json\/wp\/v2\/pages\/9741#wpcf7-f9756-o1\" method=\"post\" class=\"wpcf7-form init\" aria-label=\"Contact form\" novalidate=\"novalidate\" data-status=\"init\">\n<fieldset class=\"hidden-fields-container\"><input type=\"hidden\" name=\"_wpcf7\" value=\"9756\" \/><input type=\"hidden\" name=\"_wpcf7_version\" value=\"6.1.4\" \/><input type=\"hidden\" name=\"_wpcf7_locale\" value=\"en_US\" \/><input type=\"hidden\" name=\"_wpcf7_unit_tag\" value=\"wpcf7-f9756-o1\" \/><input type=\"hidden\" name=\"_wpcf7_container_post\" value=\"0\" \/><input type=\"hidden\" name=\"_wpcf7_posted_data_hash\" value=\"\" \/>\n<\/fieldset>\n<div class=\"inline-form\">\n\t<p><span class=\"wpcf7-form-control-wrap\" data-name=\"your-name\"><input size=\"40\" maxlength=\"400\" class=\"wpcf7-form-control wpcf7-text wpcf7-validates-as-required\" aria-required=\"true\" aria-invalid=\"false\" placeholder=\"Tu nombre\" value=\"\" type=\"text\" name=\"your-name\" \/><\/span>\n\t<\/p>\n\t<p><span class=\"wpcf7-form-control-wrap\" data-name=\"your-email\"><input size=\"40\" maxlength=\"400\" class=\"wpcf7-form-control wpcf7-email wpcf7-validates-as-required wpcf7-text wpcf7-validates-as-email\" aria-required=\"true\" aria-invalid=\"false\" placeholder=\"Tu Email\" value=\"\" type=\"email\" name=\"your-email\" \/><\/span>\n\t<\/p>\n<\/div>\n<p><label> Tu mensaje (optional)<br \/>\n<span class=\"wpcf7-form-control-wrap\" data-name=\"your-message\"><textarea cols=\"40\" rows=\"5\" maxlength=\"2000\" class=\"wpcf7-form-control wpcf7-textarea\" aria-invalid=\"false\" name=\"your-message\"><\/textarea><\/span> <\/label>\n<\/p>\n<p><input class=\"wpcf7-form-control wpcf7-submit has-spinner\" type=\"submit\" value=\"Enviar\" \/>\n<\/p><div class=\"wpcf7-response-output\" aria-hidden=\"true\"><\/div>\n<\/form>\n<\/div>\n\n<\/div>\r\n<\/div><\/div>\r\n","protected":false},"excerpt":{"rendered":"<p>Contacto Esta es tu p\u00e1gina para conectarte con mapospheres y contarnos lo qu\u00e9 te gustar\u00eda como mapa o astralabio. \ud83c\udfc4 S\u00e9 creativo&#8230; y recuerda que representar nuestro planeta es un llamado a una mayor exploraci\u00f3n. \u00a1La cartograf\u00eda puede ser un activismo sutil! \ud83e\udd14 \u00a1Escr\u00edbenos, pronto encontraremos mucho de qu\u00e9 hablar! Tambi\u00e9n puedes encontrar algunas respuestas [&hellip;]<\/p>\n","protected":false},"author":1,"featured_media":0,"parent":0,"menu_order":0,"comment_status":"closed","ping_status":"closed","template":"","meta":{"_uag_custom_page_level_css":"","_monsterinsights_skip_tracking":false,"_monsterinsights_sitenote_active":false,"_monsterinsights_sitenote_note":"","_monsterinsights_sitenote_category":0,"site-sidebar-layout":"default","site-content-layout":"","ast-site-content-layout":"default","site-content-style":"default","site-sidebar-style":"default","ast-global-header-display":"","ast-banner-title-visibility":"","ast-main-header-display":"","ast-hfb-above-header-display":"","ast-hfb-below-header-display":"","ast-hfb-mobile-header-display":"","site-post-title":"disabled","ast-breadcrumbs-content":"","ast-featured-img":"","footer-sml-layout":"","ast-disable-related-posts":"","theme-transparent-header-meta":"","adv-header-id-meta":"","stick-header-meta":"","header-above-stick-meta":"","header-main-stick-meta":"","header-below-stick-meta":"","astra-migrate-meta-layouts":"set","ast-page-background-enabled":"default","ast-page-background-meta":{"desktop":{"background-color":"","background-image":"","background-repeat":"repeat","background-position":"center center","background-size":"auto","background-attachment":"scroll","background-type":"","background-media":"","overlay-type":"","overlay-color":"","overlay-opacity":"","overlay-gradient":""},"tablet":{"background-color":"","background-image":"","background-repeat":"repeat","background-position":"center center","background-size":"auto","background-attachment":"scroll","background-type":"","background-media":"","overlay-type":"","overlay-color":"","overlay-opacity":"","overlay-gradient":""},"mobile":{"background-color":"","background-image":"","background-repeat":"repeat","background-position":"center center","background-size":"auto","background-attachment":"scroll","background-type":"","background-media":"","overlay-type":"","overlay-color":"","overlay-opacity":"","overlay-gradient":""}},"ast-content-background-meta":{"desktop":{"background-color":"var(--ast-global-color-5)","background-image":"","background-repeat":"repeat","background-position":"center center","background-size":"auto","background-attachment":"scroll","background-type":"","background-media":"","overlay-type":"","overlay-color":"","overlay-opacity":"","overlay-gradient":""},"tablet":{"background-color":"var(--ast-global-color-5)","background-image":"","background-repeat":"repeat","background-position":"center center","background-size":"auto","background-attachment":"scroll","background-type":"","background-media":"","overlay-type":"","overlay-color":"","overlay-opacity":"","overlay-gradient":""},"mobile":{"background-color":"var(--ast-global-color-5)","background-image":"","background-repeat":"repeat","background-position":"center center","background-size":"auto","background-attachment":"scroll","background-type":"","background-media":"","overlay-type":"","overlay-color":"","overlay-opacity":"","overlay-gradient":""}},"footnotes":""},"class_list":["post-9741","page","type-page","status-publish","hentry"],"aioseo_notices":[],"_hostinger_reach_plugin_has_subscription_block":false,"_hostinger_reach_plugin_is_elementor":false,"uagb_featured_image_src":{"full":false,"thumbnail":false,"medium":false,"medium_large":false,"large":false,"1536x1536":false,"2048x2048":false,"woocommerce_thumbnail":false,"woocommerce_single":false,"woocommerce_gallery_thumbnail":false},"uagb_author_info":{"display_name":"sgainot04@gmail.com","author_link":"https:\/\/mapospheres.eu\/es\/author\/sgainot04gmail-com\/"},"uagb_comment_info":0,"uagb_excerpt":"Contacto Esta es tu p\u00e1gina para conectarte con mapospheres y contarnos lo qu\u00e9 te gustar\u00eda como mapa o astralabio. \ud83c\udfc4 S\u00e9 creativo&#8230; y recuerda que representar nuestro planeta es un llamado a una mayor exploraci\u00f3n. \u00a1La cartograf\u00eda puede ser un activismo sutil! \ud83e\udd14 \u00a1Escr\u00edbenos, pronto encontraremos mucho de qu\u00e9 hablar! Tambi\u00e9n puedes encontrar algunas respuestas&hellip;","_links":{"self":[{"href":"https:\/\/mapospheres.eu\/es\/wp-json\/wp\/v2\/pages\/9741","targetHints":{"allow":["GET"]}}],"collection":[{"href":"https:\/\/mapospheres.eu\/es\/wp-json\/wp\/v2\/pages"}],"about":[{"href":"https:\/\/mapospheres.eu\/es\/wp-json\/wp\/v2\/types\/page"}],"author":[{"embeddable":true,"href":"https:\/\/mapospheres.eu\/es\/wp-json\/wp\/v2\/users\/1"}],"replies":[{"embeddable":true,"href":"https:\/\/mapospheres.eu\/es\/wp-json\/wp\/v2\/comments?post=9741"}],"version-history":[{"count":13,"href":"https:\/\/mapospheres.eu\/es\/wp-json\/wp\/v2\/pages\/9741\/revisions"}],"predecessor-version":[{"id":22635,"href":"https:\/\/mapospheres.eu\/es\/wp-json\/wp\/v2\/pages\/9741\/revisions\/22635"}],"wp:attachment":[{"href":"https:\/\/mapospheres.eu\/es\/wp-json\/wp\/v2\/media?parent=9741"}],"curies":[{"name":"wp","href":"https:\/\/api.w.org\/{rel}","templated":true}]}}