{"id":12354,"date":"2026-02-11T08:58:51","date_gmt":"2026-02-11T08:58:51","guid":{"rendered":"https:\/\/mapospheres.eu\/product\/poster-of-liege-belgium\/"},"modified":"2026-03-04T15:24:54","modified_gmt":"2026-03-04T15:24:54","slug":"poster-of-liege-belgium","status":"publish","type":"product","link":"https:\/\/mapospheres.eu\/es\/product\/poster-de-lieja-belgica\/","title":{"rendered":"Poster de Lieja | B\u00e9lgica"},"content":{"rendered":"<p><strong>Poster City map de Lieja, B\u00e9lgica: est\u00e1 la leyenda de Tchantch\u00e8s, el testarudo h\u00e9roe local con voz \u00e1spera y amor por la buena cerveza, cuyo esp\u00edritu parece permanecer en las calles sinuosas de la ciudad. Probablemente se reir\u00eda al ver su ciudad natal desplegada tan ordenadamente en un mapa.<\/strong><\/p>\n<p>El mapa de la ciudad de Lieja se despliega a lo largo de las perezosas curvas del r\u00edo Mosa, un hilo plateado que ha moldeado la historia de la ciudad durante m\u00e1s de mil a\u00f1os. Desde arriba, el agua se dobla y brilla a trav\u00e9s del coraz\u00f3n del valle, sosteniendo puentes como joyas en un hilo\u2014cada uno con su propio relato de comerciantes, monjes y alg\u00fan estudiante llegando tarde a clase. Lieja se acomoda entre suaves colinas, un paisaje que hace que el mapa cobre vida con contornos y texturas. Los Coteaux de la Citadelle se elevan sobre los antiguos barrios, donde escaleras sinuosas y jardines secretos suben hacia los restos de la ciudadela, que a\u00fan mantiene una silenciosa vigilancia sobre los tejados de abajo. Hacia el norte y este, los parches verdes rompen el ritmo de la ciudad: el Parc de la Boverie descansa elegantemente en una isla del r\u00edo, mientras el Jard\u00edn Bot\u00e1nico oculta sus tranquilos senderos no muy lejos del bullicio del centro. Desde el ojo de un cart\u00f3grafo, los hitos dan ritmo a Lieja\u2014la orgullosa torre de la Catedral de Saint-Paul, la gran curva de la estaci\u00f3n de tren de Guillemins (una maravilla moderna que parece que podr\u00eda despegar en cualquier momento), y la bulliciosa Place Saint-Lambert, donde una vez se erigi\u00f3 una catedral tan grande que podr\u00eda haber dado sombra a media ciudad.<\/p>\n","protected":false},"excerpt":{"rendered":"<p>Consigue un City Map impreso (mapa mural) de Lieja, B\u00e9lgica. \u00a1Elige el tama\u00f1o, el color y el dise\u00f1o de tu mapa a continuaci\u00f3n!<\/p>\n","protected":false},"featured_media":14340,"template":"","meta":{"_uag_custom_page_level_css":"","_monsterinsights_skip_tracking":false,"_monsterinsights_sitenote_active":false,"_monsterinsights_sitenote_note":"","_monsterinsights_sitenote_category":0,"site-sidebar-layout":"default","site-content-layout":"","ast-site-content-layout":"default","site-content-style":"default","site-sidebar-style":"default","ast-global-header-display":"","ast-banner-title-visibility":"","ast-main-header-display":"","ast-hfb-above-header-display":"","ast-hfb-below-header-display":"","ast-hfb-mobile-header-display":"","site-post-title":"","ast-breadcrumbs-content":"","ast-featured-img":"","footer-sml-layout":"","ast-disable-related-posts":"","theme-transparent-header-meta":"default","adv-header-id-meta":"","stick-header-meta":"","header-above-stick-meta":"","header-main-stick-meta":"","header-below-stick-meta":"","astra-migrate-meta-layouts":"set","ast-page-background-enabled":"default","ast-page-background-meta":{"desktop":{"background-color":"","background-image":"","background-repeat":"repeat","background-position":"center center","background-size":"auto","background-attachment":"scroll","background-type":"","background-media":"","overlay-type":"","overlay-color":"","overlay-opacity":"","overlay-gradient":""},"tablet":{"background-color":"","background-image":"","background-repeat":"repeat","background-position":"center center","background-size":"auto","background-attachment":"scroll","background-type":"","background-media":"","overlay-type":"","overlay-color":"","overlay-opacity":"","overlay-gradient":""},"mobile":{"background-color":"","background-image":"","background-repeat":"repeat","background-position":"center center","background-size":"auto","background-attachment":"scroll","background-type":"","background-media":"","overlay-type":"","overlay-color":"","overlay-opacity":"","overlay-gradient":""}},"ast-content-background-meta":{"desktop":{"background-color":"var(--ast-global-color-5)","background-image":"","background-repeat":"repeat","background-position":"center center","background-size":"auto","background-attachment":"scroll","background-type":"","background-media":"","overlay-type":"","overlay-color":"","overlay-opacity":"","overlay-gradient":""},"tablet":{"background-color":"var(--ast-global-color-5)","background-image":"","background-repeat":"repeat","background-position":"center center","background-size":"auto","background-attachment":"scroll","background-type":"","background-media":"","overlay-type":"","overlay-color":"","overlay-opacity":"","overlay-gradient":""},"mobile":{"background-color":"var(--ast-global-color-5)","background-image":"","background-repeat":"repeat","background-position":"center center","background-size":"auto","background-attachment":"scroll","background-type":"","background-media":"","overlay-type":"","overlay-color":"","overlay-opacity":"","overlay-gradient":""}}},"product_brand":[],"product_cat":[18],"product_tag":[34,35,36,184,40,93,547],"class_list":{"0":"post-12354","1":"product","2":"type-product","3":"status-publish","4":"has-post-thumbnail","6":"product_cat-city-maps","7":"product_tag-30x40","8":"product_tag-40x50","9":"product_tag-50x70","10":"product_tag-belgium","11":"product_tag-city-map","12":"product_tag-europe","13":"product_tag-liege","14":"desktop-align-left","15":"tablet-align-left","16":"mobile-align-left","18":"first","19":"instock","20":"shipping-taxable","21":"purchasable","22":"product-type-variable"},"aioseo_notices":[],"uagb_featured_image_src":{"full":["https:\/\/mapospheres.eu\/wp-content\/uploads\/2026\/02\/RED_FULL_LIEGE.jpg",1000,1000,false],"thumbnail":["https:\/\/mapospheres.eu\/wp-content\/uploads\/2026\/02\/RED_FULL_LIEGE-150x150.jpg",150,150,true],"medium":["https:\/\/mapospheres.eu\/wp-content\/uploads\/2026\/02\/RED_FULL_LIEGE-300x300.jpg",300,300,true],"medium_large":["https:\/\/mapospheres.eu\/wp-content\/uploads\/2026\/02\/RED_FULL_LIEGE-768x768.jpg",768,768,true],"large":["https:\/\/mapospheres.eu\/wp-content\/uploads\/2026\/02\/RED_FULL_LIEGE.jpg",1000,1000,false],"1536x1536":["https:\/\/mapospheres.eu\/wp-content\/uploads\/2026\/02\/RED_FULL_LIEGE.jpg",1000,1000,false],"2048x2048":["https:\/\/mapospheres.eu\/wp-content\/uploads\/2026\/02\/RED_FULL_LIEGE.jpg",1000,1000,false],"woocommerce_thumbnail":["https:\/\/mapospheres.eu\/wp-content\/uploads\/2026\/02\/RED_FULL_LIEGE-300x300.jpg",300,300,true],"woocommerce_single":["https:\/\/mapospheres.eu\/wp-content\/uploads\/2026\/02\/RED_FULL_LIEGE-600x600.jpg",600,600,true],"woocommerce_gallery_thumbnail":["https:\/\/mapospheres.eu\/wp-content\/uploads\/2026\/02\/RED_FULL_LIEGE-100x100.jpg",100,100,true]},"uagb_author_info":{"display_name":"sgainot04@gmail.com","author_link":"https:\/\/mapospheres.eu\/es\/author\/"},"uagb_comment_info":0,"uagb_excerpt":"Consigue un City Map impreso (mapa mural) de Lieja, B\u00e9lgica. \u00a1Elige el tama\u00f1o, el color y el dise\u00f1o de tu mapa a continuaci\u00f3n!","_links":{"self":[{"href":"https:\/\/mapospheres.eu\/es\/wp-json\/wp\/v2\/product\/12354","targetHints":{"allow":["GET"]}}],"collection":[{"href":"https:\/\/mapospheres.eu\/es\/wp-json\/wp\/v2\/product"}],"about":[{"href":"https:\/\/mapospheres.eu\/es\/wp-json\/wp\/v2\/types\/product"}],"wp:featuredmedia":[{"embeddable":true,"href":"https:\/\/mapospheres.eu\/es\/wp-json\/wp\/v2\/media\/14340"}],"wp:attachment":[{"href":"https:\/\/mapospheres.eu\/es\/wp-json\/wp\/v2\/media?parent=12354"}],"wp:term":[{"taxonomy":"product_brand","embeddable":true,"href":"https:\/\/mapospheres.eu\/es\/wp-json\/wp\/v2\/product_brand?post=12354"},{"taxonomy":"product_cat","embeddable":true,"href":"https:\/\/mapospheres.eu\/es\/wp-json\/wp\/v2\/product_cat?post=12354"},{"taxonomy":"product_tag","embeddable":true,"href":"https:\/\/mapospheres.eu\/es\/wp-json\/wp\/v2\/product_tag?post=12354"}],"curies":[{"name":"wp","href":"https:\/\/api.w.org\/{rel}","templated":true}]}}