{"id":12356,"date":"2026-02-11T08:58:59","date_gmt":"2026-02-11T08:58:59","guid":{"rendered":"https:\/\/mapospheres.eu\/product\/poster-of-poole-england-uk\/"},"modified":"2026-03-04T15:25:07","modified_gmt":"2026-03-04T15:25:07","slug":"poster-of-poole-england-uk","status":"publish","type":"product","link":"https:\/\/mapospheres.eu\/es\/product\/poster-de-poole-inglaterra-rr-uu\/","title":{"rendered":"Poster de Poole | Inglaterra, RR.UU."},"content":{"rendered":"<p><strong>Poster City map de Poole, Inglaterra, Reino Unido: visto desde arriba, el mapa contiene todos estos detalles en una armon\u00eda de l\u00ednea y tono\u2014un encuentro de agua, bosque y mano humana.<\/strong><\/p>\n<p>A primera vista, el gran Puerto de Poole se roba la escena\u2014una amplia extensi\u00f3n de agua que durante mucho tiempo ha transportado pescadores, comerciantes y alg\u00fan que otro contrabandista con ingenio r\u00e1pido y barco veloz. Alrededor de sus costas curvadas, la ciudad parece elevarse suavemente desde la marea, sus calles trazando siglos de comercio y bullicio costero. M\u00e1s hacia el interior, el mapa revela suaves colinas y extensiones de verde donde se encuentran antiguos bosques y p\u00e1ramos. Estos espacios tranquilos\u2014Canford Heath, Upton Country Park, y las ribere\u00f1as arboladas que bordean el r\u00edo Stour\u2014aportan equilibrio al animado paseo mar\u00edtimo, formando pausas serenas en la geograf\u00eda. Sandbanks, con su estrecho cord\u00f3n de tierra dorada, se extiende como un dedo hacia el puerto, famoso ahora por sus elegantes casas, pero anta\u00f1o una barrera arenosa contra el impetuoso Canal. Los puntos de referencia se sit\u00faan con orgullo en sus lugares: Poole Quay con su mezcla de ladrillo, velas e historias; el antiguo Guildhall vigilando la ciudad; y el lejano destello de la Isla Brownsea, un parche de verde que una vez refugi\u00f3 caballeros, exploradores y ardillas rojas por igual.<\/p>\n","protected":false},"excerpt":{"rendered":"<p>Consigue un City Map impreso (mapa mural) de Poster de Poole, Inglaterra, RR.UU. \u00a1Elige el tama\u00f1o, el color y el dise\u00f1o de tu mapa a continuaci\u00f3n!<\/p>\n","protected":false},"featured_media":14319,"template":"","meta":{"_uag_custom_page_level_css":"","_monsterinsights_skip_tracking":false,"_monsterinsights_sitenote_active":false,"_monsterinsights_sitenote_note":"","_monsterinsights_sitenote_category":0,"site-sidebar-layout":"default","site-content-layout":"","ast-site-content-layout":"default","site-content-style":"default","site-sidebar-style":"default","ast-global-header-display":"","ast-banner-title-visibility":"","ast-main-header-display":"","ast-hfb-above-header-display":"","ast-hfb-below-header-display":"","ast-hfb-mobile-header-display":"","site-post-title":"","ast-breadcrumbs-content":"","ast-featured-img":"","footer-sml-layout":"","ast-disable-related-posts":"","theme-transparent-header-meta":"default","adv-header-id-meta":"","stick-header-meta":"","header-above-stick-meta":"","header-main-stick-meta":"","header-below-stick-meta":"","astra-migrate-meta-layouts":"set","ast-page-background-enabled":"default","ast-page-background-meta":{"desktop":{"background-color":"","background-image":"","background-repeat":"repeat","background-position":"center center","background-size":"auto","background-attachment":"scroll","background-type":"","background-media":"","overlay-type":"","overlay-color":"","overlay-opacity":"","overlay-gradient":""},"tablet":{"background-color":"","background-image":"","background-repeat":"repeat","background-position":"center center","background-size":"auto","background-attachment":"scroll","background-type":"","background-media":"","overlay-type":"","overlay-color":"","overlay-opacity":"","overlay-gradient":""},"mobile":{"background-color":"","background-image":"","background-repeat":"repeat","background-position":"center center","background-size":"auto","background-attachment":"scroll","background-type":"","background-media":"","overlay-type":"","overlay-color":"","overlay-opacity":"","overlay-gradient":""}},"ast-content-background-meta":{"desktop":{"background-color":"var(--ast-global-color-5)","background-image":"","background-repeat":"repeat","background-position":"center center","background-size":"auto","background-attachment":"scroll","background-type":"","background-media":"","overlay-type":"","overlay-color":"","overlay-opacity":"","overlay-gradient":""},"tablet":{"background-color":"var(--ast-global-color-5)","background-image":"","background-repeat":"repeat","background-position":"center center","background-size":"auto","background-attachment":"scroll","background-type":"","background-media":"","overlay-type":"","overlay-color":"","overlay-opacity":"","overlay-gradient":""},"mobile":{"background-color":"var(--ast-global-color-5)","background-image":"","background-repeat":"repeat","background-position":"center center","background-size":"auto","background-attachment":"scroll","background-type":"","background-media":"","overlay-type":"","overlay-color":"","overlay-opacity":"","overlay-gradient":""}}},"product_brand":[],"product_cat":[18],"product_tag":[34,35,36,40,186,93,544,117],"class_list":{"0":"post-12356","1":"product","2":"type-product","3":"status-publish","4":"has-post-thumbnail","6":"product_cat-city-maps","7":"product_tag-30x40","8":"product_tag-40x50","9":"product_tag-50x70","10":"product_tag-city-map","11":"product_tag-england","12":"product_tag-europe","13":"product_tag-poole","14":"product_tag-uk","15":"desktop-align-left","16":"tablet-align-left","17":"mobile-align-left","19":"first","20":"instock","21":"shipping-taxable","22":"purchasable","23":"product-type-variable"},"aioseo_notices":[],"uagb_featured_image_src":{"full":["https:\/\/mapospheres.eu\/wp-content\/uploads\/2026\/02\/BW_ROUND_POOLE-1.jpg",1250,1500,false],"thumbnail":["https:\/\/mapospheres.eu\/wp-content\/uploads\/2026\/02\/BW_ROUND_POOLE-1-150x150.jpg",150,150,true],"medium":["https:\/\/mapospheres.eu\/wp-content\/uploads\/2026\/02\/BW_ROUND_POOLE-1-250x300.jpg",250,300,true],"medium_large":["https:\/\/mapospheres.eu\/wp-content\/uploads\/2026\/02\/BW_ROUND_POOLE-1-768x922.jpg",768,922,true],"large":["https:\/\/mapospheres.eu\/wp-content\/uploads\/2026\/02\/BW_ROUND_POOLE-1-853x1024.jpg",853,1024,true],"1536x1536":["https:\/\/mapospheres.eu\/wp-content\/uploads\/2026\/02\/BW_ROUND_POOLE-1.jpg",1250,1500,false],"2048x2048":["https:\/\/mapospheres.eu\/wp-content\/uploads\/2026\/02\/BW_ROUND_POOLE-1.jpg",1250,1500,false],"woocommerce_thumbnail":["https:\/\/mapospheres.eu\/wp-content\/uploads\/2026\/02\/BW_ROUND_POOLE-1-300x300.jpg",300,300,true],"woocommerce_single":["https:\/\/mapospheres.eu\/wp-content\/uploads\/2026\/02\/BW_ROUND_POOLE-1-600x720.jpg",600,720,true],"woocommerce_gallery_thumbnail":["https:\/\/mapospheres.eu\/wp-content\/uploads\/2026\/02\/BW_ROUND_POOLE-1-100x100.jpg",100,100,true]},"uagb_author_info":{"display_name":"sgainot04@gmail.com","author_link":"https:\/\/mapospheres.eu\/es\/author\/"},"uagb_comment_info":0,"uagb_excerpt":"Consigue un City Map impreso (mapa mural) de Poster de Poole, Inglaterra, RR.UU. \u00a1Elige el tama\u00f1o, el color y el dise\u00f1o de tu mapa a continuaci\u00f3n!","_links":{"self":[{"href":"https:\/\/mapospheres.eu\/es\/wp-json\/wp\/v2\/product\/12356","targetHints":{"allow":["GET"]}}],"collection":[{"href":"https:\/\/mapospheres.eu\/es\/wp-json\/wp\/v2\/product"}],"about":[{"href":"https:\/\/mapospheres.eu\/es\/wp-json\/wp\/v2\/types\/product"}],"wp:featuredmedia":[{"embeddable":true,"href":"https:\/\/mapospheres.eu\/es\/wp-json\/wp\/v2\/media\/14319"}],"wp:attachment":[{"href":"https:\/\/mapospheres.eu\/es\/wp-json\/wp\/v2\/media?parent=12356"}],"wp:term":[{"taxonomy":"product_brand","embeddable":true,"href":"https:\/\/mapospheres.eu\/es\/wp-json\/wp\/v2\/product_brand?post=12356"},{"taxonomy":"product_cat","embeddable":true,"href":"https:\/\/mapospheres.eu\/es\/wp-json\/wp\/v2\/product_cat?post=12356"},{"taxonomy":"product_tag","embeddable":true,"href":"https:\/\/mapospheres.eu\/es\/wp-json\/wp\/v2\/product_tag?post=12356"}],"curies":[{"name":"wp","href":"https:\/\/api.w.org\/{rel}","templated":true}]}}