{"id":12360,"date":"2026-02-11T08:59:16","date_gmt":"2026-02-11T08:59:16","guid":{"rendered":"https:\/\/mapospheres.eu\/product\/poster-of-sochi-russia\/"},"modified":"2026-03-04T15:25:28","modified_gmt":"2026-03-04T15:25:28","slug":"poster-of-sochi-russia","status":"publish","type":"product","link":"https:\/\/mapospheres.eu\/es\/product\/poster-de-sochi-rusia\/","title":{"rendered":"Poster de Sochi | Rusia"},"content":{"rendered":"<p><strong>Poster City map de Sochi, Rusia: Ya sea que te atraigan las suaves curvas del paisaje, el susurro de antiguas leyendas o las l\u00edneas audaces de la transformaci\u00f3n de Sochi, este mapa es un excelente compa\u00f1ero para tu pared.<\/strong><\/p>\n<p>Ubicada entre el Mar Negro y los robustos brazos de las Monta\u00f1as del C\u00e1ucaso, Sochi es una ciudad dibujada por la naturaleza misma: mitad costas ba\u00f1adas por el sol, mitad alturas boscosas. Este mapa captura ese equilibrio, donde empinadas laderas verdes se desploman hacia la costa como un oso perezoso en primavera, y caminos serpenteantes atraviesan los valles como si siguieran antiguos senderos cosacos. Desde arriba, se aprecia c\u00f3mo la ciudad se extiende larga y estrecha a lo largo del agua, un h\u00e1bito adquirido de la propia geograf\u00eda, que ofrece poco espacio para la expansi\u00f3n. El mar se encuentra tranquilo al oeste, mientras las monta\u00f1as se elevan como una antigua fortaleza al este, custodiando un lugar que alguna vez los relatos griegos mencionaron como el l\u00edmite del mundo conocido. En el coraz\u00f3n de este mapa se encuentra el centro de Sochi, donde late el pulso m\u00e1s fuerte de la ciudad, cerca de la elegante curva del malec\u00f3n y del puerto que alguna vez recibi\u00f3 poetas, viajeros y el ocasional submarino sovi\u00e9tico. Un toque de historia ol\u00edmpica brilla en la esquina inferior del mapa, donde el Parque Ol\u00edmpico se extiende como un mito moderno. All\u00ed, palacios de hielo surgieron de los pantanos y la llama ol\u00edmpica danz\u00f3 una vez contra los picos nevados.<\/p>\n","protected":false},"excerpt":{"rendered":"<p>Consigue un City Map impreso (mapa mural) de Sochi, Rusia. \u00a1Elige el tama\u00f1o, el color y el dise\u00f1o de tu mapa a continuaci\u00f3n!<\/p>\n","protected":false},"featured_media":14105,"template":"","meta":{"_uag_custom_page_level_css":"","_monsterinsights_skip_tracking":false,"_monsterinsights_sitenote_active":false,"_monsterinsights_sitenote_note":"","_monsterinsights_sitenote_category":0,"site-sidebar-layout":"default","site-content-layout":"","ast-site-content-layout":"default","site-content-style":"default","site-sidebar-style":"default","ast-global-header-display":"","ast-banner-title-visibility":"","ast-main-header-display":"","ast-hfb-above-header-display":"","ast-hfb-below-header-display":"","ast-hfb-mobile-header-display":"","site-post-title":"","ast-breadcrumbs-content":"","ast-featured-img":"","footer-sml-layout":"","ast-disable-related-posts":"","theme-transparent-header-meta":"default","adv-header-id-meta":"","stick-header-meta":"","header-above-stick-meta":"","header-main-stick-meta":"","header-below-stick-meta":"","astra-migrate-meta-layouts":"set","ast-page-background-enabled":"default","ast-page-background-meta":{"desktop":{"background-color":"","background-image":"","background-repeat":"repeat","background-position":"center center","background-size":"auto","background-attachment":"scroll","background-type":"","background-media":"","overlay-type":"","overlay-color":"","overlay-opacity":"","overlay-gradient":""},"tablet":{"background-color":"","background-image":"","background-repeat":"repeat","background-position":"center center","background-size":"auto","background-attachment":"scroll","background-type":"","background-media":"","overlay-type":"","overlay-color":"","overlay-opacity":"","overlay-gradient":""},"mobile":{"background-color":"","background-image":"","background-repeat":"repeat","background-position":"center center","background-size":"auto","background-attachment":"scroll","background-type":"","background-media":"","overlay-type":"","overlay-color":"","overlay-opacity":"","overlay-gradient":""}},"ast-content-background-meta":{"desktop":{"background-color":"var(--ast-global-color-5)","background-image":"","background-repeat":"repeat","background-position":"center center","background-size":"auto","background-attachment":"scroll","background-type":"","background-media":"","overlay-type":"","overlay-color":"","overlay-opacity":"","overlay-gradient":""},"tablet":{"background-color":"var(--ast-global-color-5)","background-image":"","background-repeat":"repeat","background-position":"center center","background-size":"auto","background-attachment":"scroll","background-type":"","background-media":"","overlay-type":"","overlay-color":"","overlay-opacity":"","overlay-gradient":""},"mobile":{"background-color":"var(--ast-global-color-5)","background-image":"","background-repeat":"repeat","background-position":"center center","background-size":"auto","background-attachment":"scroll","background-type":"","background-media":"","overlay-type":"","overlay-color":"","overlay-opacity":"","overlay-gradient":""}}},"product_brand":[],"product_cat":[18],"product_tag":[34,35,36,40,93,371,540],"class_list":{"0":"post-12360","1":"product","2":"type-product","3":"status-publish","4":"has-post-thumbnail","6":"product_cat-city-maps","7":"product_tag-30x40","8":"product_tag-40x50","9":"product_tag-50x70","10":"product_tag-city-map","11":"product_tag-europe","12":"product_tag-russia","13":"product_tag-sochi","14":"desktop-align-left","15":"tablet-align-left","16":"mobile-align-left","18":"first","19":"instock","20":"shipping-taxable","21":"purchasable","22":"product-type-variable"},"aioseo_notices":[],"uagb_featured_image_src":{"full":["https:\/\/mapospheres.eu\/wp-content\/uploads\/2026\/02\/NIGHT_ROUND_SOCHI.jpg",1500,1500,false],"thumbnail":["https:\/\/mapospheres.eu\/wp-content\/uploads\/2026\/02\/NIGHT_ROUND_SOCHI-150x150.jpg",150,150,true],"medium":["https:\/\/mapospheres.eu\/wp-content\/uploads\/2026\/02\/NIGHT_ROUND_SOCHI-300x300.jpg",300,300,true],"medium_large":["https:\/\/mapospheres.eu\/wp-content\/uploads\/2026\/02\/NIGHT_ROUND_SOCHI-768x768.jpg",768,768,true],"large":["https:\/\/mapospheres.eu\/wp-content\/uploads\/2026\/02\/NIGHT_ROUND_SOCHI-1024x1024.jpg",1024,1024,true],"1536x1536":["https:\/\/mapospheres.eu\/wp-content\/uploads\/2026\/02\/NIGHT_ROUND_SOCHI.jpg",1500,1500,false],"2048x2048":["https:\/\/mapospheres.eu\/wp-content\/uploads\/2026\/02\/NIGHT_ROUND_SOCHI.jpg",1500,1500,false],"woocommerce_thumbnail":["https:\/\/mapospheres.eu\/wp-content\/uploads\/2026\/02\/NIGHT_ROUND_SOCHI-300x300.jpg",300,300,true],"woocommerce_single":["https:\/\/mapospheres.eu\/wp-content\/uploads\/2026\/02\/NIGHT_ROUND_SOCHI-600x600.jpg",600,600,true],"woocommerce_gallery_thumbnail":["https:\/\/mapospheres.eu\/wp-content\/uploads\/2026\/02\/NIGHT_ROUND_SOCHI-100x100.jpg",100,100,true]},"uagb_author_info":{"display_name":"sgainot04@gmail.com","author_link":"https:\/\/mapospheres.eu\/es\/author\/"},"uagb_comment_info":0,"uagb_excerpt":"Consigue un City Map impreso (mapa mural) de Sochi, Rusia. \u00a1Elige el tama\u00f1o, el color y el dise\u00f1o de tu mapa a continuaci\u00f3n!","_links":{"self":[{"href":"https:\/\/mapospheres.eu\/es\/wp-json\/wp\/v2\/product\/12360","targetHints":{"allow":["GET"]}}],"collection":[{"href":"https:\/\/mapospheres.eu\/es\/wp-json\/wp\/v2\/product"}],"about":[{"href":"https:\/\/mapospheres.eu\/es\/wp-json\/wp\/v2\/types\/product"}],"wp:featuredmedia":[{"embeddable":true,"href":"https:\/\/mapospheres.eu\/es\/wp-json\/wp\/v2\/media\/14105"}],"wp:attachment":[{"href":"https:\/\/mapospheres.eu\/es\/wp-json\/wp\/v2\/media?parent=12360"}],"wp:term":[{"taxonomy":"product_brand","embeddable":true,"href":"https:\/\/mapospheres.eu\/es\/wp-json\/wp\/v2\/product_brand?post=12360"},{"taxonomy":"product_cat","embeddable":true,"href":"https:\/\/mapospheres.eu\/es\/wp-json\/wp\/v2\/product_cat?post=12360"},{"taxonomy":"product_tag","embeddable":true,"href":"https:\/\/mapospheres.eu\/es\/wp-json\/wp\/v2\/product_tag?post=12360"}],"curies":[{"name":"wp","href":"https:\/\/api.w.org\/{rel}","templated":true}]}}