{"id":12361,"date":"2026-02-11T08:59:19","date_gmt":"2026-02-11T08:59:19","guid":{"rendered":"https:\/\/mapospheres.eu\/product\/poster-of-szczecin-poland\/"},"modified":"2026-03-04T15:25:33","modified_gmt":"2026-03-04T15:25:33","slug":"poster-of-szczecin-poland","status":"publish","type":"product","link":"https:\/\/mapospheres.eu\/es\/product\/poster-de-szczecin-polonia\/","title":{"rendered":"Poster de Szczecin | Polonia"},"content":{"rendered":"<p><strong>Poster City map de Szczecin, Polonia: se sienta tranquilamente cerca del B\u00e1ltico, donde r\u00edos y canales se encuentran en un curioso enredo \u2014 como si la ciudad hubiera sido dibujada por un marinero amante de los rompecabezas.<\/strong><\/p>\n<p>Este mapa de la ciudad de Szczecin despliega la tierra con cuidado, mostrando el gran r\u00edo \u00d3der mientras se divide y se extiende, envolviendo la ciudad con brazos de agua y formando islas, puertos y reflejos que bailan en d\u00edas tranquilos. El terreno alrededor de Szczecin se eleva suavemente, dando forma sin dramatismo, mientras el verde se extiende generosamente por parques, bosques y riberas. Jasne B\u0142onia y el Parque Kasprowicza se extienden como invitaciones abiertas para paseos dominicales, recuerdos de guerra y picnics que pueden o no involucrar pierogi. Estos espacios no son un accidente \u2014 Szczecin fue alguna vez imaginada por urbanistas que pensaban que Par\u00eds podr\u00eda mejorarse con algunos patos m\u00e1s y ma\u00f1anas brumosas. En el coraz\u00f3n de la ciudad, el Castillo de los Duques de Pomerania se erige como un t\u00edo ligeramente severo \u2014 orgulloso, digno y lleno de historias en las que solo crees a medias. La Filarm\u00f3nica cercana brilla con encanto moderno, como una sinfon\u00eda congelada en vidrio, mientras que las calles del Casco Antiguo serpentean como hilos del pasado \u2014 un poco deshilachados, pero ricos en textura. Y si sigues la l\u00ednea costera con cuidado, notar\u00e1s que Szczecin no est\u00e1 exactamente junto al mar, pero llega all\u00ed eventualmente \u2014 a trav\u00e9s de lagos, marismas y astilleros que alguna vez susurraron secretos a las flotas que pasaban. Es una ciudad que mantiene un pie en la tierra, otro en el agua, y la mente en alg\u00fan punto intermedio, probablemente planeando algo silenciosamente ingenioso.<\/p>\n","protected":false},"excerpt":{"rendered":"<p>Consigue un City Map impreso (mapa mural) de Szczecin, Polonia. \u00a1Elige el tama\u00f1o, el color y el dise\u00f1o de tu mapa a continuaci\u00f3n!<\/p>\n","protected":false},"featured_media":14101,"template":"","meta":{"_uag_custom_page_level_css":"","_monsterinsights_skip_tracking":false,"_monsterinsights_sitenote_active":false,"_monsterinsights_sitenote_note":"","_monsterinsights_sitenote_category":0,"site-sidebar-layout":"default","site-content-layout":"","ast-site-content-layout":"default","site-content-style":"default","site-sidebar-style":"default","ast-global-header-display":"","ast-banner-title-visibility":"","ast-main-header-display":"","ast-hfb-above-header-display":"","ast-hfb-below-header-display":"","ast-hfb-mobile-header-display":"","site-post-title":"","ast-breadcrumbs-content":"","ast-featured-img":"","footer-sml-layout":"","ast-disable-related-posts":"","theme-transparent-header-meta":"default","adv-header-id-meta":"","stick-header-meta":"","header-above-stick-meta":"","header-main-stick-meta":"","header-below-stick-meta":"","astra-migrate-meta-layouts":"set","ast-page-background-enabled":"default","ast-page-background-meta":{"desktop":{"background-color":"","background-image":"","background-repeat":"repeat","background-position":"center center","background-size":"auto","background-attachment":"scroll","background-type":"","background-media":"","overlay-type":"","overlay-color":"","overlay-opacity":"","overlay-gradient":""},"tablet":{"background-color":"","background-image":"","background-repeat":"repeat","background-position":"center center","background-size":"auto","background-attachment":"scroll","background-type":"","background-media":"","overlay-type":"","overlay-color":"","overlay-opacity":"","overlay-gradient":""},"mobile":{"background-color":"","background-image":"","background-repeat":"repeat","background-position":"center center","background-size":"auto","background-attachment":"scroll","background-type":"","background-media":"","overlay-type":"","overlay-color":"","overlay-opacity":"","overlay-gradient":""}},"ast-content-background-meta":{"desktop":{"background-color":"var(--ast-global-color-5)","background-image":"","background-repeat":"repeat","background-position":"center center","background-size":"auto","background-attachment":"scroll","background-type":"","background-media":"","overlay-type":"","overlay-color":"","overlay-opacity":"","overlay-gradient":""},"tablet":{"background-color":"var(--ast-global-color-5)","background-image":"","background-repeat":"repeat","background-position":"center center","background-size":"auto","background-attachment":"scroll","background-type":"","background-media":"","overlay-type":"","overlay-color":"","overlay-opacity":"","overlay-gradient":""},"mobile":{"background-color":"var(--ast-global-color-5)","background-image":"","background-repeat":"repeat","background-position":"center center","background-size":"auto","background-attachment":"scroll","background-type":"","background-media":"","overlay-type":"","overlay-color":"","overlay-opacity":"","overlay-gradient":""}}},"product_brand":[],"product_cat":[18],"product_tag":[34,35,36,40,93,349,539],"class_list":{"0":"post-12361","1":"product","2":"type-product","3":"status-publish","4":"has-post-thumbnail","6":"product_cat-city-maps","7":"product_tag-30x40","8":"product_tag-40x50","9":"product_tag-50x70","10":"product_tag-city-map","11":"product_tag-europe","12":"product_tag-poland","13":"product_tag-szczecin","14":"desktop-align-left","15":"tablet-align-left","16":"mobile-align-left","18":"first","19":"instock","20":"shipping-taxable","21":"purchasable","22":"product-type-variable"},"aioseo_notices":[],"uagb_featured_image_src":{"full":["https:\/\/mapospheres.eu\/wp-content\/uploads\/2026\/02\/ZZ_PIC4_NIGHT_SZCZECIN.jpg",1000,1000,false],"thumbnail":["https:\/\/mapospheres.eu\/wp-content\/uploads\/2026\/02\/ZZ_PIC4_NIGHT_SZCZECIN-150x150.jpg",150,150,true],"medium":["https:\/\/mapospheres.eu\/wp-content\/uploads\/2026\/02\/ZZ_PIC4_NIGHT_SZCZECIN-300x300.jpg",300,300,true],"medium_large":["https:\/\/mapospheres.eu\/wp-content\/uploads\/2026\/02\/ZZ_PIC4_NIGHT_SZCZECIN-768x768.jpg",768,768,true],"large":["https:\/\/mapospheres.eu\/wp-content\/uploads\/2026\/02\/ZZ_PIC4_NIGHT_SZCZECIN.jpg",1000,1000,false],"1536x1536":["https:\/\/mapospheres.eu\/wp-content\/uploads\/2026\/02\/ZZ_PIC4_NIGHT_SZCZECIN.jpg",1000,1000,false],"2048x2048":["https:\/\/mapospheres.eu\/wp-content\/uploads\/2026\/02\/ZZ_PIC4_NIGHT_SZCZECIN.jpg",1000,1000,false],"woocommerce_thumbnail":["https:\/\/mapospheres.eu\/wp-content\/uploads\/2026\/02\/ZZ_PIC4_NIGHT_SZCZECIN-300x300.jpg",300,300,true],"woocommerce_single":["https:\/\/mapospheres.eu\/wp-content\/uploads\/2026\/02\/ZZ_PIC4_NIGHT_SZCZECIN-600x600.jpg",600,600,true],"woocommerce_gallery_thumbnail":["https:\/\/mapospheres.eu\/wp-content\/uploads\/2026\/02\/ZZ_PIC4_NIGHT_SZCZECIN-100x100.jpg",100,100,true]},"uagb_author_info":{"display_name":"sgainot04@gmail.com","author_link":"https:\/\/mapospheres.eu\/es\/author\/"},"uagb_comment_info":0,"uagb_excerpt":"Consigue un City Map impreso (mapa mural) de Szczecin, Polonia. \u00a1Elige el tama\u00f1o, el color y el dise\u00f1o de tu mapa a continuaci\u00f3n!","_links":{"self":[{"href":"https:\/\/mapospheres.eu\/es\/wp-json\/wp\/v2\/product\/12361","targetHints":{"allow":["GET"]}}],"collection":[{"href":"https:\/\/mapospheres.eu\/es\/wp-json\/wp\/v2\/product"}],"about":[{"href":"https:\/\/mapospheres.eu\/es\/wp-json\/wp\/v2\/types\/product"}],"wp:featuredmedia":[{"embeddable":true,"href":"https:\/\/mapospheres.eu\/es\/wp-json\/wp\/v2\/media\/14101"}],"wp:attachment":[{"href":"https:\/\/mapospheres.eu\/es\/wp-json\/wp\/v2\/media?parent=12361"}],"wp:term":[{"taxonomy":"product_brand","embeddable":true,"href":"https:\/\/mapospheres.eu\/es\/wp-json\/wp\/v2\/product_brand?post=12361"},{"taxonomy":"product_cat","embeddable":true,"href":"https:\/\/mapospheres.eu\/es\/wp-json\/wp\/v2\/product_cat?post=12361"},{"taxonomy":"product_tag","embeddable":true,"href":"https:\/\/mapospheres.eu\/es\/wp-json\/wp\/v2\/product_tag?post=12361"}],"curies":[{"name":"wp","href":"https:\/\/api.w.org\/{rel}","templated":true}]}}