{"id":12365,"date":"2026-02-11T08:59:33","date_gmt":"2026-02-11T08:59:33","guid":{"rendered":"https:\/\/mapospheres.eu\/product\/poster-of-cluj-napoca-rumania\/"},"modified":"2026-03-04T15:25:56","modified_gmt":"2026-03-04T15:25:56","slug":"poster-of-cluj-napoca-rumania","status":"publish","type":"product","link":"https:\/\/mapospheres.eu\/es\/product\/poster-de-cluj-napoca-rumania\/","title":{"rendered":"Poster de Cluj-Napoca | Rumania"},"content":{"rendered":"<p><strong>Poster City map de Cluj-Napoca, Ruman\u00eda: con sus susurradas historias de dacios y duques, este mapa de Cluj-Napoca es una celebraci\u00f3n silenciosa de una ciudad que se sienta orgullosa entre el mito y la vida cotidiana. Y no, no hay vampiros en el mapa\u2014pero no podemos prometer que no haya alguno cerca.<\/strong><\/p>\n<p>Situada en el coraz\u00f3n de Transilvania\u2014s\u00ed, esa Transilvania\u2014Cluj-Napoca se extiende por colinas y valles con la tranquila confianza de una ciudad que ha visto imperios ir y venir, y que a\u00fan logra mantener sus caf\u00e9s llenos. Este mapa captura el ritmo natural de la ciudad, donde las calles siguen las suaves pendientes del terreno y los espacios verdes se acomodan cuidadosamente entre tejados y m\u00e1rgenes del r\u00edo. El r\u00edo Some\u0219ul Mic serpentea a trav\u00e9s de la ciudad como una vieja historia, constante y un poco obstinado, reflejado por las calles que crecieron a su lado. Las colinas circundantes, especialmente al oeste y al sur, se elevan lo suficiente para dar textura al mapa\u2014sombreadas suavemente para sugerir d\u00f3nde la vista mejora (y d\u00f3nde el ciclismo se vuelve m\u00e1s duro). El bosque F\u0103get roza el borde de la ciudad, un recordatorio verde oscuro de que incluso en la Cluj moderna, la naturaleza no se ha ido lejos. En el centro, los monumentos se levantan con orgullo: la Iglesia de San Miguel, alta e indiferente al paso del tiempo, y la antigua colina fortificada, que alguna vez vigil\u00f3 la ciudad y ahora principalmente observa a corredores y fot\u00f3grafos. El Jard\u00edn Bot\u00e1nico, m\u00e1s jungla que jard\u00edn en algunos d\u00edas, a\u00f1ade un toque exuberante a las laderas del sur, mientras que el Parque Central ofrece terreno plano para pasear\u2014y planear escapadas de fin de semana.<\/p>\n","protected":false},"excerpt":{"rendered":"<p>Consigue un City Map impreso (mapa mural) de Cluj-Napoca, Rumania. \u00a1Elige el tama\u00f1o, el color y el dise\u00f1o de tu mapa a continuaci\u00f3n!<\/p>\n","protected":false},"featured_media":13882,"template":"","meta":{"_uag_custom_page_level_css":"","_monsterinsights_skip_tracking":false,"_monsterinsights_sitenote_active":false,"_monsterinsights_sitenote_note":"","_monsterinsights_sitenote_category":0,"site-sidebar-layout":"default","site-content-layout":"","ast-site-content-layout":"default","site-content-style":"default","site-sidebar-style":"default","ast-global-header-display":"","ast-banner-title-visibility":"","ast-main-header-display":"","ast-hfb-above-header-display":"","ast-hfb-below-header-display":"","ast-hfb-mobile-header-display":"","site-post-title":"","ast-breadcrumbs-content":"","ast-featured-img":"","footer-sml-layout":"","ast-disable-related-posts":"","theme-transparent-header-meta":"default","adv-header-id-meta":"","stick-header-meta":"","header-above-stick-meta":"","header-main-stick-meta":"","header-below-stick-meta":"","astra-migrate-meta-layouts":"set","ast-page-background-enabled":"default","ast-page-background-meta":{"desktop":{"background-color":"","background-image":"","background-repeat":"repeat","background-position":"center center","background-size":"auto","background-attachment":"scroll","background-type":"","background-media":"","overlay-type":"","overlay-color":"","overlay-opacity":"","overlay-gradient":""},"tablet":{"background-color":"","background-image":"","background-repeat":"repeat","background-position":"center center","background-size":"auto","background-attachment":"scroll","background-type":"","background-media":"","overlay-type":"","overlay-color":"","overlay-opacity":"","overlay-gradient":""},"mobile":{"background-color":"","background-image":"","background-repeat":"repeat","background-position":"center center","background-size":"auto","background-attachment":"scroll","background-type":"","background-media":"","overlay-type":"","overlay-color":"","overlay-opacity":"","overlay-gradient":""}},"ast-content-background-meta":{"desktop":{"background-color":"var(--ast-global-color-5)","background-image":"","background-repeat":"repeat","background-position":"center center","background-size":"auto","background-attachment":"scroll","background-type":"","background-media":"","overlay-type":"","overlay-color":"","overlay-opacity":"","overlay-gradient":""},"tablet":{"background-color":"var(--ast-global-color-5)","background-image":"","background-repeat":"repeat","background-position":"center center","background-size":"auto","background-attachment":"scroll","background-type":"","background-media":"","overlay-type":"","overlay-color":"","overlay-opacity":"","overlay-gradient":""},"mobile":{"background-color":"var(--ast-global-color-5)","background-image":"","background-repeat":"repeat","background-position":"center center","background-size":"auto","background-attachment":"scroll","background-type":"","background-media":"","overlay-type":"","overlay-color":"","overlay-opacity":"","overlay-gradient":""}}},"product_brand":[],"product_cat":[18],"product_tag":[34,35,36,40,532,93,533],"class_list":{"0":"post-12365","1":"product","2":"type-product","3":"status-publish","4":"has-post-thumbnail","6":"product_cat-city-maps","7":"product_tag-30x40","8":"product_tag-40x50","9":"product_tag-50x70","10":"product_tag-city-map","11":"product_tag-cluj-napoca","12":"product_tag-europe","13":"product_tag-rumania","14":"desktop-align-left","15":"tablet-align-left","16":"mobile-align-left","18":"first","19":"instock","20":"shipping-taxable","21":"purchasable","22":"product-type-variable"},"aioseo_notices":[],"uagb_featured_image_src":{"full":["https:\/\/mapospheres.eu\/wp-content\/uploads\/2026\/02\/BW_ROUND_CLUJNAPOCA.jpg",1250,1500,false],"thumbnail":["https:\/\/mapospheres.eu\/wp-content\/uploads\/2026\/02\/BW_ROUND_CLUJNAPOCA-150x150.jpg",150,150,true],"medium":["https:\/\/mapospheres.eu\/wp-content\/uploads\/2026\/02\/BW_ROUND_CLUJNAPOCA-250x300.jpg",250,300,true],"medium_large":["https:\/\/mapospheres.eu\/wp-content\/uploads\/2026\/02\/BW_ROUND_CLUJNAPOCA-768x922.jpg",768,922,true],"large":["https:\/\/mapospheres.eu\/wp-content\/uploads\/2026\/02\/BW_ROUND_CLUJNAPOCA-853x1024.jpg",853,1024,true],"1536x1536":["https:\/\/mapospheres.eu\/wp-content\/uploads\/2026\/02\/BW_ROUND_CLUJNAPOCA.jpg",1250,1500,false],"2048x2048":["https:\/\/mapospheres.eu\/wp-content\/uploads\/2026\/02\/BW_ROUND_CLUJNAPOCA.jpg",1250,1500,false],"woocommerce_thumbnail":["https:\/\/mapospheres.eu\/wp-content\/uploads\/2026\/02\/BW_ROUND_CLUJNAPOCA-300x300.jpg",300,300,true],"woocommerce_single":["https:\/\/mapospheres.eu\/wp-content\/uploads\/2026\/02\/BW_ROUND_CLUJNAPOCA-600x720.jpg",600,720,true],"woocommerce_gallery_thumbnail":["https:\/\/mapospheres.eu\/wp-content\/uploads\/2026\/02\/BW_ROUND_CLUJNAPOCA-100x100.jpg",100,100,true]},"uagb_author_info":{"display_name":"sgainot04@gmail.com","author_link":"https:\/\/mapospheres.eu\/es\/author\/"},"uagb_comment_info":0,"uagb_excerpt":"Consigue un City Map impreso (mapa mural) de Cluj-Napoca, Rumania. \u00a1Elige el tama\u00f1o, el color y el dise\u00f1o de tu mapa a continuaci\u00f3n!","_links":{"self":[{"href":"https:\/\/mapospheres.eu\/es\/wp-json\/wp\/v2\/product\/12365","targetHints":{"allow":["GET"]}}],"collection":[{"href":"https:\/\/mapospheres.eu\/es\/wp-json\/wp\/v2\/product"}],"about":[{"href":"https:\/\/mapospheres.eu\/es\/wp-json\/wp\/v2\/types\/product"}],"wp:featuredmedia":[{"embeddable":true,"href":"https:\/\/mapospheres.eu\/es\/wp-json\/wp\/v2\/media\/13882"}],"wp:attachment":[{"href":"https:\/\/mapospheres.eu\/es\/wp-json\/wp\/v2\/media?parent=12365"}],"wp:term":[{"taxonomy":"product_brand","embeddable":true,"href":"https:\/\/mapospheres.eu\/es\/wp-json\/wp\/v2\/product_brand?post=12365"},{"taxonomy":"product_cat","embeddable":true,"href":"https:\/\/mapospheres.eu\/es\/wp-json\/wp\/v2\/product_cat?post=12365"},{"taxonomy":"product_tag","embeddable":true,"href":"https:\/\/mapospheres.eu\/es\/wp-json\/wp\/v2\/product_tag?post=12365"}],"curies":[{"name":"wp","href":"https:\/\/api.w.org\/{rel}","templated":true}]}}