{"id":12366,"date":"2026-02-11T08:59:36","date_gmt":"2026-02-11T08:59:36","guid":{"rendered":"https:\/\/mapospheres.eu\/product\/poster-of-limoges-france\/"},"modified":"2026-03-04T15:26:00","modified_gmt":"2026-03-04T15:26:00","slug":"poster-of-limoges-france","status":"publish","type":"product","link":"https:\/\/mapospheres.eu\/es\/product\/poster-de-limoges-francia\/","title":{"rendered":"Poster de Limoges | Francia"},"content":{"rendered":"<p><strong>Poster City map de Limoges, Francia: una ventana a una ciudad moldeada por la tierra, el tiempo y una buena cantidad de lluvia.<\/strong><\/p>\n<p>Acurrucada suavemente en las colinas ondulantes del centro de Francia, Limoges se despliega como un libro de cuentos en este mapa finamente detallado. La ciudad, famosa por su porcelana que alguna vez adorn\u00f3 mesas reales, se encuentra c\u00f3modamente entre laderas boscosas y los suaves meandros del r\u00edo Vienne. Este mapa captura no solo calles y plazas, sino el alma misma de una ciudad donde la naturaleza y la historia han sido compa\u00f1eras de largo tiempo. Desde los pulmones verdes del Parc Victor-Thuillat hasta los tranquilos tramos del valle de Aurence, Limoges se muestra aqu\u00ed en toda su honestidad topogr\u00e1fica. Las colinas suben y bajan con el ritmo de la tierra, ofreciendo sombras sutiles que dan profundidad al mapa\u2014y quiz\u00e1s un indicio de por qu\u00e9 caminar aqu\u00ed se siente como un ligero ejercicio. Salpicada de jardines y patios escondidos, la ciudad parece haber sido cuidadosamente cubierta de verde, no solo construida. En el coraz\u00f3n de todo, la grandiosa Catedral de Limoges se yergue\u2014m\u00e1s obstinada que majestuosa, dir\u00edan algunos, ya que tom\u00f3 m\u00e1s de seis siglos terminarla. El casco antiguo a su alrededor serpentea como una f\u00e1bula olvidada, lleno de casas entramadas y callejones estrechos que no llevan r\u00e1pidamente a ninguna parte, pero siempre a alg\u00fan lugar hermoso.<\/p>\n","protected":false},"excerpt":{"rendered":"<p>Consigue un City Map impreso (mapa mural) de Limoges, Francia. \u00a1Elige el tama\u00f1o, el color y el dise\u00f1o de tu mapa a continuaci\u00f3n!<\/p>\n","protected":false},"featured_media":13876,"template":"","meta":{"_uag_custom_page_level_css":"","_monsterinsights_skip_tracking":false,"_monsterinsights_sitenote_active":false,"_monsterinsights_sitenote_note":"","_monsterinsights_sitenote_category":0,"site-sidebar-layout":"default","site-content-layout":"","ast-site-content-layout":"default","site-content-style":"default","site-sidebar-style":"default","ast-global-header-display":"","ast-banner-title-visibility":"","ast-main-header-display":"","ast-hfb-above-header-display":"","ast-hfb-below-header-display":"","ast-hfb-mobile-header-display":"","site-post-title":"","ast-breadcrumbs-content":"","ast-featured-img":"","footer-sml-layout":"","ast-disable-related-posts":"","theme-transparent-header-meta":"default","adv-header-id-meta":"","stick-header-meta":"","header-above-stick-meta":"","header-main-stick-meta":"","header-below-stick-meta":"","astra-migrate-meta-layouts":"set","ast-page-background-enabled":"default","ast-page-background-meta":{"desktop":{"background-color":"","background-image":"","background-repeat":"repeat","background-position":"center center","background-size":"auto","background-attachment":"scroll","background-type":"","background-media":"","overlay-type":"","overlay-color":"","overlay-opacity":"","overlay-gradient":""},"tablet":{"background-color":"","background-image":"","background-repeat":"repeat","background-position":"center center","background-size":"auto","background-attachment":"scroll","background-type":"","background-media":"","overlay-type":"","overlay-color":"","overlay-opacity":"","overlay-gradient":""},"mobile":{"background-color":"","background-image":"","background-repeat":"repeat","background-position":"center center","background-size":"auto","background-attachment":"scroll","background-type":"","background-media":"","overlay-type":"","overlay-color":"","overlay-opacity":"","overlay-gradient":""}},"ast-content-background-meta":{"desktop":{"background-color":"var(--ast-global-color-5)","background-image":"","background-repeat":"repeat","background-position":"center center","background-size":"auto","background-attachment":"scroll","background-type":"","background-media":"","overlay-type":"","overlay-color":"","overlay-opacity":"","overlay-gradient":""},"tablet":{"background-color":"var(--ast-global-color-5)","background-image":"","background-repeat":"repeat","background-position":"center center","background-size":"auto","background-attachment":"scroll","background-type":"","background-media":"","overlay-type":"","overlay-color":"","overlay-opacity":"","overlay-gradient":""},"mobile":{"background-color":"var(--ast-global-color-5)","background-image":"","background-repeat":"repeat","background-position":"center center","background-size":"auto","background-attachment":"scroll","background-type":"","background-media":"","overlay-type":"","overlay-color":"","overlay-opacity":"","overlay-gradient":""}}},"product_brand":[],"product_cat":[18],"product_tag":[34,35,36,40,93,100,531],"class_list":{"0":"post-12366","1":"product","2":"type-product","3":"status-publish","4":"has-post-thumbnail","6":"product_cat-city-maps","7":"product_tag-30x40","8":"product_tag-40x50","9":"product_tag-50x70","10":"product_tag-city-map","11":"product_tag-europe","12":"product_tag-france","13":"product_tag-limoges","14":"desktop-align-left","15":"tablet-align-left","16":"mobile-align-left","18":"first","19":"instock","20":"shipping-taxable","21":"purchasable","22":"product-type-variable"},"aioseo_notices":[],"uagb_featured_image_src":{"full":["https:\/\/mapospheres.eu\/wp-content\/uploads\/2026\/02\/ZZ_PIC3_BW_LIMOGES.jpg",1000,1000,false],"thumbnail":["https:\/\/mapospheres.eu\/wp-content\/uploads\/2026\/02\/ZZ_PIC3_BW_LIMOGES-150x150.jpg",150,150,true],"medium":["https:\/\/mapospheres.eu\/wp-content\/uploads\/2026\/02\/ZZ_PIC3_BW_LIMOGES-300x300.jpg",300,300,true],"medium_large":["https:\/\/mapospheres.eu\/wp-content\/uploads\/2026\/02\/ZZ_PIC3_BW_LIMOGES-768x768.jpg",768,768,true],"large":["https:\/\/mapospheres.eu\/wp-content\/uploads\/2026\/02\/ZZ_PIC3_BW_LIMOGES.jpg",1000,1000,false],"1536x1536":["https:\/\/mapospheres.eu\/wp-content\/uploads\/2026\/02\/ZZ_PIC3_BW_LIMOGES.jpg",1000,1000,false],"2048x2048":["https:\/\/mapospheres.eu\/wp-content\/uploads\/2026\/02\/ZZ_PIC3_BW_LIMOGES.jpg",1000,1000,false],"woocommerce_thumbnail":["https:\/\/mapospheres.eu\/wp-content\/uploads\/2026\/02\/ZZ_PIC3_BW_LIMOGES-300x300.jpg",300,300,true],"woocommerce_single":["https:\/\/mapospheres.eu\/wp-content\/uploads\/2026\/02\/ZZ_PIC3_BW_LIMOGES-600x600.jpg",600,600,true],"woocommerce_gallery_thumbnail":["https:\/\/mapospheres.eu\/wp-content\/uploads\/2026\/02\/ZZ_PIC3_BW_LIMOGES-100x100.jpg",100,100,true]},"uagb_author_info":{"display_name":"sgainot04@gmail.com","author_link":"https:\/\/mapospheres.eu\/es\/author\/"},"uagb_comment_info":0,"uagb_excerpt":"Consigue un City Map impreso (mapa mural) de Limoges, Francia. \u00a1Elige el tama\u00f1o, el color y el dise\u00f1o de tu mapa a continuaci\u00f3n!","_links":{"self":[{"href":"https:\/\/mapospheres.eu\/es\/wp-json\/wp\/v2\/product\/12366","targetHints":{"allow":["GET"]}}],"collection":[{"href":"https:\/\/mapospheres.eu\/es\/wp-json\/wp\/v2\/product"}],"about":[{"href":"https:\/\/mapospheres.eu\/es\/wp-json\/wp\/v2\/types\/product"}],"wp:featuredmedia":[{"embeddable":true,"href":"https:\/\/mapospheres.eu\/es\/wp-json\/wp\/v2\/media\/13876"}],"wp:attachment":[{"href":"https:\/\/mapospheres.eu\/es\/wp-json\/wp\/v2\/media?parent=12366"}],"wp:term":[{"taxonomy":"product_brand","embeddable":true,"href":"https:\/\/mapospheres.eu\/es\/wp-json\/wp\/v2\/product_brand?post=12366"},{"taxonomy":"product_cat","embeddable":true,"href":"https:\/\/mapospheres.eu\/es\/wp-json\/wp\/v2\/product_cat?post=12366"},{"taxonomy":"product_tag","embeddable":true,"href":"https:\/\/mapospheres.eu\/es\/wp-json\/wp\/v2\/product_tag?post=12366"}],"curies":[{"name":"wp","href":"https:\/\/api.w.org\/{rel}","templated":true}]}}