{"id":12374,"date":"2026-02-11T09:00:13","date_gmt":"2026-02-11T09:00:13","guid":{"rendered":"https:\/\/mapospheres.eu\/product\/poster-of-ashgabat-turkmenistan\/"},"modified":"2026-03-04T15:26:41","modified_gmt":"2026-03-04T15:26:41","slug":"poster-of-ashgabat-turkmenistan","status":"publish","type":"product","link":"https:\/\/mapospheres.eu\/es\/product\/poster-de-asjabad-turkmenistan\/","title":{"rendered":"Poster de Asjabad | Turkmenist\u00e1n"},"content":{"rendered":"<p><strong>Poster City map de Asjabad, Turkmenist\u00e1n: el espejismo de m\u00e1rmol del desierto, Asjabad se alza donde las arenas de Karakum se encuentran con las estribaciones de las monta\u00f1as Kopet Dag\u2014y este mapa captura ese extra\u00f1o y maravilloso punto de encuentro con silenciosa precisi\u00f3n.<\/strong><\/p>\n<p>Es una ciudad que parece casi demasiado sim\u00e9trica para ser accidental, demasiado p\u00e1lida para ser real y lo suficientemente salvaje como para hacer sonre\u00edr a un cart\u00f3grafo. Distribuidas en l\u00edneas limpias y curvas generosas, las calles de la ciudad se extienden entre grandes bulevares y amplios parques, muchos de ellos salpicados de fuentes que chapotean bajo el seco sol turcomano. Desde arriba\u2014como este mapa muestra generosamente\u2014Asjabad parece una mesa cuidadosamente dispuesta para un banquete real, con sus plazas p\u00fablicas y monumentos lujosos organizados con precisi\u00f3n. Casi se puede escuchar a la ciudad decir: \u00abS\u00ed, puedo estar en el desierto, pero me visto para la cena.\u00bb Los espacios verdes, aunque rodeados por la obstinada arena, florecen por toda la ciudad como peque\u00f1os milagros. El Parque de la Independencia se extiende amplio como una alfombra bordada, mientras que el Monumento al Terremoto recuerda silenciosamente a los visitantes que esta ciudad se ha levantado m\u00e1s de una vez del polvo. El Arco de la Neutralidad, una estructura bastante filos\u00f3fica coronada por una figura dorada que gira con el sol, se eleva alta y ligeramente divertida\u2014como una veleta con delirios de grandeza. Hacia el sur, las monta\u00f1as Kopet Dag se alzan en pliegues sutiles, suavemente pintadas en el terreno\u2014un tel\u00f3n de fondo natural que a\u00f1ade dramatismo sin decir palabra. Su presencia en el mapa atrae la mirada, sugiriendo que detr\u00e1s de todo el m\u00e1rmol y la simetr\u00eda, la naturaleza sigue estando muy al mando.<\/p>\n","protected":false},"excerpt":{"rendered":"<p>Consigue un City Map impreso (mapa mural) de Asjabad, Turkmenist\u00e1n. \u00a1Elige el tama\u00f1o, el color y el dise\u00f1o de tu mapa a continuaci\u00f3n!<\/p>\n","protected":false},"featured_media":13411,"template":"","meta":{"_uag_custom_page_level_css":"","_monsterinsights_skip_tracking":false,"_monsterinsights_sitenote_active":false,"_monsterinsights_sitenote_note":"","_monsterinsights_sitenote_category":0,"site-sidebar-layout":"default","site-content-layout":"","ast-site-content-layout":"default","site-content-style":"default","site-sidebar-style":"default","ast-global-header-display":"","ast-banner-title-visibility":"","ast-main-header-display":"","ast-hfb-above-header-display":"","ast-hfb-below-header-display":"","ast-hfb-mobile-header-display":"","site-post-title":"","ast-breadcrumbs-content":"","ast-featured-img":"","footer-sml-layout":"","ast-disable-related-posts":"","theme-transparent-header-meta":"default","adv-header-id-meta":"","stick-header-meta":"","header-above-stick-meta":"","header-main-stick-meta":"","header-below-stick-meta":"","astra-migrate-meta-layouts":"set","ast-page-background-enabled":"default","ast-page-background-meta":{"desktop":{"background-color":"","background-image":"","background-repeat":"repeat","background-position":"center center","background-size":"auto","background-attachment":"scroll","background-type":"","background-media":"","overlay-type":"","overlay-color":"","overlay-opacity":"","overlay-gradient":""},"tablet":{"background-color":"","background-image":"","background-repeat":"repeat","background-position":"center center","background-size":"auto","background-attachment":"scroll","background-type":"","background-media":"","overlay-type":"","overlay-color":"","overlay-opacity":"","overlay-gradient":""},"mobile":{"background-color":"","background-image":"","background-repeat":"repeat","background-position":"center center","background-size":"auto","background-attachment":"scroll","background-type":"","background-media":"","overlay-type":"","overlay-color":"","overlay-opacity":"","overlay-gradient":""}},"ast-content-background-meta":{"desktop":{"background-color":"var(--ast-global-color-5)","background-image":"","background-repeat":"repeat","background-position":"center center","background-size":"auto","background-attachment":"scroll","background-type":"","background-media":"","overlay-type":"","overlay-color":"","overlay-opacity":"","overlay-gradient":""},"tablet":{"background-color":"var(--ast-global-color-5)","background-image":"","background-repeat":"repeat","background-position":"center center","background-size":"auto","background-attachment":"scroll","background-type":"","background-media":"","overlay-type":"","overlay-color":"","overlay-opacity":"","overlay-gradient":""},"mobile":{"background-color":"var(--ast-global-color-5)","background-image":"","background-repeat":"repeat","background-position":"center center","background-size":"auto","background-attachment":"scroll","background-type":"","background-media":"","overlay-type":"","overlay-color":"","overlay-opacity":"","overlay-gradient":""}}},"product_brand":[],"product_cat":[18],"product_tag":[34,35,36,517,226,40,518],"class_list":{"0":"post-12374","1":"product","2":"type-product","3":"status-publish","4":"has-post-thumbnail","6":"product_cat-city-maps","7":"product_tag-30x40","8":"product_tag-40x50","9":"product_tag-50x70","10":"product_tag-ashgabat","11":"product_tag-asia","12":"product_tag-city-map","13":"product_tag-turkmenistan","14":"desktop-align-left","15":"tablet-align-left","16":"mobile-align-left","18":"first","19":"instock","20":"shipping-taxable","21":"purchasable","22":"product-type-variable"},"aioseo_notices":[],"uagb_featured_image_src":{"full":["https:\/\/mapospheres.eu\/wp-content\/uploads\/2026\/02\/RED_FULL_ASHGABAT.jpg",1000,1000,false],"thumbnail":["https:\/\/mapospheres.eu\/wp-content\/uploads\/2026\/02\/RED_FULL_ASHGABAT-150x150.jpg",150,150,true],"medium":["https:\/\/mapospheres.eu\/wp-content\/uploads\/2026\/02\/RED_FULL_ASHGABAT-300x300.jpg",300,300,true],"medium_large":["https:\/\/mapospheres.eu\/wp-content\/uploads\/2026\/02\/RED_FULL_ASHGABAT-768x768.jpg",768,768,true],"large":["https:\/\/mapospheres.eu\/wp-content\/uploads\/2026\/02\/RED_FULL_ASHGABAT.jpg",1000,1000,false],"1536x1536":["https:\/\/mapospheres.eu\/wp-content\/uploads\/2026\/02\/RED_FULL_ASHGABAT.jpg",1000,1000,false],"2048x2048":["https:\/\/mapospheres.eu\/wp-content\/uploads\/2026\/02\/RED_FULL_ASHGABAT.jpg",1000,1000,false],"woocommerce_thumbnail":["https:\/\/mapospheres.eu\/wp-content\/uploads\/2026\/02\/RED_FULL_ASHGABAT-300x300.jpg",300,300,true],"woocommerce_single":["https:\/\/mapospheres.eu\/wp-content\/uploads\/2026\/02\/RED_FULL_ASHGABAT-600x600.jpg",600,600,true],"woocommerce_gallery_thumbnail":["https:\/\/mapospheres.eu\/wp-content\/uploads\/2026\/02\/RED_FULL_ASHGABAT-100x100.jpg",100,100,true]},"uagb_author_info":{"display_name":"sgainot04@gmail.com","author_link":"https:\/\/mapospheres.eu\/es\/author\/"},"uagb_comment_info":0,"uagb_excerpt":"Consigue un City Map impreso (mapa mural) de Asjabad, Turkmenist\u00e1n. \u00a1Elige el tama\u00f1o, el color y el dise\u00f1o de tu mapa a continuaci\u00f3n!","_links":{"self":[{"href":"https:\/\/mapospheres.eu\/es\/wp-json\/wp\/v2\/product\/12374","targetHints":{"allow":["GET"]}}],"collection":[{"href":"https:\/\/mapospheres.eu\/es\/wp-json\/wp\/v2\/product"}],"about":[{"href":"https:\/\/mapospheres.eu\/es\/wp-json\/wp\/v2\/types\/product"}],"wp:featuredmedia":[{"embeddable":true,"href":"https:\/\/mapospheres.eu\/es\/wp-json\/wp\/v2\/media\/13411"}],"wp:attachment":[{"href":"https:\/\/mapospheres.eu\/es\/wp-json\/wp\/v2\/media?parent=12374"}],"wp:term":[{"taxonomy":"product_brand","embeddable":true,"href":"https:\/\/mapospheres.eu\/es\/wp-json\/wp\/v2\/product_brand?post=12374"},{"taxonomy":"product_cat","embeddable":true,"href":"https:\/\/mapospheres.eu\/es\/wp-json\/wp\/v2\/product_cat?post=12374"},{"taxonomy":"product_tag","embeddable":true,"href":"https:\/\/mapospheres.eu\/es\/wp-json\/wp\/v2\/product_tag?post=12374"}],"curies":[{"name":"wp","href":"https:\/\/api.w.org\/{rel}","templated":true}]}}