{"id":12376,"date":"2026-02-11T09:00:21","date_gmt":"2026-02-11T09:00:21","guid":{"rendered":"https:\/\/mapospheres.eu\/product\/poster-of-hanoi-vietnam\/"},"modified":"2026-03-04T15:26:54","modified_gmt":"2026-03-04T15:26:54","slug":"poster-of-hanoi-vietnam","status":"publish","type":"product","link":"https:\/\/mapospheres.eu\/es\/product\/poster-de-hanoi-vietnam\/","title":{"rendered":"Poster de Han\u00f3i | Vietnam"},"content":{"rendered":"<p><strong>Poster City map de Han\u00f3i, Vietnam: Impreso como una pieza decorativa de pared, este mapa ofrece m\u00e1s que geograf\u00eda: invita al espectador a perderse en las texturas de Han\u00f3i, con la suave elevaci\u00f3n del terreno, el mosaico de espacios verdes y la tranquila presencia del agua.<\/strong><\/p>\n<p>Este mapa de la ciudad de Han\u00f3i captura el drama silencioso de un lugar donde r\u00edos, lagos y leyendas han moldeado la tierra durante m\u00e1s de mil a\u00f1os. Ubicada en el delta del r\u00edo Rojo, Han\u00f3i se extiende con la fluidez de una historia bien contada, sus calles serpenteantes reflejando los giros de antiguos cuentos populares y la intriga din\u00e1stica. El mapa revela la suave ondulaci\u00f3n del terreno, desde las tierras bajas alimentadas por el r\u00edo Rojo hasta los peque\u00f1os relieves que insin\u00faan antiguas fortificaciones y templos desgastados por el tiempo. En su coraz\u00f3n yace el suave resplandor del Lago Oeste, un amplio y sereno espejo que ha reflejado emperadores, poetas y una considerable cantidad de traviesas tortugas. Alrededor florecen los pulmones verdes de la ciudad: jardines bot\u00e1nicos, bulevares arbolados y los imponentes terrenos de antiguas villas coloniales. El Lago Hoan Kiem, m\u00e1s peque\u00f1o pero no menos legendario, descansa como un susurro en el Casco Antiguo, con su famosa historia de la espada devuelta flotando justo bajo la superficie. Desde el alto mirador de la Torre de la Bandera hasta la serena quietud cubierta de musgo del Templo de la Literatura, los monumentos se\u00f1alados aqu\u00ed son m\u00e1s que piedra y memoria: le dan al mapa su ritmo, un equilibrio entre lo natural y lo construido, lo antiguo y lo eternamente curioso. Las calles se retuercen y serpentean no por confusi\u00f3n, sino quiz\u00e1 por una prolongada negativa a apresurarse.<\/p>\n","protected":false},"excerpt":{"rendered":"<p>Consigue un City Map (mapa mural) impreso de Han\u00f3i, Vietnam. \u00a1Elige el tama\u00f1o, el color y el dise\u00f1o de tu mapa a continuaci\u00f3n!<\/p>\n","protected":false},"featured_media":13396,"template":"","meta":{"_uag_custom_page_level_css":"","_monsterinsights_skip_tracking":false,"_monsterinsights_sitenote_active":false,"_monsterinsights_sitenote_note":"","_monsterinsights_sitenote_category":0,"site-sidebar-layout":"default","site-content-layout":"","ast-site-content-layout":"default","site-content-style":"default","site-sidebar-style":"default","ast-global-header-display":"","ast-banner-title-visibility":"","ast-main-header-display":"","ast-hfb-above-header-display":"","ast-hfb-below-header-display":"","ast-hfb-mobile-header-display":"","site-post-title":"","ast-breadcrumbs-content":"","ast-featured-img":"","footer-sml-layout":"","ast-disable-related-posts":"","theme-transparent-header-meta":"default","adv-header-id-meta":"","stick-header-meta":"","header-above-stick-meta":"","header-main-stick-meta":"","header-below-stick-meta":"","astra-migrate-meta-layouts":"set","ast-page-background-enabled":"default","ast-page-background-meta":{"desktop":{"background-color":"","background-image":"","background-repeat":"repeat","background-position":"center center","background-size":"auto","background-attachment":"scroll","background-type":"","background-media":"","overlay-type":"","overlay-color":"","overlay-opacity":"","overlay-gradient":""},"tablet":{"background-color":"","background-image":"","background-repeat":"repeat","background-position":"center center","background-size":"auto","background-attachment":"scroll","background-type":"","background-media":"","overlay-type":"","overlay-color":"","overlay-opacity":"","overlay-gradient":""},"mobile":{"background-color":"","background-image":"","background-repeat":"repeat","background-position":"center center","background-size":"auto","background-attachment":"scroll","background-type":"","background-media":"","overlay-type":"","overlay-color":"","overlay-opacity":"","overlay-gradient":""}},"ast-content-background-meta":{"desktop":{"background-color":"var(--ast-global-color-5)","background-image":"","background-repeat":"repeat","background-position":"center center","background-size":"auto","background-attachment":"scroll","background-type":"","background-media":"","overlay-type":"","overlay-color":"","overlay-opacity":"","overlay-gradient":""},"tablet":{"background-color":"var(--ast-global-color-5)","background-image":"","background-repeat":"repeat","background-position":"center center","background-size":"auto","background-attachment":"scroll","background-type":"","background-media":"","overlay-type":"","overlay-color":"","overlay-opacity":"","overlay-gradient":""},"mobile":{"background-color":"var(--ast-global-color-5)","background-image":"","background-repeat":"repeat","background-position":"center center","background-size":"auto","background-attachment":"scroll","background-type":"","background-media":"","overlay-type":"","overlay-color":"","overlay-opacity":"","overlay-gradient":""}}},"product_brand":[],"product_cat":[18,464],"product_tag":[34,35,36,226,39,40,469,470],"class_list":{"0":"post-12376","1":"product","2":"type-product","3":"status-publish","4":"has-post-thumbnail","6":"product_cat-city-maps","7":"product_cat-featured_fr","8":"product_tag-30x40","9":"product_tag-40x50","10":"product_tag-50x70","11":"product_tag-asia","12":"product_tag-canvas","13":"product_tag-city-map","14":"product_tag-hanoi","15":"product_tag-vietnam","16":"desktop-align-left","17":"tablet-align-left","18":"mobile-align-left","20":"first","21":"instock","22":"shipping-taxable","23":"purchasable","24":"product-type-variable"},"aioseo_notices":[],"uagb_featured_image_src":{"full":["https:\/\/mapospheres.eu\/wp-content\/uploads\/2026\/02\/Z2_BW_ROUND_HANOI_HANOI.jpg",1000,1000,false],"thumbnail":["https:\/\/mapospheres.eu\/wp-content\/uploads\/2026\/02\/Z2_BW_ROUND_HANOI_HANOI-150x150.jpg",150,150,true],"medium":["https:\/\/mapospheres.eu\/wp-content\/uploads\/2026\/02\/Z2_BW_ROUND_HANOI_HANOI-300x300.jpg",300,300,true],"medium_large":["https:\/\/mapospheres.eu\/wp-content\/uploads\/2026\/02\/Z2_BW_ROUND_HANOI_HANOI-768x768.jpg",768,768,true],"large":["https:\/\/mapospheres.eu\/wp-content\/uploads\/2026\/02\/Z2_BW_ROUND_HANOI_HANOI.jpg",1000,1000,false],"1536x1536":["https:\/\/mapospheres.eu\/wp-content\/uploads\/2026\/02\/Z2_BW_ROUND_HANOI_HANOI.jpg",1000,1000,false],"2048x2048":["https:\/\/mapospheres.eu\/wp-content\/uploads\/2026\/02\/Z2_BW_ROUND_HANOI_HANOI.jpg",1000,1000,false],"woocommerce_thumbnail":["https:\/\/mapospheres.eu\/wp-content\/uploads\/2026\/02\/Z2_BW_ROUND_HANOI_HANOI-300x300.jpg",300,300,true],"woocommerce_single":["https:\/\/mapospheres.eu\/wp-content\/uploads\/2026\/02\/Z2_BW_ROUND_HANOI_HANOI-600x600.jpg",600,600,true],"woocommerce_gallery_thumbnail":["https:\/\/mapospheres.eu\/wp-content\/uploads\/2026\/02\/Z2_BW_ROUND_HANOI_HANOI-100x100.jpg",100,100,true]},"uagb_author_info":{"display_name":"sgainot04@gmail.com","author_link":"https:\/\/mapospheres.eu\/es\/author\/"},"uagb_comment_info":0,"uagb_excerpt":"Consigue un City Map (mapa mural) impreso de Han\u00f3i, Vietnam. \u00a1Elige el tama\u00f1o, el color y el dise\u00f1o de tu mapa a continuaci\u00f3n!","_links":{"self":[{"href":"https:\/\/mapospheres.eu\/es\/wp-json\/wp\/v2\/product\/12376","targetHints":{"allow":["GET"]}}],"collection":[{"href":"https:\/\/mapospheres.eu\/es\/wp-json\/wp\/v2\/product"}],"about":[{"href":"https:\/\/mapospheres.eu\/es\/wp-json\/wp\/v2\/types\/product"}],"wp:featuredmedia":[{"embeddable":true,"href":"https:\/\/mapospheres.eu\/es\/wp-json\/wp\/v2\/media\/13396"}],"wp:attachment":[{"href":"https:\/\/mapospheres.eu\/es\/wp-json\/wp\/v2\/media?parent=12376"}],"wp:term":[{"taxonomy":"product_brand","embeddable":true,"href":"https:\/\/mapospheres.eu\/es\/wp-json\/wp\/v2\/product_brand?post=12376"},{"taxonomy":"product_cat","embeddable":true,"href":"https:\/\/mapospheres.eu\/es\/wp-json\/wp\/v2\/product_cat?post=12376"},{"taxonomy":"product_tag","embeddable":true,"href":"https:\/\/mapospheres.eu\/es\/wp-json\/wp\/v2\/product_tag?post=12376"}],"curies":[{"name":"wp","href":"https:\/\/api.w.org\/{rel}","templated":true}]}}