{"id":12377,"date":"2026-02-11T09:00:25","date_gmt":"2026-02-11T09:00:25","guid":{"rendered":"https:\/\/mapospheres.eu\/product\/poster-of-abuja-nigeria\/"},"modified":"2026-03-04T15:26:58","modified_gmt":"2026-03-04T15:26:58","slug":"poster-of-abuja-nigeria","status":"publish","type":"product","link":"https:\/\/mapospheres.eu\/es\/product\/poster-de-abuya-nigeria\/","title":{"rendered":"Poster de Abuya | Nigeria"},"content":{"rendered":"<p><strong>Poster City map de Abuya, Nigeria: Este mapa invita no solo a la navegaci\u00f3n sino tambi\u00e9n a la reflexi\u00f3n. Con sus l\u00edneas topogr\u00e1ficas, muestra el ascenso y descenso del terreno; con su dise\u00f1o, insin\u00faa el surgimiento de una naci\u00f3n que a\u00fan escribe su propia \u00e9pica.<\/strong><\/p>\n<p>El mapa de Abuya es un encuentro elegante entre tierra y dise\u00f1o, capturando una ciudad tallada cuidadosamente en el centro de Nigeria, donde las colinas se alzan como ancianos vigilantes y las calles siguen planes m\u00e1s deliberados que la mayor\u00eda. Nacida no de siglos de caos, sino de la mesa de dibujo, Abuya es una de las pocas ciudades del mundo que comenz\u00f3 como una idea\u2014y creci\u00f3 hasta convertirse en capital. Este mapa mural revela la silenciosa fortaleza del terreno: la s\u00f3lida masa del Aso Rock, erguida justo al este del coraz\u00f3n de la ciudad, no solo una formaci\u00f3n geol\u00f3gica, sino testigo silencioso del poder y el cambio. A su alrededor, la tierra se ondula suavemente, salpicada de espacios verdes que son m\u00e1s que decoraci\u00f3n\u2014son parte del ritmo de la ciudad. Desde el Millennium Park hasta las amplias zonas verdes de la Three Arms Zone, la naturaleza y el gobierno comparten m\u00e1s que una simple l\u00ednea divisoria. Las calles se desplazan con prop\u00f3sito aqu\u00ed, siguiendo las curvas de las colinas y la l\u00f3gica de los planificadores, pero a\u00fan queda espacio para el misterio. La Mezquita Nacional y el National Christian Centre se erigen como extremos de piedra y fe, con sus agujas apuntando al cielo como en un silencioso debate. Entre ellos fluye el pulso vital de una ciudad joven con alma antigua\u2014sus caminos, lagos y barrios encuentran todos su lugar en un paisaje que equilibra ambici\u00f3n y calma.<\/p>\n","protected":false},"excerpt":{"rendered":"<p>Consigue un City Map impreso (mapa mural) de Abuya, Nigeria. \u00a1Elige el tama\u00f1o, el color y el dise\u00f1o de tu mapa a continuaci\u00f3n!<\/p>\n","protected":false},"featured_media":13386,"template":"","meta":{"_uag_custom_page_level_css":"","_monsterinsights_skip_tracking":false,"_monsterinsights_sitenote_active":false,"_monsterinsights_sitenote_note":"","_monsterinsights_sitenote_category":0,"site-sidebar-layout":"default","site-content-layout":"","ast-site-content-layout":"default","site-content-style":"default","site-sidebar-style":"default","ast-global-header-display":"","ast-banner-title-visibility":"","ast-main-header-display":"","ast-hfb-above-header-display":"","ast-hfb-below-header-display":"","ast-hfb-mobile-header-display":"","site-post-title":"","ast-breadcrumbs-content":"","ast-featured-img":"","footer-sml-layout":"","ast-disable-related-posts":"","theme-transparent-header-meta":"default","adv-header-id-meta":"","stick-header-meta":"","header-above-stick-meta":"","header-main-stick-meta":"","header-below-stick-meta":"","astra-migrate-meta-layouts":"set","ast-page-background-enabled":"default","ast-page-background-meta":{"desktop":{"background-color":"","background-image":"","background-repeat":"repeat","background-position":"center center","background-size":"auto","background-attachment":"scroll","background-type":"","background-media":"","overlay-type":"","overlay-color":"","overlay-opacity":"","overlay-gradient":""},"tablet":{"background-color":"","background-image":"","background-repeat":"repeat","background-position":"center center","background-size":"auto","background-attachment":"scroll","background-type":"","background-media":"","overlay-type":"","overlay-color":"","overlay-opacity":"","overlay-gradient":""},"mobile":{"background-color":"","background-image":"","background-repeat":"repeat","background-position":"center center","background-size":"auto","background-attachment":"scroll","background-type":"","background-media":"","overlay-type":"","overlay-color":"","overlay-opacity":"","overlay-gradient":""}},"ast-content-background-meta":{"desktop":{"background-color":"var(--ast-global-color-5)","background-image":"","background-repeat":"repeat","background-position":"center center","background-size":"auto","background-attachment":"scroll","background-type":"","background-media":"","overlay-type":"","overlay-color":"","overlay-opacity":"","overlay-gradient":""},"tablet":{"background-color":"var(--ast-global-color-5)","background-image":"","background-repeat":"repeat","background-position":"center center","background-size":"auto","background-attachment":"scroll","background-type":"","background-media":"","overlay-type":"","overlay-color":"","overlay-opacity":"","overlay-gradient":""},"mobile":{"background-color":"var(--ast-global-color-5)","background-image":"","background-repeat":"repeat","background-position":"center center","background-size":"auto","background-attachment":"scroll","background-type":"","background-media":"","overlay-type":"","overlay-color":"","overlay-opacity":"","overlay-gradient":""}}},"product_brand":[],"product_cat":[18],"product_tag":[34,35,36,513,97,40,514],"class_list":{"0":"post-12377","1":"product","2":"type-product","3":"status-publish","4":"has-post-thumbnail","6":"product_cat-city-maps","7":"product_tag-30x40","8":"product_tag-40x50","9":"product_tag-50x70","10":"product_tag-abuja","11":"product_tag-africa","12":"product_tag-city-map","13":"product_tag-nigeria","14":"desktop-align-left","15":"tablet-align-left","16":"mobile-align-left","18":"first","19":"instock","20":"shipping-taxable","21":"purchasable","22":"product-type-variable"},"aioseo_notices":[],"uagb_featured_image_src":{"full":["https:\/\/mapospheres.eu\/wp-content\/uploads\/2026\/02\/RED_FULL_ABUJA_ABUJA.jpg",1000,1000,false],"thumbnail":["https:\/\/mapospheres.eu\/wp-content\/uploads\/2026\/02\/RED_FULL_ABUJA_ABUJA-150x150.jpg",150,150,true],"medium":["https:\/\/mapospheres.eu\/wp-content\/uploads\/2026\/02\/RED_FULL_ABUJA_ABUJA-300x300.jpg",300,300,true],"medium_large":["https:\/\/mapospheres.eu\/wp-content\/uploads\/2026\/02\/RED_FULL_ABUJA_ABUJA-768x768.jpg",768,768,true],"large":["https:\/\/mapospheres.eu\/wp-content\/uploads\/2026\/02\/RED_FULL_ABUJA_ABUJA.jpg",1000,1000,false],"1536x1536":["https:\/\/mapospheres.eu\/wp-content\/uploads\/2026\/02\/RED_FULL_ABUJA_ABUJA.jpg",1000,1000,false],"2048x2048":["https:\/\/mapospheres.eu\/wp-content\/uploads\/2026\/02\/RED_FULL_ABUJA_ABUJA.jpg",1000,1000,false],"woocommerce_thumbnail":["https:\/\/mapospheres.eu\/wp-content\/uploads\/2026\/02\/RED_FULL_ABUJA_ABUJA-300x300.jpg",300,300,true],"woocommerce_single":["https:\/\/mapospheres.eu\/wp-content\/uploads\/2026\/02\/RED_FULL_ABUJA_ABUJA-600x600.jpg",600,600,true],"woocommerce_gallery_thumbnail":["https:\/\/mapospheres.eu\/wp-content\/uploads\/2026\/02\/RED_FULL_ABUJA_ABUJA-100x100.jpg",100,100,true]},"uagb_author_info":{"display_name":"sgainot04@gmail.com","author_link":"https:\/\/mapospheres.eu\/es\/author\/"},"uagb_comment_info":0,"uagb_excerpt":"Consigue un City Map impreso (mapa mural) de Abuya, Nigeria. \u00a1Elige el tama\u00f1o, el color y el dise\u00f1o de tu mapa a continuaci\u00f3n!","_links":{"self":[{"href":"https:\/\/mapospheres.eu\/es\/wp-json\/wp\/v2\/product\/12377","targetHints":{"allow":["GET"]}}],"collection":[{"href":"https:\/\/mapospheres.eu\/es\/wp-json\/wp\/v2\/product"}],"about":[{"href":"https:\/\/mapospheres.eu\/es\/wp-json\/wp\/v2\/types\/product"}],"wp:featuredmedia":[{"embeddable":true,"href":"https:\/\/mapospheres.eu\/es\/wp-json\/wp\/v2\/media\/13386"}],"wp:attachment":[{"href":"https:\/\/mapospheres.eu\/es\/wp-json\/wp\/v2\/media?parent=12377"}],"wp:term":[{"taxonomy":"product_brand","embeddable":true,"href":"https:\/\/mapospheres.eu\/es\/wp-json\/wp\/v2\/product_brand?post=12377"},{"taxonomy":"product_cat","embeddable":true,"href":"https:\/\/mapospheres.eu\/es\/wp-json\/wp\/v2\/product_cat?post=12377"},{"taxonomy":"product_tag","embeddable":true,"href":"https:\/\/mapospheres.eu\/es\/wp-json\/wp\/v2\/product_tag?post=12377"}],"curies":[{"name":"wp","href":"https:\/\/api.w.org\/{rel}","templated":true}]}}