{"id":12379,"date":"2026-02-11T09:00:32","date_gmt":"2026-02-11T09:00:32","guid":{"rendered":"https:\/\/mapospheres.eu\/product\/poster-of-addis-ababa-ethiopia\/"},"modified":"2026-03-04T15:27:07","modified_gmt":"2026-03-04T15:27:07","slug":"poster-of-addis-ababa-ethiopia","status":"publish","type":"product","link":"https:\/\/mapospheres.eu\/es\/product\/poster-de-adis-abeba-etiopia\/","title":{"rendered":"Poster de Ad\u00eds Abeba | Etiop\u00eda"},"content":{"rendered":"<p><strong>Poster City map de Ad\u00eds Abeba, Etiop\u00eda: Este mapa captura la ciudad tal como realmente se encuentra\u2014acunada por monta\u00f1as, envuelta en eucaliptos y vibrando con la silenciosa fuerza de siglos pasados y futuros imaginados.<\/strong><\/p>\n<p>Ad\u00eds Abeba, la capital de techos altos de \u00c1frica, se alza donde el aire se vuelve delgado y las historias se hacen densas. Situada a m\u00e1s de 2.300 metros sobre el nivel del mar, Ad\u00eds se inclina hacia las colinas como un pensador profundo en reflexi\u00f3n. El terreno desciende y asciende con prop\u00f3sito, desde el verde abierto de la Plaza Meskel hasta las alturas boscosas de Entoto, donde los emperadores sol\u00edan mirar su reino y decidir d\u00f3nde colocar la primera piedra. Casi se puede escuchar el tintineo de la taza de t\u00e9 de Menelik II mientras contemplaba lo que se convertir\u00eda en una capital\u2014no solo de Etiop\u00eda, sino de las esperanzas de todo un continente. Los espacios verdes aqu\u00ed son m\u00e1s que adornos\u2014son pulmones. La ciudad respira a trav\u00e9s de sus bosques y jardines, con Jan Meda y Unity Park ofreciendo momentos de calma entre la danza diaria de taxis, vendedores de caf\u00e9 y peatones animados. Y si sigues el terreno hacia el norte, \u00e9ste se eleva como un antiguo himno hacia las monta\u00f1as de Entoto, susurrando brisas frescas e historias de santos y soldados. Colgado en una pared, este mapa se convierte en algo m\u00e1s que decoraci\u00f3n\u2014se convierte en un retrato de una ciudad que nunca fue conquistada por el tiempo, solo moldeada por \u00e9l. Un lugar donde la tierra misma cuenta historias, y cada colina tiene algo que decir.<\/p>\n","protected":false},"excerpt":{"rendered":"<p>Consigue un City Map impreso (mapa mural) de Ad\u00eds Abeba, Etiop\u00eda. \u00a1Elige el tama\u00f1o, el color y el dise\u00f1o de tu mapa a continuaci\u00f3n!<\/p>\n","protected":false},"featured_media":13292,"template":"","meta":{"_uag_custom_page_level_css":"","_monsterinsights_skip_tracking":false,"_monsterinsights_sitenote_active":false,"_monsterinsights_sitenote_note":"","_monsterinsights_sitenote_category":0,"site-sidebar-layout":"default","site-content-layout":"","ast-site-content-layout":"default","site-content-style":"default","site-sidebar-style":"default","ast-global-header-display":"","ast-banner-title-visibility":"","ast-main-header-display":"","ast-hfb-above-header-display":"","ast-hfb-below-header-display":"","ast-hfb-mobile-header-display":"","site-post-title":"","ast-breadcrumbs-content":"","ast-featured-img":"","footer-sml-layout":"","ast-disable-related-posts":"","theme-transparent-header-meta":"default","adv-header-id-meta":"","stick-header-meta":"","header-above-stick-meta":"","header-main-stick-meta":"","header-below-stick-meta":"","astra-migrate-meta-layouts":"set","ast-page-background-enabled":"default","ast-page-background-meta":{"desktop":{"background-color":"","background-image":"","background-repeat":"repeat","background-position":"center center","background-size":"auto","background-attachment":"scroll","background-type":"","background-media":"","overlay-type":"","overlay-color":"","overlay-opacity":"","overlay-gradient":""},"tablet":{"background-color":"","background-image":"","background-repeat":"repeat","background-position":"center center","background-size":"auto","background-attachment":"scroll","background-type":"","background-media":"","overlay-type":"","overlay-color":"","overlay-opacity":"","overlay-gradient":""},"mobile":{"background-color":"","background-image":"","background-repeat":"repeat","background-position":"center center","background-size":"auto","background-attachment":"scroll","background-type":"","background-media":"","overlay-type":"","overlay-color":"","overlay-opacity":"","overlay-gradient":""}},"ast-content-background-meta":{"desktop":{"background-color":"var(--ast-global-color-5)","background-image":"","background-repeat":"repeat","background-position":"center center","background-size":"auto","background-attachment":"scroll","background-type":"","background-media":"","overlay-type":"","overlay-color":"","overlay-opacity":"","overlay-gradient":""},"tablet":{"background-color":"var(--ast-global-color-5)","background-image":"","background-repeat":"repeat","background-position":"center center","background-size":"auto","background-attachment":"scroll","background-type":"","background-media":"","overlay-type":"","overlay-color":"","overlay-opacity":"","overlay-gradient":""},"mobile":{"background-color":"var(--ast-global-color-5)","background-image":"","background-repeat":"repeat","background-position":"center center","background-size":"auto","background-attachment":"scroll","background-type":"","background-media":"","overlay-type":"","overlay-color":"","overlay-opacity":"","overlay-gradient":""}}},"product_brand":[],"product_cat":[18,338,464,465],"product_tag":[34,35,36,507,97,39,40,508],"class_list":{"0":"post-12379","1":"product","2":"type-product","3":"status-publish","4":"has-post-thumbnail","6":"product_cat-city-maps","7":"product_cat-featured_eng","8":"product_cat-featured_fr","9":"product_cat-featured_esp","10":"product_tag-30x40","11":"product_tag-40x50","12":"product_tag-50x70","13":"product_tag-addis-ababa","14":"product_tag-africa","15":"product_tag-canvas","16":"product_tag-city-map","17":"product_tag-ethiopia","18":"desktop-align-left","19":"tablet-align-left","20":"mobile-align-left","22":"first","23":"instock","24":"shipping-taxable","25":"purchasable","26":"product-type-variable"},"aioseo_notices":[],"uagb_featured_image_src":{"full":["https:\/\/mapospheres.eu\/wp-content\/uploads\/2026\/02\/ZZ_PIC3_BW_ADDISABABA.jpg",1000,1000,false],"thumbnail":["https:\/\/mapospheres.eu\/wp-content\/uploads\/2026\/02\/ZZ_PIC3_BW_ADDISABABA-150x150.jpg",150,150,true],"medium":["https:\/\/mapospheres.eu\/wp-content\/uploads\/2026\/02\/ZZ_PIC3_BW_ADDISABABA-300x300.jpg",300,300,true],"medium_large":["https:\/\/mapospheres.eu\/wp-content\/uploads\/2026\/02\/ZZ_PIC3_BW_ADDISABABA-768x768.jpg",768,768,true],"large":["https:\/\/mapospheres.eu\/wp-content\/uploads\/2026\/02\/ZZ_PIC3_BW_ADDISABABA.jpg",1000,1000,false],"1536x1536":["https:\/\/mapospheres.eu\/wp-content\/uploads\/2026\/02\/ZZ_PIC3_BW_ADDISABABA.jpg",1000,1000,false],"2048x2048":["https:\/\/mapospheres.eu\/wp-content\/uploads\/2026\/02\/ZZ_PIC3_BW_ADDISABABA.jpg",1000,1000,false],"woocommerce_thumbnail":["https:\/\/mapospheres.eu\/wp-content\/uploads\/2026\/02\/ZZ_PIC3_BW_ADDISABABA-300x300.jpg",300,300,true],"woocommerce_single":["https:\/\/mapospheres.eu\/wp-content\/uploads\/2026\/02\/ZZ_PIC3_BW_ADDISABABA-600x600.jpg",600,600,true],"woocommerce_gallery_thumbnail":["https:\/\/mapospheres.eu\/wp-content\/uploads\/2026\/02\/ZZ_PIC3_BW_ADDISABABA-100x100.jpg",100,100,true]},"uagb_author_info":{"display_name":"sgainot04@gmail.com","author_link":"https:\/\/mapospheres.eu\/es\/author\/"},"uagb_comment_info":0,"uagb_excerpt":"Consigue un City Map impreso (mapa mural) de Ad\u00eds Abeba, Etiop\u00eda. \u00a1Elige el tama\u00f1o, el color y el dise\u00f1o de tu mapa a continuaci\u00f3n!","_links":{"self":[{"href":"https:\/\/mapospheres.eu\/es\/wp-json\/wp\/v2\/product\/12379","targetHints":{"allow":["GET"]}}],"collection":[{"href":"https:\/\/mapospheres.eu\/es\/wp-json\/wp\/v2\/product"}],"about":[{"href":"https:\/\/mapospheres.eu\/es\/wp-json\/wp\/v2\/types\/product"}],"wp:featuredmedia":[{"embeddable":true,"href":"https:\/\/mapospheres.eu\/es\/wp-json\/wp\/v2\/media\/13292"}],"wp:attachment":[{"href":"https:\/\/mapospheres.eu\/es\/wp-json\/wp\/v2\/media?parent=12379"}],"wp:term":[{"taxonomy":"product_brand","embeddable":true,"href":"https:\/\/mapospheres.eu\/es\/wp-json\/wp\/v2\/product_brand?post=12379"},{"taxonomy":"product_cat","embeddable":true,"href":"https:\/\/mapospheres.eu\/es\/wp-json\/wp\/v2\/product_cat?post=12379"},{"taxonomy":"product_tag","embeddable":true,"href":"https:\/\/mapospheres.eu\/es\/wp-json\/wp\/v2\/product_tag?post=12379"}],"curies":[{"name":"wp","href":"https:\/\/api.w.org\/{rel}","templated":true}]}}