{"id":12383,"date":"2026-02-11T09:01:04","date_gmt":"2026-02-11T09:01:04","guid":{"rendered":"https:\/\/mapospheres.eu\/product\/running-trails-301-poster\/"},"modified":"2026-03-04T13:42:09","modified_gmt":"2026-03-04T13:42:09","slug":"running-trails-301-poster","status":"publish","type":"product","link":"https:\/\/mapospheres.eu\/es\/product\/running-trails-301-poster-es\/","title":{"rendered":"Running Trails 301 Poster"},"content":{"rendered":"<p><meta content=\"text\/html; charset=utf-8\" http-equiv=\"CONTENT-TYPE\"><meta content=\"OpenOffice 4.1.6  (Win32)\" name=\"GENERATOR\"><\/p>\n<style type=\"text\/css\"><!--\n@page \n\t\tP \n--><\/style>\n<div style=\"text-align: center;\">RUNNING TRAILS 301<span face=\"Times New Roman, serif\" style=\"font-family: 'Times New Roman', serif;\">\u00a9<\/span> &#8211; \u00a1Edici\u00f3n 2020!<\/div>\n<div style=\"text-align: center;\"><\/div>\n<div style=\"text-align: center;\"><\/div>\n<div style=\"text-align: center;\">Primer mapa en papel sobre carreras de trail<\/div>\n<div style=\"text-align: center;\"><span>**ENV\u00cdO A\u00c9REO GRATUITO A TODO EL MUNDO**<\/span><\/div>\n<p>Buena combinaci\u00f3n de cartograf\u00eda y dise\u00f1o, Mapospheres cre\u00f3 un mapa mundial para corredores aventureros. Geolocaliza 301 carreras de trail y proporciona informaci\u00f3n sobre el desnivel positivo, puntos UTMB, tarifas de inscripci\u00f3n y m\u00e1s. Puedes marcar tus carreras favoritas que ya has realizado o planificar las pr\u00f3ximas con un rotulador sobre nuestra l\u00e1mina reescribible. El mapa se presenta en gran formato, se imprime bajo demanda y es f\u00e1cil de pedir tanto para principiantes como para corredores experimentados.<\/p>\n<p>Fueron necesarias varias semanas de trabajo para ilustrar el mapa Running Trail 301. Esta obra en papel ofrece una visi\u00f3n de lo que puedes esperar de tus pr\u00f3ximas carreras en los rincones m\u00e1s remotos de nuestro hermoso planeta.<\/p>\n<p> Por favor, lee la secci\u00f3n <a title=\"FAQ\" href=\"https:\/\/mapospheres.eu\/es\/preguntas-frecuentes\/\n\" target=\"_blank\">Pregunta Frecuentes<\/a> y no dudes en <a title=\"contacto\" href=\"https:\/\/mapospheres.eu\/es\/contacto\/\" target=\"_blank\">contactarme<\/a> si tienes alguna pregunta.<\/p>\n","protected":false},"excerpt":{"rendered":"<p>RUNNING TRAILS 301\u00a9 &#8211; \u00a1Edici\u00f3n 2020! Primer mapa en papel sobre carreras de trail **ENV\u00cdO A\u00c9REO GRATUITO A TODO EL MUNDO** Buena combinaci\u00f3n de cartograf\u00eda y dise\u00f1o, Mapospheres cre\u00f3 un mapa mundial para corredores aventureros. Geolocaliza 301 carreras de trail y proporciona informaci\u00f3n sobre el desnivel positivo, puntos UTMB, tarifas de inscripci\u00f3n y m\u00e1s. Puedes [&hellip;]<\/p>\n","protected":false},"featured_media":13159,"template":"","meta":{"_uag_custom_page_level_css":"","_monsterinsights_skip_tracking":false,"_monsterinsights_sitenote_active":false,"_monsterinsights_sitenote_note":"","_monsterinsights_sitenote_category":0,"site-sidebar-layout":"default","site-content-layout":"","ast-site-content-layout":"default","site-content-style":"default","site-sidebar-style":"default","ast-global-header-display":"","ast-banner-title-visibility":"","ast-main-header-display":"","ast-hfb-above-header-display":"","ast-hfb-below-header-display":"","ast-hfb-mobile-header-display":"","site-post-title":"","ast-breadcrumbs-content":"","ast-featured-img":"","footer-sml-layout":"","ast-disable-related-posts":"","theme-transparent-header-meta":"default","adv-header-id-meta":"","stick-header-meta":"","header-above-stick-meta":"","header-main-stick-meta":"","header-below-stick-meta":"","astra-migrate-meta-layouts":"set","ast-page-background-enabled":"default","ast-page-background-meta":{"desktop":{"background-color":"","background-image":"","background-repeat":"repeat","background-position":"center center","background-size":"auto","background-attachment":"scroll","background-type":"","background-media":"","overlay-type":"","overlay-color":"","overlay-opacity":"","overlay-gradient":""},"tablet":{"background-color":"","background-image":"","background-repeat":"repeat","background-position":"center center","background-size":"auto","background-attachment":"scroll","background-type":"","background-media":"","overlay-type":"","overlay-color":"","overlay-opacity":"","overlay-gradient":""},"mobile":{"background-color":"","background-image":"","background-repeat":"repeat","background-position":"center center","background-size":"auto","background-attachment":"scroll","background-type":"","background-media":"","overlay-type":"","overlay-color":"","overlay-opacity":"","overlay-gradient":""}},"ast-content-background-meta":{"desktop":{"background-color":"var(--ast-global-color-5)","background-image":"","background-repeat":"repeat","background-position":"center center","background-size":"auto","background-attachment":"scroll","background-type":"","background-media":"","overlay-type":"","overlay-color":"","overlay-opacity":"","overlay-gradient":""},"tablet":{"background-color":"var(--ast-global-color-5)","background-image":"","background-repeat":"repeat","background-position":"center center","background-size":"auto","background-attachment":"scroll","background-type":"","background-media":"","overlay-type":"","overlay-color":"","overlay-opacity":"","overlay-gradient":""},"mobile":{"background-color":"var(--ast-global-color-5)","background-image":"","background-repeat":"repeat","background-position":"center center","background-size":"auto","background-attachment":"scroll","background-type":"","background-media":"","overlay-type":"","overlay-color":"","overlay-opacity":"","overlay-gradient":""}}},"product_brand":[],"product_cat":[466],"product_tag":[492,61,493,494,495,496,497,498,499,500],"class_list":{"0":"post-12383","1":"product","2":"type-product","3":"status-publish","4":"has-post-thumbnail","6":"product_cat-vintage-maps","7":"product_tag-activity-map","8":"product_tag-map","9":"product_tag-outdoor","10":"product_tag-race","11":"product_tag-run","12":"product_tag-runner","13":"product_tag-running","14":"product_tag-trail","15":"product_tag-trail-race","16":"product_tag-world-map","17":"desktop-align-left","18":"tablet-align-left","19":"mobile-align-left","21":"first","22":"instock","23":"shipping-taxable","24":"purchasable","25":"product-type-simple"},"aioseo_notices":[],"uagb_featured_image_src":{"full":["https:\/\/mapospheres.eu\/wp-content\/uploads\/2026\/02\/WoodenFloorSHOPIFY_efa2aae3-e829-4bba-aa39-a47271d447a1.jpg",1000,1000,false],"thumbnail":["https:\/\/mapospheres.eu\/wp-content\/uploads\/2026\/02\/WoodenFloorSHOPIFY_efa2aae3-e829-4bba-aa39-a47271d447a1-150x150.jpg",150,150,true],"medium":["https:\/\/mapospheres.eu\/wp-content\/uploads\/2026\/02\/WoodenFloorSHOPIFY_efa2aae3-e829-4bba-aa39-a47271d447a1-300x300.jpg",300,300,true],"medium_large":["https:\/\/mapospheres.eu\/wp-content\/uploads\/2026\/02\/WoodenFloorSHOPIFY_efa2aae3-e829-4bba-aa39-a47271d447a1-768x768.jpg",768,768,true],"large":["https:\/\/mapospheres.eu\/wp-content\/uploads\/2026\/02\/WoodenFloorSHOPIFY_efa2aae3-e829-4bba-aa39-a47271d447a1.jpg",1000,1000,false],"1536x1536":["https:\/\/mapospheres.eu\/wp-content\/uploads\/2026\/02\/WoodenFloorSHOPIFY_efa2aae3-e829-4bba-aa39-a47271d447a1.jpg",1000,1000,false],"2048x2048":["https:\/\/mapospheres.eu\/wp-content\/uploads\/2026\/02\/WoodenFloorSHOPIFY_efa2aae3-e829-4bba-aa39-a47271d447a1.jpg",1000,1000,false],"woocommerce_thumbnail":["https:\/\/mapospheres.eu\/wp-content\/uploads\/2026\/02\/WoodenFloorSHOPIFY_efa2aae3-e829-4bba-aa39-a47271d447a1-300x300.jpg",300,300,true],"woocommerce_single":["https:\/\/mapospheres.eu\/wp-content\/uploads\/2026\/02\/WoodenFloorSHOPIFY_efa2aae3-e829-4bba-aa39-a47271d447a1-600x600.jpg",600,600,true],"woocommerce_gallery_thumbnail":["https:\/\/mapospheres.eu\/wp-content\/uploads\/2026\/02\/WoodenFloorSHOPIFY_efa2aae3-e829-4bba-aa39-a47271d447a1-100x100.jpg",100,100,true]},"uagb_author_info":{"display_name":"sgainot04@gmail.com","author_link":"https:\/\/mapospheres.eu\/es\/author\/"},"uagb_comment_info":0,"uagb_excerpt":"RUNNING TRAILS 301\u00a9 &#8211; \u00a1Edici\u00f3n 2020! Primer mapa en papel sobre carreras de trail **ENV\u00cdO A\u00c9REO GRATUITO A TODO EL MUNDO** Buena combinaci\u00f3n de cartograf\u00eda y dise\u00f1o, Mapospheres cre\u00f3 un mapa mundial para corredores aventureros. Geolocaliza 301 carreras de trail y proporciona informaci\u00f3n sobre el desnivel positivo, puntos UTMB, tarifas de inscripci\u00f3n y m\u00e1s. Puedes&hellip;","_links":{"self":[{"href":"https:\/\/mapospheres.eu\/es\/wp-json\/wp\/v2\/product\/12383","targetHints":{"allow":["GET"]}}],"collection":[{"href":"https:\/\/mapospheres.eu\/es\/wp-json\/wp\/v2\/product"}],"about":[{"href":"https:\/\/mapospheres.eu\/es\/wp-json\/wp\/v2\/types\/product"}],"wp:featuredmedia":[{"embeddable":true,"href":"https:\/\/mapospheres.eu\/es\/wp-json\/wp\/v2\/media\/13159"}],"wp:attachment":[{"href":"https:\/\/mapospheres.eu\/es\/wp-json\/wp\/v2\/media?parent=12383"}],"wp:term":[{"taxonomy":"product_brand","embeddable":true,"href":"https:\/\/mapospheres.eu\/es\/wp-json\/wp\/v2\/product_brand?post=12383"},{"taxonomy":"product_cat","embeddable":true,"href":"https:\/\/mapospheres.eu\/es\/wp-json\/wp\/v2\/product_cat?post=12383"},{"taxonomy":"product_tag","embeddable":true,"href":"https:\/\/mapospheres.eu\/es\/wp-json\/wp\/v2\/product_tag?post=12383"}],"curies":[{"name":"wp","href":"https:\/\/api.w.org\/{rel}","templated":true}]}}