{"id":12385,"date":"2026-02-11T09:01:10","date_gmt":"2026-02-11T09:01:10","guid":{"rendered":"https:\/\/mapospheres.eu\/product\/poster-of-wellington-new-zealand\/"},"modified":"2026-02-12T14:45:47","modified_gmt":"2026-02-12T14:45:47","slug":"poster-of-wellington-new-zealand","status":"publish","type":"product","link":"https:\/\/mapospheres.eu\/es\/product\/poster-de-wellington-nueva-zelanda\/","title":{"rendered":"Poster de Wellington | Nueva Zelanda"},"content":{"rendered":"<p><strong>Poster City map de Wellington, Nueva Zelanda: Perfecto para colgar en la pared de cualquier viajero, pensador o entusiasta del viento.<\/strong><\/p>\n<p>Encaramada al borde del mundo, donde las colinas se inclinan hacia el mar y el viento tiene personalidad propia, Wellington se despliega como un anfiteatro natural tallado por el tiempo y la tect\u00f3nica. Este mapa de la ciudad captura la audaz topograf\u00eda que define la capital de Nueva Zelanda\u2014un refugio de pendientes pronunciadas, valles escondidos y un puerto tan azul que parece pintado en un momento de optimismo. Aqu\u00ed el terreno no es un simple tel\u00f3n de fondo. Lo moldea todo\u2014desde el encanto torcido de las casas en las laderas que se aferran como cabras decididas, hasta las carreteras sinuosas que parecen dudar de su propio destino. El Monte Victoria se alza al este, ofreciendo un magn\u00edfico mirador para quienes prefieren atardeceres dram\u00e1ticos y panoramas urbanos ganados a pie. Mientras tanto, las colinas de Tinakori y la columna verde del Town Belt envuelven la ciudad en un mosaico de vegetaci\u00f3n, como si la naturaleza nunca hubiera abandonado del todo la reuni\u00f3n. Este mapa dibuja los ritmos de la ciudad\u2014el coraz\u00f3n cuadriculado de Te Aro, la costa serpenteante de Oriental Bay y los dedos frondosos del Jard\u00edn Bot\u00e1nico que se extienden desde las alturas de Kelburn. Descubre la silueta de Zealandia, el santuario urbano donde las aves tienen opiniones m\u00e1s fuertes que la mayor\u00eda de los pol\u00edticos, y los edificios del Parlamento justo cuesta abajo, incluido el famoso Beehive\u2014prueba de que la arquitectura tambi\u00e9n tiene sentido del humor. La historia de Wellington est\u00e1 cosida en la propia tierra. Las leyendas maor\u00edes hablan del taniwha que tall\u00f3 el puerto, y relatos m\u00e1s recientes resuenan desde los d\u00edas de balleneros, buscadores de oro y cineastas con elfos y orcos en sus convocatorias de casting.<\/p>\n","protected":false},"excerpt":{"rendered":"<p>Consigue un City Map impreso (mapa mural) de Wellington, Nueva Zelanda. \u00a1Elige el tama\u00f1o, el color y el dise\u00f1o de tu mapa a continuaci\u00f3n!<\/p>\n","protected":false},"featured_media":12990,"template":"","meta":{"_uag_custom_page_level_css":"","_monsterinsights_skip_tracking":false,"_monsterinsights_sitenote_active":false,"_monsterinsights_sitenote_note":"","_monsterinsights_sitenote_category":0,"site-sidebar-layout":"default","site-content-layout":"","ast-site-content-layout":"default","site-content-style":"default","site-sidebar-style":"default","ast-global-header-display":"","ast-banner-title-visibility":"","ast-main-header-display":"","ast-hfb-above-header-display":"","ast-hfb-below-header-display":"","ast-hfb-mobile-header-display":"","site-post-title":"","ast-breadcrumbs-content":"","ast-featured-img":"","footer-sml-layout":"","ast-disable-related-posts":"","theme-transparent-header-meta":"default","adv-header-id-meta":"","stick-header-meta":"","header-above-stick-meta":"","header-main-stick-meta":"","header-below-stick-meta":"","astra-migrate-meta-layouts":"set","ast-page-background-enabled":"default","ast-page-background-meta":{"desktop":{"background-color":"","background-image":"","background-repeat":"repeat","background-position":"center center","background-size":"auto","background-attachment":"scroll","background-type":"","background-media":"","overlay-type":"","overlay-color":"","overlay-opacity":"","overlay-gradient":""},"tablet":{"background-color":"","background-image":"","background-repeat":"repeat","background-position":"center center","background-size":"auto","background-attachment":"scroll","background-type":"","background-media":"","overlay-type":"","overlay-color":"","overlay-opacity":"","overlay-gradient":""},"mobile":{"background-color":"","background-image":"","background-repeat":"repeat","background-position":"center center","background-size":"auto","background-attachment":"scroll","background-type":"","background-media":"","overlay-type":"","overlay-color":"","overlay-opacity":"","overlay-gradient":""}},"ast-content-background-meta":{"desktop":{"background-color":"var(--ast-global-color-5)","background-image":"","background-repeat":"repeat","background-position":"center center","background-size":"auto","background-attachment":"scroll","background-type":"","background-media":"","overlay-type":"","overlay-color":"","overlay-opacity":"","overlay-gradient":""},"tablet":{"background-color":"var(--ast-global-color-5)","background-image":"","background-repeat":"repeat","background-position":"center center","background-size":"auto","background-attachment":"scroll","background-type":"","background-media":"","overlay-type":"","overlay-color":"","overlay-opacity":"","overlay-gradient":""},"mobile":{"background-color":"var(--ast-global-color-5)","background-image":"","background-repeat":"repeat","background-position":"center center","background-size":"auto","background-attachment":"scroll","background-type":"","background-media":"","overlay-type":"","overlay-color":"","overlay-opacity":"","overlay-gradient":""}}},"product_brand":[],"product_cat":[18,338],"product_tag":[34,35,36,40,393,334,489],"class_list":{"0":"post-12385","1":"product","2":"type-product","3":"status-publish","4":"has-post-thumbnail","6":"product_cat-city-maps","7":"product_cat-featured_eng","8":"product_tag-30x40","9":"product_tag-40x50","10":"product_tag-50x70","11":"product_tag-city-map","12":"product_tag-new-zealand","13":"product_tag-oceania","14":"product_tag-wellington","15":"desktop-align-left","16":"tablet-align-left","17":"mobile-align-left","19":"first","20":"instock","21":"shipping-taxable","22":"purchasable","23":"product-type-variable"},"aioseo_notices":[],"uagb_featured_image_src":{"full":["https:\/\/mapospheres.eu\/wp-content\/uploads\/2026\/02\/ZZ_PIC4_NIGHT_WELLINGTON.jpg",1000,1000,false],"thumbnail":["https:\/\/mapospheres.eu\/wp-content\/uploads\/2026\/02\/ZZ_PIC4_NIGHT_WELLINGTON-150x150.jpg",150,150,true],"medium":["https:\/\/mapospheres.eu\/wp-content\/uploads\/2026\/02\/ZZ_PIC4_NIGHT_WELLINGTON-300x300.jpg",300,300,true],"medium_large":["https:\/\/mapospheres.eu\/wp-content\/uploads\/2026\/02\/ZZ_PIC4_NIGHT_WELLINGTON-768x768.jpg",768,768,true],"large":["https:\/\/mapospheres.eu\/wp-content\/uploads\/2026\/02\/ZZ_PIC4_NIGHT_WELLINGTON.jpg",1000,1000,false],"1536x1536":["https:\/\/mapospheres.eu\/wp-content\/uploads\/2026\/02\/ZZ_PIC4_NIGHT_WELLINGTON.jpg",1000,1000,false],"2048x2048":["https:\/\/mapospheres.eu\/wp-content\/uploads\/2026\/02\/ZZ_PIC4_NIGHT_WELLINGTON.jpg",1000,1000,false],"woocommerce_thumbnail":["https:\/\/mapospheres.eu\/wp-content\/uploads\/2026\/02\/ZZ_PIC4_NIGHT_WELLINGTON-300x300.jpg",300,300,true],"woocommerce_single":["https:\/\/mapospheres.eu\/wp-content\/uploads\/2026\/02\/ZZ_PIC4_NIGHT_WELLINGTON-600x600.jpg",600,600,true],"woocommerce_gallery_thumbnail":["https:\/\/mapospheres.eu\/wp-content\/uploads\/2026\/02\/ZZ_PIC4_NIGHT_WELLINGTON-100x100.jpg",100,100,true]},"uagb_author_info":{"display_name":"sgainot04@gmail.com","author_link":"https:\/\/mapospheres.eu\/es\/author\/"},"uagb_comment_info":0,"uagb_excerpt":"Consigue un City Map impreso (mapa mural) de Wellington, Nueva Zelanda. \u00a1Elige el tama\u00f1o, el color y el dise\u00f1o de tu mapa a continuaci\u00f3n!","_links":{"self":[{"href":"https:\/\/mapospheres.eu\/es\/wp-json\/wp\/v2\/product\/12385","targetHints":{"allow":["GET"]}}],"collection":[{"href":"https:\/\/mapospheres.eu\/es\/wp-json\/wp\/v2\/product"}],"about":[{"href":"https:\/\/mapospheres.eu\/es\/wp-json\/wp\/v2\/types\/product"}],"wp:featuredmedia":[{"embeddable":true,"href":"https:\/\/mapospheres.eu\/es\/wp-json\/wp\/v2\/media\/12990"}],"wp:attachment":[{"href":"https:\/\/mapospheres.eu\/es\/wp-json\/wp\/v2\/media?parent=12385"}],"wp:term":[{"taxonomy":"product_brand","embeddable":true,"href":"https:\/\/mapospheres.eu\/es\/wp-json\/wp\/v2\/product_brand?post=12385"},{"taxonomy":"product_cat","embeddable":true,"href":"https:\/\/mapospheres.eu\/es\/wp-json\/wp\/v2\/product_cat?post=12385"},{"taxonomy":"product_tag","embeddable":true,"href":"https:\/\/mapospheres.eu\/es\/wp-json\/wp\/v2\/product_tag?post=12385"}],"curies":[{"name":"wp","href":"https:\/\/api.w.org\/{rel}","templated":true}]}}