{"id":12386,"date":"2026-02-11T09:01:15","date_gmt":"2026-02-11T09:01:15","guid":{"rendered":"https:\/\/mapospheres.eu\/product\/poster-of-tabriz-iran\/"},"modified":"2026-02-12T14:45:21","modified_gmt":"2026-02-12T14:45:21","slug":"poster-of-tabriz-iran","status":"publish","type":"product","link":"https:\/\/mapospheres.eu\/es\/product\/poster-de-tabriz-iran\/","title":{"rendered":"Poster de Tabriz | Iran"},"content":{"rendered":"<p><strong>Poster City map de Tabriz, Ir\u00e1n: Desde los jardines que una vez escucharon la poes\u00eda de Shahriyar, hasta la silueta angular de la Mezquita Azul\u2014anta\u00f1o resplandeciente con azulejos turquesa antes de que los terremotos pusieran a prueba su paciencia\u2014este mapa captura no solo calles y formas, sino la esencia de un lugar donde mito y monta\u00f1a se encuentran.<\/strong><\/p>\n<p>Situada bajo la larga sombra del Monte Sahand, Tabriz se extiende por las llanuras del noroeste de Ir\u00e1n como un tapiz atemporal. Este mapa de la ciudad da vida al relieve ondulante que la acuna\u2014suaves colinas que descienden desde el sur, la sutil ca\u00edda de la meseta hacia el norte y el curso serpenteante del r\u00edo Aji, que atraviesa la tierra como si llevara siglos llegando tarde. En esta impresi\u00f3n finamente trazada, la topograf\u00eda de Tabriz ocupa el centro del escenario, aportando profundidad y dramatismo a su posici\u00f3n entre monta\u00f1as y estepa. Notar\u00e1s los generosos espacios verdes que respiran entre los barrios\u2014el gran Parque El Goli con su lago legendario y su pabell\u00f3n, anta\u00f1o refugio veraniego de la realeza y hoy escapada de fin de semana para cestas de picnic y risas. Hay algo curiosamente po\u00e9tico en una ciudad capaz de albergar siglos de imperio y a\u00fan tener espacio para patos. Si miras m\u00e1s de cerca, el mapa revela el trazado de antiguos caminos y l\u00edneas de bazar\u2014como una caligraf\u00eda ancestral que a\u00fan susurra secretos comerciales de cuando Tabriz se ergu\u00eda orgullosa en la Ruta de la Seda, acumulando seda, especias y m\u00e1s rumores que una corte real. El Bazar de Tabriz, hoy Patrimonio de la Humanidad por la UNESCO, se enrosca por la ciudad como un drag\u00f3n dormido, con c\u00fapulas y callejuelas que recuerdan m\u00e1s historia que la mayor\u00eda de las estanter\u00edas.<\/p>\n","protected":false},"excerpt":{"rendered":"<p>Consigue un City Map impreso (mapa mural) de Tabriz, Iran. \u00a1Elige el tama\u00f1o, el color y el dise\u00f1o de tu mapa a continuaci\u00f3n!<\/p>\n","protected":false},"featured_media":12980,"template":"","meta":{"_uag_custom_page_level_css":"","_monsterinsights_skip_tracking":false,"_monsterinsights_sitenote_active":false,"_monsterinsights_sitenote_note":"","_monsterinsights_sitenote_category":0,"site-sidebar-layout":"default","site-content-layout":"","ast-site-content-layout":"default","site-content-style":"default","site-sidebar-style":"default","ast-global-header-display":"","ast-banner-title-visibility":"","ast-main-header-display":"","ast-hfb-above-header-display":"","ast-hfb-below-header-display":"","ast-hfb-mobile-header-display":"","site-post-title":"","ast-breadcrumbs-content":"","ast-featured-img":"","footer-sml-layout":"","ast-disable-related-posts":"","theme-transparent-header-meta":"default","adv-header-id-meta":"","stick-header-meta":"","header-above-stick-meta":"","header-main-stick-meta":"","header-below-stick-meta":"","astra-migrate-meta-layouts":"set","ast-page-background-enabled":"default","ast-page-background-meta":{"desktop":{"background-color":"","background-image":"","background-repeat":"repeat","background-position":"center center","background-size":"auto","background-attachment":"scroll","background-type":"","background-media":"","overlay-type":"","overlay-color":"","overlay-opacity":"","overlay-gradient":""},"tablet":{"background-color":"","background-image":"","background-repeat":"repeat","background-position":"center center","background-size":"auto","background-attachment":"scroll","background-type":"","background-media":"","overlay-type":"","overlay-color":"","overlay-opacity":"","overlay-gradient":""},"mobile":{"background-color":"","background-image":"","background-repeat":"repeat","background-position":"center center","background-size":"auto","background-attachment":"scroll","background-type":"","background-media":"","overlay-type":"","overlay-color":"","overlay-opacity":"","overlay-gradient":""}},"ast-content-background-meta":{"desktop":{"background-color":"var(--ast-global-color-5)","background-image":"","background-repeat":"repeat","background-position":"center center","background-size":"auto","background-attachment":"scroll","background-type":"","background-media":"","overlay-type":"","overlay-color":"","overlay-opacity":"","overlay-gradient":""},"tablet":{"background-color":"var(--ast-global-color-5)","background-image":"","background-repeat":"repeat","background-position":"center center","background-size":"auto","background-attachment":"scroll","background-type":"","background-media":"","overlay-type":"","overlay-color":"","overlay-opacity":"","overlay-gradient":""},"mobile":{"background-color":"var(--ast-global-color-5)","background-image":"","background-repeat":"repeat","background-position":"center center","background-size":"auto","background-attachment":"scroll","background-type":"","background-media":"","overlay-type":"","overlay-color":"","overlay-opacity":"","overlay-gradient":""}}},"product_brand":[],"product_cat":[18],"product_tag":[34,35,36,226,40,326,488],"class_list":{"0":"post-12386","1":"product","2":"type-product","3":"status-publish","4":"has-post-thumbnail","6":"product_cat-city-maps","7":"product_tag-30x40","8":"product_tag-40x50","9":"product_tag-50x70","10":"product_tag-asia","11":"product_tag-city-map","12":"product_tag-iran","13":"product_tag-tabriz","14":"desktop-align-left","15":"tablet-align-left","16":"mobile-align-left","18":"first","19":"instock","20":"shipping-taxable","21":"purchasable","22":"product-type-variable"},"aioseo_notices":[],"uagb_featured_image_src":{"full":["https:\/\/mapospheres.eu\/wp-content\/uploads\/2026\/02\/RED_FULL_TABRIZ.jpg",1000,1000,false],"thumbnail":["https:\/\/mapospheres.eu\/wp-content\/uploads\/2026\/02\/RED_FULL_TABRIZ-150x150.jpg",150,150,true],"medium":["https:\/\/mapospheres.eu\/wp-content\/uploads\/2026\/02\/RED_FULL_TABRIZ-300x300.jpg",300,300,true],"medium_large":["https:\/\/mapospheres.eu\/wp-content\/uploads\/2026\/02\/RED_FULL_TABRIZ-768x768.jpg",768,768,true],"large":["https:\/\/mapospheres.eu\/wp-content\/uploads\/2026\/02\/RED_FULL_TABRIZ.jpg",1000,1000,false],"1536x1536":["https:\/\/mapospheres.eu\/wp-content\/uploads\/2026\/02\/RED_FULL_TABRIZ.jpg",1000,1000,false],"2048x2048":["https:\/\/mapospheres.eu\/wp-content\/uploads\/2026\/02\/RED_FULL_TABRIZ.jpg",1000,1000,false],"woocommerce_thumbnail":["https:\/\/mapospheres.eu\/wp-content\/uploads\/2026\/02\/RED_FULL_TABRIZ-300x300.jpg",300,300,true],"woocommerce_single":["https:\/\/mapospheres.eu\/wp-content\/uploads\/2026\/02\/RED_FULL_TABRIZ-600x600.jpg",600,600,true],"woocommerce_gallery_thumbnail":["https:\/\/mapospheres.eu\/wp-content\/uploads\/2026\/02\/RED_FULL_TABRIZ-100x100.jpg",100,100,true]},"uagb_author_info":{"display_name":"sgainot04@gmail.com","author_link":"https:\/\/mapospheres.eu\/es\/author\/"},"uagb_comment_info":0,"uagb_excerpt":"Consigue un City Map impreso (mapa mural) de Tabriz, Iran. \u00a1Elige el tama\u00f1o, el color y el dise\u00f1o de tu mapa a continuaci\u00f3n!","_links":{"self":[{"href":"https:\/\/mapospheres.eu\/es\/wp-json\/wp\/v2\/product\/12386","targetHints":{"allow":["GET"]}}],"collection":[{"href":"https:\/\/mapospheres.eu\/es\/wp-json\/wp\/v2\/product"}],"about":[{"href":"https:\/\/mapospheres.eu\/es\/wp-json\/wp\/v2\/types\/product"}],"wp:featuredmedia":[{"embeddable":true,"href":"https:\/\/mapospheres.eu\/es\/wp-json\/wp\/v2\/media\/12980"}],"wp:attachment":[{"href":"https:\/\/mapospheres.eu\/es\/wp-json\/wp\/v2\/media?parent=12386"}],"wp:term":[{"taxonomy":"product_brand","embeddable":true,"href":"https:\/\/mapospheres.eu\/es\/wp-json\/wp\/v2\/product_brand?post=12386"},{"taxonomy":"product_cat","embeddable":true,"href":"https:\/\/mapospheres.eu\/es\/wp-json\/wp\/v2\/product_cat?post=12386"},{"taxonomy":"product_tag","embeddable":true,"href":"https:\/\/mapospheres.eu\/es\/wp-json\/wp\/v2\/product_tag?post=12386"}],"curies":[{"name":"wp","href":"https:\/\/api.w.org\/{rel}","templated":true}]}}