{"id":12387,"date":"2026-02-11T09:01:19","date_gmt":"2026-02-11T09:01:19","guid":{"rendered":"https:\/\/mapospheres.eu\/product\/poster-of-tokyo-japan\/"},"modified":"2026-02-12T14:45:32","modified_gmt":"2026-02-12T14:45:32","slug":"poster-of-tokyo-japan","status":"publish","type":"product","link":"https:\/\/mapospheres.eu\/es\/product\/poster-de-tokio-japon\/","title":{"rendered":"Poster de Tokio | Japon"},"content":{"rendered":"<p><strong>Poster City map de Tokio, Jap\u00f3n: aqu\u00ed se despliega la maravilla extensa de Tokio, una ciudad que se alza como un f\u00e9nix desde siglos de historia, situada entre sombras monta\u00f1osas y los susurros de la bah\u00eda de Tokio.<\/strong><\/p>\n<p>Este mapa mural captura los secretos topogr\u00e1ficos de la ciudad\u2014suaves pendientes y r\u00edos sinuosos que siguen los pasos de samur\u00e1is, comerciantes y so\u00f1adores por igual. Ver\u00e1s los pulmones verdes de la ciudad respirando en silencio en medio del laberinto de hormig\u00f3n: la gran extensi\u00f3n del Parque Yoyogi, la calma cuidadosamente rastrillada de los jardines del Palacio Imperial y la serenidad ancestral del Parque Ueno, donde los cerezos en flor ofrecen cada a\u00f1o un espect\u00e1culo con m\u00e1s estilo que un actor de kabuki. El Monte Fuji no aparece directamente dentro de la ciudad, por supuesto, pero su presencia se alza espiritualmente hacia el oeste, como una monta\u00f1a benevolente que vela por la danza interminable de Tokio. Al este, el r\u00edo Sumida serpentea por la ciudad como un viejo narrador, murmurando historias de casas de t\u00e9 flotantes y fuegos artificiales de la era Edo. Monumentos como el SkyTree y la Torre de Tokio se elevan como signos de exclamaci\u00f3n sobre las suaves ondulaciones del terreno urbano, mientras que el famoso cruce de Shibuya late como un coraz\u00f3n moderno construido sobre capas de suelo volc\u00e1nico y antiguos senderos de aldeas. Este mapa no solo traza calles y espacios\u2014vibra con la energ\u00eda silenciosa de una ciudad que equilibra jardines zen con luces de ne\u00f3n, arrozales ya desaparecidos con trenes bala que llegan exactamente a tiempo. Una pieza para tu pared, pero tambi\u00e9n una puerta a historias grabadas en piedra, agua y colinas arboladas. Cu\u00e9lgalo y deja que tu habitaci\u00f3n escuche el murmullo eterno de Tokio.<\/p>\n","protected":false},"excerpt":{"rendered":"<p>Consigue un City Map impreso (mapa mural) de Tokio, Japon. \u00a1Elige el tama\u00f1o, el color y el dise\u00f1o de tu mapa a continuaci\u00f3n!<\/p>\n","protected":false},"featured_media":12976,"template":"","meta":{"_uag_custom_page_level_css":"","_monsterinsights_skip_tracking":false,"_monsterinsights_sitenote_active":false,"_monsterinsights_sitenote_note":"","_monsterinsights_sitenote_category":0,"site-sidebar-layout":"default","site-content-layout":"","ast-site-content-layout":"default","site-content-style":"default","site-sidebar-style":"default","ast-global-header-display":"","ast-banner-title-visibility":"","ast-main-header-display":"","ast-hfb-above-header-display":"","ast-hfb-below-header-display":"","ast-hfb-mobile-header-display":"","site-post-title":"","ast-breadcrumbs-content":"","ast-featured-img":"","footer-sml-layout":"","ast-disable-related-posts":"","theme-transparent-header-meta":"default","adv-header-id-meta":"","stick-header-meta":"","header-above-stick-meta":"","header-main-stick-meta":"","header-below-stick-meta":"","astra-migrate-meta-layouts":"set","ast-page-background-enabled":"default","ast-page-background-meta":{"desktop":{"background-color":"","background-image":"","background-repeat":"repeat","background-position":"center center","background-size":"auto","background-attachment":"scroll","background-type":"","background-media":"","overlay-type":"","overlay-color":"","overlay-opacity":"","overlay-gradient":""},"tablet":{"background-color":"","background-image":"","background-repeat":"repeat","background-position":"center center","background-size":"auto","background-attachment":"scroll","background-type":"","background-media":"","overlay-type":"","overlay-color":"","overlay-opacity":"","overlay-gradient":""},"mobile":{"background-color":"","background-image":"","background-repeat":"repeat","background-position":"center center","background-size":"auto","background-attachment":"scroll","background-type":"","background-media":"","overlay-type":"","overlay-color":"","overlay-opacity":"","overlay-gradient":""}},"ast-content-background-meta":{"desktop":{"background-color":"var(--ast-global-color-5)","background-image":"","background-repeat":"repeat","background-position":"center center","background-size":"auto","background-attachment":"scroll","background-type":"","background-media":"","overlay-type":"","overlay-color":"","overlay-opacity":"","overlay-gradient":""},"tablet":{"background-color":"var(--ast-global-color-5)","background-image":"","background-repeat":"repeat","background-position":"center center","background-size":"auto","background-attachment":"scroll","background-type":"","background-media":"","overlay-type":"","overlay-color":"","overlay-opacity":"","overlay-gradient":""},"mobile":{"background-color":"var(--ast-global-color-5)","background-image":"","background-repeat":"repeat","background-position":"center center","background-size":"auto","background-attachment":"scroll","background-type":"","background-media":"","overlay-type":"","overlay-color":"","overlay-opacity":"","overlay-gradient":""}}},"product_brand":[],"product_cat":[18,338,464],"product_tag":[34,35,36,226,39,40,467,468],"class_list":{"0":"post-12387","1":"product","2":"type-product","3":"status-publish","4":"has-post-thumbnail","6":"product_cat-city-maps","7":"product_cat-featured_eng","8":"product_cat-featured_fr","9":"product_tag-30x40","10":"product_tag-40x50","11":"product_tag-50x70","12":"product_tag-asia","13":"product_tag-canvas","14":"product_tag-city-map","15":"product_tag-japan","16":"product_tag-tokyo","17":"desktop-align-left","18":"tablet-align-left","19":"mobile-align-left","21":"first","22":"instock","23":"shipping-taxable","24":"purchasable","25":"product-type-variable"},"aioseo_notices":[],"uagb_featured_image_src":{"full":["https:\/\/mapospheres.eu\/wp-content\/uploads\/2026\/02\/ZZ_PIC3_NIGHT_TOKYO.jpg",1000,1000,false],"thumbnail":["https:\/\/mapospheres.eu\/wp-content\/uploads\/2026\/02\/ZZ_PIC3_NIGHT_TOKYO-150x150.jpg",150,150,true],"medium":["https:\/\/mapospheres.eu\/wp-content\/uploads\/2026\/02\/ZZ_PIC3_NIGHT_TOKYO-300x300.jpg",300,300,true],"medium_large":["https:\/\/mapospheres.eu\/wp-content\/uploads\/2026\/02\/ZZ_PIC3_NIGHT_TOKYO-768x768.jpg",768,768,true],"large":["https:\/\/mapospheres.eu\/wp-content\/uploads\/2026\/02\/ZZ_PIC3_NIGHT_TOKYO.jpg",1000,1000,false],"1536x1536":["https:\/\/mapospheres.eu\/wp-content\/uploads\/2026\/02\/ZZ_PIC3_NIGHT_TOKYO.jpg",1000,1000,false],"2048x2048":["https:\/\/mapospheres.eu\/wp-content\/uploads\/2026\/02\/ZZ_PIC3_NIGHT_TOKYO.jpg",1000,1000,false],"woocommerce_thumbnail":["https:\/\/mapospheres.eu\/wp-content\/uploads\/2026\/02\/ZZ_PIC3_NIGHT_TOKYO-300x300.jpg",300,300,true],"woocommerce_single":["https:\/\/mapospheres.eu\/wp-content\/uploads\/2026\/02\/ZZ_PIC3_NIGHT_TOKYO-600x600.jpg",600,600,true],"woocommerce_gallery_thumbnail":["https:\/\/mapospheres.eu\/wp-content\/uploads\/2026\/02\/ZZ_PIC3_NIGHT_TOKYO-100x100.jpg",100,100,true]},"uagb_author_info":{"display_name":"sgainot04@gmail.com","author_link":"https:\/\/mapospheres.eu\/es\/author\/"},"uagb_comment_info":0,"uagb_excerpt":"Consigue un City Map impreso (mapa mural) de Tokio, Japon. \u00a1Elige el tama\u00f1o, el color y el dise\u00f1o de tu mapa a continuaci\u00f3n!","_links":{"self":[{"href":"https:\/\/mapospheres.eu\/es\/wp-json\/wp\/v2\/product\/12387","targetHints":{"allow":["GET"]}}],"collection":[{"href":"https:\/\/mapospheres.eu\/es\/wp-json\/wp\/v2\/product"}],"about":[{"href":"https:\/\/mapospheres.eu\/es\/wp-json\/wp\/v2\/types\/product"}],"wp:featuredmedia":[{"embeddable":true,"href":"https:\/\/mapospheres.eu\/es\/wp-json\/wp\/v2\/media\/12976"}],"wp:attachment":[{"href":"https:\/\/mapospheres.eu\/es\/wp-json\/wp\/v2\/media?parent=12387"}],"wp:term":[{"taxonomy":"product_brand","embeddable":true,"href":"https:\/\/mapospheres.eu\/es\/wp-json\/wp\/v2\/product_brand?post=12387"},{"taxonomy":"product_cat","embeddable":true,"href":"https:\/\/mapospheres.eu\/es\/wp-json\/wp\/v2\/product_cat?post=12387"},{"taxonomy":"product_tag","embeddable":true,"href":"https:\/\/mapospheres.eu\/es\/wp-json\/wp\/v2\/product_tag?post=12387"}],"curies":[{"name":"wp","href":"https:\/\/api.w.org\/{rel}","templated":true}]}}