{"id":12389,"date":"2026-02-11T09:01:26","date_gmt":"2026-02-11T09:01:26","guid":{"rendered":"https:\/\/mapospheres.eu\/product\/poster-of-rotterdam-netherlands\/"},"modified":"2026-02-12T14:45:09","modified_gmt":"2026-02-12T14:45:09","slug":"poster-of-rotterdam-netherlands","status":"publish","type":"product","link":"https:\/\/mapospheres.eu\/es\/product\/poster-de-roterdam-paises-bajos\/","title":{"rendered":"Poster de R\u00f3terdam | Pa\u00edses Bajos"},"content":{"rendered":"<p><strong>Poster City map de R\u00f3terdam, Pa\u00edses Bajos: una ciudad que una vez se derrumb\u00f3 y luego decidi\u00f3 reconstruirse con l\u00edneas rectas e ideas audaces, se despliega en este mapa como una historia que comienza en el agua y termina en acero.<\/strong><\/p>\n<p>Situada baja y al nivel del mar\u2014como la mayor\u00eda de las ciudades neerlandesas\u2014es un lugar donde r\u00edos, carreteras y ambici\u00f3n parecen fluir en la misma direcci\u00f3n. En su coraz\u00f3n corre el Nieuwe Maas, ancho y solemne, dividiendo la ciudad en dos como una pincelada bien trazada. Los puentes saltan sobre \u00e9l\u2014cada uno con su propia historia\u2014siendo el m\u00e1s famoso el Erasmusbrug, apodado \u00abEl Cisne\u00bb por su orgulloso cuello y su serena elegancia. La ciudad se eleva en ambas orillas, moderna y precisa, con bloques y torres que parecen dise\u00f1ados con una regla y un buen sentido del humor. Y, sin embargo, pese a sus l\u00edneas definidas, la ciudad respira. Los parques se extienden por el territorio como p\u00e1ginas abiertas\u2014la calma verde de Het Park junto al Euromast, la suave amplitud del Kralingse Bos y las aguas tranquilas del lago Kralingen, donde hoy los windsurfistas se deslizan donde antes giraban molinos de viento. Este mapa de la ciudad captura la belleza inusual de R\u00f3terdam, un lugar que cambi\u00f3 el encanto del viejo mundo por una forma orientada al futuro. Pero la historia no ha desaparecido\u2014permanece en los pocos edificios antiguos que sobrevivieron a la guerra y en la silueta del puerto, que sigue siendo uno de los m\u00e1s activos del mundo, donde los barcos llegan y parten como un reloj.<\/p>\n","protected":false},"excerpt":{"rendered":"<p>Consigue un City Map impreso (mapa mural) de R\u00f3terdam, Pa\u00edses Bajos. \u00a1Elige el tama\u00f1o, el color y el dise\u00f1o de tu mapa a continuaci\u00f3n!<\/p>\n","protected":false},"featured_media":12830,"template":"","meta":{"_uag_custom_page_level_css":"","_monsterinsights_skip_tracking":false,"_monsterinsights_sitenote_active":false,"_monsterinsights_sitenote_note":"","_monsterinsights_sitenote_category":0,"site-sidebar-layout":"default","site-content-layout":"","ast-site-content-layout":"default","site-content-style":"default","site-sidebar-style":"default","ast-global-header-display":"","ast-banner-title-visibility":"","ast-main-header-display":"","ast-hfb-above-header-display":"","ast-hfb-below-header-display":"","ast-hfb-mobile-header-display":"","site-post-title":"","ast-breadcrumbs-content":"","ast-featured-img":"","footer-sml-layout":"","ast-disable-related-posts":"","theme-transparent-header-meta":"default","adv-header-id-meta":"","stick-header-meta":"","header-above-stick-meta":"","header-main-stick-meta":"","header-below-stick-meta":"","astra-migrate-meta-layouts":"set","ast-page-background-enabled":"default","ast-page-background-meta":{"desktop":{"background-color":"","background-image":"","background-repeat":"repeat","background-position":"center center","background-size":"auto","background-attachment":"scroll","background-type":"","background-media":"","overlay-type":"","overlay-color":"","overlay-opacity":"","overlay-gradient":""},"tablet":{"background-color":"","background-image":"","background-repeat":"repeat","background-position":"center center","background-size":"auto","background-attachment":"scroll","background-type":"","background-media":"","overlay-type":"","overlay-color":"","overlay-opacity":"","overlay-gradient":""},"mobile":{"background-color":"","background-image":"","background-repeat":"repeat","background-position":"center center","background-size":"auto","background-attachment":"scroll","background-type":"","background-media":"","overlay-type":"","overlay-color":"","overlay-opacity":"","overlay-gradient":""}},"ast-content-background-meta":{"desktop":{"background-color":"var(--ast-global-color-5)","background-image":"","background-repeat":"repeat","background-position":"center center","background-size":"auto","background-attachment":"scroll","background-type":"","background-media":"","overlay-type":"","overlay-color":"","overlay-opacity":"","overlay-gradient":""},"tablet":{"background-color":"var(--ast-global-color-5)","background-image":"","background-repeat":"repeat","background-position":"center center","background-size":"auto","background-attachment":"scroll","background-type":"","background-media":"","overlay-type":"","overlay-color":"","overlay-opacity":"","overlay-gradient":""},"mobile":{"background-color":"var(--ast-global-color-5)","background-image":"","background-repeat":"repeat","background-position":"center center","background-size":"auto","background-attachment":"scroll","background-type":"","background-media":"","overlay-type":"","overlay-color":"","overlay-opacity":"","overlay-gradient":""}}},"product_brand":[],"product_cat":[18],"product_tag":[34,35,36,40,93,485,486],"class_list":{"0":"post-12389","1":"product","2":"type-product","3":"status-publish","4":"has-post-thumbnail","6":"product_cat-city-maps","7":"product_tag-30x40","8":"product_tag-40x50","9":"product_tag-50x70","10":"product_tag-city-map","11":"product_tag-europe","12":"product_tag-netherlands","13":"product_tag-rotterdam","14":"desktop-align-left","15":"tablet-align-left","16":"mobile-align-left","18":"first","19":"instock","20":"shipping-taxable","21":"purchasable","22":"product-type-variable"},"aioseo_notices":[],"uagb_featured_image_src":{"full":["https:\/\/mapospheres.eu\/wp-content\/uploads\/2026\/02\/Z2_RED_FULL_ROTTERDAM.jpg",1000,1000,false],"thumbnail":["https:\/\/mapospheres.eu\/wp-content\/uploads\/2026\/02\/Z2_RED_FULL_ROTTERDAM-150x150.jpg",150,150,true],"medium":["https:\/\/mapospheres.eu\/wp-content\/uploads\/2026\/02\/Z2_RED_FULL_ROTTERDAM-300x300.jpg",300,300,true],"medium_large":["https:\/\/mapospheres.eu\/wp-content\/uploads\/2026\/02\/Z2_RED_FULL_ROTTERDAM-768x768.jpg",768,768,true],"large":["https:\/\/mapospheres.eu\/wp-content\/uploads\/2026\/02\/Z2_RED_FULL_ROTTERDAM.jpg",1000,1000,false],"1536x1536":["https:\/\/mapospheres.eu\/wp-content\/uploads\/2026\/02\/Z2_RED_FULL_ROTTERDAM.jpg",1000,1000,false],"2048x2048":["https:\/\/mapospheres.eu\/wp-content\/uploads\/2026\/02\/Z2_RED_FULL_ROTTERDAM.jpg",1000,1000,false],"woocommerce_thumbnail":["https:\/\/mapospheres.eu\/wp-content\/uploads\/2026\/02\/Z2_RED_FULL_ROTTERDAM-300x300.jpg",300,300,true],"woocommerce_single":["https:\/\/mapospheres.eu\/wp-content\/uploads\/2026\/02\/Z2_RED_FULL_ROTTERDAM-600x600.jpg",600,600,true],"woocommerce_gallery_thumbnail":["https:\/\/mapospheres.eu\/wp-content\/uploads\/2026\/02\/Z2_RED_FULL_ROTTERDAM-100x100.jpg",100,100,true]},"uagb_author_info":{"display_name":"sgainot04@gmail.com","author_link":"https:\/\/mapospheres.eu\/es\/author\/"},"uagb_comment_info":0,"uagb_excerpt":"Consigue un City Map impreso (mapa mural) de R\u00f3terdam, Pa\u00edses Bajos. \u00a1Elige el tama\u00f1o, el color y el dise\u00f1o de tu mapa a continuaci\u00f3n!","_links":{"self":[{"href":"https:\/\/mapospheres.eu\/es\/wp-json\/wp\/v2\/product\/12389","targetHints":{"allow":["GET"]}}],"collection":[{"href":"https:\/\/mapospheres.eu\/es\/wp-json\/wp\/v2\/product"}],"about":[{"href":"https:\/\/mapospheres.eu\/es\/wp-json\/wp\/v2\/types\/product"}],"wp:featuredmedia":[{"embeddable":true,"href":"https:\/\/mapospheres.eu\/es\/wp-json\/wp\/v2\/media\/12830"}],"wp:attachment":[{"href":"https:\/\/mapospheres.eu\/es\/wp-json\/wp\/v2\/media?parent=12389"}],"wp:term":[{"taxonomy":"product_brand","embeddable":true,"href":"https:\/\/mapospheres.eu\/es\/wp-json\/wp\/v2\/product_brand?post=12389"},{"taxonomy":"product_cat","embeddable":true,"href":"https:\/\/mapospheres.eu\/es\/wp-json\/wp\/v2\/product_cat?post=12389"},{"taxonomy":"product_tag","embeddable":true,"href":"https:\/\/mapospheres.eu\/es\/wp-json\/wp\/v2\/product_tag?post=12389"}],"curies":[{"name":"wp","href":"https:\/\/api.w.org\/{rel}","templated":true}]}}