{"id":12390,"date":"2026-02-11T09:01:29","date_gmt":"2026-02-11T09:01:29","guid":{"rendered":"https:\/\/mapospheres.eu\/product\/poster-of-amsterdam-netherlands\/"},"modified":"2026-02-12T14:43:37","modified_gmt":"2026-02-12T14:43:37","slug":"poster-of-amsterdam-netherlands","status":"publish","type":"product","link":"https:\/\/mapospheres.eu\/es\/product\/poster-de-amsterdam-paises-bajos\/","title":{"rendered":"Poster de \u00c1msterdam | Pa\u00edses Bajos"},"content":{"rendered":"<p><strong>Poster City map de \u00c1msterdam, Pa\u00edses Bajos: una ciudad construida sobre agua y terquedad, se despliega aqu\u00ed en un patr\u00f3n que confundir\u00eda a la mayor\u00eda de los r\u00edos y deleitar\u00eda a cualquier cart\u00f3grafo.<\/strong><\/p>\n<p>Este mapa de la ciudad revela la elegante geometr\u00eda de los canales\u2014esas medias lunas en bucle que hacen que la ciudad parezca dibujada por alguien con un comp\u00e1s y afici\u00f3n por perderse lentamente. El terreno es, por supuesto, famoso por su planicie, como si la tierra simplemente hubiera dejado de discutir con el mar y decidido permanecer baja. Desde arriba, puedes trazar el Grachtengordel, el hist\u00f3rico cintur\u00f3n de canales, que envuelve el casco antiguo como un cuello de encaje. El mapa captura cada curva y cada puente con elegancia, desde el majestuoso Herengracht hasta el m\u00e1s animado Jordaan, donde los almacenes anta\u00f1o vibraban con el comercio y ahora zumban con bicicletas y baristas. Al sur, el Vondelpark se extiende como el jard\u00edn trasero de \u00c1msterdam\u2014un lugar donde los locales toman el sol junto a los patos y las \u00fanicas colinas son suaves ondulaciones. Y est\u00e1 el IJ, la amplia extensi\u00f3n de agua al norte, anta\u00f1o ruta de barcos rumbo a imperios lejanos, hoy m\u00e1s propensa a acoger ferris y alg\u00fan que otro cisne despistado. Los monumentos de la ciudad se alzan con modestia en el mapa\u2014como el Rijksmuseum custodiando su tesoro o el Palacio Real, que ha presenciado su buena dosis de ceremonias y palomas. Este mapa mural ofrece m\u00e1s que calles y formas; es una celebraci\u00f3n discreta de una ciudad que flota, se inclina y a veces se tambalea\u2014pero nunca se hunde. Una manera perfecta de llevar un poco de encanto neerland\u00e9s y caos bien planificado a tu hogar.<\/p>\n","protected":false},"excerpt":{"rendered":"<p>Consigue un City Map impreso (mapa mural) de \u00c1msterdam, Pa\u00edses Bajos. \u00a1Elige el tama\u00f1o, el color y el dise\u00f1o de tu mapa a continuaci\u00f3n!<\/p>\n","protected":false},"featured_media":12693,"template":"","meta":{"_uag_custom_page_level_css":"","_monsterinsights_skip_tracking":false,"_monsterinsights_sitenote_active":false,"_monsterinsights_sitenote_note":"","_monsterinsights_sitenote_category":0,"site-sidebar-layout":"default","site-content-layout":"","ast-site-content-layout":"default","site-content-style":"default","site-sidebar-style":"default","ast-global-header-display":"","ast-banner-title-visibility":"","ast-main-header-display":"","ast-hfb-above-header-display":"","ast-hfb-below-header-display":"","ast-hfb-mobile-header-display":"","site-post-title":"","ast-breadcrumbs-content":"","ast-featured-img":"","footer-sml-layout":"","ast-disable-related-posts":"","theme-transparent-header-meta":"default","adv-header-id-meta":"","stick-header-meta":"","header-above-stick-meta":"","header-main-stick-meta":"","header-below-stick-meta":"","astra-migrate-meta-layouts":"set","ast-page-background-enabled":"default","ast-page-background-meta":{"desktop":{"background-color":"","background-image":"","background-repeat":"repeat","background-position":"center center","background-size":"auto","background-attachment":"scroll","background-type":"","background-media":"","overlay-type":"","overlay-color":"","overlay-opacity":"","overlay-gradient":""},"tablet":{"background-color":"","background-image":"","background-repeat":"repeat","background-position":"center center","background-size":"auto","background-attachment":"scroll","background-type":"","background-media":"","overlay-type":"","overlay-color":"","overlay-opacity":"","overlay-gradient":""},"mobile":{"background-color":"","background-image":"","background-repeat":"repeat","background-position":"center center","background-size":"auto","background-attachment":"scroll","background-type":"","background-media":"","overlay-type":"","overlay-color":"","overlay-opacity":"","overlay-gradient":""}},"ast-content-background-meta":{"desktop":{"background-color":"var(--ast-global-color-5)","background-image":"","background-repeat":"repeat","background-position":"center center","background-size":"auto","background-attachment":"scroll","background-type":"","background-media":"","overlay-type":"","overlay-color":"","overlay-opacity":"","overlay-gradient":""},"tablet":{"background-color":"var(--ast-global-color-5)","background-image":"","background-repeat":"repeat","background-position":"center center","background-size":"auto","background-attachment":"scroll","background-type":"","background-media":"","overlay-type":"","overlay-color":"","overlay-opacity":"","overlay-gradient":""},"mobile":{"background-color":"var(--ast-global-color-5)","background-image":"","background-repeat":"repeat","background-position":"center center","background-size":"auto","background-attachment":"scroll","background-type":"","background-media":"","overlay-type":"","overlay-color":"","overlay-opacity":"","overlay-gradient":""}}},"product_brand":[],"product_cat":[18,338],"product_tag":[34,35,36,484,40,93,485],"class_list":{"0":"post-12390","1":"product","2":"type-product","3":"status-publish","4":"has-post-thumbnail","6":"product_cat-city-maps","7":"product_cat-featured_eng","8":"product_tag-30x40","9":"product_tag-40x50","10":"product_tag-50x70","11":"product_tag-amsterdam","12":"product_tag-city-map","13":"product_tag-europe","14":"product_tag-netherlands","15":"desktop-align-left","16":"tablet-align-left","17":"mobile-align-left","19":"first","20":"instock","21":"shipping-taxable","22":"purchasable","23":"product-type-variable"},"aioseo_notices":[],"uagb_featured_image_src":{"full":["https:\/\/mapospheres.eu\/wp-content\/uploads\/2026\/02\/ZZ_PIC4_BWR_AMSTERDAM.jpg",1000,1000,false],"thumbnail":["https:\/\/mapospheres.eu\/wp-content\/uploads\/2026\/02\/ZZ_PIC4_BWR_AMSTERDAM-150x150.jpg",150,150,true],"medium":["https:\/\/mapospheres.eu\/wp-content\/uploads\/2026\/02\/ZZ_PIC4_BWR_AMSTERDAM-300x300.jpg",300,300,true],"medium_large":["https:\/\/mapospheres.eu\/wp-content\/uploads\/2026\/02\/ZZ_PIC4_BWR_AMSTERDAM-768x768.jpg",768,768,true],"large":["https:\/\/mapospheres.eu\/wp-content\/uploads\/2026\/02\/ZZ_PIC4_BWR_AMSTERDAM.jpg",1000,1000,false],"1536x1536":["https:\/\/mapospheres.eu\/wp-content\/uploads\/2026\/02\/ZZ_PIC4_BWR_AMSTERDAM.jpg",1000,1000,false],"2048x2048":["https:\/\/mapospheres.eu\/wp-content\/uploads\/2026\/02\/ZZ_PIC4_BWR_AMSTERDAM.jpg",1000,1000,false],"woocommerce_thumbnail":["https:\/\/mapospheres.eu\/wp-content\/uploads\/2026\/02\/ZZ_PIC4_BWR_AMSTERDAM-300x300.jpg",300,300,true],"woocommerce_single":["https:\/\/mapospheres.eu\/wp-content\/uploads\/2026\/02\/ZZ_PIC4_BWR_AMSTERDAM-600x600.jpg",600,600,true],"woocommerce_gallery_thumbnail":["https:\/\/mapospheres.eu\/wp-content\/uploads\/2026\/02\/ZZ_PIC4_BWR_AMSTERDAM-100x100.jpg",100,100,true]},"uagb_author_info":{"display_name":"sgainot04@gmail.com","author_link":"https:\/\/mapospheres.eu\/es\/author\/"},"uagb_comment_info":0,"uagb_excerpt":"Consigue un City Map impreso (mapa mural) de \u00c1msterdam, Pa\u00edses Bajos. \u00a1Elige el tama\u00f1o, el color y el dise\u00f1o de tu mapa a continuaci\u00f3n!","_links":{"self":[{"href":"https:\/\/mapospheres.eu\/es\/wp-json\/wp\/v2\/product\/12390","targetHints":{"allow":["GET"]}}],"collection":[{"href":"https:\/\/mapospheres.eu\/es\/wp-json\/wp\/v2\/product"}],"about":[{"href":"https:\/\/mapospheres.eu\/es\/wp-json\/wp\/v2\/types\/product"}],"wp:featuredmedia":[{"embeddable":true,"href":"https:\/\/mapospheres.eu\/es\/wp-json\/wp\/v2\/media\/12693"}],"wp:attachment":[{"href":"https:\/\/mapospheres.eu\/es\/wp-json\/wp\/v2\/media?parent=12390"}],"wp:term":[{"taxonomy":"product_brand","embeddable":true,"href":"https:\/\/mapospheres.eu\/es\/wp-json\/wp\/v2\/product_brand?post=12390"},{"taxonomy":"product_cat","embeddable":true,"href":"https:\/\/mapospheres.eu\/es\/wp-json\/wp\/v2\/product_cat?post=12390"},{"taxonomy":"product_tag","embeddable":true,"href":"https:\/\/mapospheres.eu\/es\/wp-json\/wp\/v2\/product_tag?post=12390"}],"curies":[{"name":"wp","href":"https:\/\/api.w.org\/{rel}","templated":true}]}}