{"id":12392,"date":"2026-02-11T09:01:36","date_gmt":"2026-02-11T09:01:36","guid":{"rendered":"https:\/\/mapospheres.eu\/product\/poster-of-istanbul-turkiye\/"},"modified":"2026-02-12T14:44:18","modified_gmt":"2026-02-12T14:44:18","slug":"poster-of-istanbul-turkiye","status":"publish","type":"product","link":"https:\/\/mapospheres.eu\/es\/product\/poster-de-estambul-turquia\/","title":{"rendered":"Poster de Estambul | Turqu\u00eda"},"content":{"rendered":"<p><strong>Poster City map de Estambul, Turqu\u00eda: se sit\u00faa donde los continentes se dan la mano, discuten un poco y luego comparten t\u00e9. <\/strong><\/p>\n<p>A esta ciudad se la ha llamado de muchas maneras, pero en este mapa mural simplemente se revela\u2014capa por capa, colina por colina y orilla por orilla. El B\u00f3sforo atraviesa la tierra como un hilo de plata, ni del todo mar ni del todo r\u00edo, separando Europa de Asia mientras une toda la ciudad. El terreno asciende y desciende como un recuerdo que se agita\u2014siete colinas en el lado europeo, cada una contando una historia distinta, cada una observando el agua con mirada c\u00f3mplice. El mapa perfila suavemente los refugios verdes escondidos entre tejados y c\u00fapulas. El Parque G\u00fclhane susurra sobre sultanes y sombras, anta\u00f1o parte de los jardines del Palacio de Topkapi, hoy un lugar para paseos y peque\u00f1os secretos. La gran extensi\u00f3n boscosa del Bosque de Belgrado, en el extremo norte de la ciudad, equilibra el peso de Estambul como una respiraci\u00f3n profunda sostenida justo fuera de la vista. Desde la orilla del agua hasta las colinas m\u00e1s all\u00e1, los espacios verdes en este mapa ofrecen pausas entre imperios. Y luego, por supuesto, est\u00e1n los monumentos\u2014esas siluetas orgullosas y persistentes. Santa Sof\u00eda se alza donde oriente se encontr\u00f3 con occidente y decidi\u00f3 compartir un mismo techo. Cerca de all\u00ed, la Mezquita Azul responde con su grandeza serena, y entre ambas yacen siglos de historias demasiado enredadas para una sola gu\u00eda. La Torre de G\u00e1lata asoma sobre los tejados como un gato curioso, y el Gran Bazar vibra incluso en la quietud, un laberinto de comercio y relatos. Al otro lado del B\u00f3sforo, las colinas de \u00dcsk\u00fcdar y Kad\u0131k\u00f6y se elevan con m\u00e1s discreci\u00f3n, pero no con menos riqueza de historias. Colgar este mapa es llevar a tu espacio un fragmento de ese punto de encuentro\u2014una ciudad de giros y mareas, de colinas que recuerdan imperios y calles que a\u00fan resuenan con mercaderes, poetas y gaviotas que saben demasiado.<\/p>\n","protected":false},"excerpt":{"rendered":"<p>Consigue un City Map impreso (mapa mural) de Estambul, Turqu\u00eda. \u00a1Elige el tama\u00f1o, el color y el dise\u00f1o de tu mapa a continuaci\u00f3n!<\/p>\n","protected":false},"featured_media":12703,"template":"","meta":{"_uag_custom_page_level_css":"","_monsterinsights_skip_tracking":false,"_monsterinsights_sitenote_active":false,"_monsterinsights_sitenote_note":"","_monsterinsights_sitenote_category":0,"site-sidebar-layout":"default","site-content-layout":"","ast-site-content-layout":"default","site-content-style":"default","site-sidebar-style":"default","ast-global-header-display":"","ast-banner-title-visibility":"","ast-main-header-display":"","ast-hfb-above-header-display":"","ast-hfb-below-header-display":"","ast-hfb-mobile-header-display":"","site-post-title":"","ast-breadcrumbs-content":"","ast-featured-img":"","footer-sml-layout":"","ast-disable-related-posts":"","theme-transparent-header-meta":"default","adv-header-id-meta":"","stick-header-meta":"","header-above-stick-meta":"","header-main-stick-meta":"","header-below-stick-meta":"","astra-migrate-meta-layouts":"set","ast-page-background-enabled":"default","ast-page-background-meta":{"desktop":{"background-color":"","background-image":"","background-repeat":"repeat","background-position":"center center","background-size":"auto","background-attachment":"scroll","background-type":"","background-media":"","overlay-type":"","overlay-color":"","overlay-opacity":"","overlay-gradient":""},"tablet":{"background-color":"","background-image":"","background-repeat":"repeat","background-position":"center center","background-size":"auto","background-attachment":"scroll","background-type":"","background-media":"","overlay-type":"","overlay-color":"","overlay-opacity":"","overlay-gradient":""},"mobile":{"background-color":"","background-image":"","background-repeat":"repeat","background-position":"center center","background-size":"auto","background-attachment":"scroll","background-type":"","background-media":"","overlay-type":"","overlay-color":"","overlay-opacity":"","overlay-gradient":""}},"ast-content-background-meta":{"desktop":{"background-color":"var(--ast-global-color-5)","background-image":"","background-repeat":"repeat","background-position":"center center","background-size":"auto","background-attachment":"scroll","background-type":"","background-media":"","overlay-type":"","overlay-color":"","overlay-opacity":"","overlay-gradient":""},"tablet":{"background-color":"var(--ast-global-color-5)","background-image":"","background-repeat":"repeat","background-position":"center center","background-size":"auto","background-attachment":"scroll","background-type":"","background-media":"","overlay-type":"","overlay-color":"","overlay-opacity":"","overlay-gradient":""},"mobile":{"background-color":"var(--ast-global-color-5)","background-image":"","background-repeat":"repeat","background-position":"center center","background-size":"auto","background-attachment":"scroll","background-type":"","background-media":"","overlay-type":"","overlay-color":"","overlay-opacity":"","overlay-gradient":""}}},"product_brand":[],"product_cat":[18,464],"product_tag":[34,35,36,226,40,93,481,325,482],"class_list":{"0":"post-12392","1":"product","2":"type-product","3":"status-publish","4":"has-post-thumbnail","6":"product_cat-city-maps","7":"product_cat-featured_fr","8":"product_tag-30x40","9":"product_tag-40x50","10":"product_tag-50x70","11":"product_tag-asia","12":"product_tag-city-map","13":"product_tag-europe","14":"product_tag-istanbul","15":"product_tag-turkey","16":"product_tag-turkiye","17":"desktop-align-left","18":"tablet-align-left","19":"mobile-align-left","21":"first","22":"instock","23":"shipping-taxable","24":"purchasable","25":"product-type-variable"},"aioseo_notices":[],"uagb_featured_image_src":{"full":["https:\/\/mapospheres.eu\/wp-content\/uploads\/2026\/02\/ZZ_PIC4_BW_ISTANBUL.jpg",1000,1000,false],"thumbnail":["https:\/\/mapospheres.eu\/wp-content\/uploads\/2026\/02\/ZZ_PIC4_BW_ISTANBUL-150x150.jpg",150,150,true],"medium":["https:\/\/mapospheres.eu\/wp-content\/uploads\/2026\/02\/ZZ_PIC4_BW_ISTANBUL-300x300.jpg",300,300,true],"medium_large":["https:\/\/mapospheres.eu\/wp-content\/uploads\/2026\/02\/ZZ_PIC4_BW_ISTANBUL-768x768.jpg",768,768,true],"large":["https:\/\/mapospheres.eu\/wp-content\/uploads\/2026\/02\/ZZ_PIC4_BW_ISTANBUL.jpg",1000,1000,false],"1536x1536":["https:\/\/mapospheres.eu\/wp-content\/uploads\/2026\/02\/ZZ_PIC4_BW_ISTANBUL.jpg",1000,1000,false],"2048x2048":["https:\/\/mapospheres.eu\/wp-content\/uploads\/2026\/02\/ZZ_PIC4_BW_ISTANBUL.jpg",1000,1000,false],"woocommerce_thumbnail":["https:\/\/mapospheres.eu\/wp-content\/uploads\/2026\/02\/ZZ_PIC4_BW_ISTANBUL-300x300.jpg",300,300,true],"woocommerce_single":["https:\/\/mapospheres.eu\/wp-content\/uploads\/2026\/02\/ZZ_PIC4_BW_ISTANBUL-600x600.jpg",600,600,true],"woocommerce_gallery_thumbnail":["https:\/\/mapospheres.eu\/wp-content\/uploads\/2026\/02\/ZZ_PIC4_BW_ISTANBUL-100x100.jpg",100,100,true]},"uagb_author_info":{"display_name":"sgainot04@gmail.com","author_link":"https:\/\/mapospheres.eu\/es\/author\/"},"uagb_comment_info":0,"uagb_excerpt":"Consigue un City Map impreso (mapa mural) de Estambul, Turqu\u00eda. \u00a1Elige el tama\u00f1o, el color y el dise\u00f1o de tu mapa a continuaci\u00f3n!","_links":{"self":[{"href":"https:\/\/mapospheres.eu\/es\/wp-json\/wp\/v2\/product\/12392","targetHints":{"allow":["GET"]}}],"collection":[{"href":"https:\/\/mapospheres.eu\/es\/wp-json\/wp\/v2\/product"}],"about":[{"href":"https:\/\/mapospheres.eu\/es\/wp-json\/wp\/v2\/types\/product"}],"wp:featuredmedia":[{"embeddable":true,"href":"https:\/\/mapospheres.eu\/es\/wp-json\/wp\/v2\/media\/12703"}],"wp:attachment":[{"href":"https:\/\/mapospheres.eu\/es\/wp-json\/wp\/v2\/media?parent=12392"}],"wp:term":[{"taxonomy":"product_brand","embeddable":true,"href":"https:\/\/mapospheres.eu\/es\/wp-json\/wp\/v2\/product_brand?post=12392"},{"taxonomy":"product_cat","embeddable":true,"href":"https:\/\/mapospheres.eu\/es\/wp-json\/wp\/v2\/product_cat?post=12392"},{"taxonomy":"product_tag","embeddable":true,"href":"https:\/\/mapospheres.eu\/es\/wp-json\/wp\/v2\/product_tag?post=12392"}],"curies":[{"name":"wp","href":"https:\/\/api.w.org\/{rel}","templated":true}]}}