{"id":12397,"date":"2026-02-11T09:01:55","date_gmt":"2026-02-11T09:01:55","guid":{"rendered":"https:\/\/mapospheres.eu\/product\/poster-of-helsinki-finland\/"},"modified":"2026-02-12T14:44:16","modified_gmt":"2026-02-12T14:44:16","slug":"poster-of-helsinki-finland","status":"publish","type":"product","link":"https:\/\/mapospheres.eu\/es\/product\/poster-de-helsinki-finlandia\/","title":{"rendered":"Poster de Helsinki | Finlandia"},"content":{"rendered":"<p><strong>Poster City map de Helsinki, Finlandia: Contempla Helsinki, la perla del norte extendida suavemente a lo largo de las orillas del mar B\u00e1ltico \u2014 una ciudad donde la tierra se encuentra con el agua en un baile tranquilo y seguro.<\/strong><\/p>\n<p>Este mapa de pared captura la capital finlandesa en toda su verdad topogr\u00e1fica: las suaves ondulaciones del terreno, la red de islas dispersas como monedas olvidadas en el mar, y los bosques que se acercan como si a\u00fan decidieran si reclamar la ciudad. Vista desde arriba, Helsinki se despliega como un delicado equilibrio entre naturaleza y dise\u00f1o. Sus parques \u2014esos oasis de verde intenso, como los lejanos y helados primos de Central Park\u2014 se extienden por los barrios con la paciencia del musgo antiguo. La gran bah\u00eda de T\u00f6\u00f6l\u00f6nlahti, con forma de signo de interrogaci\u00f3n somnoliento, refleja el cielo en d\u00edas tranquilos, mientras que la isla-fortaleza de Suomenlinna reposa cerca, anta\u00f1o un puesto obstinado, ahora un narrador silencioso. Las agujas de las iglesias rompen el horizonte como signos de exclamaci\u00f3n en una frase de otra manera constante. La blanca Catedral de Helsinki se erige orgullosa en el coraz\u00f3n de la ciudad, como recordando a todos qui\u00e9n domina las vistas de postal. Mientras tanto, la iglesia Temppeliaukio, tallada directamente en la roca, hace una declaraci\u00f3n silenciosa: Helsinki no construye sobre la tierra \u2014 construye con ella. Este mapa ofrece no solo calles y edificios, sino la forma de una ciudad que todav\u00eda conversa tranquilamente con su paisaje. Es tanto una pieza del alma de granito de Finlandia como un registro de carreteras y tejados. Ideal para la pared de cualquiera que alguna vez se haya preguntado c\u00f3mo se ve una ciudad que crece con cortes\u00eda, dejando mucho espacio para los \u00e1rboles.<\/p>\n","protected":false},"excerpt":{"rendered":"<p>Consigue un City Map impreso (mapa mural) de Helsinki, Finlandia. \u00a1Elige el tama\u00f1o, el color y el dise\u00f1o de tu mapa a continuaci\u00f3n!<\/p>\n","protected":false},"featured_media":12919,"template":"","meta":{"_uag_custom_page_level_css":"","_monsterinsights_skip_tracking":false,"_monsterinsights_sitenote_active":false,"_monsterinsights_sitenote_note":"","_monsterinsights_sitenote_category":0,"site-sidebar-layout":"default","site-content-layout":"","ast-site-content-layout":"default","site-content-style":"default","site-sidebar-style":"default","ast-global-header-display":"","ast-banner-title-visibility":"","ast-main-header-display":"","ast-hfb-above-header-display":"","ast-hfb-below-header-display":"","ast-hfb-mobile-header-display":"","site-post-title":"","ast-breadcrumbs-content":"","ast-featured-img":"","footer-sml-layout":"","ast-disable-related-posts":"","theme-transparent-header-meta":"default","adv-header-id-meta":"","stick-header-meta":"","header-above-stick-meta":"","header-main-stick-meta":"","header-below-stick-meta":"","astra-migrate-meta-layouts":"set","ast-page-background-enabled":"default","ast-page-background-meta":{"desktop":{"background-color":"","background-image":"","background-repeat":"repeat","background-position":"center center","background-size":"auto","background-attachment":"scroll","background-type":"","background-media":"","overlay-type":"","overlay-color":"","overlay-opacity":"","overlay-gradient":""},"tablet":{"background-color":"","background-image":"","background-repeat":"repeat","background-position":"center center","background-size":"auto","background-attachment":"scroll","background-type":"","background-media":"","overlay-type":"","overlay-color":"","overlay-opacity":"","overlay-gradient":""},"mobile":{"background-color":"","background-image":"","background-repeat":"repeat","background-position":"center center","background-size":"auto","background-attachment":"scroll","background-type":"","background-media":"","overlay-type":"","overlay-color":"","overlay-opacity":"","overlay-gradient":""}},"ast-content-background-meta":{"desktop":{"background-color":"var(--ast-global-color-5)","background-image":"","background-repeat":"repeat","background-position":"center center","background-size":"auto","background-attachment":"scroll","background-type":"","background-media":"","overlay-type":"","overlay-color":"","overlay-opacity":"","overlay-gradient":""},"tablet":{"background-color":"var(--ast-global-color-5)","background-image":"","background-repeat":"repeat","background-position":"center center","background-size":"auto","background-attachment":"scroll","background-type":"","background-media":"","overlay-type":"","overlay-color":"","overlay-opacity":"","overlay-gradient":""},"mobile":{"background-color":"var(--ast-global-color-5)","background-image":"","background-repeat":"repeat","background-position":"center center","background-size":"auto","background-attachment":"scroll","background-type":"","background-media":"","overlay-type":"","overlay-color":"","overlay-opacity":"","overlay-gradient":""}}},"product_brand":[],"product_cat":[18],"product_tag":[34,35,36,40,93,471,472],"class_list":{"0":"post-12397","1":"product","2":"type-product","3":"status-publish","4":"has-post-thumbnail","6":"product_cat-city-maps","7":"product_tag-30x40","8":"product_tag-40x50","9":"product_tag-50x70","10":"product_tag-city-map","11":"product_tag-europe","12":"product_tag-finland","13":"product_tag-helsinki","14":"desktop-align-left","15":"tablet-align-left","16":"mobile-align-left","18":"first","19":"instock","20":"shipping-taxable","21":"purchasable","22":"product-type-variable"},"aioseo_notices":[],"uagb_featured_image_src":{"full":["https:\/\/mapospheres.eu\/wp-content\/uploads\/2026\/02\/ZZ_PIC3_BWR_HELSINKI.jpg",1000,1000,false],"thumbnail":["https:\/\/mapospheres.eu\/wp-content\/uploads\/2026\/02\/ZZ_PIC3_BWR_HELSINKI-150x150.jpg",150,150,true],"medium":["https:\/\/mapospheres.eu\/wp-content\/uploads\/2026\/02\/ZZ_PIC3_BWR_HELSINKI-300x300.jpg",300,300,true],"medium_large":["https:\/\/mapospheres.eu\/wp-content\/uploads\/2026\/02\/ZZ_PIC3_BWR_HELSINKI-768x768.jpg",768,768,true],"large":["https:\/\/mapospheres.eu\/wp-content\/uploads\/2026\/02\/ZZ_PIC3_BWR_HELSINKI.jpg",1000,1000,false],"1536x1536":["https:\/\/mapospheres.eu\/wp-content\/uploads\/2026\/02\/ZZ_PIC3_BWR_HELSINKI.jpg",1000,1000,false],"2048x2048":["https:\/\/mapospheres.eu\/wp-content\/uploads\/2026\/02\/ZZ_PIC3_BWR_HELSINKI.jpg",1000,1000,false],"woocommerce_thumbnail":["https:\/\/mapospheres.eu\/wp-content\/uploads\/2026\/02\/ZZ_PIC3_BWR_HELSINKI-300x300.jpg",300,300,true],"woocommerce_single":["https:\/\/mapospheres.eu\/wp-content\/uploads\/2026\/02\/ZZ_PIC3_BWR_HELSINKI-600x600.jpg",600,600,true],"woocommerce_gallery_thumbnail":["https:\/\/mapospheres.eu\/wp-content\/uploads\/2026\/02\/ZZ_PIC3_BWR_HELSINKI-100x100.jpg",100,100,true]},"uagb_author_info":{"display_name":"sgainot04@gmail.com","author_link":"https:\/\/mapospheres.eu\/es\/author\/"},"uagb_comment_info":0,"uagb_excerpt":"Consigue un City Map impreso (mapa mural) de Helsinki, Finlandia. \u00a1Elige el tama\u00f1o, el color y el dise\u00f1o de tu mapa a continuaci\u00f3n!","_links":{"self":[{"href":"https:\/\/mapospheres.eu\/es\/wp-json\/wp\/v2\/product\/12397","targetHints":{"allow":["GET"]}}],"collection":[{"href":"https:\/\/mapospheres.eu\/es\/wp-json\/wp\/v2\/product"}],"about":[{"href":"https:\/\/mapospheres.eu\/es\/wp-json\/wp\/v2\/types\/product"}],"wp:featuredmedia":[{"embeddable":true,"href":"https:\/\/mapospheres.eu\/es\/wp-json\/wp\/v2\/media\/12919"}],"wp:attachment":[{"href":"https:\/\/mapospheres.eu\/es\/wp-json\/wp\/v2\/media?parent=12397"}],"wp:term":[{"taxonomy":"product_brand","embeddable":true,"href":"https:\/\/mapospheres.eu\/es\/wp-json\/wp\/v2\/product_brand?post=12397"},{"taxonomy":"product_cat","embeddable":true,"href":"https:\/\/mapospheres.eu\/es\/wp-json\/wp\/v2\/product_cat?post=12397"},{"taxonomy":"product_tag","embeddable":true,"href":"https:\/\/mapospheres.eu\/es\/wp-json\/wp\/v2\/product_tag?post=12397"}],"curies":[{"name":"wp","href":"https:\/\/api.w.org\/{rel}","templated":true}]}}