{"id":12401,"date":"2026-02-11T09:02:04","date_gmt":"2026-02-11T09:02:04","guid":{"rendered":"https:\/\/mapospheres.eu\/product\/poster-of-breckenridge-elevation-map\/"},"modified":"2026-03-06T15:48:25","modified_gmt":"2026-03-06T15:48:25","slug":"poster-of-breckenridge-elevation-map","status":"publish","type":"product","link":"https:\/\/mapospheres.eu\/es\/product\/poster-de-breckenridge-mapa-altitud\/","title":{"rendered":"Poster de Breckenridge, Colorado, EEUU | Mapa de altitud"},"content":{"rendered":"<p>\u00a1Gracias por su inter\u00e9s en nuestro trabajo! \ud83d\ude42 <\/p>\n<p>Mapospheres es una buena combinaci\u00f3n de cartograf\u00eda y dise\u00f1o. Creamos una nueva serie de obras de ARTE IMPRESO que enfatiza las curvas de elevaci\u00f3n observadas en las ciudades del mundo. \u00a1Mapas de elevaci\u00f3n en gran formato impresos bajo demanda y f\u00e1ciles de pedir! <\/p>\n<p>Puedes elegir CUALQUIER CIUDAD DEL MUNDO para darle vida a tus habitaciones en casa o en tu oficina. Mapea tus destinos de viaje &#8216;amor a primera vista&#8217;, muestra tu ciudad de nacimiento en tu lugar de trabajo o incluso simplemente el lugar al que nunca has ido&#8230; (todav\u00eda). <\/p>\n<p>Por favor, lee la secci\u00f3n de <a title=\"FAQ\" href=\"https:\/\/mapospheres.eu\/es\/preguntas-frecuentes\/\" target=\"_blank\">preguntas frecuentes<\/a> y no dudes en <a title=\"contact\" href=\"https:\/\/mapospheres.eu\/es\/contacto\/\" target=\"_blank\">contactarme<\/a> si tienes alguna pregunta.<\/p>\n","protected":false},"excerpt":{"rendered":"<p>Consigue un mapa de altitud impreso de Breckenridge, Colorado, EEUU. \u00a1Elige el tama\u00f1o y el dise\u00f1o de tu mapa a continuaci\u00f3n!<\/p>\n","protected":false},"featured_media":14575,"template":"","meta":{"_uag_custom_page_level_css":"","_monsterinsights_skip_tracking":false,"_monsterinsights_sitenote_active":false,"_monsterinsights_sitenote_note":"","_monsterinsights_sitenote_category":0,"site-sidebar-layout":"default","site-content-layout":"","ast-site-content-layout":"default","site-content-style":"default","site-sidebar-style":"default","ast-global-header-display":"","ast-banner-title-visibility":"","ast-main-header-display":"","ast-hfb-above-header-display":"","ast-hfb-below-header-display":"","ast-hfb-mobile-header-display":"","site-post-title":"","ast-breadcrumbs-content":"","ast-featured-img":"","footer-sml-layout":"","ast-disable-related-posts":"","theme-transparent-header-meta":"default","adv-header-id-meta":"","stick-header-meta":"","header-above-stick-meta":"","header-main-stick-meta":"","header-below-stick-meta":"","astra-migrate-meta-layouts":"set","ast-page-background-enabled":"default","ast-page-background-meta":{"desktop":{"background-color":"","background-image":"","background-repeat":"repeat","background-position":"center center","background-size":"auto","background-attachment":"scroll","background-type":"","background-media":"","overlay-type":"","overlay-color":"","overlay-opacity":"","overlay-gradient":""},"tablet":{"background-color":"","background-image":"","background-repeat":"repeat","background-position":"center center","background-size":"auto","background-attachment":"scroll","background-type":"","background-media":"","overlay-type":"","overlay-color":"","overlay-opacity":"","overlay-gradient":""},"mobile":{"background-color":"","background-image":"","background-repeat":"repeat","background-position":"center center","background-size":"auto","background-attachment":"scroll","background-type":"","background-media":"","overlay-type":"","overlay-color":"","overlay-opacity":"","overlay-gradient":""}},"ast-content-background-meta":{"desktop":{"background-color":"var(--ast-global-color-5)","background-image":"","background-repeat":"repeat","background-position":"center center","background-size":"auto","background-attachment":"scroll","background-type":"","background-media":"","overlay-type":"","overlay-color":"","overlay-opacity":"","overlay-gradient":""},"tablet":{"background-color":"var(--ast-global-color-5)","background-image":"","background-repeat":"repeat","background-position":"center center","background-size":"auto","background-attachment":"scroll","background-type":"","background-media":"","overlay-type":"","overlay-color":"","overlay-opacity":"","overlay-gradient":""},"mobile":{"background-color":"var(--ast-global-color-5)","background-image":"","background-repeat":"repeat","background-position":"center center","background-size":"auto","background-attachment":"scroll","background-type":"","background-media":"","overlay-type":"","overlay-color":"","overlay-opacity":"","overlay-gradient":""}}},"product_brand":[],"product_cat":[90],"product_tag":[34,35,555,556,92,168],"class_list":{"0":"post-12401","1":"product","2":"type-product","3":"status-publish","4":"has-post-thumbnail","6":"product_cat-elevation-maps","7":"product_tag-30x40","8":"product_tag-40x50","9":"product_tag-breckenridge","10":"product_tag-colorado","11":"product_tag-elevation-map","12":"product_tag-us","13":"desktop-align-left","14":"tablet-align-left","15":"mobile-align-left","17":"first","18":"instock","19":"shipping-taxable","20":"purchasable","21":"product-type-variable"},"aioseo_notices":[],"uagb_featured_image_src":{"full":["https:\/\/mapospheres.eu\/wp-content\/uploads\/2026\/02\/ELEV_RAW_BRECKENRIDGE.jpg",2000,2000,false],"thumbnail":["https:\/\/mapospheres.eu\/wp-content\/uploads\/2026\/02\/ELEV_RAW_BRECKENRIDGE-150x150.jpg",150,150,true],"medium":["https:\/\/mapospheres.eu\/wp-content\/uploads\/2026\/02\/ELEV_RAW_BRECKENRIDGE-300x300.jpg",300,300,true],"medium_large":["https:\/\/mapospheres.eu\/wp-content\/uploads\/2026\/02\/ELEV_RAW_BRECKENRIDGE-768x768.jpg",768,768,true],"large":["https:\/\/mapospheres.eu\/wp-content\/uploads\/2026\/02\/ELEV_RAW_BRECKENRIDGE-1024x1024.jpg",1024,1024,true],"1536x1536":["https:\/\/mapospheres.eu\/wp-content\/uploads\/2026\/02\/ELEV_RAW_BRECKENRIDGE-1536x1536.jpg",1536,1536,true],"2048x2048":["https:\/\/mapospheres.eu\/wp-content\/uploads\/2026\/02\/ELEV_RAW_BRECKENRIDGE.jpg",2000,2000,false],"woocommerce_thumbnail":["https:\/\/mapospheres.eu\/wp-content\/uploads\/2026\/02\/ELEV_RAW_BRECKENRIDGE-300x300.jpg",300,300,true],"woocommerce_single":["https:\/\/mapospheres.eu\/wp-content\/uploads\/2026\/02\/ELEV_RAW_BRECKENRIDGE-600x600.jpg",600,600,true],"woocommerce_gallery_thumbnail":["https:\/\/mapospheres.eu\/wp-content\/uploads\/2026\/02\/ELEV_RAW_BRECKENRIDGE-100x100.jpg",100,100,true]},"uagb_author_info":{"display_name":"sgainot04@gmail.com","author_link":"https:\/\/mapospheres.eu\/es\/author\/"},"uagb_comment_info":0,"uagb_excerpt":"Consigue un mapa de altitud impreso de Breckenridge, Colorado, EEUU. \u00a1Elige el tama\u00f1o y el dise\u00f1o de tu mapa a continuaci\u00f3n!","_links":{"self":[{"href":"https:\/\/mapospheres.eu\/es\/wp-json\/wp\/v2\/product\/12401","targetHints":{"allow":["GET"]}}],"collection":[{"href":"https:\/\/mapospheres.eu\/es\/wp-json\/wp\/v2\/product"}],"about":[{"href":"https:\/\/mapospheres.eu\/es\/wp-json\/wp\/v2\/types\/product"}],"wp:featuredmedia":[{"embeddable":true,"href":"https:\/\/mapospheres.eu\/es\/wp-json\/wp\/v2\/media\/14575"}],"wp:attachment":[{"href":"https:\/\/mapospheres.eu\/es\/wp-json\/wp\/v2\/media?parent=12401"}],"wp:term":[{"taxonomy":"product_brand","embeddable":true,"href":"https:\/\/mapospheres.eu\/es\/wp-json\/wp\/v2\/product_brand?post=12401"},{"taxonomy":"product_cat","embeddable":true,"href":"https:\/\/mapospheres.eu\/es\/wp-json\/wp\/v2\/product_cat?post=12401"},{"taxonomy":"product_tag","embeddable":true,"href":"https:\/\/mapospheres.eu\/es\/wp-json\/wp\/v2\/product_tag?post=12401"}],"curies":[{"name":"wp","href":"https:\/\/api.w.org\/{rel}","templated":true}]}}