{"id":13161,"date":"2026-02-11T15:50:48","date_gmt":"2026-02-11T15:50:48","guid":{"rendered":"https:\/\/mapospheres.eu\/product\/ultimate-frisbee-401-the-map\/"},"modified":"2026-02-13T14:10:00","modified_gmt":"2026-02-13T14:10:00","slug":"ultimate-frisbee-401-the-map","status":"publish","type":"product","link":"https:\/\/mapospheres.eu\/es\/product\/ultimate-frisbee-401-mapa\/","title":{"rendered":"Ultimate Frisbee 401 - El mapa"},"content":{"rendered":"<p><meta http-equiv=\"CONTENT-TYPE\" content=\"text\/html; charset=utf-8\"><meta name=\"GENERATOR\" content=\"OpenOffice 4.1.6  (Win32)\"><\/p>\n<style type=\"text\/css\"><!--\n@page \n\t\tP \n--><\/style>\n<style><!--\n.embed-container  .embed-container iframe, .embed-container object, .embed-container embed \n--><\/style>\n<div style=\"text-align: center;\">\n<div class=\"embed-container\"><iframe src=\"https:\/\/www.youtube.com\/embed\/FfqEMmVzr1E\" frameborder=\"0\" allowfullscreen=\"\"><\/iframe><\/div>\n<\/div>\n<p><\/p>\n<p><\/p>\n<div style=\"text-align: center;\"><\/div>\n<div style=\"text-align: center;\">\n<span style=\"font-family: 'Arial', serif;\" face=\"Times New Roman, serif\">ULTIMATE FRISBEE\u00a9<\/span> &#8211; \u00a1Edici\u00f3n 2020!<\/div>\n<div style=\"text-align: center;\"><\/div>\n<div style=\"text-align: center;\"><\/div>\n<div style=\"text-align: center;\">Primer mapa en papel sobre Ultimate Frisbee<\/div>\n<div style=\"text-align: center;\"><span>**Env\u00edo a\u00e9reo gratuito a todo el mundo**<\/span><\/div>\n<p style=\"text-align: center;\">&#8211; Mapospheres. Mapas ilustrados para mostrar qui\u00e9n eres &#8211;<\/p>\n<p><\/p>\n<p>Con una buena combinaci\u00f3n de cartograf\u00eda y dise\u00f1o, Mapospheres cre\u00f3 un mapa mundial para jugadores de ultimate. Geo-localiza m\u00e1s de 400 clubes y proporciona informaci\u00f3n sobre su historial de victorias en los \u00faltimos 2 a\u00f1os&#8230; y m\u00e1s. Puedes marcar tus clubes favoritos con los que hayas jugado o localizar los pr\u00f3ximos con un marcador en nuestra l\u00e1mina reescribible. El mapa viene en gran formato, impreso bajo demanda y f\u00e1cil de pedir tanto para principiantes como para jugadores experimentados.<\/p>\n<p><\/p>\n<p>Sus ilustraciones ingenuas, coloridas y dedicadas son un gui\u00f1o cari\u00f1oso a los valores de nuestro deporte, a la atm\u00f3sfera de los torneos ecol\u00f3gicos y a toda la comunidad del disco volador. Este deporte todav\u00eda es joven y relativamente amateur, \u00bfpor qu\u00e9 no mostrarlo a los dem\u00e1s a trav\u00e9s de un mapa?<\/p>\n<p><\/p>\n<p>&#8211; Detalles del p\u00f3ster &#8211;<\/p>\n<ul>\n<li>\n<p>92 x 52 cm (36&#8243; x 20,5&#8243;)<\/p>\n<\/li>\n<li>\n<p>Papel libre de \u00e1cido<\/p>\n<\/li>\n<li>\n<p>Cobertura reescribible para agregar tu propia informaci\u00f3n<\/p>\n<\/li>\n<\/ul>\n<p><\/p>\n<p> Por favor, lee la secci\u00f3n de <a href=\"https:\/\/mapospheres.eu\/es\/preguntas-frecuentes\/\" title=\"FAQ\" target=\"_blank\">FAQ<\/a> y no dudes en <a href=\"https:\/\/mapospheres.eu\/es\/contacto\/\" title=\"contact\" target=\"_blank\">contactarme<\/a> si tienes alguna pregunta.<\/p>\n","protected":false},"excerpt":{"rendered":"<p>\u00a1Consigue esta impresi\u00f3n del mapa vintage de los clubes de Ultimate Frisbee de 2020 como mapa de pared!<\/p>\n","protected":false},"featured_media":13171,"template":"","meta":{"_uag_custom_page_level_css":"","_monsterinsights_skip_tracking":false,"_monsterinsights_sitenote_active":false,"_monsterinsights_sitenote_note":"","_monsterinsights_sitenote_category":0,"site-sidebar-layout":"default","site-content-layout":"","ast-site-content-layout":"default","site-content-style":"default","site-sidebar-style":"default","ast-global-header-display":"","ast-banner-title-visibility":"","ast-main-header-display":"","ast-hfb-above-header-display":"","ast-hfb-below-header-display":"","ast-hfb-mobile-header-display":"","site-post-title":"","ast-breadcrumbs-content":"","ast-featured-img":"","footer-sml-layout":"","ast-disable-related-posts":"","theme-transparent-header-meta":"default","adv-header-id-meta":"","stick-header-meta":"","header-above-stick-meta":"","header-main-stick-meta":"","header-below-stick-meta":"","astra-migrate-meta-layouts":"set","ast-page-background-enabled":"default","ast-page-background-meta":{"desktop":{"background-color":"","background-image":"","background-repeat":"repeat","background-position":"center center","background-size":"auto","background-attachment":"scroll","background-type":"","background-media":"","overlay-type":"","overlay-color":"","overlay-opacity":"","overlay-gradient":""},"tablet":{"background-color":"","background-image":"","background-repeat":"repeat","background-position":"center center","background-size":"auto","background-attachment":"scroll","background-type":"","background-media":"","overlay-type":"","overlay-color":"","overlay-opacity":"","overlay-gradient":""},"mobile":{"background-color":"","background-image":"","background-repeat":"repeat","background-position":"center center","background-size":"auto","background-attachment":"scroll","background-type":"","background-media":"","overlay-type":"","overlay-color":"","overlay-opacity":"","overlay-gradient":""}},"ast-content-background-meta":{"desktop":{"background-color":"var(--ast-global-color-5)","background-image":"","background-repeat":"repeat","background-position":"center center","background-size":"auto","background-attachment":"scroll","background-type":"","background-media":"","overlay-type":"","overlay-color":"","overlay-opacity":"","overlay-gradient":""},"tablet":{"background-color":"var(--ast-global-color-5)","background-image":"","background-repeat":"repeat","background-position":"center center","background-size":"auto","background-attachment":"scroll","background-type":"","background-media":"","overlay-type":"","overlay-color":"","overlay-opacity":"","overlay-gradient":""},"mobile":{"background-color":"var(--ast-global-color-5)","background-image":"","background-repeat":"repeat","background-position":"center center","background-size":"auto","background-attachment":"scroll","background-type":"","background-media":"","overlay-type":"","overlay-color":"","overlay-opacity":"","overlay-gradient":""}}},"product_brand":[],"product_cat":[466],"product_tag":[492,501,61,493,502,500],"class_list":{"0":"post-13161","1":"product","2":"type-product","3":"status-publish","4":"has-post-thumbnail","6":"product_cat-vintage-maps","7":"product_tag-activity-map","8":"product_tag-frisbee","9":"product_tag-map","10":"product_tag-outdoor","11":"product_tag-ultimate","12":"product_tag-world-map","13":"desktop-align-left","14":"tablet-align-left","15":"mobile-align-left","17":"first","18":"instock","19":"shipping-taxable","20":"purchasable","21":"product-type-simple"},"aioseo_notices":[],"uagb_featured_image_src":{"full":["https:\/\/mapospheres.eu\/wp-content\/uploads\/2026\/02\/PUB_CARRE_1080px.jpg",1080,1080,false],"thumbnail":["https:\/\/mapospheres.eu\/wp-content\/uploads\/2026\/02\/PUB_CARRE_1080px-150x150.jpg",150,150,true],"medium":["https:\/\/mapospheres.eu\/wp-content\/uploads\/2026\/02\/PUB_CARRE_1080px-300x300.jpg",300,300,true],"medium_large":["https:\/\/mapospheres.eu\/wp-content\/uploads\/2026\/02\/PUB_CARRE_1080px-768x768.jpg",768,768,true],"large":["https:\/\/mapospheres.eu\/wp-content\/uploads\/2026\/02\/PUB_CARRE_1080px-1024x1024.jpg",1024,1024,true],"1536x1536":["https:\/\/mapospheres.eu\/wp-content\/uploads\/2026\/02\/PUB_CARRE_1080px.jpg",1080,1080,false],"2048x2048":["https:\/\/mapospheres.eu\/wp-content\/uploads\/2026\/02\/PUB_CARRE_1080px.jpg",1080,1080,false],"woocommerce_thumbnail":["https:\/\/mapospheres.eu\/wp-content\/uploads\/2026\/02\/PUB_CARRE_1080px-300x300.jpg",300,300,true],"woocommerce_single":["https:\/\/mapospheres.eu\/wp-content\/uploads\/2026\/02\/PUB_CARRE_1080px-600x600.jpg",600,600,true],"woocommerce_gallery_thumbnail":["https:\/\/mapospheres.eu\/wp-content\/uploads\/2026\/02\/PUB_CARRE_1080px-100x100.jpg",100,100,true]},"uagb_author_info":{"display_name":"sgainot04@gmail.com","author_link":"https:\/\/mapospheres.eu\/es\/author\/"},"uagb_comment_info":0,"uagb_excerpt":"\u00a1Consigue esta impresi\u00f3n del mapa vintage de los clubes de Ultimate Frisbee de 2020 como mapa de pared!","_links":{"self":[{"href":"https:\/\/mapospheres.eu\/es\/wp-json\/wp\/v2\/product\/13161","targetHints":{"allow":["GET"]}}],"collection":[{"href":"https:\/\/mapospheres.eu\/es\/wp-json\/wp\/v2\/product"}],"about":[{"href":"https:\/\/mapospheres.eu\/es\/wp-json\/wp\/v2\/types\/product"}],"wp:featuredmedia":[{"embeddable":true,"href":"https:\/\/mapospheres.eu\/es\/wp-json\/wp\/v2\/media\/13171"}],"wp:attachment":[{"href":"https:\/\/mapospheres.eu\/es\/wp-json\/wp\/v2\/media?parent=13161"}],"wp:term":[{"taxonomy":"product_brand","embeddable":true,"href":"https:\/\/mapospheres.eu\/es\/wp-json\/wp\/v2\/product_brand?post=13161"},{"taxonomy":"product_cat","embeddable":true,"href":"https:\/\/mapospheres.eu\/es\/wp-json\/wp\/v2\/product_cat?post=13161"},{"taxonomy":"product_tag","embeddable":true,"href":"https:\/\/mapospheres.eu\/es\/wp-json\/wp\/v2\/product_tag?post=13161"}],"curies":[{"name":"wp","href":"https:\/\/api.w.org\/{rel}","templated":true}]}}