{"id":14710,"date":"2026-02-12T14:52:04","date_gmt":"2026-02-12T14:52:04","guid":{"rendered":"https:\/\/mapospheres.eu\/product\/poster-of-rouen-france\/"},"modified":"2026-02-18T10:30:57","modified_gmt":"2026-02-18T10:30:57","slug":"poster-of-rouen-france","status":"publish","type":"product","link":"https:\/\/mapospheres.eu\/es\/product\/poster-de-ruan-francia\/","title":{"rendered":"Poster de Ruan | Francia"},"content":{"rendered":"<p><strong>Poster City map de Ruan, Francia: El mapa revela una ciudad que ha cambiado a lo largo de los siglos pero que permanece arraigada en su rica herencia.<\/strong><\/p>\n<p>Ruan, el hist\u00f3rico coraz\u00f3n de Normand\u00eda, se extiende con gracia a lo largo del r\u00edo Sena, donde la tierra se eleva suavemente hacia las colinas que rodean la ciudad. Este mapa de Ruan captura no solo las calles y edificios de la ciudad, sino tambi\u00e9n el ritmo de su geograf\u00eda, donde el serpenteante r\u00edo fluye por el coraz\u00f3n de la ciudad, guiando tanto la historia como la vida moderna. El terreno de Ruan es una encantadora mezcla de tierras planas a orillas del r\u00edo y la ligera elevaci\u00f3n de las colinas circundantes, dando car\u00e1cter a la ciudad y ofreciendo vistas panor\u00e1micas de los tejados y agujas del casco antiguo. En el centro de todo se alza la impresionante Catedral de Ruan, con su torre que se eleva hacia el cielo, visible desde casi cualquier rinc\u00f3n del mapa. La catedral es una obra maestra de la arquitectura g\u00f3tica y, durante siglos, ha vigilado la ciudad como un silencioso guardi\u00e1n. Las calles de Ruan, llenas de casas con entramado de madera y encanto medieval, serpentean alrededor de la catedral, llev\u00e1ndote de una pintoresca plaza a otra. Casi puedes escuchar el eco de los pasos de Juana de Arco mientras recorres el mapa, ya que aqu\u00ed fue juzgada y finalmente martirizada, agregando un aire de importancia hist\u00f3rica a cada calle y esquina. M\u00e1s all\u00e1 de los monumentos hist\u00f3ricos y las \u00e1reas verdes, Ruan es una ciudad donde el pasado y el presente se mezclan a la perfecci\u00f3n. Las zonas modernas est\u00e1n llenas de tiendas, caf\u00e9s y galer\u00edas, pero es el coraz\u00f3n hist\u00f3rico de Ruan el que realmente destaca. Las antiguas calles medievales, ahora llenas de vida, cuentan historias de comerciantes, artistas y revolucionarios.<\/p>\n","protected":false},"excerpt":{"rendered":"<p>Consigue un City Map (mapa mural) impreso de Ruan, Francia. \u00a1Elige el tama\u00f1o, el color y el dise\u00f1o de tu mapa a continuaci\u00f3n!<\/p>\n","protected":false},"featured_media":16799,"template":"","meta":{"_uag_custom_page_level_css":"","_monsterinsights_skip_tracking":false,"_monsterinsights_sitenote_active":false,"_monsterinsights_sitenote_note":"","_monsterinsights_sitenote_category":0,"site-sidebar-layout":"default","site-content-layout":"","ast-site-content-layout":"default","site-content-style":"default","site-sidebar-style":"default","ast-global-header-display":"","ast-banner-title-visibility":"","ast-main-header-display":"","ast-hfb-above-header-display":"","ast-hfb-below-header-display":"","ast-hfb-mobile-header-display":"","site-post-title":"","ast-breadcrumbs-content":"","ast-featured-img":"","footer-sml-layout":"","ast-disable-related-posts":"","theme-transparent-header-meta":"default","adv-header-id-meta":"","stick-header-meta":"","header-above-stick-meta":"","header-main-stick-meta":"","header-below-stick-meta":"","astra-migrate-meta-layouts":"set","ast-page-background-enabled":"default","ast-page-background-meta":{"desktop":{"background-color":"","background-image":"","background-repeat":"repeat","background-position":"center center","background-size":"auto","background-attachment":"scroll","background-type":"","background-media":"","overlay-type":"","overlay-color":"","overlay-opacity":"","overlay-gradient":""},"tablet":{"background-color":"","background-image":"","background-repeat":"repeat","background-position":"center center","background-size":"auto","background-attachment":"scroll","background-type":"","background-media":"","overlay-type":"","overlay-color":"","overlay-opacity":"","overlay-gradient":""},"mobile":{"background-color":"","background-image":"","background-repeat":"repeat","background-position":"center center","background-size":"auto","background-attachment":"scroll","background-type":"","background-media":"","overlay-type":"","overlay-color":"","overlay-opacity":"","overlay-gradient":""}},"ast-content-background-meta":{"desktop":{"background-color":"var(--ast-global-color-5)","background-image":"","background-repeat":"repeat","background-position":"center center","background-size":"auto","background-attachment":"scroll","background-type":"","background-media":"","overlay-type":"","overlay-color":"","overlay-opacity":"","overlay-gradient":""},"tablet":{"background-color":"var(--ast-global-color-5)","background-image":"","background-repeat":"repeat","background-position":"center center","background-size":"auto","background-attachment":"scroll","background-type":"","background-media":"","overlay-type":"","overlay-color":"","overlay-opacity":"","overlay-gradient":""},"mobile":{"background-color":"var(--ast-global-color-5)","background-image":"","background-repeat":"repeat","background-position":"center center","background-size":"auto","background-attachment":"scroll","background-type":"","background-media":"","overlay-type":"","overlay-color":"","overlay-opacity":"","overlay-gradient":""}}},"product_brand":[],"product_cat":[18,464],"product_tag":[34,35,36,39,40,93,100,682],"class_list":{"0":"post-14710","1":"product","2":"type-product","3":"status-publish","4":"has-post-thumbnail","6":"product_cat-city-maps","7":"product_cat-featured_fr","8":"product_tag-30x40","9":"product_tag-40x50","10":"product_tag-50x70","11":"product_tag-canvas","12":"product_tag-city-map","13":"product_tag-europe","14":"product_tag-france","15":"product_tag-rouen","16":"desktop-align-left","17":"tablet-align-left","18":"mobile-align-left","20":"first","21":"instock","22":"shipping-taxable","23":"purchasable","24":"product-type-variable"},"aioseo_notices":[],"uagb_featured_image_src":{"full":["https:\/\/mapospheres.eu\/wp-content\/uploads\/2026\/02\/CANVAS_3_NIGHT_ROUEN.jpg",1000,1000,false],"thumbnail":["https:\/\/mapospheres.eu\/wp-content\/uploads\/2026\/02\/CANVAS_3_NIGHT_ROUEN-150x150.jpg",150,150,true],"medium":["https:\/\/mapospheres.eu\/wp-content\/uploads\/2026\/02\/CANVAS_3_NIGHT_ROUEN-300x300.jpg",300,300,true],"medium_large":["https:\/\/mapospheres.eu\/wp-content\/uploads\/2026\/02\/CANVAS_3_NIGHT_ROUEN-768x768.jpg",768,768,true],"large":["https:\/\/mapospheres.eu\/wp-content\/uploads\/2026\/02\/CANVAS_3_NIGHT_ROUEN.jpg",1000,1000,false],"1536x1536":["https:\/\/mapospheres.eu\/wp-content\/uploads\/2026\/02\/CANVAS_3_NIGHT_ROUEN.jpg",1000,1000,false],"2048x2048":["https:\/\/mapospheres.eu\/wp-content\/uploads\/2026\/02\/CANVAS_3_NIGHT_ROUEN.jpg",1000,1000,false],"woocommerce_thumbnail":["https:\/\/mapospheres.eu\/wp-content\/uploads\/2026\/02\/CANVAS_3_NIGHT_ROUEN-300x300.jpg",300,300,true],"woocommerce_single":["https:\/\/mapospheres.eu\/wp-content\/uploads\/2026\/02\/CANVAS_3_NIGHT_ROUEN-600x600.jpg",600,600,true],"woocommerce_gallery_thumbnail":["https:\/\/mapospheres.eu\/wp-content\/uploads\/2026\/02\/CANVAS_3_NIGHT_ROUEN-100x100.jpg",100,100,true]},"uagb_author_info":{"display_name":"sgainot04@gmail.com","author_link":"https:\/\/mapospheres.eu\/es\/author\/"},"uagb_comment_info":0,"uagb_excerpt":"Consigue un City Map (mapa mural) impreso de Ruan, Francia. \u00a1Elige el tama\u00f1o, el color y el dise\u00f1o de tu mapa a continuaci\u00f3n!","_links":{"self":[{"href":"https:\/\/mapospheres.eu\/es\/wp-json\/wp\/v2\/product\/14710","targetHints":{"allow":["GET"]}}],"collection":[{"href":"https:\/\/mapospheres.eu\/es\/wp-json\/wp\/v2\/product"}],"about":[{"href":"https:\/\/mapospheres.eu\/es\/wp-json\/wp\/v2\/types\/product"}],"wp:featuredmedia":[{"embeddable":true,"href":"https:\/\/mapospheres.eu\/es\/wp-json\/wp\/v2\/media\/16799"}],"wp:attachment":[{"href":"https:\/\/mapospheres.eu\/es\/wp-json\/wp\/v2\/media?parent=14710"}],"wp:term":[{"taxonomy":"product_brand","embeddable":true,"href":"https:\/\/mapospheres.eu\/es\/wp-json\/wp\/v2\/product_brand?post=14710"},{"taxonomy":"product_cat","embeddable":true,"href":"https:\/\/mapospheres.eu\/es\/wp-json\/wp\/v2\/product_cat?post=14710"},{"taxonomy":"product_tag","embeddable":true,"href":"https:\/\/mapospheres.eu\/es\/wp-json\/wp\/v2\/product_tag?post=14710"}],"curies":[{"name":"wp","href":"https:\/\/api.w.org\/{rel}","templated":true}]}}