{"id":14711,"date":"2026-02-12T14:52:09","date_gmt":"2026-02-12T14:52:09","guid":{"rendered":"https:\/\/mapospheres.eu\/product\/poster-of-johannesburg-south-africa\/"},"modified":"2026-03-06T15:47:14","modified_gmt":"2026-03-06T15:47:14","slug":"poster-of-johannesburg-south-africa","status":"publish","type":"product","link":"https:\/\/mapospheres.eu\/es\/product\/poster-de-johannesburgo-sudafrica\/","title":{"rendered":"Poster de Johannesburgo | Sud\u00e1frica"},"content":{"rendered":"<p><strong>Poster City map de Johannesburgo, Sud\u00e1frica: \u00abJoburg\u00bb, como se le llama cari\u00f1osamente, es una ciudad construida sobre tierras donde se descubri\u00f3 oro por primera vez, y este mapa captura la belleza escarpada y el esp\u00edritu din\u00e1mico de la ciudad en todo su detalle topogr\u00e1fico.<\/strong><\/p>\n<p>Ubicado en el Highveld, el paisaje de Johannesburgo es un mosaico de colinas y valles que se elevan desde las llanuras planas, con algunas \u00e1reas alcanzando m\u00e1s de 6,000 pies de altitud. Esto le da a la ciudad una mezcla \u00fanica de vistas panor\u00e1micas y pendientes dram\u00e1ticas, particularmente en \u00e1reas como los frondosos suburbios del norte, donde las colinas ondulantes contrastan de manera impresionante con el desarrollo urbano que se extiende debajo. El mapa de Johannesburgo revela no solo su terreno, sino tambi\u00e9n sus espacios verdes, que ofrecen un escape del pulso de la ciudad. Los famosos Jardines Bot\u00e1nicos de Johannesburgo, con sus tranquilos lagos y grandes \u00e1rboles que brindan sombra, son un oasis en medio del bullicio urbano. Cerca, la vasta y esc\u00e9nica Reserva Natural Klipriviersberg ofrece un escape m\u00e1s agreste, con vistas a la extensa ciudad y un vistazo a la historia de Johannesburgo como ciudad minera de oro, con viejas minas dispersas por la zona. En el coraz\u00f3n de la ciudad, las \u00e1reas urbanas se intercalan con parques y \u00e1rboles, con lugares emblem\u00e1ticos como el ic\u00f3nico Gold Reef City, un parque tem\u00e1tico construido en torno al rico pasado minero de oro de Johannesburgo. Al sur, el famoso municipio de Soweto se erige como un s\u00edmbolo de resiliencia y un recordatorio de la compleja historia de la ciudad, un lugar donde la historia del camino de Sud\u00e1frica hacia la libertad se escribe en cada calle.<\/p>\n","protected":false},"excerpt":{"rendered":"<p>Consigue un City Map (mapa mural) impreso de Johannesburgo, Sud\u00e1frica. \u00a1Elige el tama\u00f1o, el color y el dise\u00f1o de tu mapa a continuaci\u00f3n!<\/p>\n","protected":false},"featured_media":16786,"template":"","meta":{"_uag_custom_page_level_css":"","_monsterinsights_skip_tracking":false,"_monsterinsights_sitenote_active":false,"_monsterinsights_sitenote_note":"","_monsterinsights_sitenote_category":0,"site-sidebar-layout":"default","site-content-layout":"","ast-site-content-layout":"default","site-content-style":"default","site-sidebar-style":"default","ast-global-header-display":"","ast-banner-title-visibility":"","ast-main-header-display":"","ast-hfb-above-header-display":"","ast-hfb-below-header-display":"","ast-hfb-mobile-header-display":"","site-post-title":"","ast-breadcrumbs-content":"","ast-featured-img":"","footer-sml-layout":"","ast-disable-related-posts":"","theme-transparent-header-meta":"default","adv-header-id-meta":"","stick-header-meta":"","header-above-stick-meta":"","header-main-stick-meta":"","header-below-stick-meta":"","astra-migrate-meta-layouts":"set","ast-page-background-enabled":"default","ast-page-background-meta":{"desktop":{"background-color":"","background-image":"","background-repeat":"repeat","background-position":"center center","background-size":"auto","background-attachment":"scroll","background-type":"","background-media":"","overlay-type":"","overlay-color":"","overlay-opacity":"","overlay-gradient":""},"tablet":{"background-color":"","background-image":"","background-repeat":"repeat","background-position":"center center","background-size":"auto","background-attachment":"scroll","background-type":"","background-media":"","overlay-type":"","overlay-color":"","overlay-opacity":"","overlay-gradient":""},"mobile":{"background-color":"","background-image":"","background-repeat":"repeat","background-position":"center center","background-size":"auto","background-attachment":"scroll","background-type":"","background-media":"","overlay-type":"","overlay-color":"","overlay-opacity":"","overlay-gradient":""}},"ast-content-background-meta":{"desktop":{"background-color":"var(--ast-global-color-5)","background-image":"","background-repeat":"repeat","background-position":"center center","background-size":"auto","background-attachment":"scroll","background-type":"","background-media":"","overlay-type":"","overlay-color":"","overlay-opacity":"","overlay-gradient":""},"tablet":{"background-color":"var(--ast-global-color-5)","background-image":"","background-repeat":"repeat","background-position":"center center","background-size":"auto","background-attachment":"scroll","background-type":"","background-media":"","overlay-type":"","overlay-color":"","overlay-opacity":"","overlay-gradient":""},"mobile":{"background-color":"var(--ast-global-color-5)","background-image":"","background-repeat":"repeat","background-position":"center center","background-size":"auto","background-attachment":"scroll","background-type":"","background-media":"","overlay-type":"","overlay-color":"","overlay-opacity":"","overlay-gradient":""}}},"product_brand":[],"product_cat":[18,338],"product_tag":[34,35,36,97,39,40,681,671],"class_list":{"0":"post-14711","1":"product","2":"type-product","3":"status-publish","4":"has-post-thumbnail","6":"product_cat-city-maps","7":"product_cat-featured_eng","8":"product_tag-30x40","9":"product_tag-40x50","10":"product_tag-50x70","11":"product_tag-africa","12":"product_tag-canvas","13":"product_tag-city-map","14":"product_tag-johannesburg","15":"product_tag-south-africa","16":"desktop-align-left","17":"tablet-align-left","18":"mobile-align-left","20":"first","21":"instock","22":"shipping-taxable","23":"purchasable","24":"product-type-variable"},"aioseo_notices":[],"uagb_featured_image_src":{"full":["https:\/\/mapospheres.eu\/wp-content\/uploads\/2026\/02\/CANVAS_2_BWROUND_JOHANNESBURG.jpg",1000,1000,false],"thumbnail":["https:\/\/mapospheres.eu\/wp-content\/uploads\/2026\/02\/CANVAS_2_BWROUND_JOHANNESBURG-150x150.jpg",150,150,true],"medium":["https:\/\/mapospheres.eu\/wp-content\/uploads\/2026\/02\/CANVAS_2_BWROUND_JOHANNESBURG-300x300.jpg",300,300,true],"medium_large":["https:\/\/mapospheres.eu\/wp-content\/uploads\/2026\/02\/CANVAS_2_BWROUND_JOHANNESBURG-768x768.jpg",768,768,true],"large":["https:\/\/mapospheres.eu\/wp-content\/uploads\/2026\/02\/CANVAS_2_BWROUND_JOHANNESBURG.jpg",1000,1000,false],"1536x1536":["https:\/\/mapospheres.eu\/wp-content\/uploads\/2026\/02\/CANVAS_2_BWROUND_JOHANNESBURG.jpg",1000,1000,false],"2048x2048":["https:\/\/mapospheres.eu\/wp-content\/uploads\/2026\/02\/CANVAS_2_BWROUND_JOHANNESBURG.jpg",1000,1000,false],"woocommerce_thumbnail":["https:\/\/mapospheres.eu\/wp-content\/uploads\/2026\/02\/CANVAS_2_BWROUND_JOHANNESBURG-300x300.jpg",300,300,true],"woocommerce_single":["https:\/\/mapospheres.eu\/wp-content\/uploads\/2026\/02\/CANVAS_2_BWROUND_JOHANNESBURG-600x600.jpg",600,600,true],"woocommerce_gallery_thumbnail":["https:\/\/mapospheres.eu\/wp-content\/uploads\/2026\/02\/CANVAS_2_BWROUND_JOHANNESBURG-100x100.jpg",100,100,true]},"uagb_author_info":{"display_name":"sgainot04@gmail.com","author_link":"https:\/\/mapospheres.eu\/es\/author\/"},"uagb_comment_info":0,"uagb_excerpt":"Consigue un City Map (mapa mural) impreso de Johannesburgo, Sud\u00e1frica. \u00a1Elige el tama\u00f1o, el color y el dise\u00f1o de tu mapa a continuaci\u00f3n!","_links":{"self":[{"href":"https:\/\/mapospheres.eu\/es\/wp-json\/wp\/v2\/product\/14711","targetHints":{"allow":["GET"]}}],"collection":[{"href":"https:\/\/mapospheres.eu\/es\/wp-json\/wp\/v2\/product"}],"about":[{"href":"https:\/\/mapospheres.eu\/es\/wp-json\/wp\/v2\/types\/product"}],"wp:featuredmedia":[{"embeddable":true,"href":"https:\/\/mapospheres.eu\/es\/wp-json\/wp\/v2\/media\/16786"}],"wp:attachment":[{"href":"https:\/\/mapospheres.eu\/es\/wp-json\/wp\/v2\/media?parent=14711"}],"wp:term":[{"taxonomy":"product_brand","embeddable":true,"href":"https:\/\/mapospheres.eu\/es\/wp-json\/wp\/v2\/product_brand?post=14711"},{"taxonomy":"product_cat","embeddable":true,"href":"https:\/\/mapospheres.eu\/es\/wp-json\/wp\/v2\/product_cat?post=14711"},{"taxonomy":"product_tag","embeddable":true,"href":"https:\/\/mapospheres.eu\/es\/wp-json\/wp\/v2\/product_tag?post=14711"}],"curies":[{"name":"wp","href":"https:\/\/api.w.org\/{rel}","templated":true}]}}