{"id":14715,"date":"2026-02-12T14:52:21","date_gmt":"2026-02-12T14:52:21","guid":{"rendered":"https:\/\/mapospheres.eu\/product\/poster-of-tunis-tunisia\/"},"modified":"2026-02-18T10:31:01","modified_gmt":"2026-02-18T10:31:01","slug":"poster-of-tunis-tunisia","status":"publish","type":"product","link":"https:\/\/mapospheres.eu\/es\/product\/poster-de-tunez-tunez\/","title":{"rendered":"Poster de T\u00fanez | T\u00fanez"},"content":{"rendered":"<p><strong>Poster City map de T\u00fanez, T\u00fanez: Este mapa de T\u00fanez revela una ciudad con una rica historia, donde las antiguas ruinas romanas se mezclan armoniosamente con la vida moderna.<\/strong><\/p>\n<p>El terreno de la ciudad es una hermosa mezcla de colinas bajas y llanuras costeras planas, con el verde exuberante de los parques cercanos y la famosa Colina del Belv\u00e9d\u00e8re ofreciendo vistas impresionantes sobre la ciudad y el mar. Desde esta colina, uno casi puede imaginar los d\u00edas en que los fenicios, y luego los romanos, contemplaban la misma extensi\u00f3n, pensando en su pr\u00f3xima gran aventura. Al recorrer el mapa, notar\u00e1s las sinuosas calles de la Medina, el coraz\u00f3n de T\u00fanez, donde el pasado sigue vivo en forma de callejones estrechos, bulliciosos zocos y mezquitas centenarias. La ciudad tambi\u00e9n alberga varios espacios verdes que proporcionan un escape tranquilo del bullicio urbano. El hom\u00f3nimo de la ciudad, el Jard\u00edn de la Universidad de T\u00fanez, por ejemplo, ofrece senderos sombreados donde uno puede sentarse y reflexionar, quiz\u00e1s en un momento de tranquilidad, como lo habr\u00edan hecho generaciones anteriores. El mapa tambi\u00e9n destaca los grandes bulevares y avenidas amplias de la ciudad, como la Avenida Habib Bourguiba, bordeada de cafeter\u00edas y tiendas, ofreciendo un sabor tanto de la cultura tunecina moderna como de su historia colonial. Casi se puede escuchar la risa de los locales y el tintinear de las tazas de caf\u00e9, mezclando el presente con los ecos del pasado. No hay que pasar por alto que la proximidad de la ciudad al mar Mediterr\u00e1neo le da a T\u00fanez su singular atractivo. La zona del puerto y la cercana La Goulette ofrecen una puerta al mar, antes una importante ruta comercial para los imperios, ahora un lugar donde los locales disfrutan de mariscos frescos y pasean junto al agua. Las ruinas de Cartago, a poca distancia de la ciudad, nos recuerdan la grandeza de una civilizaci\u00f3n antigua que una vez domin\u00f3 el Mediterr\u00e1neo.<\/p>\n","protected":false},"excerpt":{"rendered":"<p>Consigue un City Map (mapa mural) impreso de T\u00fanez, T\u00fanez. \u00a1Elige el tama\u00f1o, el color y el dise\u00f1o de tu mapa a continuaci\u00f3n!<\/p>\n","protected":false},"featured_media":16762,"template":"","meta":{"_uag_custom_page_level_css":"","_monsterinsights_skip_tracking":false,"_monsterinsights_sitenote_active":false,"_monsterinsights_sitenote_note":"","_monsterinsights_sitenote_category":0,"site-sidebar-layout":"default","site-content-layout":"","ast-site-content-layout":"default","site-content-style":"default","site-sidebar-style":"default","ast-global-header-display":"","ast-banner-title-visibility":"","ast-main-header-display":"","ast-hfb-above-header-display":"","ast-hfb-below-header-display":"","ast-hfb-mobile-header-display":"","site-post-title":"","ast-breadcrumbs-content":"","ast-featured-img":"","footer-sml-layout":"","ast-disable-related-posts":"","theme-transparent-header-meta":"default","adv-header-id-meta":"","stick-header-meta":"","header-above-stick-meta":"","header-main-stick-meta":"","header-below-stick-meta":"","astra-migrate-meta-layouts":"set","ast-page-background-enabled":"default","ast-page-background-meta":{"desktop":{"background-color":"","background-image":"","background-repeat":"repeat","background-position":"center center","background-size":"auto","background-attachment":"scroll","background-type":"","background-media":"","overlay-type":"","overlay-color":"","overlay-opacity":"","overlay-gradient":""},"tablet":{"background-color":"","background-image":"","background-repeat":"repeat","background-position":"center center","background-size":"auto","background-attachment":"scroll","background-type":"","background-media":"","overlay-type":"","overlay-color":"","overlay-opacity":"","overlay-gradient":""},"mobile":{"background-color":"","background-image":"","background-repeat":"repeat","background-position":"center center","background-size":"auto","background-attachment":"scroll","background-type":"","background-media":"","overlay-type":"","overlay-color":"","overlay-opacity":"","overlay-gradient":""}},"ast-content-background-meta":{"desktop":{"background-color":"var(--ast-global-color-5)","background-image":"","background-repeat":"repeat","background-position":"center center","background-size":"auto","background-attachment":"scroll","background-type":"","background-media":"","overlay-type":"","overlay-color":"","overlay-opacity":"","overlay-gradient":""},"tablet":{"background-color":"var(--ast-global-color-5)","background-image":"","background-repeat":"repeat","background-position":"center center","background-size":"auto","background-attachment":"scroll","background-type":"","background-media":"","overlay-type":"","overlay-color":"","overlay-opacity":"","overlay-gradient":""},"mobile":{"background-color":"var(--ast-global-color-5)","background-image":"","background-repeat":"repeat","background-position":"center center","background-size":"auto","background-attachment":"scroll","background-type":"","background-media":"","overlay-type":"","overlay-color":"","overlay-opacity":"","overlay-gradient":""}}},"product_brand":[],"product_cat":[18,464],"product_tag":[34,35,36,97,40,676,677],"class_list":{"0":"post-14715","1":"product","2":"type-product","3":"status-publish","4":"has-post-thumbnail","6":"product_cat-city-maps","7":"product_cat-featured_fr","8":"product_tag-30x40","9":"product_tag-40x50","10":"product_tag-50x70","11":"product_tag-africa","12":"product_tag-city-map","13":"product_tag-tunis","14":"product_tag-tunisia","15":"desktop-align-left","16":"tablet-align-left","17":"mobile-align-left","19":"first","20":"instock","21":"shipping-taxable","22":"purchasable","23":"product-type-variable"},"aioseo_notices":[],"uagb_featured_image_src":{"full":["https:\/\/mapospheres.eu\/wp-content\/uploads\/2026\/02\/CANVAS_13_NIGHT_MP_TUNIS.jpg",1000,1000,false],"thumbnail":["https:\/\/mapospheres.eu\/wp-content\/uploads\/2026\/02\/CANVAS_13_NIGHT_MP_TUNIS-150x150.jpg",150,150,true],"medium":["https:\/\/mapospheres.eu\/wp-content\/uploads\/2026\/02\/CANVAS_13_NIGHT_MP_TUNIS-300x300.jpg",300,300,true],"medium_large":["https:\/\/mapospheres.eu\/wp-content\/uploads\/2026\/02\/CANVAS_13_NIGHT_MP_TUNIS-768x768.jpg",768,768,true],"large":["https:\/\/mapospheres.eu\/wp-content\/uploads\/2026\/02\/CANVAS_13_NIGHT_MP_TUNIS.jpg",1000,1000,false],"1536x1536":["https:\/\/mapospheres.eu\/wp-content\/uploads\/2026\/02\/CANVAS_13_NIGHT_MP_TUNIS.jpg",1000,1000,false],"2048x2048":["https:\/\/mapospheres.eu\/wp-content\/uploads\/2026\/02\/CANVAS_13_NIGHT_MP_TUNIS.jpg",1000,1000,false],"woocommerce_thumbnail":["https:\/\/mapospheres.eu\/wp-content\/uploads\/2026\/02\/CANVAS_13_NIGHT_MP_TUNIS-300x300.jpg",300,300,true],"woocommerce_single":["https:\/\/mapospheres.eu\/wp-content\/uploads\/2026\/02\/CANVAS_13_NIGHT_MP_TUNIS-600x600.jpg",600,600,true],"woocommerce_gallery_thumbnail":["https:\/\/mapospheres.eu\/wp-content\/uploads\/2026\/02\/CANVAS_13_NIGHT_MP_TUNIS-100x100.jpg",100,100,true]},"uagb_author_info":{"display_name":"sgainot04@gmail.com","author_link":"https:\/\/mapospheres.eu\/es\/author\/"},"uagb_comment_info":0,"uagb_excerpt":"Consigue un City Map (mapa mural) impreso de T\u00fanez, T\u00fanez. \u00a1Elige el tama\u00f1o, el color y el dise\u00f1o de tu mapa a continuaci\u00f3n!","_links":{"self":[{"href":"https:\/\/mapospheres.eu\/es\/wp-json\/wp\/v2\/product\/14715","targetHints":{"allow":["GET"]}}],"collection":[{"href":"https:\/\/mapospheres.eu\/es\/wp-json\/wp\/v2\/product"}],"about":[{"href":"https:\/\/mapospheres.eu\/es\/wp-json\/wp\/v2\/types\/product"}],"wp:featuredmedia":[{"embeddable":true,"href":"https:\/\/mapospheres.eu\/es\/wp-json\/wp\/v2\/media\/16762"}],"wp:attachment":[{"href":"https:\/\/mapospheres.eu\/es\/wp-json\/wp\/v2\/media?parent=14715"}],"wp:term":[{"taxonomy":"product_brand","embeddable":true,"href":"https:\/\/mapospheres.eu\/es\/wp-json\/wp\/v2\/product_brand?post=14715"},{"taxonomy":"product_cat","embeddable":true,"href":"https:\/\/mapospheres.eu\/es\/wp-json\/wp\/v2\/product_cat?post=14715"},{"taxonomy":"product_tag","embeddable":true,"href":"https:\/\/mapospheres.eu\/es\/wp-json\/wp\/v2\/product_tag?post=14715"}],"curies":[{"name":"wp","href":"https:\/\/api.w.org\/{rel}","templated":true}]}}