{"id":14721,"date":"2026-02-12T14:52:50","date_gmt":"2026-02-12T14:52:50","guid":{"rendered":"https:\/\/mapospheres.eu\/product\/poster-of-milan-italy\/"},"modified":"2026-02-17T15:00:14","modified_gmt":"2026-02-17T15:00:14","slug":"poster-of-milan-italy","status":"publish","type":"product","link":"https:\/\/mapospheres.eu\/es\/product\/poster-de-milan-italia\/","title":{"rendered":"Poster de Mil\u00e1n | Italia"},"content":{"rendered":"<p><strong>Poster City map de Mil\u00e1n, Italia: el City Map de Mil\u00e1n, Italia, captura la elegancia y la energ\u00eda de esta hist\u00f3rica metr\u00f3polis, donde la vida moderna y el rico patrimonio se entrelazan sin esfuerzo.<\/strong><\/p>\n<p>Ubicada en el coraz\u00f3n del Valle del r\u00edo Po, el terreno plano de Mil\u00e1n est\u00e1 enmarcado por las lejanas estribaciones de los Alpes, un recordatorio de la constante presencia de las monta\u00f1as. El mapa muestra c\u00f3mo la ciudad se extiende hacia afuera, con sus canales, antes utilizados para el comercio, que ahora ofrecen un vistazo m\u00e1s tranquilo al pasado de la ciudad. El famoso distrito de Navigli, con sus sinuosos canales, se destaca, un sutil gui\u00f1o al pr\u00f3spero comercio de Mil\u00e1n y al genio de Leonardo da Vinci, quien ayud\u00f3 a dise\u00f1ar el sistema de canales de la ciudad. Entre los muchos puntos de referencia de la ciudad, ninguno es m\u00e1s ic\u00f3nico que el magn\u00edfico Duomo, con sus agujas que se elevan hacia el cielo, dominando el paisaje urbano. Esta catedral no solo es un s\u00edmbolo de Mil\u00e1n, sino un testimonio de siglos de artesan\u00eda y devoci\u00f3n. El Castillo Sforza, otra joya hist\u00f3rica, se erige orgulloso en el coraz\u00f3n del mapa, custodiando las historias de la ciudad desde la Edad Media hasta el Renacimiento. Cerca de all\u00ed, el Parco Sempione ofrece un escape tranquilo del bullicio urbano, una extensi\u00f3n verde que contrasta con la agitaci\u00f3n de la ciudad, invitando a locales y visitantes a pasear o relajarse bajo la sombra de \u00e1rboles centenarios.<\/p>\n","protected":false},"excerpt":{"rendered":"<p>Consigue un City Map (mapa mural) impreso de Mil\u00e1n, Italia. \u00a1Elige el tama\u00f1o, el color y el dise\u00f1o de tu mapa a continuaci\u00f3n!<\/p>\n","protected":false},"featured_media":16562,"template":"","meta":{"_uag_custom_page_level_css":"","_monsterinsights_skip_tracking":false,"_monsterinsights_sitenote_active":false,"_monsterinsights_sitenote_note":"","_monsterinsights_sitenote_category":0,"site-sidebar-layout":"default","site-content-layout":"","ast-site-content-layout":"default","site-content-style":"default","site-sidebar-style":"default","ast-global-header-display":"","ast-banner-title-visibility":"","ast-main-header-display":"","ast-hfb-above-header-display":"","ast-hfb-below-header-display":"","ast-hfb-mobile-header-display":"","site-post-title":"","ast-breadcrumbs-content":"","ast-featured-img":"","footer-sml-layout":"","ast-disable-related-posts":"","theme-transparent-header-meta":"default","adv-header-id-meta":"","stick-header-meta":"","header-above-stick-meta":"","header-main-stick-meta":"","header-below-stick-meta":"","astra-migrate-meta-layouts":"set","ast-page-background-enabled":"default","ast-page-background-meta":{"desktop":{"background-color":"","background-image":"","background-repeat":"repeat","background-position":"center center","background-size":"auto","background-attachment":"scroll","background-type":"","background-media":"","overlay-type":"","overlay-color":"","overlay-opacity":"","overlay-gradient":""},"tablet":{"background-color":"","background-image":"","background-repeat":"repeat","background-position":"center center","background-size":"auto","background-attachment":"scroll","background-type":"","background-media":"","overlay-type":"","overlay-color":"","overlay-opacity":"","overlay-gradient":""},"mobile":{"background-color":"","background-image":"","background-repeat":"repeat","background-position":"center center","background-size":"auto","background-attachment":"scroll","background-type":"","background-media":"","overlay-type":"","overlay-color":"","overlay-opacity":"","overlay-gradient":""}},"ast-content-background-meta":{"desktop":{"background-color":"var(--ast-global-color-5)","background-image":"","background-repeat":"repeat","background-position":"center center","background-size":"auto","background-attachment":"scroll","background-type":"","background-media":"","overlay-type":"","overlay-color":"","overlay-opacity":"","overlay-gradient":""},"tablet":{"background-color":"var(--ast-global-color-5)","background-image":"","background-repeat":"repeat","background-position":"center center","background-size":"auto","background-attachment":"scroll","background-type":"","background-media":"","overlay-type":"","overlay-color":"","overlay-opacity":"","overlay-gradient":""},"mobile":{"background-color":"var(--ast-global-color-5)","background-image":"","background-repeat":"repeat","background-position":"center center","background-size":"auto","background-attachment":"scroll","background-type":"","background-media":"","overlay-type":"","overlay-color":"","overlay-opacity":"","overlay-gradient":""}}},"product_brand":[],"product_cat":[18],"product_tag":[34,35,36,39,40,93,181,669],"class_list":{"0":"post-14721","1":"product","2":"type-product","3":"status-publish","4":"has-post-thumbnail","6":"product_cat-city-maps","7":"product_tag-30x40","8":"product_tag-40x50","9":"product_tag-50x70","10":"product_tag-canvas","11":"product_tag-city-map","12":"product_tag-europe","13":"product_tag-italy","14":"product_tag-milan","15":"desktop-align-left","16":"tablet-align-left","17":"mobile-align-left","19":"first","20":"instock","21":"shipping-taxable","22":"purchasable","23":"product-type-variable"},"aioseo_notices":[],"uagb_featured_image_src":{"full":["https:\/\/mapospheres.eu\/wp-content\/uploads\/2026\/02\/CANVAS_16_BWROUND_2ND_6_MILAN.jpg",1000,1000,false],"thumbnail":["https:\/\/mapospheres.eu\/wp-content\/uploads\/2026\/02\/CANVAS_16_BWROUND_2ND_6_MILAN-150x150.jpg",150,150,true],"medium":["https:\/\/mapospheres.eu\/wp-content\/uploads\/2026\/02\/CANVAS_16_BWROUND_2ND_6_MILAN-300x300.jpg",300,300,true],"medium_large":["https:\/\/mapospheres.eu\/wp-content\/uploads\/2026\/02\/CANVAS_16_BWROUND_2ND_6_MILAN-768x768.jpg",768,768,true],"large":["https:\/\/mapospheres.eu\/wp-content\/uploads\/2026\/02\/CANVAS_16_BWROUND_2ND_6_MILAN.jpg",1000,1000,false],"1536x1536":["https:\/\/mapospheres.eu\/wp-content\/uploads\/2026\/02\/CANVAS_16_BWROUND_2ND_6_MILAN.jpg",1000,1000,false],"2048x2048":["https:\/\/mapospheres.eu\/wp-content\/uploads\/2026\/02\/CANVAS_16_BWROUND_2ND_6_MILAN.jpg",1000,1000,false],"woocommerce_thumbnail":["https:\/\/mapospheres.eu\/wp-content\/uploads\/2026\/02\/CANVAS_16_BWROUND_2ND_6_MILAN-300x300.jpg",300,300,true],"woocommerce_single":["https:\/\/mapospheres.eu\/wp-content\/uploads\/2026\/02\/CANVAS_16_BWROUND_2ND_6_MILAN-600x600.jpg",600,600,true],"woocommerce_gallery_thumbnail":["https:\/\/mapospheres.eu\/wp-content\/uploads\/2026\/02\/CANVAS_16_BWROUND_2ND_6_MILAN-100x100.jpg",100,100,true]},"uagb_author_info":{"display_name":"sgainot04@gmail.com","author_link":"https:\/\/mapospheres.eu\/es\/author\/"},"uagb_comment_info":0,"uagb_excerpt":"Consigue un City Map (mapa mural) impreso de Mil\u00e1n, Italia. \u00a1Elige el tama\u00f1o, el color y el dise\u00f1o de tu mapa a continuaci\u00f3n!","_links":{"self":[{"href":"https:\/\/mapospheres.eu\/es\/wp-json\/wp\/v2\/product\/14721","targetHints":{"allow":["GET"]}}],"collection":[{"href":"https:\/\/mapospheres.eu\/es\/wp-json\/wp\/v2\/product"}],"about":[{"href":"https:\/\/mapospheres.eu\/es\/wp-json\/wp\/v2\/types\/product"}],"wp:featuredmedia":[{"embeddable":true,"href":"https:\/\/mapospheres.eu\/es\/wp-json\/wp\/v2\/media\/16562"}],"wp:attachment":[{"href":"https:\/\/mapospheres.eu\/es\/wp-json\/wp\/v2\/media?parent=14721"}],"wp:term":[{"taxonomy":"product_brand","embeddable":true,"href":"https:\/\/mapospheres.eu\/es\/wp-json\/wp\/v2\/product_brand?post=14721"},{"taxonomy":"product_cat","embeddable":true,"href":"https:\/\/mapospheres.eu\/es\/wp-json\/wp\/v2\/product_cat?post=14721"},{"taxonomy":"product_tag","embeddable":true,"href":"https:\/\/mapospheres.eu\/es\/wp-json\/wp\/v2\/product_tag?post=14721"}],"curies":[{"name":"wp","href":"https:\/\/api.w.org\/{rel}","templated":true}]}}