{"id":14725,"date":"2026-02-12T14:53:06","date_gmt":"2026-02-12T14:53:06","guid":{"rendered":"https:\/\/mapospheres.eu\/product\/poster-of-ouagadougou-burkina-faso\/"},"modified":"2026-02-17T15:00:34","modified_gmt":"2026-02-17T15:00:34","slug":"poster-of-ouagadougou-burkina-faso","status":"publish","type":"product","link":"https:\/\/mapospheres.eu\/es\/product\/poster-de-uagadugu-burkina-faso\/","title":{"rendered":"Poster de Uagadug\u00fa | Burkina Faso"},"content":{"rendered":"<p><strong>Poster City map de Uagadug\u00fa, Burkina Faso: Este mapa de Uagadug\u00fa es una ventana \u00fanica a una ciudad donde la vida moderna y la tradici\u00f3n coexisten armoniosamente.<\/strong><\/p>\n<p>Ubicada en la parte central del pa\u00eds, Uagadug\u00fa se asienta sobre un terreno relativamente plano, aunque sus ocasionales colinas suaves y el cercano r\u00edo Nakamb\u00e9 aportan sutiles variaciones al paisaje. El r\u00edo, que serpentea por las afueras, ha sido un sustento vital para la ciudad, y su presencia en el mapa a\u00f1ade una sensaci\u00f3n de calma al bullicio circundante. En cuanto a los puntos de referencia, el mapa de Uagadug\u00fa muestra tanto lo moderno como lo tradicional. La ic\u00f3nica Place de la Nation, el coraz\u00f3n de la ciudad, se erige como un centro de actividad, rodeada de edificios gubernamentales y monumentos culturales. El Museo Nacional de Burkina Faso, con su colecci\u00f3n de artefactos hist\u00f3ricos y culturales, refleja la rica herencia del pa\u00eds y sirve como recordatorio del papel de Uagadug\u00fa como centro cultural. Al sur, la hermosa y antigua Gran Mezquita, con su dise\u00f1o simple pero impactante, ofrece un gui\u00f1o a la larga historia isl\u00e1mica de la ciudad.<\/p>\n","protected":false},"excerpt":{"rendered":"<p>Consigue un City Map (mapa mural) impreso de Uagadug\u00fa, Burkina Faso. \u00a1Elige el tama\u00f1o, el color y el dise\u00f1o de tu mapa a continuaci\u00f3n!<\/p>\n","protected":false},"featured_media":16315,"template":"","meta":{"_uag_custom_page_level_css":"","_monsterinsights_skip_tracking":false,"_monsterinsights_sitenote_active":false,"_monsterinsights_sitenote_note":"","_monsterinsights_sitenote_category":0,"site-sidebar-layout":"default","site-content-layout":"","ast-site-content-layout":"default","site-content-style":"default","site-sidebar-style":"default","ast-global-header-display":"","ast-banner-title-visibility":"","ast-main-header-display":"","ast-hfb-above-header-display":"","ast-hfb-below-header-display":"","ast-hfb-mobile-header-display":"","site-post-title":"","ast-breadcrumbs-content":"","ast-featured-img":"","footer-sml-layout":"","ast-disable-related-posts":"","theme-transparent-header-meta":"default","adv-header-id-meta":"","stick-header-meta":"","header-above-stick-meta":"","header-main-stick-meta":"","header-below-stick-meta":"","astra-migrate-meta-layouts":"set","ast-page-background-enabled":"default","ast-page-background-meta":{"desktop":{"background-color":"","background-image":"","background-repeat":"repeat","background-position":"center center","background-size":"auto","background-attachment":"scroll","background-type":"","background-media":"","overlay-type":"","overlay-color":"","overlay-opacity":"","overlay-gradient":""},"tablet":{"background-color":"","background-image":"","background-repeat":"repeat","background-position":"center center","background-size":"auto","background-attachment":"scroll","background-type":"","background-media":"","overlay-type":"","overlay-color":"","overlay-opacity":"","overlay-gradient":""},"mobile":{"background-color":"","background-image":"","background-repeat":"repeat","background-position":"center center","background-size":"auto","background-attachment":"scroll","background-type":"","background-media":"","overlay-type":"","overlay-color":"","overlay-opacity":"","overlay-gradient":""}},"ast-content-background-meta":{"desktop":{"background-color":"var(--ast-global-color-5)","background-image":"","background-repeat":"repeat","background-position":"center center","background-size":"auto","background-attachment":"scroll","background-type":"","background-media":"","overlay-type":"","overlay-color":"","overlay-opacity":"","overlay-gradient":""},"tablet":{"background-color":"var(--ast-global-color-5)","background-image":"","background-repeat":"repeat","background-position":"center center","background-size":"auto","background-attachment":"scroll","background-type":"","background-media":"","overlay-type":"","overlay-color":"","overlay-opacity":"","overlay-gradient":""},"mobile":{"background-color":"var(--ast-global-color-5)","background-image":"","background-repeat":"repeat","background-position":"center center","background-size":"auto","background-attachment":"scroll","background-type":"","background-media":"","overlay-type":"","overlay-color":"","overlay-opacity":"","overlay-gradient":""}}},"product_brand":[],"product_cat":[18],"product_tag":[34,35,36,37,97,663,39,40,664],"class_list":{"0":"post-14725","1":"product","2":"type-product","3":"status-publish","4":"has-post-thumbnail","6":"product_cat-city-maps","7":"product_tag-30x40","8":"product_tag-40x50","9":"product_tag-50x70","10":"product_tag-70x100","11":"product_tag-africa","12":"product_tag-burkina-faso","13":"product_tag-canvas","14":"product_tag-city-map","15":"product_tag-ouagadougou","16":"desktop-align-left","17":"tablet-align-left","18":"mobile-align-left","20":"first","21":"instock","22":"shipping-taxable","23":"purchasable","24":"product-type-variable"},"aioseo_notices":[],"uagb_featured_image_src":{"full":["https:\/\/mapospheres.eu\/wp-content\/uploads\/2026\/02\/CANVAS_13_NIGHT_MP_OUAGADOUGOU.jpg",1000,1000,false],"thumbnail":["https:\/\/mapospheres.eu\/wp-content\/uploads\/2026\/02\/CANVAS_13_NIGHT_MP_OUAGADOUGOU-150x150.jpg",150,150,true],"medium":["https:\/\/mapospheres.eu\/wp-content\/uploads\/2026\/02\/CANVAS_13_NIGHT_MP_OUAGADOUGOU-300x300.jpg",300,300,true],"medium_large":["https:\/\/mapospheres.eu\/wp-content\/uploads\/2026\/02\/CANVAS_13_NIGHT_MP_OUAGADOUGOU-768x768.jpg",768,768,true],"large":["https:\/\/mapospheres.eu\/wp-content\/uploads\/2026\/02\/CANVAS_13_NIGHT_MP_OUAGADOUGOU.jpg",1000,1000,false],"1536x1536":["https:\/\/mapospheres.eu\/wp-content\/uploads\/2026\/02\/CANVAS_13_NIGHT_MP_OUAGADOUGOU.jpg",1000,1000,false],"2048x2048":["https:\/\/mapospheres.eu\/wp-content\/uploads\/2026\/02\/CANVAS_13_NIGHT_MP_OUAGADOUGOU.jpg",1000,1000,false],"woocommerce_thumbnail":["https:\/\/mapospheres.eu\/wp-content\/uploads\/2026\/02\/CANVAS_13_NIGHT_MP_OUAGADOUGOU-300x300.jpg",300,300,true],"woocommerce_single":["https:\/\/mapospheres.eu\/wp-content\/uploads\/2026\/02\/CANVAS_13_NIGHT_MP_OUAGADOUGOU-600x600.jpg",600,600,true],"woocommerce_gallery_thumbnail":["https:\/\/mapospheres.eu\/wp-content\/uploads\/2026\/02\/CANVAS_13_NIGHT_MP_OUAGADOUGOU-100x100.jpg",100,100,true]},"uagb_author_info":{"display_name":"sgainot04@gmail.com","author_link":"https:\/\/mapospheres.eu\/es\/author\/"},"uagb_comment_info":0,"uagb_excerpt":"Consigue un City Map (mapa mural) impreso de Uagadug\u00fa, Burkina Faso. \u00a1Elige el tama\u00f1o, el color y el dise\u00f1o de tu mapa a continuaci\u00f3n!","_links":{"self":[{"href":"https:\/\/mapospheres.eu\/es\/wp-json\/wp\/v2\/product\/14725","targetHints":{"allow":["GET"]}}],"collection":[{"href":"https:\/\/mapospheres.eu\/es\/wp-json\/wp\/v2\/product"}],"about":[{"href":"https:\/\/mapospheres.eu\/es\/wp-json\/wp\/v2\/types\/product"}],"wp:featuredmedia":[{"embeddable":true,"href":"https:\/\/mapospheres.eu\/es\/wp-json\/wp\/v2\/media\/16315"}],"wp:attachment":[{"href":"https:\/\/mapospheres.eu\/es\/wp-json\/wp\/v2\/media?parent=14725"}],"wp:term":[{"taxonomy":"product_brand","embeddable":true,"href":"https:\/\/mapospheres.eu\/es\/wp-json\/wp\/v2\/product_brand?post=14725"},{"taxonomy":"product_cat","embeddable":true,"href":"https:\/\/mapospheres.eu\/es\/wp-json\/wp\/v2\/product_cat?post=14725"},{"taxonomy":"product_tag","embeddable":true,"href":"https:\/\/mapospheres.eu\/es\/wp-json\/wp\/v2\/product_tag?post=14725"}],"curies":[{"name":"wp","href":"https:\/\/api.w.org\/{rel}","templated":true}]}}