{"id":14726,"date":"2026-02-12T14:53:15","date_gmt":"2026-02-12T14:53:15","guid":{"rendered":"https:\/\/mapospheres.eu\/product\/poster-of-shanghai-china\/"},"modified":"2026-02-17T15:00:45","modified_gmt":"2026-02-17T15:00:45","slug":"poster-of-shanghai-china","status":"publish","type":"product","link":"https:\/\/mapospheres.eu\/es\/product\/poster-de-shanghai-china\/","title":{"rendered":"Poster de Shangh\u00e1i | China"},"content":{"rendered":"<p><strong>Poster City map de Shangh\u00e1i, China: El mapa de Shangh\u00e1i ofrece una fascinante instant\u00e1nea de una ciudad donde los rascacielos modernos y las tradiciones antiguas coexisten, moldeadas por el sinuoso flujo del r\u00edo Huangpu.<\/strong><\/p>\n<p>Situada en la costa este de China, esta extensa metr\u00f3polis se encuentra en la desembocadura del r\u00edo Yangts\u00e9, sirviendo como puerta de entrada tanto por tierra como por mar. El terreno de la ciudad es mayormente plano, con algunas leves elevaciones en las afueras, pero es el r\u00edo el que realmente define la geograf\u00eda de Shangh\u00e1i, dividiendo la ciudad en dos \u00e1reas distintas: Puxi al oeste y Pudong al este. Shangh\u00e1i cuenta con un sorprendente n\u00famero de espacios verdes que ofrecen un pac\u00edfico contraste con su agitada vida urbana. El famoso Century Park, amplio y sereno, ofrece tanto a locales como visitantes un refugio verde con lagos y senderos para caminar, siendo un lugar favorito para picnics y relajaci\u00f3n. Parques m\u00e1s peque\u00f1os, como el tranquilo Yuyuan Garden, brindan un retiro en la naturaleza mientras se est\u00e1 rodeado del bullicio de la ciudad. En el mapa, estas zonas verdes salpican la ciudad, ofreciendo oasis de calma en medio de la interminable energ\u00eda de Shangh\u00e1i. Al explorar este mapa, los impactantes puntos de referencia saltan a la vista. El skyline de Pudong, con sus elegantes y futuristas edificios como la Torre de Shangh\u00e1i y la Torre de la Perla Oriental, contrasta fuertemente con los hist\u00f3ricos edificios del Bund en la orilla opuesta. El propio Bund, un tramo del paseo mar\u00edtimo que corre a lo largo del r\u00edo Huangpu, es donde la historia se encuentra con el presente, con arquitectura colonial europea en un lado y el moderno skyline de la ciudad en el otro. Los antiguos templos y pagodas, como los del Templo Jing\u2019an, son recordatorios de la rica historia de Shangh\u00e1i, mientras que las modernas calles de Xintiandi muestran el esp\u00edritu progresista de la ciudad.<\/p>\n","protected":false},"excerpt":{"rendered":"<p>Consigue un City Map (mapa mural) impreso de Shangh\u00e1i, China. \u00a1Elige el tama\u00f1o, el color y el dise\u00f1o de tu mapa a continuaci\u00f3n!<\/p>\n","protected":false},"featured_media":16313,"template":"","meta":{"_uag_custom_page_level_css":"","_monsterinsights_skip_tracking":false,"_monsterinsights_sitenote_active":false,"_monsterinsights_sitenote_note":"","_monsterinsights_sitenote_category":0,"site-sidebar-layout":"default","site-content-layout":"","ast-site-content-layout":"default","site-content-style":"default","site-sidebar-style":"default","ast-global-header-display":"","ast-banner-title-visibility":"","ast-main-header-display":"","ast-hfb-above-header-display":"","ast-hfb-below-header-display":"","ast-hfb-mobile-header-display":"","site-post-title":"","ast-breadcrumbs-content":"","ast-featured-img":"","footer-sml-layout":"","ast-disable-related-posts":"","theme-transparent-header-meta":"default","adv-header-id-meta":"","stick-header-meta":"","header-above-stick-meta":"","header-main-stick-meta":"","header-below-stick-meta":"","astra-migrate-meta-layouts":"set","ast-page-background-enabled":"default","ast-page-background-meta":{"desktop":{"background-color":"","background-image":"","background-repeat":"repeat","background-position":"center center","background-size":"auto","background-attachment":"scroll","background-type":"","background-media":"","overlay-type":"","overlay-color":"","overlay-opacity":"","overlay-gradient":""},"tablet":{"background-color":"","background-image":"","background-repeat":"repeat","background-position":"center center","background-size":"auto","background-attachment":"scroll","background-type":"","background-media":"","overlay-type":"","overlay-color":"","overlay-opacity":"","overlay-gradient":""},"mobile":{"background-color":"","background-image":"","background-repeat":"repeat","background-position":"center center","background-size":"auto","background-attachment":"scroll","background-type":"","background-media":"","overlay-type":"","overlay-color":"","overlay-opacity":"","overlay-gradient":""}},"ast-content-background-meta":{"desktop":{"background-color":"var(--ast-global-color-5)","background-image":"","background-repeat":"repeat","background-position":"center center","background-size":"auto","background-attachment":"scroll","background-type":"","background-media":"","overlay-type":"","overlay-color":"","overlay-opacity":"","overlay-gradient":""},"tablet":{"background-color":"var(--ast-global-color-5)","background-image":"","background-repeat":"repeat","background-position":"center center","background-size":"auto","background-attachment":"scroll","background-type":"","background-media":"","overlay-type":"","overlay-color":"","overlay-opacity":"","overlay-gradient":""},"mobile":{"background-color":"var(--ast-global-color-5)","background-image":"","background-repeat":"repeat","background-position":"center center","background-size":"auto","background-attachment":"scroll","background-type":"","background-media":"","overlay-type":"","overlay-color":"","overlay-opacity":"","overlay-gradient":""}}},"product_brand":[],"product_cat":[18],"product_tag":[34,35,36,37,226,39,661,40,662],"class_list":{"0":"post-14726","1":"product","2":"type-product","3":"status-publish","4":"has-post-thumbnail","6":"product_cat-city-maps","7":"product_tag-30x40","8":"product_tag-40x50","9":"product_tag-50x70","10":"product_tag-70x100","11":"product_tag-asia","12":"product_tag-canvas","13":"product_tag-china","14":"product_tag-city-map","15":"product_tag-shanghai","16":"desktop-align-left","17":"tablet-align-left","18":"mobile-align-left","20":"first","21":"instock","22":"shipping-taxable","23":"purchasable","24":"product-type-variable"},"aioseo_notices":[],"uagb_featured_image_src":{"full":["https:\/\/mapospheres.eu\/wp-content\/uploads\/2026\/02\/Z27_BW_ROUND__SHANGHAI.jpg",1000,1000,false],"thumbnail":["https:\/\/mapospheres.eu\/wp-content\/uploads\/2026\/02\/Z27_BW_ROUND__SHANGHAI-150x150.jpg",150,150,true],"medium":["https:\/\/mapospheres.eu\/wp-content\/uploads\/2026\/02\/Z27_BW_ROUND__SHANGHAI-300x300.jpg",300,300,true],"medium_large":["https:\/\/mapospheres.eu\/wp-content\/uploads\/2026\/02\/Z27_BW_ROUND__SHANGHAI-768x768.jpg",768,768,true],"large":["https:\/\/mapospheres.eu\/wp-content\/uploads\/2026\/02\/Z27_BW_ROUND__SHANGHAI.jpg",1000,1000,false],"1536x1536":["https:\/\/mapospheres.eu\/wp-content\/uploads\/2026\/02\/Z27_BW_ROUND__SHANGHAI.jpg",1000,1000,false],"2048x2048":["https:\/\/mapospheres.eu\/wp-content\/uploads\/2026\/02\/Z27_BW_ROUND__SHANGHAI.jpg",1000,1000,false],"woocommerce_thumbnail":["https:\/\/mapospheres.eu\/wp-content\/uploads\/2026\/02\/Z27_BW_ROUND__SHANGHAI-300x300.jpg",300,300,true],"woocommerce_single":["https:\/\/mapospheres.eu\/wp-content\/uploads\/2026\/02\/Z27_BW_ROUND__SHANGHAI-600x600.jpg",600,600,true],"woocommerce_gallery_thumbnail":["https:\/\/mapospheres.eu\/wp-content\/uploads\/2026\/02\/Z27_BW_ROUND__SHANGHAI-100x100.jpg",100,100,true]},"uagb_author_info":{"display_name":"sgainot04@gmail.com","author_link":"https:\/\/mapospheres.eu\/es\/author\/"},"uagb_comment_info":0,"uagb_excerpt":"Consigue un City Map (mapa mural) impreso de Shangh\u00e1i, China. \u00a1Elige el tama\u00f1o, el color y el dise\u00f1o de tu mapa a continuaci\u00f3n!","_links":{"self":[{"href":"https:\/\/mapospheres.eu\/es\/wp-json\/wp\/v2\/product\/14726","targetHints":{"allow":["GET"]}}],"collection":[{"href":"https:\/\/mapospheres.eu\/es\/wp-json\/wp\/v2\/product"}],"about":[{"href":"https:\/\/mapospheres.eu\/es\/wp-json\/wp\/v2\/types\/product"}],"wp:featuredmedia":[{"embeddable":true,"href":"https:\/\/mapospheres.eu\/es\/wp-json\/wp\/v2\/media\/16313"}],"wp:attachment":[{"href":"https:\/\/mapospheres.eu\/es\/wp-json\/wp\/v2\/media?parent=14726"}],"wp:term":[{"taxonomy":"product_brand","embeddable":true,"href":"https:\/\/mapospheres.eu\/es\/wp-json\/wp\/v2\/product_brand?post=14726"},{"taxonomy":"product_cat","embeddable":true,"href":"https:\/\/mapospheres.eu\/es\/wp-json\/wp\/v2\/product_cat?post=14726"},{"taxonomy":"product_tag","embeddable":true,"href":"https:\/\/mapospheres.eu\/es\/wp-json\/wp\/v2\/product_tag?post=14726"}],"curies":[{"name":"wp","href":"https:\/\/api.w.org\/{rel}","templated":true}]}}