{"id":14732,"date":"2026-02-12T14:53:50","date_gmt":"2026-02-12T14:53:50","guid":{"rendered":"https:\/\/mapospheres.eu\/product\/poster-of-tel-aviv-yafo-israel\/"},"modified":"2026-02-17T15:00:55","modified_gmt":"2026-02-17T15:00:55","slug":"poster-of-tel-aviv-yafo-israel","status":"publish","type":"product","link":"https:\/\/mapospheres.eu\/es\/product\/poster-de-tel-aviv-israel\/","title":{"rendered":"Poster de Tel Aviv | Israel"},"content":{"rendered":"<p><strong>Poster City map de Tel Aviv, Israel: Este mapa, presentado con un toque art\u00edstico, captura la esencia de una ciudad que ha crecido de un peque\u00f1o asentamiento costero hasta la bulliciosa metr\u00f3polis que es hoy.<\/strong><\/p>\n<p>Situada a lo largo del mar Mediterr\u00e1neo, el mapa resalta la combinaci\u00f3n \u00fanica de modernidad e historia de Tel Aviv. Notar\u00e1s la suave curva de la costa que se extiende desde las playas de arena blanca hasta el pintoresco Puerto de Jaffa, una hist\u00f3rica puerta que ha sido testigo de siglos de comercio, historias e incluso algunos piratas. El mapa revela los abundantes espacios verdes de la ciudad, como el famoso Parque Yarkon, un extenso refugio que ofrece tanto a locales como a visitantes un escape tranquilo junto al r\u00edo, con senderos arbolados y campos abiertos. Al este, se encuentra la belleza urbana del barrio Neve Tzedek, que parece una peque\u00f1a isla encantadora en el coraz\u00f3n moderno de la ciudad, ofreciendo un gui\u00f1o al antiguo Tel Aviv con sus calles pintorescas y edificios coloridos. En el centro, no puedes perderte la monumental Ciudad Blanca\u2014un sitio Patrimonio de la Humanidad de la UNESCO con arquitectura de estilo Bauhaus\u2014donde las l\u00edneas rectas y los \u00e1ngulos pronunciados de estos edificios se yuxtaponen con las curvas m\u00e1s org\u00e1nicas del terreno. Alrededor del mapa, las numerosas autopistas y calles de la ciudad serpentean como venas, conduciendo a puntos de referencia como las ic\u00f3nicas Torres Azrieli y el bullicioso Mercado Carmel, ambos testimonio del vibrante pulso de Tel Aviv. Al observar el terreno \u00fanico de la ciudad, el mapa captura la llanura costera plana que se extiende suavemente hacia las bajas colinas al este, mostrando c\u00f3mo esta geograf\u00eda ha influido en la expansi\u00f3n de la ciudad.<\/p>\n","protected":false},"excerpt":{"rendered":"<p>Consigue un City Map (mapa mural) impreso de Tel Aviv, Israel. \u00a1Elige el tama\u00f1o, el color y el dise\u00f1o de tu mapa a continuaci\u00f3n!<\/p>\n","protected":false},"featured_media":16066,"template":"","meta":{"_uag_custom_page_level_css":"","_monsterinsights_skip_tracking":false,"_monsterinsights_sitenote_active":false,"_monsterinsights_sitenote_note":"","_monsterinsights_sitenote_category":0,"site-sidebar-layout":"default","site-content-layout":"","ast-site-content-layout":"default","site-content-style":"default","site-sidebar-style":"default","ast-global-header-display":"","ast-banner-title-visibility":"","ast-main-header-display":"","ast-hfb-above-header-display":"","ast-hfb-below-header-display":"","ast-hfb-mobile-header-display":"","site-post-title":"","ast-breadcrumbs-content":"","ast-featured-img":"","footer-sml-layout":"","ast-disable-related-posts":"","theme-transparent-header-meta":"default","adv-header-id-meta":"","stick-header-meta":"","header-above-stick-meta":"","header-main-stick-meta":"","header-below-stick-meta":"","astra-migrate-meta-layouts":"set","ast-page-background-enabled":"default","ast-page-background-meta":{"desktop":{"background-color":"","background-image":"","background-repeat":"repeat","background-position":"center center","background-size":"auto","background-attachment":"scroll","background-type":"","background-media":"","overlay-type":"","overlay-color":"","overlay-opacity":"","overlay-gradient":""},"tablet":{"background-color":"","background-image":"","background-repeat":"repeat","background-position":"center center","background-size":"auto","background-attachment":"scroll","background-type":"","background-media":"","overlay-type":"","overlay-color":"","overlay-opacity":"","overlay-gradient":""},"mobile":{"background-color":"","background-image":"","background-repeat":"repeat","background-position":"center center","background-size":"auto","background-attachment":"scroll","background-type":"","background-media":"","overlay-type":"","overlay-color":"","overlay-opacity":"","overlay-gradient":""}},"ast-content-background-meta":{"desktop":{"background-color":"var(--ast-global-color-5)","background-image":"","background-repeat":"repeat","background-position":"center center","background-size":"auto","background-attachment":"scroll","background-type":"","background-media":"","overlay-type":"","overlay-color":"","overlay-opacity":"","overlay-gradient":""},"tablet":{"background-color":"var(--ast-global-color-5)","background-image":"","background-repeat":"repeat","background-position":"center center","background-size":"auto","background-attachment":"scroll","background-type":"","background-media":"","overlay-type":"","overlay-color":"","overlay-opacity":"","overlay-gradient":""},"mobile":{"background-color":"var(--ast-global-color-5)","background-image":"","background-repeat":"repeat","background-position":"center center","background-size":"auto","background-attachment":"scroll","background-type":"","background-media":"","overlay-type":"","overlay-color":"","overlay-opacity":"","overlay-gradient":""}}},"product_brand":[],"product_cat":[18],"product_tag":[34,35,36,37,226,39,40,651,652,653,654],"class_list":{"0":"post-14732","1":"product","2":"type-product","3":"status-publish","4":"has-post-thumbnail","6":"product_cat-city-maps","7":"product_tag-30x40","8":"product_tag-40x50","9":"product_tag-50x70","10":"product_tag-70x100","11":"product_tag-asia","12":"product_tag-canvas","13":"product_tag-city-map","14":"product_tag-israel","15":"product_tag-middle-east","16":"product_tag-tel-aviv","17":"product_tag-yafo","18":"desktop-align-left","19":"tablet-align-left","20":"mobile-align-left","22":"first","23":"instock","24":"shipping-taxable","25":"purchasable","26":"product-type-variable"},"aioseo_notices":[],"uagb_featured_image_src":{"full":["https:\/\/mapospheres.eu\/wp-content\/uploads\/2026\/02\/Z27_BW_ROUND__TELAVIV.jpg",1000,1000,false],"thumbnail":["https:\/\/mapospheres.eu\/wp-content\/uploads\/2026\/02\/Z27_BW_ROUND__TELAVIV-150x150.jpg",150,150,true],"medium":["https:\/\/mapospheres.eu\/wp-content\/uploads\/2026\/02\/Z27_BW_ROUND__TELAVIV-300x300.jpg",300,300,true],"medium_large":["https:\/\/mapospheres.eu\/wp-content\/uploads\/2026\/02\/Z27_BW_ROUND__TELAVIV-768x768.jpg",768,768,true],"large":["https:\/\/mapospheres.eu\/wp-content\/uploads\/2026\/02\/Z27_BW_ROUND__TELAVIV.jpg",1000,1000,false],"1536x1536":["https:\/\/mapospheres.eu\/wp-content\/uploads\/2026\/02\/Z27_BW_ROUND__TELAVIV.jpg",1000,1000,false],"2048x2048":["https:\/\/mapospheres.eu\/wp-content\/uploads\/2026\/02\/Z27_BW_ROUND__TELAVIV.jpg",1000,1000,false],"woocommerce_thumbnail":["https:\/\/mapospheres.eu\/wp-content\/uploads\/2026\/02\/Z27_BW_ROUND__TELAVIV-300x300.jpg",300,300,true],"woocommerce_single":["https:\/\/mapospheres.eu\/wp-content\/uploads\/2026\/02\/Z27_BW_ROUND__TELAVIV-600x600.jpg",600,600,true],"woocommerce_gallery_thumbnail":["https:\/\/mapospheres.eu\/wp-content\/uploads\/2026\/02\/Z27_BW_ROUND__TELAVIV-100x100.jpg",100,100,true]},"uagb_author_info":{"display_name":"sgainot04@gmail.com","author_link":"https:\/\/mapospheres.eu\/es\/author\/"},"uagb_comment_info":0,"uagb_excerpt":"Consigue un City Map (mapa mural) impreso de Tel Aviv, Israel. \u00a1Elige el tama\u00f1o, el color y el dise\u00f1o de tu mapa a continuaci\u00f3n!","_links":{"self":[{"href":"https:\/\/mapospheres.eu\/es\/wp-json\/wp\/v2\/product\/14732","targetHints":{"allow":["GET"]}}],"collection":[{"href":"https:\/\/mapospheres.eu\/es\/wp-json\/wp\/v2\/product"}],"about":[{"href":"https:\/\/mapospheres.eu\/es\/wp-json\/wp\/v2\/types\/product"}],"wp:featuredmedia":[{"embeddable":true,"href":"https:\/\/mapospheres.eu\/es\/wp-json\/wp\/v2\/media\/16066"}],"wp:attachment":[{"href":"https:\/\/mapospheres.eu\/es\/wp-json\/wp\/v2\/media?parent=14732"}],"wp:term":[{"taxonomy":"product_brand","embeddable":true,"href":"https:\/\/mapospheres.eu\/es\/wp-json\/wp\/v2\/product_brand?post=14732"},{"taxonomy":"product_cat","embeddable":true,"href":"https:\/\/mapospheres.eu\/es\/wp-json\/wp\/v2\/product_cat?post=14732"},{"taxonomy":"product_tag","embeddable":true,"href":"https:\/\/mapospheres.eu\/es\/wp-json\/wp\/v2\/product_tag?post=14732"}],"curies":[{"name":"wp","href":"https:\/\/api.w.org\/{rel}","templated":true}]}}