{"id":14733,"date":"2026-02-12T14:53:58","date_gmt":"2026-02-12T14:53:58","guid":{"rendered":"https:\/\/mapospheres.eu\/product\/poster-of-bangkok-thailand\/"},"modified":"2026-02-17T14:59:43","modified_gmt":"2026-02-17T14:59:43","slug":"poster-of-bangkok-thailand","status":"publish","type":"product","link":"https:\/\/mapospheres.eu\/es\/product\/poster-de-bangkok-tailandia\/","title":{"rendered":"Poster de Bangkok | Tailandia"},"content":{"rendered":"<p><strong>Poster City map de Bangkok, Tailandia: El mapa captura la intrincada red de canales, conocidos localmente como \u00abkhlongs\u00bb, que en su momento fueron las principales arterias de la ciudad.<\/strong><\/p>\n<p>Situada a orillas del r\u00edo Chao Phraya, el mapa llama la atenci\u00f3n sobre el sinuoso flujo del r\u00edo, que ha moldeado el desarrollo de la ciudad durante siglos. Al seguir sus curvas, se puede apreciar c\u00f3mo el r\u00edo ha sido tanto una fuente vital para el comercio como escenario de coloridas regatas que a\u00fan se celebran hoy en d\u00eda. El terreno es mayormente plano, con la ciudad extendi\u00e9ndose a lo largo de un delta bajo. Los canales khlongs atraviesan los barrios, ofreciendo un vistazo al pasado cuando Bangkok era llamada a menudo la \u00abVenecia del Este\u00bb. Aunque muchos de los canales han sido reemplazados por carreteras, algunos permanecen, a\u00f1adiendo un toque de encanto antiguo a las caracter\u00edsticas m\u00e1s modernas del mapa. Los espacios verdes, como el Parque Lumpini, destacan como lugares serenos en medio del ritmo en\u00e9rgico de la ciudad. Ubicado en el coraz\u00f3n de Bangkok, este parque es el lugar donde los locales buscan escapar del ruido, corriendo por sus senderos o relaj\u00e1ndose junto a los lagos. Es un contraste perfecto con la extensi\u00f3n urbana que lo rodea, donde se pueden ver rascacielos que parecen surgir casi de la noche a la ma\u00f1ana. Monumentos ic\u00f3nicos como el Gran Palacio y el Wat Arun, con sus distintivas agujas que se elevan hacia el cielo, ofrecen un gui\u00f1o a la rica historia de la ciudad. Estos sitios aparecen en el mapa como marcadores antiguos, record\u00e1ndonos que Bangkok no es solo una ciudad moderna, sino tambi\u00e9n una ciudad con profundas ra\u00edces culturales que datan de su fundaci\u00f3n a finales del siglo XVIII. Mientras tanto, las bulliciosas calles alrededor de Khao San Road y Siam Square capturan la vibrante energ\u00eda de la ciudad, donde tradici\u00f3n y modernidad se encuentran.<\/p>\n","protected":false},"excerpt":{"rendered":"<p>Consigue un City Map (mapa mural) impreso de Bangkok, Tailandia. \u00a1Elige el tama\u00f1o, el color y el dise\u00f1o de tu mapa a continuaci\u00f3n!<\/p>\n","protected":false},"featured_media":16045,"template":"","meta":{"_uag_custom_page_level_css":"","_monsterinsights_skip_tracking":false,"_monsterinsights_sitenote_active":false,"_monsterinsights_sitenote_note":"","_monsterinsights_sitenote_category":0,"site-sidebar-layout":"default","site-content-layout":"","ast-site-content-layout":"default","site-content-style":"default","site-sidebar-style":"default","ast-global-header-display":"","ast-banner-title-visibility":"","ast-main-header-display":"","ast-hfb-above-header-display":"","ast-hfb-below-header-display":"","ast-hfb-mobile-header-display":"","site-post-title":"","ast-breadcrumbs-content":"","ast-featured-img":"","footer-sml-layout":"","ast-disable-related-posts":"","theme-transparent-header-meta":"default","adv-header-id-meta":"","stick-header-meta":"","header-above-stick-meta":"","header-main-stick-meta":"","header-below-stick-meta":"","astra-migrate-meta-layouts":"set","ast-page-background-enabled":"default","ast-page-background-meta":{"desktop":{"background-color":"","background-image":"","background-repeat":"repeat","background-position":"center center","background-size":"auto","background-attachment":"scroll","background-type":"","background-media":"","overlay-type":"","overlay-color":"","overlay-opacity":"","overlay-gradient":""},"tablet":{"background-color":"","background-image":"","background-repeat":"repeat","background-position":"center center","background-size":"auto","background-attachment":"scroll","background-type":"","background-media":"","overlay-type":"","overlay-color":"","overlay-opacity":"","overlay-gradient":""},"mobile":{"background-color":"","background-image":"","background-repeat":"repeat","background-position":"center center","background-size":"auto","background-attachment":"scroll","background-type":"","background-media":"","overlay-type":"","overlay-color":"","overlay-opacity":"","overlay-gradient":""}},"ast-content-background-meta":{"desktop":{"background-color":"var(--ast-global-color-5)","background-image":"","background-repeat":"repeat","background-position":"center center","background-size":"auto","background-attachment":"scroll","background-type":"","background-media":"","overlay-type":"","overlay-color":"","overlay-opacity":"","overlay-gradient":""},"tablet":{"background-color":"var(--ast-global-color-5)","background-image":"","background-repeat":"repeat","background-position":"center center","background-size":"auto","background-attachment":"scroll","background-type":"","background-media":"","overlay-type":"","overlay-color":"","overlay-opacity":"","overlay-gradient":""},"mobile":{"background-color":"var(--ast-global-color-5)","background-image":"","background-repeat":"repeat","background-position":"center center","background-size":"auto","background-attachment":"scroll","background-type":"","background-media":"","overlay-type":"","overlay-color":"","overlay-opacity":"","overlay-gradient":""}}},"product_brand":[],"product_cat":[18,338],"product_tag":[34,35,36,37,226,650,39,40,382],"class_list":{"0":"post-14733","1":"product","2":"type-product","3":"status-publish","4":"has-post-thumbnail","6":"product_cat-city-maps","7":"product_cat-featured_eng","8":"product_tag-30x40","9":"product_tag-40x50","10":"product_tag-50x70","11":"product_tag-70x100","12":"product_tag-asia","13":"product_tag-bangkok","14":"product_tag-canvas","15":"product_tag-city-map","16":"product_tag-thailand","17":"desktop-align-left","18":"tablet-align-left","19":"mobile-align-left","21":"first","22":"instock","23":"shipping-taxable","24":"purchasable","25":"product-type-variable"},"aioseo_notices":[],"uagb_featured_image_src":{"full":["https:\/\/mapospheres.eu\/wp-content\/uploads\/2026\/02\/CANVAS_16_NIGHT_2ND_BANGKOK.jpg",1000,1000,false],"thumbnail":["https:\/\/mapospheres.eu\/wp-content\/uploads\/2026\/02\/CANVAS_16_NIGHT_2ND_BANGKOK-150x150.jpg",150,150,true],"medium":["https:\/\/mapospheres.eu\/wp-content\/uploads\/2026\/02\/CANVAS_16_NIGHT_2ND_BANGKOK-300x300.jpg",300,300,true],"medium_large":["https:\/\/mapospheres.eu\/wp-content\/uploads\/2026\/02\/CANVAS_16_NIGHT_2ND_BANGKOK-768x768.jpg",768,768,true],"large":["https:\/\/mapospheres.eu\/wp-content\/uploads\/2026\/02\/CANVAS_16_NIGHT_2ND_BANGKOK.jpg",1000,1000,false],"1536x1536":["https:\/\/mapospheres.eu\/wp-content\/uploads\/2026\/02\/CANVAS_16_NIGHT_2ND_BANGKOK.jpg",1000,1000,false],"2048x2048":["https:\/\/mapospheres.eu\/wp-content\/uploads\/2026\/02\/CANVAS_16_NIGHT_2ND_BANGKOK.jpg",1000,1000,false],"woocommerce_thumbnail":["https:\/\/mapospheres.eu\/wp-content\/uploads\/2026\/02\/CANVAS_16_NIGHT_2ND_BANGKOK-300x300.jpg",300,300,true],"woocommerce_single":["https:\/\/mapospheres.eu\/wp-content\/uploads\/2026\/02\/CANVAS_16_NIGHT_2ND_BANGKOK-600x600.jpg",600,600,true],"woocommerce_gallery_thumbnail":["https:\/\/mapospheres.eu\/wp-content\/uploads\/2026\/02\/CANVAS_16_NIGHT_2ND_BANGKOK-100x100.jpg",100,100,true]},"uagb_author_info":{"display_name":"sgainot04@gmail.com","author_link":"https:\/\/mapospheres.eu\/es\/author\/"},"uagb_comment_info":0,"uagb_excerpt":"Consigue un City Map (mapa mural) impreso de Bangkok, Tailandia. \u00a1Elige el tama\u00f1o, el color y el dise\u00f1o de tu mapa a continuaci\u00f3n!","_links":{"self":[{"href":"https:\/\/mapospheres.eu\/es\/wp-json\/wp\/v2\/product\/14733","targetHints":{"allow":["GET"]}}],"collection":[{"href":"https:\/\/mapospheres.eu\/es\/wp-json\/wp\/v2\/product"}],"about":[{"href":"https:\/\/mapospheres.eu\/es\/wp-json\/wp\/v2\/types\/product"}],"wp:featuredmedia":[{"embeddable":true,"href":"https:\/\/mapospheres.eu\/es\/wp-json\/wp\/v2\/media\/16045"}],"wp:attachment":[{"href":"https:\/\/mapospheres.eu\/es\/wp-json\/wp\/v2\/media?parent=14733"}],"wp:term":[{"taxonomy":"product_brand","embeddable":true,"href":"https:\/\/mapospheres.eu\/es\/wp-json\/wp\/v2\/product_brand?post=14733"},{"taxonomy":"product_cat","embeddable":true,"href":"https:\/\/mapospheres.eu\/es\/wp-json\/wp\/v2\/product_cat?post=14733"},{"taxonomy":"product_tag","embeddable":true,"href":"https:\/\/mapospheres.eu\/es\/wp-json\/wp\/v2\/product_tag?post=14733"}],"curies":[{"name":"wp","href":"https:\/\/api.w.org\/{rel}","templated":true}]}}