{"id":14744,"date":"2026-02-12T14:54:49","date_gmt":"2026-02-12T14:54:49","guid":{"rendered":"https:\/\/mapospheres.eu\/product\/poster-of-saint-petersburg-russia\/"},"modified":"2026-02-16T14:04:38","modified_gmt":"2026-02-16T14:04:38","slug":"poster-of-saint-petersburg-russia","status":"publish","type":"product","link":"https:\/\/mapospheres.eu\/es\/product\/poster-de-san-petersburgo-rusia\/","title":{"rendered":"Poster de San Petersburgo | Rusia"},"content":{"rendered":"<p><strong>Poster City map de San Petersburgo, Rusia: Este mapa es un libro de historias viviente de la evoluci\u00f3n de la ciudad, desde la visi\u00f3n de Pedro el Grande hasta su vibrante vida cultural actual.<\/strong><\/p>\n<p>El r\u00edo Neva, que serpentea a trav\u00e9s de la ciudad, se erige como el coraz\u00f3n palpitante de San Petersburgo, dividiendo la ciudad en sus hist\u00f3ricas islas. Los famosos canales que se desprenden de sus orillas, anta\u00f1o arterias del comercio, ahora ofrecen un encanto pintoresco, entrelaz\u00e1ndose por los barrios como una delicada red. Este mapa destaca el terreno caracter\u00edstico de la ciudad: plano, con una serie de \u00e1reas bajas y marismas que fueron drenadas para construir esta gran metr\u00f3polis. Se pueden ver espacios verdes que se extienden a lo largo de las orillas del Neva, ofreciendo un respiro del bullicio urbano. Las exuberantes extensiones del Jard\u00edn de Verano y la inmensidad del Parque Catalina invitan a un paseo tranquilo por la historia, evocando los susurros de los zares y su corte. Monumentos clave, como la grandeza del Palacio de Invierno y la ic\u00f3nica aguja de la Fortaleza de Pedro y Pablo, dominan el mapa, record\u00e1ndonos que San Petersburgo fue una ciudad hecha para emperadores. Y qui\u00e9n podr\u00eda olvidar la historia de las Noches Blancas, donde la ciudad nunca duerme completamente bajo el sol de verano.<\/p>\n","protected":false},"excerpt":{"rendered":"<p>Consigue un City Map (mapa mural) impreso de San Petersburgo, Rusia. \u00a1Elige el tama\u00f1o, el color y el dise\u00f1o de tu mapa a continuaci\u00f3n!<\/p>\n","protected":false},"featured_media":15490,"template":"","meta":{"_uag_custom_page_level_css":"","_monsterinsights_skip_tracking":false,"_monsterinsights_sitenote_active":false,"_monsterinsights_sitenote_note":"","_monsterinsights_sitenote_category":0,"site-sidebar-layout":"default","site-content-layout":"","ast-site-content-layout":"default","site-content-style":"default","site-sidebar-style":"default","ast-global-header-display":"","ast-banner-title-visibility":"","ast-main-header-display":"","ast-hfb-above-header-display":"","ast-hfb-below-header-display":"","ast-hfb-mobile-header-display":"","site-post-title":"","ast-breadcrumbs-content":"","ast-featured-img":"","footer-sml-layout":"","ast-disable-related-posts":"","theme-transparent-header-meta":"default","adv-header-id-meta":"","stick-header-meta":"","header-above-stick-meta":"","header-main-stick-meta":"","header-below-stick-meta":"","astra-migrate-meta-layouts":"set","ast-page-background-enabled":"default","ast-page-background-meta":{"desktop":{"background-color":"","background-image":"","background-repeat":"repeat","background-position":"center center","background-size":"auto","background-attachment":"scroll","background-type":"","background-media":"","overlay-type":"","overlay-color":"","overlay-opacity":"","overlay-gradient":""},"tablet":{"background-color":"","background-image":"","background-repeat":"repeat","background-position":"center center","background-size":"auto","background-attachment":"scroll","background-type":"","background-media":"","overlay-type":"","overlay-color":"","overlay-opacity":"","overlay-gradient":""},"mobile":{"background-color":"","background-image":"","background-repeat":"repeat","background-position":"center center","background-size":"auto","background-attachment":"scroll","background-type":"","background-media":"","overlay-type":"","overlay-color":"","overlay-opacity":"","overlay-gradient":""}},"ast-content-background-meta":{"desktop":{"background-color":"var(--ast-global-color-5)","background-image":"","background-repeat":"repeat","background-position":"center center","background-size":"auto","background-attachment":"scroll","background-type":"","background-media":"","overlay-type":"","overlay-color":"","overlay-opacity":"","overlay-gradient":""},"tablet":{"background-color":"var(--ast-global-color-5)","background-image":"","background-repeat":"repeat","background-position":"center center","background-size":"auto","background-attachment":"scroll","background-type":"","background-media":"","overlay-type":"","overlay-color":"","overlay-opacity":"","overlay-gradient":""},"mobile":{"background-color":"var(--ast-global-color-5)","background-image":"","background-repeat":"repeat","background-position":"center center","background-size":"auto","background-attachment":"scroll","background-type":"","background-media":"","overlay-type":"","overlay-color":"","overlay-opacity":"","overlay-gradient":""}}},"product_brand":[],"product_cat":[18],"product_tag":[34,35,36,37,39,40,93,634,635],"class_list":{"0":"post-14744","1":"product","2":"type-product","3":"status-publish","4":"has-post-thumbnail","6":"product_cat-city-maps","7":"product_tag-30x40","8":"product_tag-40x50","9":"product_tag-50x70","10":"product_tag-70x100","11":"product_tag-canvas","12":"product_tag-city-map","13":"product_tag-europe","14":"product_tag-russie","15":"product_tag-saint-petersburg","16":"desktop-align-left","17":"tablet-align-left","18":"mobile-align-left","20":"first","21":"instock","22":"shipping-taxable","23":"purchasable","24":"product-type-variable"},"aioseo_notices":[],"uagb_featured_image_src":{"full":["https:\/\/mapospheres.eu\/wp-content\/uploads\/2026\/02\/CANVAS_16_BWROUND_2ND_6_STPETERSBOURG.jpg",1000,1000,false],"thumbnail":["https:\/\/mapospheres.eu\/wp-content\/uploads\/2026\/02\/CANVAS_16_BWROUND_2ND_6_STPETERSBOURG-150x150.jpg",150,150,true],"medium":["https:\/\/mapospheres.eu\/wp-content\/uploads\/2026\/02\/CANVAS_16_BWROUND_2ND_6_STPETERSBOURG-300x300.jpg",300,300,true],"medium_large":["https:\/\/mapospheres.eu\/wp-content\/uploads\/2026\/02\/CANVAS_16_BWROUND_2ND_6_STPETERSBOURG-768x768.jpg",768,768,true],"large":["https:\/\/mapospheres.eu\/wp-content\/uploads\/2026\/02\/CANVAS_16_BWROUND_2ND_6_STPETERSBOURG.jpg",1000,1000,false],"1536x1536":["https:\/\/mapospheres.eu\/wp-content\/uploads\/2026\/02\/CANVAS_16_BWROUND_2ND_6_STPETERSBOURG.jpg",1000,1000,false],"2048x2048":["https:\/\/mapospheres.eu\/wp-content\/uploads\/2026\/02\/CANVAS_16_BWROUND_2ND_6_STPETERSBOURG.jpg",1000,1000,false],"woocommerce_thumbnail":["https:\/\/mapospheres.eu\/wp-content\/uploads\/2026\/02\/CANVAS_16_BWROUND_2ND_6_STPETERSBOURG-300x300.jpg",300,300,true],"woocommerce_single":["https:\/\/mapospheres.eu\/wp-content\/uploads\/2026\/02\/CANVAS_16_BWROUND_2ND_6_STPETERSBOURG-600x600.jpg",600,600,true],"woocommerce_gallery_thumbnail":["https:\/\/mapospheres.eu\/wp-content\/uploads\/2026\/02\/CANVAS_16_BWROUND_2ND_6_STPETERSBOURG-100x100.jpg",100,100,true]},"uagb_author_info":{"display_name":"sgainot04@gmail.com","author_link":"https:\/\/mapospheres.eu\/es\/author\/"},"uagb_comment_info":0,"uagb_excerpt":"Consigue un City Map (mapa mural) impreso de San Petersburgo, Rusia. \u00a1Elige el tama\u00f1o, el color y el dise\u00f1o de tu mapa a continuaci\u00f3n!","_links":{"self":[{"href":"https:\/\/mapospheres.eu\/es\/wp-json\/wp\/v2\/product\/14744","targetHints":{"allow":["GET"]}}],"collection":[{"href":"https:\/\/mapospheres.eu\/es\/wp-json\/wp\/v2\/product"}],"about":[{"href":"https:\/\/mapospheres.eu\/es\/wp-json\/wp\/v2\/types\/product"}],"wp:featuredmedia":[{"embeddable":true,"href":"https:\/\/mapospheres.eu\/es\/wp-json\/wp\/v2\/media\/15490"}],"wp:attachment":[{"href":"https:\/\/mapospheres.eu\/es\/wp-json\/wp\/v2\/media?parent=14744"}],"wp:term":[{"taxonomy":"product_brand","embeddable":true,"href":"https:\/\/mapospheres.eu\/es\/wp-json\/wp\/v2\/product_brand?post=14744"},{"taxonomy":"product_cat","embeddable":true,"href":"https:\/\/mapospheres.eu\/es\/wp-json\/wp\/v2\/product_cat?post=14744"},{"taxonomy":"product_tag","embeddable":true,"href":"https:\/\/mapospheres.eu\/es\/wp-json\/wp\/v2\/product_tag?post=14744"}],"curies":[{"name":"wp","href":"https:\/\/api.w.org\/{rel}","templated":true}]}}