{"id":14749,"date":"2026-02-12T14:55:09","date_gmt":"2026-02-12T14:55:09","guid":{"rendered":"https:\/\/mapospheres.eu\/product\/poster-of-la-rochelle-france\/"},"modified":"2026-03-06T15:46:51","modified_gmt":"2026-03-06T15:46:51","slug":"poster-of-la-rochelle-france","status":"publish","type":"product","link":"https:\/\/mapospheres.eu\/es\/product\/poster-de-la-rochelle-francia\/","title":{"rendered":"Poster de La Rochelle | Francia"},"content":{"rendered":"<p><strong>Poster City map de La Rochelle, Francia: Es un mapa que invita tanto al navegante como al so\u00f1ador a navegar a trav\u00e9s de su rico pasado y su pac\u00edfico presente.<\/strong><\/p>\n<p>El mapa de la ciudad de La Rochelle presenta una impresionante vista de esta hist\u00f3rica ciudad portuaria en la costa atl\u00e1ntica. Al recorrer sus calles, notar\u00e1 la singular distribuci\u00f3n de la ciudad: rodeada de agua por tres lados, con el Vieux-Port como centro. El mapa revela las elegantes curvas del antiguo puerto, donde anta\u00f1o zarpaban los barcos hacia tierras lejanas, y las robustas torres, como la Tour Saint-Nicolas, que a\u00fan se alzan como orgullosos centinelas del pasado mar\u00edtimo de la ciudad. El terreno de La Rochelle est\u00e1 moldeado por el mar, con la costa salpicada de playas y peque\u00f1as islas, incluyendo la \u00cele de R\u00e9, a un corto puente de distancia. El mapa muestra c\u00f3mo el terreno desciende suavemente hacia el agua, creando espacios verdes naturales donde los lugare\u00f1os se re\u00fanen para disfrutar de la fresca brisa marina. Parques como el Parc Charruyer ofrecen una escapada tranquila, con senderos sinuosos y exuberante vegetaci\u00f3n, que hacen que sea f\u00e1cil olvidar que se est\u00e1 en una ciudad bulliciosa. Entre los lugares m\u00e1s llamativos del mapa se encuentra la elegante Place de la Coursive, una plaza que conecta el casco antiguo con el moderno, as\u00ed como la impresionante Catedral de La Rochelle, testimonio de la larga historia de la ciudad. Al explorar el mapa, casi se pueden percibir los ecos del pasado de la ciudad: su \u00e9poca como un poderoso puerto, su papel en las guerras de religi\u00f3n y su centenaria conexi\u00f3n con el mar.<\/p>\n","protected":false},"excerpt":{"rendered":"<p>Consigue un City Map (mapa mural de ciudad) impreso de La Rochelle, Francia. \u00a1Elige el tama\u00f1o, el color y el dise\u00f1o de tu mapa a continuaci\u00f3n!<\/p>\n","protected":false},"featured_media":15255,"template":"","meta":{"_uag_custom_page_level_css":"","_monsterinsights_skip_tracking":false,"_monsterinsights_sitenote_active":false,"_monsterinsights_sitenote_note":"","_monsterinsights_sitenote_category":0,"site-sidebar-layout":"default","site-content-layout":"","ast-site-content-layout":"default","site-content-style":"default","site-sidebar-style":"default","ast-global-header-display":"","ast-banner-title-visibility":"","ast-main-header-display":"","ast-hfb-above-header-display":"","ast-hfb-below-header-display":"","ast-hfb-mobile-header-display":"","site-post-title":"","ast-breadcrumbs-content":"","ast-featured-img":"","footer-sml-layout":"","ast-disable-related-posts":"","theme-transparent-header-meta":"default","adv-header-id-meta":"","stick-header-meta":"","header-above-stick-meta":"","header-main-stick-meta":"","header-below-stick-meta":"","astra-migrate-meta-layouts":"set","ast-page-background-enabled":"default","ast-page-background-meta":{"desktop":{"background-color":"","background-image":"","background-repeat":"repeat","background-position":"center center","background-size":"auto","background-attachment":"scroll","background-type":"","background-media":"","overlay-type":"","overlay-color":"","overlay-opacity":"","overlay-gradient":""},"tablet":{"background-color":"","background-image":"","background-repeat":"repeat","background-position":"center center","background-size":"auto","background-attachment":"scroll","background-type":"","background-media":"","overlay-type":"","overlay-color":"","overlay-opacity":"","overlay-gradient":""},"mobile":{"background-color":"","background-image":"","background-repeat":"repeat","background-position":"center center","background-size":"auto","background-attachment":"scroll","background-type":"","background-media":"","overlay-type":"","overlay-color":"","overlay-opacity":"","overlay-gradient":""}},"ast-content-background-meta":{"desktop":{"background-color":"var(--ast-global-color-5)","background-image":"","background-repeat":"repeat","background-position":"center center","background-size":"auto","background-attachment":"scroll","background-type":"","background-media":"","overlay-type":"","overlay-color":"","overlay-opacity":"","overlay-gradient":""},"tablet":{"background-color":"var(--ast-global-color-5)","background-image":"","background-repeat":"repeat","background-position":"center center","background-size":"auto","background-attachment":"scroll","background-type":"","background-media":"","overlay-type":"","overlay-color":"","overlay-opacity":"","overlay-gradient":""},"mobile":{"background-color":"var(--ast-global-color-5)","background-image":"","background-repeat":"repeat","background-position":"center center","background-size":"auto","background-attachment":"scroll","background-type":"","background-media":"","overlay-type":"","overlay-color":"","overlay-opacity":"","overlay-gradient":""}}},"product_brand":[],"product_cat":[18],"product_tag":[34,35,36,37,39,40,93,100,629],"class_list":{"0":"post-14749","1":"product","2":"type-product","3":"status-publish","4":"has-post-thumbnail","6":"product_cat-city-maps","7":"product_tag-30x40","8":"product_tag-40x50","9":"product_tag-50x70","10":"product_tag-70x100","11":"product_tag-canvas","12":"product_tag-city-map","13":"product_tag-europe","14":"product_tag-france","15":"product_tag-la-rochelle","16":"desktop-align-left","17":"tablet-align-left","18":"mobile-align-left","20":"first","21":"instock","22":"shipping-taxable","23":"purchasable","24":"product-type-variable"},"aioseo_notices":[],"uagb_featured_image_src":{"full":["https:\/\/mapospheres.eu\/wp-content\/uploads\/2026\/02\/Z21_NIGHT_FULL__LAROCHELLE.jpg",1000,1000,false],"thumbnail":["https:\/\/mapospheres.eu\/wp-content\/uploads\/2026\/02\/Z21_NIGHT_FULL__LAROCHELLE-150x150.jpg",150,150,true],"medium":["https:\/\/mapospheres.eu\/wp-content\/uploads\/2026\/02\/Z21_NIGHT_FULL__LAROCHELLE-300x300.jpg",300,300,true],"medium_large":["https:\/\/mapospheres.eu\/wp-content\/uploads\/2026\/02\/Z21_NIGHT_FULL__LAROCHELLE-768x768.jpg",768,768,true],"large":["https:\/\/mapospheres.eu\/wp-content\/uploads\/2026\/02\/Z21_NIGHT_FULL__LAROCHELLE.jpg",1000,1000,false],"1536x1536":["https:\/\/mapospheres.eu\/wp-content\/uploads\/2026\/02\/Z21_NIGHT_FULL__LAROCHELLE.jpg",1000,1000,false],"2048x2048":["https:\/\/mapospheres.eu\/wp-content\/uploads\/2026\/02\/Z21_NIGHT_FULL__LAROCHELLE.jpg",1000,1000,false],"woocommerce_thumbnail":["https:\/\/mapospheres.eu\/wp-content\/uploads\/2026\/02\/Z21_NIGHT_FULL__LAROCHELLE-300x300.jpg",300,300,true],"woocommerce_single":["https:\/\/mapospheres.eu\/wp-content\/uploads\/2026\/02\/Z21_NIGHT_FULL__LAROCHELLE-600x600.jpg",600,600,true],"woocommerce_gallery_thumbnail":["https:\/\/mapospheres.eu\/wp-content\/uploads\/2026\/02\/Z21_NIGHT_FULL__LAROCHELLE-100x100.jpg",100,100,true]},"uagb_author_info":{"display_name":"sgainot04@gmail.com","author_link":"https:\/\/mapospheres.eu\/es\/author\/"},"uagb_comment_info":0,"uagb_excerpt":"Consigue un City Map (mapa mural de ciudad) impreso de La Rochelle, Francia. \u00a1Elige el tama\u00f1o, el color y el dise\u00f1o de tu mapa a continuaci\u00f3n!","_links":{"self":[{"href":"https:\/\/mapospheres.eu\/es\/wp-json\/wp\/v2\/product\/14749","targetHints":{"allow":["GET"]}}],"collection":[{"href":"https:\/\/mapospheres.eu\/es\/wp-json\/wp\/v2\/product"}],"about":[{"href":"https:\/\/mapospheres.eu\/es\/wp-json\/wp\/v2\/types\/product"}],"wp:featuredmedia":[{"embeddable":true,"href":"https:\/\/mapospheres.eu\/es\/wp-json\/wp\/v2\/media\/15255"}],"wp:attachment":[{"href":"https:\/\/mapospheres.eu\/es\/wp-json\/wp\/v2\/media?parent=14749"}],"wp:term":[{"taxonomy":"product_brand","embeddable":true,"href":"https:\/\/mapospheres.eu\/es\/wp-json\/wp\/v2\/product_brand?post=14749"},{"taxonomy":"product_cat","embeddable":true,"href":"https:\/\/mapospheres.eu\/es\/wp-json\/wp\/v2\/product_cat?post=14749"},{"taxonomy":"product_tag","embeddable":true,"href":"https:\/\/mapospheres.eu\/es\/wp-json\/wp\/v2\/product_tag?post=14749"}],"curies":[{"name":"wp","href":"https:\/\/api.w.org\/{rel}","templated":true}]}}