{"id":14753,"date":"2026-02-12T14:55:27","date_gmt":"2026-02-12T14:55:27","guid":{"rendered":"https:\/\/mapospheres.eu\/product\/poster-of-oleron-elevation-map\/"},"modified":"2026-02-16T14:04:26","modified_gmt":"2026-02-16T14:04:26","slug":"poster-of-oleron-elevation-map","status":"publish","type":"product","link":"https:\/\/mapospheres.eu\/es\/product\/poster-de-oleron-mapa-de-altitud\/","title":{"rendered":"Poster de Ol\u00e9ron | Mapa de altitud"},"content":{"rendered":"<p><strong>Poster Elevation map de Ol\u00e9ron, Francia: Este mapa de elevaci\u00f3n de la \u00cele d&#8217;Ol\u00e9ron ofrece una vista fascinante de una de las islas costeras m\u00e1s encantadoras y diversas de Francia.<\/strong><\/p>\n<p>Ubicada frente a la costa oeste de Francia, cerca de La Rochelle, Ol\u00e9ron es conocida por su combinaci\u00f3n de colinas onduladas, playas extensas y rica historia mar\u00edtima. El mapa muestra hermosamente el variado terreno de la isla, con suaves pendientes y \u00e1reas elevadas como las colinas boscosas del norte y las escarpadas dunas a lo largo de las costas del sur. Es un lugar donde la tierra sube y baja en suaves ondas, invitando a la curiosidad sobre lo que se encuentra m\u00e1s all\u00e1 de la siguiente curva de la costa. En el coraz\u00f3n del mapa, se pueden trazar los contornos de los famosos humedales de la isla, que han moldeado su econom\u00eda e historia durante siglos. Estos humedales, ricos en flora y fauna, tambi\u00e9n a\u00f1aden un toque elegante al dise\u00f1o del mapa, con sus extensiones bajas contrastando con los puntos m\u00e1s altos de la tierra. Los densos bosques de la isla, especialmente la hermosa For\u00eat de la Coubre, destacan en tonos verdes, ofreciendo un tranquilo refugio en la naturaleza. No muy lejos de los bosques, el famoso faro de Chassiron marca el extremo norte de la isla, una gu\u00eda confiable para los marineros a trav\u00e9s de las agitadas aguas del Atl\u00e1ntico. La larga historia de Ol\u00e9ron como refugio de piratas, comerciantes y pescadores est\u00e1 grabada en la propia tierra, desde los encantadores pueblos antiguos hasta las fortificaciones dispersas. El mapa muestra las colinas suavemente onduladas y los acantilados junto al mar, donde los relatos de aventuras mar\u00edtimas a\u00fan susurran con el viento.<\/p>\n","protected":false},"excerpt":{"rendered":"<p>Consigue este Poster Elevation Map de Ol\u00e9ron, Francia, en versi\u00f3n mapa de pared. \u00a1Puedes seleccionar el tama\u00f1o o el dise\u00f1o de tu mapa!<\/p>\n","protected":false},"featured_media":15081,"template":"","meta":{"_uag_custom_page_level_css":"","_monsterinsights_skip_tracking":false,"_monsterinsights_sitenote_active":false,"_monsterinsights_sitenote_note":"","_monsterinsights_sitenote_category":0,"site-sidebar-layout":"default","site-content-layout":"","ast-site-content-layout":"default","site-content-style":"default","site-sidebar-style":"default","ast-global-header-display":"","ast-banner-title-visibility":"","ast-main-header-display":"","ast-hfb-above-header-display":"","ast-hfb-below-header-display":"","ast-hfb-mobile-header-display":"","site-post-title":"","ast-breadcrumbs-content":"","ast-featured-img":"","footer-sml-layout":"","ast-disable-related-posts":"","theme-transparent-header-meta":"default","adv-header-id-meta":"","stick-header-meta":"","header-above-stick-meta":"","header-main-stick-meta":"","header-below-stick-meta":"","astra-migrate-meta-layouts":"set","ast-page-background-enabled":"default","ast-page-background-meta":{"desktop":{"background-color":"","background-image":"","background-repeat":"repeat","background-position":"center center","background-size":"auto","background-attachment":"scroll","background-type":"","background-media":"","overlay-type":"","overlay-color":"","overlay-opacity":"","overlay-gradient":""},"tablet":{"background-color":"","background-image":"","background-repeat":"repeat","background-position":"center center","background-size":"auto","background-attachment":"scroll","background-type":"","background-media":"","overlay-type":"","overlay-color":"","overlay-opacity":"","overlay-gradient":""},"mobile":{"background-color":"","background-image":"","background-repeat":"repeat","background-position":"center center","background-size":"auto","background-attachment":"scroll","background-type":"","background-media":"","overlay-type":"","overlay-color":"","overlay-opacity":"","overlay-gradient":""}},"ast-content-background-meta":{"desktop":{"background-color":"var(--ast-global-color-5)","background-image":"","background-repeat":"repeat","background-position":"center center","background-size":"auto","background-attachment":"scroll","background-type":"","background-media":"","overlay-type":"","overlay-color":"","overlay-opacity":"","overlay-gradient":""},"tablet":{"background-color":"var(--ast-global-color-5)","background-image":"","background-repeat":"repeat","background-position":"center center","background-size":"auto","background-attachment":"scroll","background-type":"","background-media":"","overlay-type":"","overlay-color":"","overlay-opacity":"","overlay-gradient":""},"mobile":{"background-color":"var(--ast-global-color-5)","background-image":"","background-repeat":"repeat","background-position":"center center","background-size":"auto","background-attachment":"scroll","background-type":"","background-media":"","overlay-type":"","overlay-color":"","overlay-opacity":"","overlay-gradient":""}}},"product_brand":[],"product_cat":[90,464],"product_tag":[34,35,36,39,92,93,100,622,623],"class_list":{"0":"post-14753","1":"product","2":"type-product","3":"status-publish","4":"has-post-thumbnail","6":"product_cat-elevation-maps","7":"product_cat-featured_fr","8":"product_tag-30x40","9":"product_tag-40x50","10":"product_tag-50x70","11":"product_tag-canvas","12":"product_tag-elevation-map","13":"product_tag-europe","14":"product_tag-france","15":"product_tag-ile-doleron","16":"product_tag-oleron","17":"desktop-align-left","18":"tablet-align-left","19":"mobile-align-left","21":"first","22":"instock","23":"shipping-taxable","24":"purchasable","25":"product-type-variable"},"aioseo_notices":[],"uagb_featured_image_src":{"full":["https:\/\/mapospheres.eu\/wp-content\/uploads\/2026\/02\/Z21_NIGHT_FULL_-3.jpg",1000,1000,false],"thumbnail":["https:\/\/mapospheres.eu\/wp-content\/uploads\/2026\/02\/Z21_NIGHT_FULL_-3-150x150.jpg",150,150,true],"medium":["https:\/\/mapospheres.eu\/wp-content\/uploads\/2026\/02\/Z21_NIGHT_FULL_-3-300x300.jpg",300,300,true],"medium_large":["https:\/\/mapospheres.eu\/wp-content\/uploads\/2026\/02\/Z21_NIGHT_FULL_-3-768x768.jpg",768,768,true],"large":["https:\/\/mapospheres.eu\/wp-content\/uploads\/2026\/02\/Z21_NIGHT_FULL_-3.jpg",1000,1000,false],"1536x1536":["https:\/\/mapospheres.eu\/wp-content\/uploads\/2026\/02\/Z21_NIGHT_FULL_-3.jpg",1000,1000,false],"2048x2048":["https:\/\/mapospheres.eu\/wp-content\/uploads\/2026\/02\/Z21_NIGHT_FULL_-3.jpg",1000,1000,false],"woocommerce_thumbnail":["https:\/\/mapospheres.eu\/wp-content\/uploads\/2026\/02\/Z21_NIGHT_FULL_-3-300x300.jpg",300,300,true],"woocommerce_single":["https:\/\/mapospheres.eu\/wp-content\/uploads\/2026\/02\/Z21_NIGHT_FULL_-3-600x600.jpg",600,600,true],"woocommerce_gallery_thumbnail":["https:\/\/mapospheres.eu\/wp-content\/uploads\/2026\/02\/Z21_NIGHT_FULL_-3-100x100.jpg",100,100,true]},"uagb_author_info":{"display_name":"sgainot04@gmail.com","author_link":"https:\/\/mapospheres.eu\/es\/author\/"},"uagb_comment_info":0,"uagb_excerpt":"Consigue este Poster Elevation Map de Ol\u00e9ron, Francia, en versi\u00f3n mapa de pared. \u00a1Puedes seleccionar el tama\u00f1o o el dise\u00f1o de tu mapa!","_links":{"self":[{"href":"https:\/\/mapospheres.eu\/es\/wp-json\/wp\/v2\/product\/14753","targetHints":{"allow":["GET"]}}],"collection":[{"href":"https:\/\/mapospheres.eu\/es\/wp-json\/wp\/v2\/product"}],"about":[{"href":"https:\/\/mapospheres.eu\/es\/wp-json\/wp\/v2\/types\/product"}],"wp:featuredmedia":[{"embeddable":true,"href":"https:\/\/mapospheres.eu\/es\/wp-json\/wp\/v2\/media\/15081"}],"wp:attachment":[{"href":"https:\/\/mapospheres.eu\/es\/wp-json\/wp\/v2\/media?parent=14753"}],"wp:term":[{"taxonomy":"product_brand","embeddable":true,"href":"https:\/\/mapospheres.eu\/es\/wp-json\/wp\/v2\/product_brand?post=14753"},{"taxonomy":"product_cat","embeddable":true,"href":"https:\/\/mapospheres.eu\/es\/wp-json\/wp\/v2\/product_cat?post=14753"},{"taxonomy":"product_tag","embeddable":true,"href":"https:\/\/mapospheres.eu\/es\/wp-json\/wp\/v2\/product_tag?post=14753"}],"curies":[{"name":"wp","href":"https:\/\/api.w.org\/{rel}","templated":true}]}}