{"id":14754,"date":"2026-02-12T14:55:31","date_gmt":"2026-02-12T14:55:31","guid":{"rendered":"https:\/\/mapospheres.eu\/product\/poster-of-saint-malo-elevation-map\/"},"modified":"2026-02-16T14:04:26","modified_gmt":"2026-02-16T14:04:26","slug":"poster-of-saint-malo-elevation-map","status":"publish","type":"product","link":"https:\/\/mapospheres.eu\/es\/product\/poster-de-saint-malo-mapa-de-altitud\/","title":{"rendered":"Poster de Saint-Malo | Mapa de altitud"},"content":{"rendered":"<p><strong>Poster Elevation map de Saint-Malo, Francia: El dise\u00f1o de este mapa captura la belleza natural de la zona escarpada, con las famosas fortificaciones de la ciudad erigi\u00e9ndose orgullosas frente al tel\u00f3n de fondo del Atl\u00e1ntico.<\/strong><\/p>\n<p>Este mapa de elevaci\u00f3n de Saint-Malo, Francia, es un impresionante tributo a la rica historia y el variado terreno de la ciudad. Situada en la escarpada costa de Breta\u00f1a, Saint-Malo es conocida por sus imponentes murallas, playas de arena y dram\u00e1ticos acantilados que se elevan desde el mar. Al recorrer visualmente el mapa, se pueden ver las estrechas y serpenteantes calles del casco antiguo, o \u00abIntra-Muros\u00bb, que se encuentra encaramado sobre una pen\u00ednsula rocosa. Hacia el oeste, el mapa revela las tranquilas extensiones de verde que rodean la ciudad, incluyendo el encantador Parc de la Briantais, donde los locales pueden disfrutar de un paseo o picnic tranquilo, y las laderas verdes que ofrecen vistas panor\u00e1micas de la bah\u00eda. Los suaves contornos del terreno contrastan con los picos y desniveles cerca de la ciudadela, dejando claro por qu\u00e9 Saint-Malo fue alguna vez un para\u00edso de piratas. Por supuesto, no podemos olvidar la famosa \u00cele du Grand B\u00e9, que aparece en el mapa como un peque\u00f1o pero destacado elemento. Esta peque\u00f1a isla, accesible solo con la marea baja, alberga la tumba del renombrado escritor Chateaubriand, quien sin duda habr\u00eda aprobado la interpretaci\u00f3n art\u00edstica e informativa de este mapa sobre su querida ciudad. El mapa da vida a la vibrante historia de la ciudad, desde sus or\u00edgenes medievales hasta su transformaci\u00f3n en un bullicioso centro mar\u00edtimo.<\/p>\n","protected":false},"excerpt":{"rendered":"<p>Consigue este Poster Elevation Map de Saint-Malo, Francia, en versi\u00f3n mapa de pared. \u00a1Puedes seleccionar el tama\u00f1o o el dise\u00f1o de tu mapa!<\/p>\n","protected":false},"featured_media":15116,"template":"","meta":{"_uag_custom_page_level_css":"","_monsterinsights_skip_tracking":false,"_monsterinsights_sitenote_active":false,"_monsterinsights_sitenote_note":"","_monsterinsights_sitenote_category":0,"site-sidebar-layout":"default","site-content-layout":"","ast-site-content-layout":"default","site-content-style":"default","site-sidebar-style":"default","ast-global-header-display":"","ast-banner-title-visibility":"","ast-main-header-display":"","ast-hfb-above-header-display":"","ast-hfb-below-header-display":"","ast-hfb-mobile-header-display":"","site-post-title":"","ast-breadcrumbs-content":"","ast-featured-img":"","footer-sml-layout":"","ast-disable-related-posts":"","theme-transparent-header-meta":"default","adv-header-id-meta":"","stick-header-meta":"","header-above-stick-meta":"","header-main-stick-meta":"","header-below-stick-meta":"","astra-migrate-meta-layouts":"set","ast-page-background-enabled":"default","ast-page-background-meta":{"desktop":{"background-color":"","background-image":"","background-repeat":"repeat","background-position":"center center","background-size":"auto","background-attachment":"scroll","background-type":"","background-media":"","overlay-type":"","overlay-color":"","overlay-opacity":"","overlay-gradient":""},"tablet":{"background-color":"","background-image":"","background-repeat":"repeat","background-position":"center center","background-size":"auto","background-attachment":"scroll","background-type":"","background-media":"","overlay-type":"","overlay-color":"","overlay-opacity":"","overlay-gradient":""},"mobile":{"background-color":"","background-image":"","background-repeat":"repeat","background-position":"center center","background-size":"auto","background-attachment":"scroll","background-type":"","background-media":"","overlay-type":"","overlay-color":"","overlay-opacity":"","overlay-gradient":""}},"ast-content-background-meta":{"desktop":{"background-color":"var(--ast-global-color-5)","background-image":"","background-repeat":"repeat","background-position":"center center","background-size":"auto","background-attachment":"scroll","background-type":"","background-media":"","overlay-type":"","overlay-color":"","overlay-opacity":"","overlay-gradient":""},"tablet":{"background-color":"var(--ast-global-color-5)","background-image":"","background-repeat":"repeat","background-position":"center center","background-size":"auto","background-attachment":"scroll","background-type":"","background-media":"","overlay-type":"","overlay-color":"","overlay-opacity":"","overlay-gradient":""},"mobile":{"background-color":"var(--ast-global-color-5)","background-image":"","background-repeat":"repeat","background-position":"center center","background-size":"auto","background-attachment":"scroll","background-type":"","background-media":"","overlay-type":"","overlay-color":"","overlay-opacity":"","overlay-gradient":""}}},"product_brand":[],"product_cat":[90,464],"product_tag":[34,35,36,625,626,39,92,93,100,627,628],"class_list":{"0":"post-14754","1":"product","2":"type-product","3":"status-publish","4":"has-post-thumbnail","6":"product_cat-elevation-maps","7":"product_cat-featured_fr","8":"product_tag-30x40","9":"product_tag-40x50","10":"product_tag-50x70","11":"product_tag-bretagne","12":"product_tag-brittany","13":"product_tag-canvas","14":"product_tag-elevation-map","15":"product_tag-europe","16":"product_tag-france","17":"product_tag-malo","18":"product_tag-saint-malo","19":"desktop-align-left","20":"tablet-align-left","21":"mobile-align-left","23":"first","24":"instock","25":"shipping-taxable","26":"purchasable","27":"product-type-variable"},"aioseo_notices":[],"uagb_featured_image_src":{"full":["https:\/\/mapospheres.eu\/wp-content\/uploads\/2026\/02\/Z27_BW_ROUND_-4.jpg",1000,1000,false],"thumbnail":["https:\/\/mapospheres.eu\/wp-content\/uploads\/2026\/02\/Z27_BW_ROUND_-4-150x150.jpg",150,150,true],"medium":["https:\/\/mapospheres.eu\/wp-content\/uploads\/2026\/02\/Z27_BW_ROUND_-4-300x300.jpg",300,300,true],"medium_large":["https:\/\/mapospheres.eu\/wp-content\/uploads\/2026\/02\/Z27_BW_ROUND_-4-768x768.jpg",768,768,true],"large":["https:\/\/mapospheres.eu\/wp-content\/uploads\/2026\/02\/Z27_BW_ROUND_-4.jpg",1000,1000,false],"1536x1536":["https:\/\/mapospheres.eu\/wp-content\/uploads\/2026\/02\/Z27_BW_ROUND_-4.jpg",1000,1000,false],"2048x2048":["https:\/\/mapospheres.eu\/wp-content\/uploads\/2026\/02\/Z27_BW_ROUND_-4.jpg",1000,1000,false],"woocommerce_thumbnail":["https:\/\/mapospheres.eu\/wp-content\/uploads\/2026\/02\/Z27_BW_ROUND_-4-300x300.jpg",300,300,true],"woocommerce_single":["https:\/\/mapospheres.eu\/wp-content\/uploads\/2026\/02\/Z27_BW_ROUND_-4-600x600.jpg",600,600,true],"woocommerce_gallery_thumbnail":["https:\/\/mapospheres.eu\/wp-content\/uploads\/2026\/02\/Z27_BW_ROUND_-4-100x100.jpg",100,100,true]},"uagb_author_info":{"display_name":"sgainot04@gmail.com","author_link":"https:\/\/mapospheres.eu\/es\/author\/"},"uagb_comment_info":0,"uagb_excerpt":"Consigue este Poster Elevation Map de Saint-Malo, Francia, en versi\u00f3n mapa de pared. \u00a1Puedes seleccionar el tama\u00f1o o el dise\u00f1o de tu mapa!","_links":{"self":[{"href":"https:\/\/mapospheres.eu\/es\/wp-json\/wp\/v2\/product\/14754","targetHints":{"allow":["GET"]}}],"collection":[{"href":"https:\/\/mapospheres.eu\/es\/wp-json\/wp\/v2\/product"}],"about":[{"href":"https:\/\/mapospheres.eu\/es\/wp-json\/wp\/v2\/types\/product"}],"wp:featuredmedia":[{"embeddable":true,"href":"https:\/\/mapospheres.eu\/es\/wp-json\/wp\/v2\/media\/15116"}],"wp:attachment":[{"href":"https:\/\/mapospheres.eu\/es\/wp-json\/wp\/v2\/media?parent=14754"}],"wp:term":[{"taxonomy":"product_brand","embeddable":true,"href":"https:\/\/mapospheres.eu\/es\/wp-json\/wp\/v2\/product_brand?post=14754"},{"taxonomy":"product_cat","embeddable":true,"href":"https:\/\/mapospheres.eu\/es\/wp-json\/wp\/v2\/product_cat?post=14754"},{"taxonomy":"product_tag","embeddable":true,"href":"https:\/\/mapospheres.eu\/es\/wp-json\/wp\/v2\/product_tag?post=14754"}],"curies":[{"name":"wp","href":"https:\/\/api.w.org\/{rel}","templated":true}]}}