{"id":14755,"date":"2026-02-12T14:55:35","date_gmt":"2026-02-12T14:55:35","guid":{"rendered":"https:\/\/mapospheres.eu\/product\/poster-of-christchurch-new-zealand\/"},"modified":"2026-02-19T08:51:09","modified_gmt":"2026-02-19T08:51:09","slug":"poster-of-christchurch-new-zealand","status":"publish","type":"product","link":"https:\/\/mapospheres.eu\/es\/product\/poster-de-christchurch-nueva-zelanda\/","title":{"rendered":"Poster de Christchurch | Nueva Zelanda"},"content":{"rendered":"<p><strong>Poster City map de Christchurch, Nueva Zelanda: La ciudad es conocida como la \u00abCiudad Jard\u00edn\u00bb, y este mapa hace justicia a esa reputaci\u00f3n.<\/strong><\/p>\n<p>Christchurch, Nueva Zelanda, es una ciudad donde la naturaleza y la vida urbana se entrelazan de una manera que solo un lugar como la Isla Sur podr\u00eda lograr. Este mapa muestra la geograf\u00eda \u00fanica de la ciudad, con el r\u00edo Avon serpenteando suavemente por su coraz\u00f3n como una cinta, curv\u00e1ndose junto a calles arboladas y parques. Alrededor de esta extensi\u00f3n plana se encuentran los Alpes del Sur, que se elevan majestuosos en la distancia, proyectando su sombra sobre la ciudad y recordando a todos los que viven all\u00ed la belleza salvaje justo m\u00e1s all\u00e1 de la expansi\u00f3n urbana. La tierra en s\u00ed es una mezcla de llanuras planas y ocasionales elevaciones, como los Port Hills, ofreciendo vistas panor\u00e1micas de la ciudad, las llanuras circundantes y las monta\u00f1as distantes. Desde las colinas, se pueden trazar los caminos que han llevado a los colonos aqu\u00ed desde el siglo XIX, desde la llegada de los brit\u00e1nicos a mediados de 1800 hasta el centro cosmopolita moderno en que se ha convertido. Sin embargo, los espacios verdes son donde Christchurch realmente brilla. El extenso Hagley Park, en el centro de la ciudad, es un oasis de verdor en medio del paisaje urbano, con sus amplios c\u00e9spedes, \u00e1rboles maduros y estanques tranquilos. Los jardines bot\u00e1nicos cercanos ofrecen un refugio pac\u00edfico, al igual que los muchos parques m\u00e1s peque\u00f1os repartidos por la ciudad. Incluso las propias calles est\u00e1n bordeadas por una impresionante variedad de \u00e1rboles, desde majestuosas encinas hasta las coloridas flores de la primavera. Monumentos como la imponente Catedral de Christchurch, aunque a\u00fan se est\u00e1 recuperando del terremoto de 2011, se erigen orgullosos en el centro de todo, mientras que las bulliciosas calles a su alrededor vibran con la vida moderna. El mapa tambi\u00e9n captura la vibrante y creciente escena cultural, con barrios como el Arts Centre y el Riverside Market que aportan car\u00e1cter al coraz\u00f3n de la ciudad. Este mapa de Christchurch no solo muestra el terreno: cuenta la historia de una ciudad que ha resistido tanto terremotos literales como metaf\u00f3ricos y que se ha vuelto a\u00fan m\u00e1s hermosa en el proceso. Es una ciudad donde la naturaleza siempre est\u00e1 cerca y la historia vive en las calles. Ya seas local o simplemente un admirador del encanto de la Isla Sur, este mapa traer\u00e1 el esp\u00edritu \u00fanico de Christchurch a tu hogar, ofreciendo un viaje visual por su pasado y su presente.<\/p>\n","protected":false},"excerpt":{"rendered":"<p>Consigue un City Map (mapa mural) impreso de Christchurch | Nueva Zelanda. \u00a1Elige el tama\u00f1o, el color y el dise\u00f1o de tu mapa a continuaci\u00f3n!<\/p>\n","protected":false},"featured_media":15053,"template":"","meta":{"_uag_custom_page_level_css":"","_monsterinsights_skip_tracking":false,"_monsterinsights_sitenote_active":false,"_monsterinsights_sitenote_note":"","_monsterinsights_sitenote_category":0,"site-sidebar-layout":"default","site-content-layout":"","ast-site-content-layout":"default","site-content-style":"default","site-sidebar-style":"default","ast-global-header-display":"","ast-banner-title-visibility":"","ast-main-header-display":"","ast-hfb-above-header-display":"","ast-hfb-below-header-display":"","ast-hfb-mobile-header-display":"","site-post-title":"","ast-breadcrumbs-content":"","ast-featured-img":"","footer-sml-layout":"","ast-disable-related-posts":"","theme-transparent-header-meta":"default","adv-header-id-meta":"","stick-header-meta":"","header-above-stick-meta":"","header-main-stick-meta":"","header-below-stick-meta":"","astra-migrate-meta-layouts":"set","ast-page-background-enabled":"default","ast-page-background-meta":{"desktop":{"background-color":"","background-image":"","background-repeat":"repeat","background-position":"center center","background-size":"auto","background-attachment":"scroll","background-type":"","background-media":"","overlay-type":"","overlay-color":"","overlay-opacity":"","overlay-gradient":""},"tablet":{"background-color":"","background-image":"","background-repeat":"repeat","background-position":"center center","background-size":"auto","background-attachment":"scroll","background-type":"","background-media":"","overlay-type":"","overlay-color":"","overlay-opacity":"","overlay-gradient":""},"mobile":{"background-color":"","background-image":"","background-repeat":"repeat","background-position":"center center","background-size":"auto","background-attachment":"scroll","background-type":"","background-media":"","overlay-type":"","overlay-color":"","overlay-opacity":"","overlay-gradient":""}},"ast-content-background-meta":{"desktop":{"background-color":"var(--ast-global-color-5)","background-image":"","background-repeat":"repeat","background-position":"center center","background-size":"auto","background-attachment":"scroll","background-type":"","background-media":"","overlay-type":"","overlay-color":"","overlay-opacity":"","overlay-gradient":""},"tablet":{"background-color":"var(--ast-global-color-5)","background-image":"","background-repeat":"repeat","background-position":"center center","background-size":"auto","background-attachment":"scroll","background-type":"","background-media":"","overlay-type":"","overlay-color":"","overlay-opacity":"","overlay-gradient":""},"mobile":{"background-color":"var(--ast-global-color-5)","background-image":"","background-repeat":"repeat","background-position":"center center","background-size":"auto","background-attachment":"scroll","background-type":"","background-media":"","overlay-type":"","overlay-color":"","overlay-opacity":"","overlay-gradient":""}}},"product_brand":[],"product_cat":[18,338],"product_tag":[34,35,36,37,39,624,40,393,334],"class_list":{"0":"post-14755","1":"product","2":"type-product","3":"status-publish","4":"has-post-thumbnail","6":"product_cat-city-maps","7":"product_cat-featured_eng","8":"product_tag-30x40","9":"product_tag-40x50","10":"product_tag-50x70","11":"product_tag-70x100","12":"product_tag-canvas","13":"product_tag-christchurch","14":"product_tag-city-map","15":"product_tag-new-zealand","16":"product_tag-oceania","17":"desktop-align-left","18":"tablet-align-left","19":"mobile-align-left","21":"first","22":"instock","23":"shipping-taxable","24":"purchasable","25":"product-type-variable"},"aioseo_notices":[],"uagb_featured_image_src":{"full":["https:\/\/mapospheres.eu\/wp-content\/uploads\/2026\/02\/CANVAS_14_NIGHTROUND_4_CHRISTCHURCH.jpg",1000,1000,false],"thumbnail":["https:\/\/mapospheres.eu\/wp-content\/uploads\/2026\/02\/CANVAS_14_NIGHTROUND_4_CHRISTCHURCH-150x150.jpg",150,150,true],"medium":["https:\/\/mapospheres.eu\/wp-content\/uploads\/2026\/02\/CANVAS_14_NIGHTROUND_4_CHRISTCHURCH-300x300.jpg",300,300,true],"medium_large":["https:\/\/mapospheres.eu\/wp-content\/uploads\/2026\/02\/CANVAS_14_NIGHTROUND_4_CHRISTCHURCH-768x768.jpg",768,768,true],"large":["https:\/\/mapospheres.eu\/wp-content\/uploads\/2026\/02\/CANVAS_14_NIGHTROUND_4_CHRISTCHURCH.jpg",1000,1000,false],"1536x1536":["https:\/\/mapospheres.eu\/wp-content\/uploads\/2026\/02\/CANVAS_14_NIGHTROUND_4_CHRISTCHURCH.jpg",1000,1000,false],"2048x2048":["https:\/\/mapospheres.eu\/wp-content\/uploads\/2026\/02\/CANVAS_14_NIGHTROUND_4_CHRISTCHURCH.jpg",1000,1000,false],"woocommerce_thumbnail":["https:\/\/mapospheres.eu\/wp-content\/uploads\/2026\/02\/CANVAS_14_NIGHTROUND_4_CHRISTCHURCH-300x300.jpg",300,300,true],"woocommerce_single":["https:\/\/mapospheres.eu\/wp-content\/uploads\/2026\/02\/CANVAS_14_NIGHTROUND_4_CHRISTCHURCH-600x600.jpg",600,600,true],"woocommerce_gallery_thumbnail":["https:\/\/mapospheres.eu\/wp-content\/uploads\/2026\/02\/CANVAS_14_NIGHTROUND_4_CHRISTCHURCH-100x100.jpg",100,100,true]},"uagb_author_info":{"display_name":"sgainot04@gmail.com","author_link":"https:\/\/mapospheres.eu\/es\/author\/"},"uagb_comment_info":0,"uagb_excerpt":"Consigue un City Map (mapa mural) impreso de Christchurch | Nueva Zelanda. \u00a1Elige el tama\u00f1o, el color y el dise\u00f1o de tu mapa a continuaci\u00f3n!","_links":{"self":[{"href":"https:\/\/mapospheres.eu\/es\/wp-json\/wp\/v2\/product\/14755","targetHints":{"allow":["GET"]}}],"collection":[{"href":"https:\/\/mapospheres.eu\/es\/wp-json\/wp\/v2\/product"}],"about":[{"href":"https:\/\/mapospheres.eu\/es\/wp-json\/wp\/v2\/types\/product"}],"wp:featuredmedia":[{"embeddable":true,"href":"https:\/\/mapospheres.eu\/es\/wp-json\/wp\/v2\/media\/15053"}],"wp:attachment":[{"href":"https:\/\/mapospheres.eu\/es\/wp-json\/wp\/v2\/media?parent=14755"}],"wp:term":[{"taxonomy":"product_brand","embeddable":true,"href":"https:\/\/mapospheres.eu\/es\/wp-json\/wp\/v2\/product_brand?post=14755"},{"taxonomy":"product_cat","embeddable":true,"href":"https:\/\/mapospheres.eu\/es\/wp-json\/wp\/v2\/product_cat?post=14755"},{"taxonomy":"product_tag","embeddable":true,"href":"https:\/\/mapospheres.eu\/es\/wp-json\/wp\/v2\/product_tag?post=14755"}],"curies":[{"name":"wp","href":"https:\/\/api.w.org\/{rel}","templated":true}]}}