{"id":14758,"date":"2026-02-12T14:55:52","date_gmt":"2026-02-12T14:55:52","guid":{"rendered":"https:\/\/mapospheres.eu\/product\/poster-of-cairo-egypt\/"},"modified":"2026-02-16T14:03:31","modified_gmt":"2026-02-16T14:03:31","slug":"poster-of-cairo-egypt","status":"publish","type":"product","link":"https:\/\/mapospheres.eu\/es\/product\/poster-de-el-cairo-egipto\/","title":{"rendered":"Poster de El Cairo | Egipto"},"content":{"rendered":"<p><strong>Poster City map de El Cairo, Egipto: un viaje visual por una de las ciudades m\u00e1s antiguas del mundo.<\/strong><\/p>\n<p>El Cairo, el bullicioso coraz\u00f3n de Egipto, se alza como un gran escenario al borde del vasto desierto, con el eterno r\u00edo Nilo fluyendo suavemente por su centro. El mapa de El Cairo resalta el fascinante contraste entre la historia antigua y la vida moderna de la ciudad, enmarcado por las amplias curvas del Nilo y las doradas arenas del Sahara. Hacia el oeste, el terreno cambia r\u00e1pidamente del crecimiento urbano al desierto infinito, mientras que las tierras f\u00e9rtiles a lo largo del r\u00edo han sustentado la vida durante miles de a\u00f1os, ofreciendo un marcado contraste visual entre la abundancia de la naturaleza y la extensi\u00f3n \u00e1rida m\u00e1s all\u00e1. En el coraz\u00f3n del mapa se encuentra la famosa cuadr\u00edcula de calles de la ciudad, que se cruzan en lugares donde a\u00fan resuena la historia antigua. Desde las imponentes pir\u00e1mides de Guiza, justo fuera de la ciudad, hasta los notables templos y tumbas que salpican el paisaje, el mapa captura los monumentos atemporales que han dado forma a la identidad de El Cairo. Las propias pir\u00e1mides, construidas para perdurar a trav\u00e9s de los siglos, se alzan como centinelas silenciosos, visibles desde gran parte del \u00e1rea circundante y recordando a todos los que pasan por all\u00ed la civilizaci\u00f3n que una vez domin\u00f3 el mundo conocido. La expansi\u00f3n urbana de El Cairo est\u00e1 salpicada de espacios verdes, a menudo gemas escondidas en medio del bullicio. El famoso Parque Al-Azhar, con sus tranquilos jardines y sus impresionantes vistas del horizonte de la ciudad, es solo un ejemplo de c\u00f3mo la ciudad ha logrado preservar su belleza natural a pesar de su r\u00e1pido crecimiento. El mapa tambi\u00e9n refleja las exuberantes orillas del Nilo, donde las palmeras datileras y los parques ocasionales bordean el agua, ofreciendo tranquilos refugios lejos del ajetreo urbano.<\/p>\n","protected":false},"excerpt":{"rendered":"<p>Consigue un City Map (mapa mural) impreso de El Cairo, Egipto. \u00a1Elige el tama\u00f1o, el color y el dise\u00f1o de tu mapa a continuaci\u00f3n!<\/p>\n","protected":false},"featured_media":14790,"template":"","meta":{"_uag_custom_page_level_css":"","_monsterinsights_skip_tracking":false,"_monsterinsights_sitenote_active":false,"_monsterinsights_sitenote_note":"","_monsterinsights_sitenote_category":0,"site-sidebar-layout":"default","site-content-layout":"","ast-site-content-layout":"default","site-content-style":"default","site-sidebar-style":"default","ast-global-header-display":"","ast-banner-title-visibility":"","ast-main-header-display":"","ast-hfb-above-header-display":"","ast-hfb-below-header-display":"","ast-hfb-mobile-header-display":"","site-post-title":"","ast-breadcrumbs-content":"","ast-featured-img":"","footer-sml-layout":"","ast-disable-related-posts":"","theme-transparent-header-meta":"default","adv-header-id-meta":"","stick-header-meta":"","header-above-stick-meta":"","header-main-stick-meta":"","header-below-stick-meta":"","astra-migrate-meta-layouts":"set","ast-page-background-enabled":"default","ast-page-background-meta":{"desktop":{"background-color":"","background-image":"","background-repeat":"repeat","background-position":"center center","background-size":"auto","background-attachment":"scroll","background-type":"","background-media":"","overlay-type":"","overlay-color":"","overlay-opacity":"","overlay-gradient":""},"tablet":{"background-color":"","background-image":"","background-repeat":"repeat","background-position":"center center","background-size":"auto","background-attachment":"scroll","background-type":"","background-media":"","overlay-type":"","overlay-color":"","overlay-opacity":"","overlay-gradient":""},"mobile":{"background-color":"","background-image":"","background-repeat":"repeat","background-position":"center center","background-size":"auto","background-attachment":"scroll","background-type":"","background-media":"","overlay-type":"","overlay-color":"","overlay-opacity":"","overlay-gradient":""}},"ast-content-background-meta":{"desktop":{"background-color":"var(--ast-global-color-5)","background-image":"","background-repeat":"repeat","background-position":"center center","background-size":"auto","background-attachment":"scroll","background-type":"","background-media":"","overlay-type":"","overlay-color":"","overlay-opacity":"","overlay-gradient":""},"tablet":{"background-color":"var(--ast-global-color-5)","background-image":"","background-repeat":"repeat","background-position":"center center","background-size":"auto","background-attachment":"scroll","background-type":"","background-media":"","overlay-type":"","overlay-color":"","overlay-opacity":"","overlay-gradient":""},"mobile":{"background-color":"var(--ast-global-color-5)","background-image":"","background-repeat":"repeat","background-position":"center center","background-size":"auto","background-attachment":"scroll","background-type":"","background-media":"","overlay-type":"","overlay-color":"","overlay-opacity":"","overlay-gradient":""}}},"product_brand":[],"product_cat":[18],"product_tag":[34,35,36,37,97,119,39,40,120],"class_list":{"0":"post-14758","1":"product","2":"type-product","3":"status-publish","4":"has-post-thumbnail","6":"product_cat-city-maps","7":"product_tag-30x40","8":"product_tag-40x50","9":"product_tag-50x70","10":"product_tag-70x100","11":"product_tag-africa","12":"product_tag-cairo","13":"product_tag-canvas","14":"product_tag-city-map","15":"product_tag-egypt","16":"desktop-align-left","17":"tablet-align-left","18":"mobile-align-left","20":"first","21":"instock","22":"shipping-taxable","23":"purchasable","24":"product-type-variable"},"aioseo_notices":[],"uagb_featured_image_src":{"full":["https:\/\/mapospheres.eu\/wp-content\/uploads\/2026\/02\/CANVAS_14_NIGHTROUND_4_CAIRO.jpg",1000,1000,false],"thumbnail":["https:\/\/mapospheres.eu\/wp-content\/uploads\/2026\/02\/CANVAS_14_NIGHTROUND_4_CAIRO-150x150.jpg",150,150,true],"medium":["https:\/\/mapospheres.eu\/wp-content\/uploads\/2026\/02\/CANVAS_14_NIGHTROUND_4_CAIRO-300x300.jpg",300,300,true],"medium_large":["https:\/\/mapospheres.eu\/wp-content\/uploads\/2026\/02\/CANVAS_14_NIGHTROUND_4_CAIRO-768x768.jpg",768,768,true],"large":["https:\/\/mapospheres.eu\/wp-content\/uploads\/2026\/02\/CANVAS_14_NIGHTROUND_4_CAIRO.jpg",1000,1000,false],"1536x1536":["https:\/\/mapospheres.eu\/wp-content\/uploads\/2026\/02\/CANVAS_14_NIGHTROUND_4_CAIRO.jpg",1000,1000,false],"2048x2048":["https:\/\/mapospheres.eu\/wp-content\/uploads\/2026\/02\/CANVAS_14_NIGHTROUND_4_CAIRO.jpg",1000,1000,false],"woocommerce_thumbnail":["https:\/\/mapospheres.eu\/wp-content\/uploads\/2026\/02\/CANVAS_14_NIGHTROUND_4_CAIRO-300x300.jpg",300,300,true],"woocommerce_single":["https:\/\/mapospheres.eu\/wp-content\/uploads\/2026\/02\/CANVAS_14_NIGHTROUND_4_CAIRO-600x600.jpg",600,600,true],"woocommerce_gallery_thumbnail":["https:\/\/mapospheres.eu\/wp-content\/uploads\/2026\/02\/CANVAS_14_NIGHTROUND_4_CAIRO-100x100.jpg",100,100,true]},"uagb_author_info":{"display_name":"sgainot04@gmail.com","author_link":"https:\/\/mapospheres.eu\/es\/author\/"},"uagb_comment_info":0,"uagb_excerpt":"Consigue un City Map (mapa mural) impreso de El Cairo, Egipto. \u00a1Elige el tama\u00f1o, el color y el dise\u00f1o de tu mapa a continuaci\u00f3n!","_links":{"self":[{"href":"https:\/\/mapospheres.eu\/es\/wp-json\/wp\/v2\/product\/14758","targetHints":{"allow":["GET"]}}],"collection":[{"href":"https:\/\/mapospheres.eu\/es\/wp-json\/wp\/v2\/product"}],"about":[{"href":"https:\/\/mapospheres.eu\/es\/wp-json\/wp\/v2\/types\/product"}],"wp:featuredmedia":[{"embeddable":true,"href":"https:\/\/mapospheres.eu\/es\/wp-json\/wp\/v2\/media\/14790"}],"wp:attachment":[{"href":"https:\/\/mapospheres.eu\/es\/wp-json\/wp\/v2\/media?parent=14758"}],"wp:term":[{"taxonomy":"product_brand","embeddable":true,"href":"https:\/\/mapospheres.eu\/es\/wp-json\/wp\/v2\/product_brand?post=14758"},{"taxonomy":"product_cat","embeddable":true,"href":"https:\/\/mapospheres.eu\/es\/wp-json\/wp\/v2\/product_cat?post=14758"},{"taxonomy":"product_tag","embeddable":true,"href":"https:\/\/mapospheres.eu\/es\/wp-json\/wp\/v2\/product_tag?post=14758"}],"curies":[{"name":"wp","href":"https:\/\/api.w.org\/{rel}","templated":true}]}}