{"id":14759,"date":"2026-02-12T14:55:59","date_gmt":"2026-02-12T14:55:59","guid":{"rendered":"https:\/\/mapospheres.eu\/product\/poster-of-honolulu-hawaii-us\/"},"modified":"2026-02-16T14:03:58","modified_gmt":"2026-02-16T14:03:58","slug":"poster-of-honolulu-hawaii-us","status":"publish","type":"product","link":"https:\/\/mapospheres.eu\/es\/product\/poster-de-honolulu-hawai-es\/","title":{"rendered":"Poster de Honolulu | Haw\u00e1i"},"content":{"rendered":"<p><strong>Poster City map de Honolulu, Haw\u00e1i: Ya sea que te atraiga su extensa costa, su origen volc\u00e1nico o sus lugares hist\u00f3ricos, el mapa de Honolulu ofrece una representaci\u00f3n impactante y cuidada.<\/strong><\/p>\n<p>Honolulu, el coraz\u00f3n de Haw\u00e1i, se alza como una joya en la costa sur de la isla de Oahu, y su mapa revela la mezcla \u00fanica de belleza natural y vida urbana de la ciudad. Enmarcada por las brillantes aguas azules del oc\u00e9ano Pac\u00edfico, la ciudad est\u00e1 rodeada por un tel\u00f3n de fondo de escarpadas monta\u00f1as volc\u00e1nicas que se elevan de forma espectacular desde la costa. Estos picos ic\u00f3nicos, como las afiladas crestas de la cordillera Ko\u02bbolau, atraen la mirada al trazar los l\u00edmites naturales de la ciudad. La topograf\u00eda del mapa captura estas colinas abruptas, con sus profundos valles y su exuberante vegetaci\u00f3n, que cuentan la historia de una tierra moldeada por el fuego y el agua a lo largo de millones de a\u00f1os. Las extensiones llanas de las zonas urbanas de Honolulu se sit\u00faan c\u00f3modamente entre estos gigantes naturales, ofreciendo un marcado contraste de calles, parques y monumentos hist\u00f3ricos. En el coraz\u00f3n de todo se encuentra el famoso Diamond Head, un cr\u00e1ter volc\u00e1nico extinto que se alza sobre la ciudad como un guardi\u00e1n vigilante. Su silueta es tan ic\u00f3nica como las palmeras que se mecen a lo largo de la playa de Waikiki, donde los surfistas surcan las mismas olas que se han cabalgado durante siglos. Estos lugares emblem\u00e1ticos otorgan al mapa una sensaci\u00f3n tanto de historia como de aventura continua, desde los antiguos navegantes hawaianos hasta los exploradores de la actualidad.<\/p>\n","protected":false},"excerpt":{"rendered":"<p>Consigue un City Map (mapa mural) impreso de Honolulu, Haw\u00e1i. \u00a1Elige el tama\u00f1o, el color y el dise\u00f1o de tu mapa a continuaci\u00f3n!<\/p>\n","protected":false},"featured_media":14778,"template":"","meta":{"_uag_custom_page_level_css":"","_monsterinsights_skip_tracking":false,"_monsterinsights_sitenote_active":false,"_monsterinsights_sitenote_note":"","_monsterinsights_sitenote_category":0,"site-sidebar-layout":"default","site-content-layout":"","ast-site-content-layout":"default","site-content-style":"default","site-sidebar-style":"default","ast-global-header-display":"","ast-banner-title-visibility":"","ast-main-header-display":"","ast-hfb-above-header-display":"","ast-hfb-below-header-display":"","ast-hfb-mobile-header-display":"","site-post-title":"","ast-breadcrumbs-content":"","ast-featured-img":"","footer-sml-layout":"","ast-disable-related-posts":"","theme-transparent-header-meta":"default","adv-header-id-meta":"","stick-header-meta":"","header-above-stick-meta":"","header-main-stick-meta":"","header-below-stick-meta":"","astra-migrate-meta-layouts":"set","ast-page-background-enabled":"default","ast-page-background-meta":{"desktop":{"background-color":"","background-image":"","background-repeat":"repeat","background-position":"center center","background-size":"auto","background-attachment":"scroll","background-type":"","background-media":"","overlay-type":"","overlay-color":"","overlay-opacity":"","overlay-gradient":""},"tablet":{"background-color":"","background-image":"","background-repeat":"repeat","background-position":"center center","background-size":"auto","background-attachment":"scroll","background-type":"","background-media":"","overlay-type":"","overlay-color":"","overlay-opacity":"","overlay-gradient":""},"mobile":{"background-color":"","background-image":"","background-repeat":"repeat","background-position":"center center","background-size":"auto","background-attachment":"scroll","background-type":"","background-media":"","overlay-type":"","overlay-color":"","overlay-opacity":"","overlay-gradient":""}},"ast-content-background-meta":{"desktop":{"background-color":"var(--ast-global-color-5)","background-image":"","background-repeat":"repeat","background-position":"center center","background-size":"auto","background-attachment":"scroll","background-type":"","background-media":"","overlay-type":"","overlay-color":"","overlay-opacity":"","overlay-gradient":""},"tablet":{"background-color":"var(--ast-global-color-5)","background-image":"","background-repeat":"repeat","background-position":"center center","background-size":"auto","background-attachment":"scroll","background-type":"","background-media":"","overlay-type":"","overlay-color":"","overlay-opacity":"","overlay-gradient":""},"mobile":{"background-color":"var(--ast-global-color-5)","background-image":"","background-repeat":"repeat","background-position":"center center","background-size":"auto","background-attachment":"scroll","background-type":"","background-media":"","overlay-type":"","overlay-color":"","overlay-opacity":"","overlay-gradient":""}}},"product_brand":[],"product_cat":[18],"product_tag":[34,35,36,37,39,40,612,613,614,167],"class_list":{"0":"post-14759","1":"product","2":"type-product","3":"status-publish","4":"has-post-thumbnail","6":"product_cat-city-maps","7":"product_tag-30x40","8":"product_tag-40x50","9":"product_tag-50x70","10":"product_tag-70x100","11":"product_tag-canvas","12":"product_tag-city-map","13":"product_tag-hawai","14":"product_tag-hawaii","15":"product_tag-honolulu","16":"product_tag-united-states","17":"desktop-align-left","18":"tablet-align-left","19":"mobile-align-left","21":"first","22":"instock","23":"shipping-taxable","24":"purchasable","25":"product-type-variable"},"aioseo_notices":[],"uagb_featured_image_src":{"full":["https:\/\/mapospheres.eu\/wp-content\/uploads\/2026\/02\/CANVAS_16_BWROUND_2ND_6_HONOLULU.jpg",1000,1000,false],"thumbnail":["https:\/\/mapospheres.eu\/wp-content\/uploads\/2026\/02\/CANVAS_16_BWROUND_2ND_6_HONOLULU-150x150.jpg",150,150,true],"medium":["https:\/\/mapospheres.eu\/wp-content\/uploads\/2026\/02\/CANVAS_16_BWROUND_2ND_6_HONOLULU-300x300.jpg",300,300,true],"medium_large":["https:\/\/mapospheres.eu\/wp-content\/uploads\/2026\/02\/CANVAS_16_BWROUND_2ND_6_HONOLULU-768x768.jpg",768,768,true],"large":["https:\/\/mapospheres.eu\/wp-content\/uploads\/2026\/02\/CANVAS_16_BWROUND_2ND_6_HONOLULU.jpg",1000,1000,false],"1536x1536":["https:\/\/mapospheres.eu\/wp-content\/uploads\/2026\/02\/CANVAS_16_BWROUND_2ND_6_HONOLULU.jpg",1000,1000,false],"2048x2048":["https:\/\/mapospheres.eu\/wp-content\/uploads\/2026\/02\/CANVAS_16_BWROUND_2ND_6_HONOLULU.jpg",1000,1000,false],"woocommerce_thumbnail":["https:\/\/mapospheres.eu\/wp-content\/uploads\/2026\/02\/CANVAS_16_BWROUND_2ND_6_HONOLULU-300x300.jpg",300,300,true],"woocommerce_single":["https:\/\/mapospheres.eu\/wp-content\/uploads\/2026\/02\/CANVAS_16_BWROUND_2ND_6_HONOLULU-600x600.jpg",600,600,true],"woocommerce_gallery_thumbnail":["https:\/\/mapospheres.eu\/wp-content\/uploads\/2026\/02\/CANVAS_16_BWROUND_2ND_6_HONOLULU-100x100.jpg",100,100,true]},"uagb_author_info":{"display_name":"sgainot04@gmail.com","author_link":"https:\/\/mapospheres.eu\/es\/author\/"},"uagb_comment_info":0,"uagb_excerpt":"Consigue un City Map (mapa mural) impreso de Honolulu, Haw\u00e1i. \u00a1Elige el tama\u00f1o, el color y el dise\u00f1o de tu mapa a continuaci\u00f3n!","_links":{"self":[{"href":"https:\/\/mapospheres.eu\/es\/wp-json\/wp\/v2\/product\/14759","targetHints":{"allow":["GET"]}}],"collection":[{"href":"https:\/\/mapospheres.eu\/es\/wp-json\/wp\/v2\/product"}],"about":[{"href":"https:\/\/mapospheres.eu\/es\/wp-json\/wp\/v2\/types\/product"}],"wp:featuredmedia":[{"embeddable":true,"href":"https:\/\/mapospheres.eu\/es\/wp-json\/wp\/v2\/media\/14778"}],"wp:attachment":[{"href":"https:\/\/mapospheres.eu\/es\/wp-json\/wp\/v2\/media?parent=14759"}],"wp:term":[{"taxonomy":"product_brand","embeddable":true,"href":"https:\/\/mapospheres.eu\/es\/wp-json\/wp\/v2\/product_brand?post=14759"},{"taxonomy":"product_cat","embeddable":true,"href":"https:\/\/mapospheres.eu\/es\/wp-json\/wp\/v2\/product_cat?post=14759"},{"taxonomy":"product_tag","embeddable":true,"href":"https:\/\/mapospheres.eu\/es\/wp-json\/wp\/v2\/product_tag?post=14759"}],"curies":[{"name":"wp","href":"https:\/\/api.w.org\/{rel}","templated":true}]}}