{"id":17088,"date":"2026-03-02T13:28:07","date_gmt":"2026-03-02T13:28:07","guid":{"rendered":"https:\/\/mapospheres.eu\/product\/poster-of-shiraz-barendrecht-love-maps\/"},"modified":"2026-03-10T13:41:02","modified_gmt":"2026-03-10T13:41:02","slug":"poster-of-shiraz-barendrecht-love-maps","status":"publish","type":"product","link":"https:\/\/mapospheres.eu\/es\/product\/poster-de-shiraz-barendrecht-mapa-de-amor\/","title":{"rendered":"Poster de Shiraz Barendrecht | Mapa de Amor"},"content":{"rendered":"<p>\u00a1Gracias por su inter\u00e9s en nuestro trabajo! \ud83d\ude42<\/p>\n<p>Mapospheres es una excelente combinaci\u00f3n de cartograf\u00eda y dise\u00f1o para reflejar la diversidad y expresar tu amor. Hemos creado una serie de obras de arte con un dise\u00f1o distintivo que muestra las ciudades de origen de cada miembro de una pareja y las combina en mapas de gran formato. Mapas en gran tama\u00f1o, impresos bajo demanda y f\u00e1ciles de pedir.<\/p>\n<p>Puedes elegir CUALQUIER CIUDAD DEL MUNDO para dar vida a tus espacios en casa o en la oficina. Mapea esos destinos de los que te enamoraste a primera vista, muestra tu ciudad de nacimiento en tu lugar de trabajo o incluso ese lugar al que nunca has ido\u2026 (todav\u00eda).<\/p>\n<p> Por favor, lee la secci\u00f3n <a title=\"Preguntas Frecuentes\" href=\"https:\/\/mapospheres.eu\/es\/preguntas-frecuentes\/\" target=\"_blank\">Preguntas Frecuentes<\/a> y no dudes en <a title=\"contacto\" href=\"https:\/\/mapospheres.eu\/es\/contacto\/\" target=\"_blank\">contactarme<\/a> si tienes alguna pregunta.<\/p>\n","protected":false},"excerpt":{"rendered":"<p>Obt\u00e9n esta impresi\u00f3n Poster Love Map de Shiraz, Barendrecht como mapa de pared. \u00a1Puedes seleccionar el tama\u00f1o o el dise\u00f1o de tu mapa!<\/p>\n","protected":false},"featured_media":19166,"template":"","meta":{"_uag_custom_page_level_css":"","_monsterinsights_skip_tracking":false,"_monsterinsights_sitenote_active":false,"_monsterinsights_sitenote_note":"","_monsterinsights_sitenote_category":0,"site-sidebar-layout":"default","site-content-layout":"","ast-site-content-layout":"default","site-content-style":"default","site-sidebar-style":"default","ast-global-header-display":"","ast-banner-title-visibility":"","ast-main-header-display":"","ast-hfb-above-header-display":"","ast-hfb-below-header-display":"","ast-hfb-mobile-header-display":"","site-post-title":"","ast-breadcrumbs-content":"","ast-featured-img":"","footer-sml-layout":"","ast-disable-related-posts":"","theme-transparent-header-meta":"default","adv-header-id-meta":"","stick-header-meta":"","header-above-stick-meta":"","header-main-stick-meta":"","header-below-stick-meta":"","astra-migrate-meta-layouts":"set","ast-page-background-enabled":"default","ast-page-background-meta":{"desktop":{"background-color":"","background-image":"","background-repeat":"repeat","background-position":"center center","background-size":"auto","background-attachment":"scroll","background-type":"","background-media":"","overlay-type":"","overlay-color":"","overlay-opacity":"","overlay-gradient":""},"tablet":{"background-color":"","background-image":"","background-repeat":"repeat","background-position":"center center","background-size":"auto","background-attachment":"scroll","background-type":"","background-media":"","overlay-type":"","overlay-color":"","overlay-opacity":"","overlay-gradient":""},"mobile":{"background-color":"","background-image":"","background-repeat":"repeat","background-position":"center center","background-size":"auto","background-attachment":"scroll","background-type":"","background-media":"","overlay-type":"","overlay-color":"","overlay-opacity":"","overlay-gradient":""}},"ast-content-background-meta":{"desktop":{"background-color":"var(--ast-global-color-5)","background-image":"","background-repeat":"repeat","background-position":"center center","background-size":"auto","background-attachment":"scroll","background-type":"","background-media":"","overlay-type":"","overlay-color":"","overlay-opacity":"","overlay-gradient":""},"tablet":{"background-color":"var(--ast-global-color-5)","background-image":"","background-repeat":"repeat","background-position":"center center","background-size":"auto","background-attachment":"scroll","background-type":"","background-media":"","overlay-type":"","overlay-color":"","overlay-opacity":"","overlay-gradient":""},"mobile":{"background-color":"var(--ast-global-color-5)","background-image":"","background-repeat":"repeat","background-position":"center center","background-size":"auto","background-attachment":"scroll","background-type":"","background-media":"","overlay-type":"","overlay-color":"","overlay-opacity":"","overlay-gradient":""}}},"product_brand":[],"product_cat":[112],"product_tag":[34,35,36,790,114,327],"class_list":{"0":"post-17088","1":"product","2":"type-product","3":"status-publish","4":"has-post-thumbnail","6":"product_cat-love-maps","7":"product_tag-30x40","8":"product_tag-40x50","9":"product_tag-50x70","10":"product_tag-barendrecht","11":"product_tag-love-maps","12":"product_tag-shiraz","13":"desktop-align-left","14":"tablet-align-left","15":"mobile-align-left","17":"first","18":"instock","19":"shipping-taxable","20":"purchasable","21":"product-type-variable"},"aioseo_notices":[],"uagb_featured_image_src":{"full":["https:\/\/mapospheres.eu\/wp-content\/uploads\/2026\/03\/WOODENFLOOR_SHIRAZ_BARENDRECHT2.jpg",1250,1500,false],"thumbnail":["https:\/\/mapospheres.eu\/wp-content\/uploads\/2026\/03\/WOODENFLOOR_SHIRAZ_BARENDRECHT2-150x150.jpg",150,150,true],"medium":["https:\/\/mapospheres.eu\/wp-content\/uploads\/2026\/03\/WOODENFLOOR_SHIRAZ_BARENDRECHT2-250x300.jpg",250,300,true],"medium_large":["https:\/\/mapospheres.eu\/wp-content\/uploads\/2026\/03\/WOODENFLOOR_SHIRAZ_BARENDRECHT2-768x922.jpg",768,922,true],"large":["https:\/\/mapospheres.eu\/wp-content\/uploads\/2026\/03\/WOODENFLOOR_SHIRAZ_BARENDRECHT2-853x1024.jpg",853,1024,true],"1536x1536":["https:\/\/mapospheres.eu\/wp-content\/uploads\/2026\/03\/WOODENFLOOR_SHIRAZ_BARENDRECHT2.jpg",1250,1500,false],"2048x2048":["https:\/\/mapospheres.eu\/wp-content\/uploads\/2026\/03\/WOODENFLOOR_SHIRAZ_BARENDRECHT2.jpg",1250,1500,false],"woocommerce_thumbnail":["https:\/\/mapospheres.eu\/wp-content\/uploads\/2026\/03\/WOODENFLOOR_SHIRAZ_BARENDRECHT2-300x300.jpg",300,300,true],"woocommerce_single":["https:\/\/mapospheres.eu\/wp-content\/uploads\/2026\/03\/WOODENFLOOR_SHIRAZ_BARENDRECHT2-600x720.jpg",600,720,true],"woocommerce_gallery_thumbnail":["https:\/\/mapospheres.eu\/wp-content\/uploads\/2026\/03\/WOODENFLOOR_SHIRAZ_BARENDRECHT2-100x100.jpg",100,100,true]},"uagb_author_info":{"display_name":"sgainot04@gmail.com","author_link":"https:\/\/mapospheres.eu\/es\/author\/"},"uagb_comment_info":0,"uagb_excerpt":"Obt\u00e9n esta impresi\u00f3n Poster Love Map de Shiraz, Barendrecht como mapa de pared. \u00a1Puedes seleccionar el tama\u00f1o o el dise\u00f1o de tu mapa!","_links":{"self":[{"href":"https:\/\/mapospheres.eu\/es\/wp-json\/wp\/v2\/product\/17088","targetHints":{"allow":["GET"]}}],"collection":[{"href":"https:\/\/mapospheres.eu\/es\/wp-json\/wp\/v2\/product"}],"about":[{"href":"https:\/\/mapospheres.eu\/es\/wp-json\/wp\/v2\/types\/product"}],"wp:featuredmedia":[{"embeddable":true,"href":"https:\/\/mapospheres.eu\/es\/wp-json\/wp\/v2\/media\/19166"}],"wp:attachment":[{"href":"https:\/\/mapospheres.eu\/es\/wp-json\/wp\/v2\/media?parent=17088"}],"wp:term":[{"taxonomy":"product_brand","embeddable":true,"href":"https:\/\/mapospheres.eu\/es\/wp-json\/wp\/v2\/product_brand?post=17088"},{"taxonomy":"product_cat","embeddable":true,"href":"https:\/\/mapospheres.eu\/es\/wp-json\/wp\/v2\/product_cat?post=17088"},{"taxonomy":"product_tag","embeddable":true,"href":"https:\/\/mapospheres.eu\/es\/wp-json\/wp\/v2\/product_tag?post=17088"}],"curies":[{"name":"wp","href":"https:\/\/api.w.org\/{rel}","templated":true}]}}