{"id":17090,"date":"2026-03-02T13:28:13","date_gmt":"2026-03-02T13:28:13","guid":{"rendered":"https:\/\/mapospheres.eu\/product\/poster-of-prague-czechia\/"},"modified":"2026-03-10T11:11:02","modified_gmt":"2026-03-10T11:11:02","slug":"poster-of-prague-czechia","status":"publish","type":"product","link":"https:\/\/mapospheres.eu\/es\/product\/poster-de-praga-chequia\/","title":{"rendered":"Poster de Praga | Chequia"},"content":{"rendered":"<p><strong>Poster City map de Praga, Chequia: Si miras el tiempo suficiente, podr\u00edas ver a un golem escondido en las sombras o a Kafka paseando cerca del r\u00edo.<\/strong><\/p>\n<p>Praga es una ciudad a la que no le gustan las l\u00edneas rectas. Se retuerce, asciende, se inclina y se curva a trav\u00e9s de la historia \u2014 y este mapa lo captura todo, desde la alta colina del castillo hasta las orillas bajas del r\u00edo donde el Vltava serpentea como un drag\u00f3n adormecido. El terreno en s\u00ed mismo forma parte de la historia: el lado occidental se eleva en suaves pendientes, coronado por Hrad\u010dany y el Castillo de Praga, mientras que el lado oriental vibra con la vida de la Ciudad Vieja, la Ciudad Nueva y m\u00e1s nombres confusos entre ambas. El mapa muestra m\u00e1s que calles; muestra la forma de una ciudad construida para impresionar y perdurar. Los espacios verdes no son solo decoraci\u00f3n \u2014 son lugares de duelos, paseos, revoluciones y siestas. El parque Letn\u00e1 se extiende como un gigante perezoso sobre el r\u00edo, la colina Pet\u0159\u00edn se inclina con su barba frondosa y una torre mirador que pretende ser una mini Torre Eiffel, y Vy\u0161ehrad se alza al sur, meditando sobre antiguos mitos y un cementerio lleno de checos famosos que no cre\u00edan en fantasmas, hasta que quiz\u00e1 empezaron a hacerlo. Los monumentos se elevan como signos de puntuaci\u00f3n en la larga frase de la ciudad. El Puente de Carlos, con sus santos de piedra y su fuerza silenciosa, conecta el pasado con el presente. Las agujas de las viejas iglesias perforan el cielo, porque Praga siempre crey\u00f3 que los tejados deb\u00edan tener algo de ambici\u00f3n. El trazado de la ciudad, visto desde arriba, parece casi accidental \u2014 pero como en todos los cuentos de hadas, hay un orden escondido en el laberinto.<\/p>\n","protected":false},"excerpt":{"rendered":"<p>Consigue un City Map (mapa mural de ciudad) impreso  de Praga Chequia. \u00a1Elige el tama\u00f1o, el color y el dise\u00f1o de tu mapa a continuaci\u00f3n!<\/p>\n","protected":false},"featured_media":18902,"template":"","meta":{"_uag_custom_page_level_css":"","_monsterinsights_skip_tracking":false,"_monsterinsights_sitenote_active":false,"_monsterinsights_sitenote_note":"","_monsterinsights_sitenote_category":0,"site-sidebar-layout":"default","site-content-layout":"","ast-site-content-layout":"default","site-content-style":"default","site-sidebar-style":"default","ast-global-header-display":"","ast-banner-title-visibility":"","ast-main-header-display":"","ast-hfb-above-header-display":"","ast-hfb-below-header-display":"","ast-hfb-mobile-header-display":"","site-post-title":"","ast-breadcrumbs-content":"","ast-featured-img":"","footer-sml-layout":"","ast-disable-related-posts":"","theme-transparent-header-meta":"default","adv-header-id-meta":"","stick-header-meta":"","header-above-stick-meta":"","header-main-stick-meta":"","header-below-stick-meta":"","astra-migrate-meta-layouts":"set","ast-page-background-enabled":"default","ast-page-background-meta":{"desktop":{"background-color":"","background-image":"","background-repeat":"repeat","background-position":"center center","background-size":"auto","background-attachment":"scroll","background-type":"","background-media":"","overlay-type":"","overlay-color":"","overlay-opacity":"","overlay-gradient":""},"tablet":{"background-color":"","background-image":"","background-repeat":"repeat","background-position":"center center","background-size":"auto","background-attachment":"scroll","background-type":"","background-media":"","overlay-type":"","overlay-color":"","overlay-opacity":"","overlay-gradient":""},"mobile":{"background-color":"","background-image":"","background-repeat":"repeat","background-position":"center center","background-size":"auto","background-attachment":"scroll","background-type":"","background-media":"","overlay-type":"","overlay-color":"","overlay-opacity":"","overlay-gradient":""}},"ast-content-background-meta":{"desktop":{"background-color":"var(--ast-global-color-5)","background-image":"","background-repeat":"repeat","background-position":"center center","background-size":"auto","background-attachment":"scroll","background-type":"","background-media":"","overlay-type":"","overlay-color":"","overlay-opacity":"","overlay-gradient":""},"tablet":{"background-color":"var(--ast-global-color-5)","background-image":"","background-repeat":"repeat","background-position":"center center","background-size":"auto","background-attachment":"scroll","background-type":"","background-media":"","overlay-type":"","overlay-color":"","overlay-opacity":"","overlay-gradient":""},"mobile":{"background-color":"var(--ast-global-color-5)","background-image":"","background-repeat":"repeat","background-position":"center center","background-size":"auto","background-attachment":"scroll","background-type":"","background-media":"","overlay-type":"","overlay-color":"","overlay-opacity":"","overlay-gradient":""}}},"product_brand":[],"product_cat":[18,338,464],"product_tag":[34,35,36,39,40,785,786,93,787],"class_list":{"0":"post-17090","1":"product","2":"type-product","3":"status-publish","4":"has-post-thumbnail","6":"product_cat-city-maps","7":"product_cat-featured_eng","8":"product_cat-featured_fr","9":"product_tag-30x40","10":"product_tag-40x50","11":"product_tag-50x70","12":"product_tag-canvas","13":"product_tag-city-map","14":"product_tag-czech-republic","15":"product_tag-czechia","16":"product_tag-europe","17":"product_tag-prague","18":"desktop-align-left","19":"tablet-align-left","20":"mobile-align-left","22":"first","23":"instock","24":"shipping-taxable","25":"purchasable","26":"product-type-variable"},"aioseo_notices":[],"uagb_featured_image_src":{"full":["https:\/\/mapospheres.eu\/wp-content\/uploads\/2026\/03\/Z_BW_FULL_PRAGUE_PRAGUE.jpg",1000,1000,false],"thumbnail":["https:\/\/mapospheres.eu\/wp-content\/uploads\/2026\/03\/Z_BW_FULL_PRAGUE_PRAGUE-150x150.jpg",150,150,true],"medium":["https:\/\/mapospheres.eu\/wp-content\/uploads\/2026\/03\/Z_BW_FULL_PRAGUE_PRAGUE-300x300.jpg",300,300,true],"medium_large":["https:\/\/mapospheres.eu\/wp-content\/uploads\/2026\/03\/Z_BW_FULL_PRAGUE_PRAGUE-768x768.jpg",768,768,true],"large":["https:\/\/mapospheres.eu\/wp-content\/uploads\/2026\/03\/Z_BW_FULL_PRAGUE_PRAGUE.jpg",1000,1000,false],"1536x1536":["https:\/\/mapospheres.eu\/wp-content\/uploads\/2026\/03\/Z_BW_FULL_PRAGUE_PRAGUE.jpg",1000,1000,false],"2048x2048":["https:\/\/mapospheres.eu\/wp-content\/uploads\/2026\/03\/Z_BW_FULL_PRAGUE_PRAGUE.jpg",1000,1000,false],"woocommerce_thumbnail":["https:\/\/mapospheres.eu\/wp-content\/uploads\/2026\/03\/Z_BW_FULL_PRAGUE_PRAGUE-300x300.jpg",300,300,true],"woocommerce_single":["https:\/\/mapospheres.eu\/wp-content\/uploads\/2026\/03\/Z_BW_FULL_PRAGUE_PRAGUE-600x600.jpg",600,600,true],"woocommerce_gallery_thumbnail":["https:\/\/mapospheres.eu\/wp-content\/uploads\/2026\/03\/Z_BW_FULL_PRAGUE_PRAGUE-100x100.jpg",100,100,true]},"uagb_author_info":{"display_name":"sgainot04@gmail.com","author_link":"https:\/\/mapospheres.eu\/es\/author\/"},"uagb_comment_info":0,"uagb_excerpt":"Consigue un City Map (mapa mural de ciudad) impreso de Praga Chequia. \u00a1Elige el tama\u00f1o, el color y el dise\u00f1o de tu mapa a continuaci\u00f3n!","_links":{"self":[{"href":"https:\/\/mapospheres.eu\/es\/wp-json\/wp\/v2\/product\/17090","targetHints":{"allow":["GET"]}}],"collection":[{"href":"https:\/\/mapospheres.eu\/es\/wp-json\/wp\/v2\/product"}],"about":[{"href":"https:\/\/mapospheres.eu\/es\/wp-json\/wp\/v2\/types\/product"}],"wp:featuredmedia":[{"embeddable":true,"href":"https:\/\/mapospheres.eu\/es\/wp-json\/wp\/v2\/media\/18902"}],"wp:attachment":[{"href":"https:\/\/mapospheres.eu\/es\/wp-json\/wp\/v2\/media?parent=17090"}],"wp:term":[{"taxonomy":"product_brand","embeddable":true,"href":"https:\/\/mapospheres.eu\/es\/wp-json\/wp\/v2\/product_brand?post=17090"},{"taxonomy":"product_cat","embeddable":true,"href":"https:\/\/mapospheres.eu\/es\/wp-json\/wp\/v2\/product_cat?post=17090"},{"taxonomy":"product_tag","embeddable":true,"href":"https:\/\/mapospheres.eu\/es\/wp-json\/wp\/v2\/product_tag?post=17090"}],"curies":[{"name":"wp","href":"https:\/\/api.w.org\/{rel}","templated":true}]}}