{"id":17092,"date":"2026-03-02T13:28:21","date_gmt":"2026-03-02T13:28:21","guid":{"rendered":"https:\/\/mapospheres.eu\/product\/poster-of-bucharest-romania\/"},"modified":"2026-03-10T11:10:44","modified_gmt":"2026-03-10T11:10:44","slug":"poster-of-bucharest-romania","status":"publish","type":"product","link":"https:\/\/mapospheres.eu\/es\/product\/poster-de-bucarest-rumania\/","title":{"rendered":"Poster de Bucarest | Ruman\u00eda"},"content":{"rendered":"<p><strong>Poster City map de Bucarest, Ruman\u00eda: Situada en las amplias llanuras entre los C\u00e1rpatos y el Danubio, Bucarest no pretende ser dram\u00e1tica en su forma, pero lo que le falta en colinas lo compensa con capas.<\/strong><\/p>\n<p>Este mapa muestra los pliegues tranquilos de una ciudad construida sobre leyenda, l\u00f3gica y alg\u00fan que otro salto de imaginaci\u00f3n. El r\u00edo D\u00e2mbovi\u021ba atraviesa su centro como un hilo que ha sido tirado, reensartado y enderezado m\u00e1s veces de las que nadie recuerda, mientras que la ciudad misma se expande hacia afuera en elegantes anillos como ecos de una piedra arrojada hace mucho tiempo. Si miras m\u00e1s de cerca, ver\u00e1s los pulmones verdes de Bucarest respirando a trav\u00e9s de sus calles: el parque Her\u0103str\u0103u despleg\u00e1ndose a lo largo de los lagos del norte, el majestuoso parque Carol con sus amplias escalinatas y las sombras de antiguas ambiciones, y el jard\u00edn Ci\u0219migiu cerca del centro, donde los poetas sol\u00edan alimentar a los patos y los revolucionarios posiblemente com\u00edan s\u00e1ndwiches. Estos espacios salpican la ciudad como comas, dando ritmo a su ajetreo. Los monumentos se alzan aqu\u00ed con un gusto por lo grandioso. El Palacio del Parlamento se eleva tan enorme que parece casi anclar el propio mapa, un monumento a sue\u00f1os tanto realizados como todav\u00eda esperando en alg\u00fan comit\u00e9. C\u00fapulas ortodoxas asoman entre bloques m\u00e1s nuevos, mientras que las antiguas calles de Lipscani serpentean por el coraz\u00f3n hist\u00f3rico, recordando discretamente a los transe\u00fantes que esta ciudad comerciaba con el mundo mucho antes de que las cafeter\u00edas lo pusieran de moda.<\/p>\n","protected":false},"excerpt":{"rendered":"<p>Consigue un City Map (mapa mural de ciudad) impreso de Bucarest, Ruman\u00eda. \u00a1Elige el tama\u00f1o, el color y el dise\u00f1o de tu mapa a continuaci\u00f3n!<\/p>\n","protected":false},"featured_media":18880,"template":"","meta":{"_uag_custom_page_level_css":"","_monsterinsights_skip_tracking":false,"_monsterinsights_sitenote_active":false,"_monsterinsights_sitenote_note":"","_monsterinsights_sitenote_category":0,"site-sidebar-layout":"default","site-content-layout":"","ast-site-content-layout":"default","site-content-style":"default","site-sidebar-style":"default","ast-global-header-display":"","ast-banner-title-visibility":"","ast-main-header-display":"","ast-hfb-above-header-display":"","ast-hfb-below-header-display":"","ast-hfb-mobile-header-display":"","site-post-title":"","ast-breadcrumbs-content":"","ast-featured-img":"","footer-sml-layout":"","ast-disable-related-posts":"","theme-transparent-header-meta":"default","adv-header-id-meta":"","stick-header-meta":"","header-above-stick-meta":"","header-main-stick-meta":"","header-below-stick-meta":"","astra-migrate-meta-layouts":"set","ast-page-background-enabled":"default","ast-page-background-meta":{"desktop":{"background-color":"","background-image":"","background-repeat":"repeat","background-position":"center center","background-size":"auto","background-attachment":"scroll","background-type":"","background-media":"","overlay-type":"","overlay-color":"","overlay-opacity":"","overlay-gradient":""},"tablet":{"background-color":"","background-image":"","background-repeat":"repeat","background-position":"center center","background-size":"auto","background-attachment":"scroll","background-type":"","background-media":"","overlay-type":"","overlay-color":"","overlay-opacity":"","overlay-gradient":""},"mobile":{"background-color":"","background-image":"","background-repeat":"repeat","background-position":"center center","background-size":"auto","background-attachment":"scroll","background-type":"","background-media":"","overlay-type":"","overlay-color":"","overlay-opacity":"","overlay-gradient":""}},"ast-content-background-meta":{"desktop":{"background-color":"var(--ast-global-color-5)","background-image":"","background-repeat":"repeat","background-position":"center center","background-size":"auto","background-attachment":"scroll","background-type":"","background-media":"","overlay-type":"","overlay-color":"","overlay-opacity":"","overlay-gradient":""},"tablet":{"background-color":"var(--ast-global-color-5)","background-image":"","background-repeat":"repeat","background-position":"center center","background-size":"auto","background-attachment":"scroll","background-type":"","background-media":"","overlay-type":"","overlay-color":"","overlay-opacity":"","overlay-gradient":""},"mobile":{"background-color":"var(--ast-global-color-5)","background-image":"","background-repeat":"repeat","background-position":"center center","background-size":"auto","background-attachment":"scroll","background-type":"","background-media":"","overlay-type":"","overlay-color":"","overlay-opacity":"","overlay-gradient":""}}},"product_brand":[],"product_cat":[18],"product_tag":[34,35,36,781,39,40,93,782],"class_list":{"0":"post-17092","1":"product","2":"type-product","3":"status-publish","4":"has-post-thumbnail","6":"product_cat-city-maps","7":"product_tag-30x40","8":"product_tag-40x50","9":"product_tag-50x70","10":"product_tag-bucharest","11":"product_tag-canvas","12":"product_tag-city-map","13":"product_tag-europe","14":"product_tag-romania","15":"desktop-align-left","16":"tablet-align-left","17":"mobile-align-left","19":"first","20":"instock","21":"shipping-taxable","22":"purchasable","23":"product-type-variable"},"aioseo_notices":[],"uagb_featured_image_src":{"full":["https:\/\/mapospheres.eu\/wp-content\/uploads\/2026\/03\/Z_NIGHT_FULL_BUCHAREST_BUCHAREST.jpg",1000,1000,false],"thumbnail":["https:\/\/mapospheres.eu\/wp-content\/uploads\/2026\/03\/Z_NIGHT_FULL_BUCHAREST_BUCHAREST-150x150.jpg",150,150,true],"medium":["https:\/\/mapospheres.eu\/wp-content\/uploads\/2026\/03\/Z_NIGHT_FULL_BUCHAREST_BUCHAREST-300x300.jpg",300,300,true],"medium_large":["https:\/\/mapospheres.eu\/wp-content\/uploads\/2026\/03\/Z_NIGHT_FULL_BUCHAREST_BUCHAREST-768x768.jpg",768,768,true],"large":["https:\/\/mapospheres.eu\/wp-content\/uploads\/2026\/03\/Z_NIGHT_FULL_BUCHAREST_BUCHAREST.jpg",1000,1000,false],"1536x1536":["https:\/\/mapospheres.eu\/wp-content\/uploads\/2026\/03\/Z_NIGHT_FULL_BUCHAREST_BUCHAREST.jpg",1000,1000,false],"2048x2048":["https:\/\/mapospheres.eu\/wp-content\/uploads\/2026\/03\/Z_NIGHT_FULL_BUCHAREST_BUCHAREST.jpg",1000,1000,false],"woocommerce_thumbnail":["https:\/\/mapospheres.eu\/wp-content\/uploads\/2026\/03\/Z_NIGHT_FULL_BUCHAREST_BUCHAREST-300x300.jpg",300,300,true],"woocommerce_single":["https:\/\/mapospheres.eu\/wp-content\/uploads\/2026\/03\/Z_NIGHT_FULL_BUCHAREST_BUCHAREST-600x600.jpg",600,600,true],"woocommerce_gallery_thumbnail":["https:\/\/mapospheres.eu\/wp-content\/uploads\/2026\/03\/Z_NIGHT_FULL_BUCHAREST_BUCHAREST-100x100.jpg",100,100,true]},"uagb_author_info":{"display_name":"sgainot04@gmail.com","author_link":"https:\/\/mapospheres.eu\/es\/author\/"},"uagb_comment_info":0,"uagb_excerpt":"Consigue un City Map (mapa mural de ciudad) impreso de Bucarest, Ruman\u00eda. \u00a1Elige el tama\u00f1o, el color y el dise\u00f1o de tu mapa a continuaci\u00f3n!","_links":{"self":[{"href":"https:\/\/mapospheres.eu\/es\/wp-json\/wp\/v2\/product\/17092","targetHints":{"allow":["GET"]}}],"collection":[{"href":"https:\/\/mapospheres.eu\/es\/wp-json\/wp\/v2\/product"}],"about":[{"href":"https:\/\/mapospheres.eu\/es\/wp-json\/wp\/v2\/types\/product"}],"wp:featuredmedia":[{"embeddable":true,"href":"https:\/\/mapospheres.eu\/es\/wp-json\/wp\/v2\/media\/18880"}],"wp:attachment":[{"href":"https:\/\/mapospheres.eu\/es\/wp-json\/wp\/v2\/media?parent=17092"}],"wp:term":[{"taxonomy":"product_brand","embeddable":true,"href":"https:\/\/mapospheres.eu\/es\/wp-json\/wp\/v2\/product_brand?post=17092"},{"taxonomy":"product_cat","embeddable":true,"href":"https:\/\/mapospheres.eu\/es\/wp-json\/wp\/v2\/product_cat?post=17092"},{"taxonomy":"product_tag","embeddable":true,"href":"https:\/\/mapospheres.eu\/es\/wp-json\/wp\/v2\/product_tag?post=17092"}],"curies":[{"name":"wp","href":"https:\/\/api.w.org\/{rel}","templated":true}]}}