{"id":17093,"date":"2026-03-02T13:28:25","date_gmt":"2026-03-02T13:28:25","guid":{"rendered":"https:\/\/mapospheres.eu\/product\/poster-of-brussels-belgium\/"},"modified":"2026-03-10T11:10:38","modified_gmt":"2026-03-10T11:10:38","slug":"poster-of-brussels-belgium","status":"publish","type":"product","link":"https:\/\/mapospheres.eu\/es\/product\/poster-de-bruselas-belgica\/","title":{"rendered":"Poster de Bruselas | B\u00e9lgica"},"content":{"rendered":"<p><strong>Poster City map de Bruselas, B\u00e9lgica: Situada suavemente entre las colinas del valle del Senne, Bruselas es una ciudad que parece subir y bajar como una vieja melod\u00eda \u2014 una que casi recuerdas.<\/strong><\/p>\n<p>Este mapa captura las suaves ondulaciones del paisaje, mostrando c\u00f3mo la capital belga se acomoda en sus crestas y relieves, dando forma a sus grandes bulevares, parques frondosos y callejuelas torcidas que susurran historias en tres idiomas. El coraz\u00f3n de la ciudad late alrededor de la Grand Place, donde los frontones dorados brillan como una corona. Desde all\u00ed, el mapa se extiende para revelar un mosaico de barrios, unidos por calles empedradas y l\u00edneas de tranv\u00eda. El Bois de la Cambre se despliega al sur como un suspiro verde en el borde de la ciudad, mientras que el Parc du Cinquantenaire, con su arco triunfal, se alza orgulloso como si a\u00fan esperara un desfile. La geograf\u00eda aqu\u00ed no es solo un tel\u00f3n de fondo \u2014 es parte del drama. La ciudad desciende desde la Ciudad Alta, donde reyes y condes caminaban por salones de m\u00e1rmol, hasta la Ciudad Baja, donde los comerciantes regateaban y la travesura prosperaba. Incluso el Atomium, esa curiosa mol\u00e9cula gigante de plata, brilla en el horizonte como un accesorio sobrante de un cuento cient\u00edfico de los a\u00f1os 50. Este mapa no solo te muestra Bruselas \u2014 te permite deambular por ella. Sigue el antiguo curso del r\u00edo, recorre las cintas verdes de los parques o descubre d\u00f3nde estuvieron alguna vez las murallas medievales. Cu\u00e9lgalo en tu pared y podr\u00edas encontrarte so\u00f1ando con gofres, fil\u00f3sofos errantes y ese curioso ni\u00f1o junto a la fuente.<\/p>\n","protected":false},"excerpt":{"rendered":"<p>Consigue un City Map (mapa mural de ciudad) impreso de Bruselas, B\u00e9lgica. \u00a1Elige el tama\u00f1o, el color y el dise\u00f1o de tu mapa a continuaci\u00f3n!<\/p>\n","protected":false},"featured_media":18866,"template":"","meta":{"_uag_custom_page_level_css":"","_monsterinsights_skip_tracking":false,"_monsterinsights_sitenote_active":false,"_monsterinsights_sitenote_note":"","_monsterinsights_sitenote_category":0,"site-sidebar-layout":"default","site-content-layout":"","ast-site-content-layout":"default","site-content-style":"default","site-sidebar-style":"default","ast-global-header-display":"","ast-banner-title-visibility":"","ast-main-header-display":"","ast-hfb-above-header-display":"","ast-hfb-below-header-display":"","ast-hfb-mobile-header-display":"","site-post-title":"","ast-breadcrumbs-content":"","ast-featured-img":"","footer-sml-layout":"","ast-disable-related-posts":"","theme-transparent-header-meta":"default","adv-header-id-meta":"","stick-header-meta":"","header-above-stick-meta":"","header-main-stick-meta":"","header-below-stick-meta":"","astra-migrate-meta-layouts":"set","ast-page-background-enabled":"default","ast-page-background-meta":{"desktop":{"background-color":"","background-image":"","background-repeat":"repeat","background-position":"center center","background-size":"auto","background-attachment":"scroll","background-type":"","background-media":"","overlay-type":"","overlay-color":"","overlay-opacity":"","overlay-gradient":""},"tablet":{"background-color":"","background-image":"","background-repeat":"repeat","background-position":"center center","background-size":"auto","background-attachment":"scroll","background-type":"","background-media":"","overlay-type":"","overlay-color":"","overlay-opacity":"","overlay-gradient":""},"mobile":{"background-color":"","background-image":"","background-repeat":"repeat","background-position":"center center","background-size":"auto","background-attachment":"scroll","background-type":"","background-media":"","overlay-type":"","overlay-color":"","overlay-opacity":"","overlay-gradient":""}},"ast-content-background-meta":{"desktop":{"background-color":"var(--ast-global-color-5)","background-image":"","background-repeat":"repeat","background-position":"center center","background-size":"auto","background-attachment":"scroll","background-type":"","background-media":"","overlay-type":"","overlay-color":"","overlay-opacity":"","overlay-gradient":""},"tablet":{"background-color":"var(--ast-global-color-5)","background-image":"","background-repeat":"repeat","background-position":"center center","background-size":"auto","background-attachment":"scroll","background-type":"","background-media":"","overlay-type":"","overlay-color":"","overlay-opacity":"","overlay-gradient":""},"mobile":{"background-color":"var(--ast-global-color-5)","background-image":"","background-repeat":"repeat","background-position":"center center","background-size":"auto","background-attachment":"scroll","background-type":"","background-media":"","overlay-type":"","overlay-color":"","overlay-opacity":"","overlay-gradient":""}}},"product_brand":[],"product_cat":[18,464],"product_tag":[34,35,36,184,780,39,40,93],"class_list":{"0":"post-17093","1":"product","2":"type-product","3":"status-publish","4":"has-post-thumbnail","6":"product_cat-city-maps","7":"product_cat-featured_fr","8":"product_tag-30x40","9":"product_tag-40x50","10":"product_tag-50x70","11":"product_tag-belgium","12":"product_tag-brussels","13":"product_tag-canvas","14":"product_tag-city-map","15":"product_tag-europe","16":"desktop-align-left","17":"tablet-align-left","18":"mobile-align-left","20":"first","21":"instock","22":"shipping-taxable","23":"purchasable","24":"product-type-variable"},"aioseo_notices":[],"uagb_featured_image_src":{"full":["https:\/\/mapospheres.eu\/wp-content\/uploads\/2026\/03\/Z_BW_FULL_BRUSSELS_BRUSSELS.jpg",1000,1000,false],"thumbnail":["https:\/\/mapospheres.eu\/wp-content\/uploads\/2026\/03\/Z_BW_FULL_BRUSSELS_BRUSSELS-150x150.jpg",150,150,true],"medium":["https:\/\/mapospheres.eu\/wp-content\/uploads\/2026\/03\/Z_BW_FULL_BRUSSELS_BRUSSELS-300x300.jpg",300,300,true],"medium_large":["https:\/\/mapospheres.eu\/wp-content\/uploads\/2026\/03\/Z_BW_FULL_BRUSSELS_BRUSSELS-768x768.jpg",768,768,true],"large":["https:\/\/mapospheres.eu\/wp-content\/uploads\/2026\/03\/Z_BW_FULL_BRUSSELS_BRUSSELS.jpg",1000,1000,false],"1536x1536":["https:\/\/mapospheres.eu\/wp-content\/uploads\/2026\/03\/Z_BW_FULL_BRUSSELS_BRUSSELS.jpg",1000,1000,false],"2048x2048":["https:\/\/mapospheres.eu\/wp-content\/uploads\/2026\/03\/Z_BW_FULL_BRUSSELS_BRUSSELS.jpg",1000,1000,false],"woocommerce_thumbnail":["https:\/\/mapospheres.eu\/wp-content\/uploads\/2026\/03\/Z_BW_FULL_BRUSSELS_BRUSSELS-300x300.jpg",300,300,true],"woocommerce_single":["https:\/\/mapospheres.eu\/wp-content\/uploads\/2026\/03\/Z_BW_FULL_BRUSSELS_BRUSSELS-600x600.jpg",600,600,true],"woocommerce_gallery_thumbnail":["https:\/\/mapospheres.eu\/wp-content\/uploads\/2026\/03\/Z_BW_FULL_BRUSSELS_BRUSSELS-100x100.jpg",100,100,true]},"uagb_author_info":{"display_name":"sgainot04@gmail.com","author_link":"https:\/\/mapospheres.eu\/es\/author\/"},"uagb_comment_info":0,"uagb_excerpt":"Consigue un City Map (mapa mural de ciudad) impreso de Bruselas, B\u00e9lgica. \u00a1Elige el tama\u00f1o, el color y el dise\u00f1o de tu mapa a continuaci\u00f3n!","_links":{"self":[{"href":"https:\/\/mapospheres.eu\/es\/wp-json\/wp\/v2\/product\/17093","targetHints":{"allow":["GET"]}}],"collection":[{"href":"https:\/\/mapospheres.eu\/es\/wp-json\/wp\/v2\/product"}],"about":[{"href":"https:\/\/mapospheres.eu\/es\/wp-json\/wp\/v2\/types\/product"}],"wp:featuredmedia":[{"embeddable":true,"href":"https:\/\/mapospheres.eu\/es\/wp-json\/wp\/v2\/media\/18866"}],"wp:attachment":[{"href":"https:\/\/mapospheres.eu\/es\/wp-json\/wp\/v2\/media?parent=17093"}],"wp:term":[{"taxonomy":"product_brand","embeddable":true,"href":"https:\/\/mapospheres.eu\/es\/wp-json\/wp\/v2\/product_brand?post=17093"},{"taxonomy":"product_cat","embeddable":true,"href":"https:\/\/mapospheres.eu\/es\/wp-json\/wp\/v2\/product_cat?post=17093"},{"taxonomy":"product_tag","embeddable":true,"href":"https:\/\/mapospheres.eu\/es\/wp-json\/wp\/v2\/product_tag?post=17093"}],"curies":[{"name":"wp","href":"https:\/\/api.w.org\/{rel}","templated":true}]}}