{"id":17094,"date":"2026-03-02T13:28:29","date_gmt":"2026-03-02T13:28:29","guid":{"rendered":"https:\/\/mapospheres.eu\/product\/poster-of-dublin-ireland\/"},"modified":"2026-03-10T11:10:51","modified_gmt":"2026-03-10T11:10:51","slug":"poster-of-dublin-ireland","status":"publish","type":"product","link":"https:\/\/mapospheres.eu\/es\/product\/poster-de-dublin-irlanda\/","title":{"rendered":"Poster de Dubl\u00edn | Irlanda"},"content":{"rendered":"<p><strong>Poster City map de Dubl\u00edn, Irlanda: Ubicada al borde del mar de Irlanda, Dubl\u00edn se extiende suavemente entre las monta\u00f1as y el agua, como una ciudad atrapada entre dos historias \u2014 una susurrada por el viento de las colinas, la otra tra\u00edda por la marea.<\/strong><\/p>\n<p>Este mapa de la ciudad captura ese delicado equilibrio, con suaves l\u00edneas topogr\u00e1ficas que muestran c\u00f3mo el terreno desciende desde los estribos del sur de Wicklow hacia el r\u00edo Liffey, que corta Dubl\u00edn en dos como un marcador de libro bien colocado en una novela muy le\u00edda. Desde Phoenix Park \u2014el gran pulm\u00f3n verde de la ciudad, donde los ciervos deambulan desde los d\u00edas de los duques\u2014 hasta la elegante extensi\u00f3n de St. Stephen\u2019s Green, este mapa revela discretamente c\u00f3mo la naturaleza todav\u00eda tiene voz en la capital irlandesa. La costa se curva hacia el este con una elegancia casual, salpicada de puertos y calas como Sandymount y Howth, donde las gaviotas parecen haber heredado los chismes de antiguos marineros. Mirando hacia el interior, encontrar\u00e1s el n\u00facleo de Dubl\u00edn: la larga columna vertebral de O\u2019Connell Street, los antiguos rincones de Trinity College y el conjunto de catedrales donde los santos discut\u00edan antiguamente por territorios. Con la mirada de un dise\u00f1ador y el toque de un cart\u00f3grafo, este mapa te invita a seguir los altibajos de la ciudad \u2014 no solo de elevaci\u00f3n, sino de siglos de historia. Cada colina, cada curva del r\u00edo, cada mancha de verde cuenta una parte de la historia, ya sea sobre incursiones vikingas o un paseo matutino de un poeta. Solo ten cuidado: podr\u00edas empezar a escuchar violines en la brisa.<\/p>\n","protected":false},"excerpt":{"rendered":"<p>Consigue un City Map (mapa mural de ciudad) impreso de Dubl\u00edn, Irlanda. \u00a1Elige el tama\u00f1o, el color y el dise\u00f1o de tu mapa a continuaci\u00f3n!<\/p>\n","protected":false},"featured_media":18856,"template":"","meta":{"_uag_custom_page_level_css":"","_monsterinsights_skip_tracking":false,"_monsterinsights_sitenote_active":false,"_monsterinsights_sitenote_note":"","_monsterinsights_sitenote_category":0,"site-sidebar-layout":"default","site-content-layout":"","ast-site-content-layout":"default","site-content-style":"default","site-sidebar-style":"default","ast-global-header-display":"","ast-banner-title-visibility":"","ast-main-header-display":"","ast-hfb-above-header-display":"","ast-hfb-below-header-display":"","ast-hfb-mobile-header-display":"","site-post-title":"","ast-breadcrumbs-content":"","ast-featured-img":"","footer-sml-layout":"","ast-disable-related-posts":"","theme-transparent-header-meta":"default","adv-header-id-meta":"","stick-header-meta":"","header-above-stick-meta":"","header-main-stick-meta":"","header-below-stick-meta":"","astra-migrate-meta-layouts":"set","ast-page-background-enabled":"default","ast-page-background-meta":{"desktop":{"background-color":"","background-image":"","background-repeat":"repeat","background-position":"center center","background-size":"auto","background-attachment":"scroll","background-type":"","background-media":"","overlay-type":"","overlay-color":"","overlay-opacity":"","overlay-gradient":""},"tablet":{"background-color":"","background-image":"","background-repeat":"repeat","background-position":"center center","background-size":"auto","background-attachment":"scroll","background-type":"","background-media":"","overlay-type":"","overlay-color":"","overlay-opacity":"","overlay-gradient":""},"mobile":{"background-color":"","background-image":"","background-repeat":"repeat","background-position":"center center","background-size":"auto","background-attachment":"scroll","background-type":"","background-media":"","overlay-type":"","overlay-color":"","overlay-opacity":"","overlay-gradient":""}},"ast-content-background-meta":{"desktop":{"background-color":"var(--ast-global-color-5)","background-image":"","background-repeat":"repeat","background-position":"center center","background-size":"auto","background-attachment":"scroll","background-type":"","background-media":"","overlay-type":"","overlay-color":"","overlay-opacity":"","overlay-gradient":""},"tablet":{"background-color":"var(--ast-global-color-5)","background-image":"","background-repeat":"repeat","background-position":"center center","background-size":"auto","background-attachment":"scroll","background-type":"","background-media":"","overlay-type":"","overlay-color":"","overlay-opacity":"","overlay-gradient":""},"mobile":{"background-color":"var(--ast-global-color-5)","background-image":"","background-repeat":"repeat","background-position":"center center","background-size":"auto","background-attachment":"scroll","background-type":"","background-media":"","overlay-type":"","overlay-color":"","overlay-opacity":"","overlay-gradient":""}}},"product_brand":[],"product_cat":[18,338],"product_tag":[34,35,36,39,40,779,93,329],"class_list":{"0":"post-17094","1":"product","2":"type-product","3":"status-publish","4":"has-post-thumbnail","6":"product_cat-city-maps","7":"product_cat-featured_eng","8":"product_tag-30x40","9":"product_tag-40x50","10":"product_tag-50x70","11":"product_tag-canvas","12":"product_tag-city-map","13":"product_tag-dublin","14":"product_tag-europe","15":"product_tag-ireland","16":"desktop-align-left","17":"tablet-align-left","18":"mobile-align-left","20":"first","21":"instock","22":"shipping-taxable","23":"purchasable","24":"product-type-variable"},"aioseo_notices":[],"uagb_featured_image_src":{"full":["https:\/\/mapospheres.eu\/wp-content\/uploads\/2026\/03\/Z_NIGHT_FULL_DUBLIN_DUBLIN.jpg",1000,1000,false],"thumbnail":["https:\/\/mapospheres.eu\/wp-content\/uploads\/2026\/03\/Z_NIGHT_FULL_DUBLIN_DUBLIN-150x150.jpg",150,150,true],"medium":["https:\/\/mapospheres.eu\/wp-content\/uploads\/2026\/03\/Z_NIGHT_FULL_DUBLIN_DUBLIN-300x300.jpg",300,300,true],"medium_large":["https:\/\/mapospheres.eu\/wp-content\/uploads\/2026\/03\/Z_NIGHT_FULL_DUBLIN_DUBLIN-768x768.jpg",768,768,true],"large":["https:\/\/mapospheres.eu\/wp-content\/uploads\/2026\/03\/Z_NIGHT_FULL_DUBLIN_DUBLIN.jpg",1000,1000,false],"1536x1536":["https:\/\/mapospheres.eu\/wp-content\/uploads\/2026\/03\/Z_NIGHT_FULL_DUBLIN_DUBLIN.jpg",1000,1000,false],"2048x2048":["https:\/\/mapospheres.eu\/wp-content\/uploads\/2026\/03\/Z_NIGHT_FULL_DUBLIN_DUBLIN.jpg",1000,1000,false],"woocommerce_thumbnail":["https:\/\/mapospheres.eu\/wp-content\/uploads\/2026\/03\/Z_NIGHT_FULL_DUBLIN_DUBLIN-300x300.jpg",300,300,true],"woocommerce_single":["https:\/\/mapospheres.eu\/wp-content\/uploads\/2026\/03\/Z_NIGHT_FULL_DUBLIN_DUBLIN-600x600.jpg",600,600,true],"woocommerce_gallery_thumbnail":["https:\/\/mapospheres.eu\/wp-content\/uploads\/2026\/03\/Z_NIGHT_FULL_DUBLIN_DUBLIN-100x100.jpg",100,100,true]},"uagb_author_info":{"display_name":"sgainot04@gmail.com","author_link":"https:\/\/mapospheres.eu\/es\/author\/"},"uagb_comment_info":0,"uagb_excerpt":"Consigue un City Map (mapa mural de ciudad) impreso de Dubl\u00edn, Irlanda. \u00a1Elige el tama\u00f1o, el color y el dise\u00f1o de tu mapa a continuaci\u00f3n!","_links":{"self":[{"href":"https:\/\/mapospheres.eu\/es\/wp-json\/wp\/v2\/product\/17094","targetHints":{"allow":["GET"]}}],"collection":[{"href":"https:\/\/mapospheres.eu\/es\/wp-json\/wp\/v2\/product"}],"about":[{"href":"https:\/\/mapospheres.eu\/es\/wp-json\/wp\/v2\/types\/product"}],"wp:featuredmedia":[{"embeddable":true,"href":"https:\/\/mapospheres.eu\/es\/wp-json\/wp\/v2\/media\/18856"}],"wp:attachment":[{"href":"https:\/\/mapospheres.eu\/es\/wp-json\/wp\/v2\/media?parent=17094"}],"wp:term":[{"taxonomy":"product_brand","embeddable":true,"href":"https:\/\/mapospheres.eu\/es\/wp-json\/wp\/v2\/product_brand?post=17094"},{"taxonomy":"product_cat","embeddable":true,"href":"https:\/\/mapospheres.eu\/es\/wp-json\/wp\/v2\/product_cat?post=17094"},{"taxonomy":"product_tag","embeddable":true,"href":"https:\/\/mapospheres.eu\/es\/wp-json\/wp\/v2\/product_tag?post=17094"}],"curies":[{"name":"wp","href":"https:\/\/api.w.org\/{rel}","templated":true}]}}