{"id":17095,"date":"2026-03-02T13:28:32","date_gmt":"2026-03-02T13:28:32","guid":{"rendered":"https:\/\/mapospheres.eu\/product\/poster-of-valletta-malta\/"},"modified":"2026-03-06T10:36:52","modified_gmt":"2026-03-06T10:36:52","slug":"poster-of-valletta-malta","status":"publish","type":"product","link":"https:\/\/mapospheres.eu\/es\/product\/poster-de-la-valeta-malta\/","title":{"rendered":"Poster de La Valeta | Malta"},"content":{"rendered":"<p><strong>Poster City map de La Valeta, Malta: la ciudadela ba\u00f1ada por el sol junto al mar, tallada en piedra caliza dorada y situada en lo alto de una pen\u00ednsula como si Neptuno mismo la hubiera arrancado de las olas.<\/strong><\/p>\n<p>Este mapa de la ciudad captura el noble coraz\u00f3n de la capital de Malta, una ciudad tan compacta y orgullosa que parece construida para historias m\u00e1s que para el tr\u00e1fico. Desde el cielo, La Valeta aparece como un tablero de ajedrez hist\u00f3rico, con calles rectas que marchan hacia los brillantes puertos azules que la flanquean como fosos gemelos \u2014 el Gran Puerto al sur, Marsamxett al norte.<\/p>\n<p>Sigue los bastiones s\u00f3lidos y las fortificaciones en forma de estrella, recordatorios de que La Valeta fue alguna vez el baluarte de la Cristiandad, concebida por caballeros con armadura que prefer\u00edan sus ciudades amuralladas y a sus enemigos desconcertados. Mira de cerca y encontrar\u00e1s los Jardines Upper Barrakka aferrados al borde de la ciudad, una terraza verde que ofrece vistas tan dram\u00e1ticas que podr\u00edan enfriar tu t\u00e9.<\/p>\n<p>El suave subir y bajar del terreno no es casualidad \u2014 se despliega como un cuento, guiando la mirada hacia c\u00fapulas y campanarios, destacando especialmente la imponente c\u00fapula de la Iglesia de los Carmelitas y el campanario de San Pablo, erigi\u00e9ndose como primos rivales en un retrato familiar. Incluso en piedra, La Valeta conserva su encanto ligero.<\/p>\n<p>Este mapa no solo muestra una ciudad; comparte un susurro de vientos marinos, un enigma de callejones estrechos y el secreto de que nada en La Valeta est\u00e1 lejos \u2014 excepto, quiz\u00e1s, el pr\u00f3ximo gelato. Una pieza perfecta para colgar donde se cuentan historias, o al menos donde las paredes necesitan un poco m\u00e1s de car\u00e1cter.<\/p>\n","protected":false},"excerpt":{"rendered":"<p>Consigue un City Map (mapa mural de ciudad) impreso de La Valeta, Malta. \u00a1Elige el tama\u00f1o, el color y el dise\u00f1o de tu mapa a continuaci\u00f3n!<\/p>\n","protected":false},"featured_media":18655,"template":"","meta":{"_uag_custom_page_level_css":"","_monsterinsights_skip_tracking":false,"_monsterinsights_sitenote_active":false,"_monsterinsights_sitenote_note":"","_monsterinsights_sitenote_category":0,"site-sidebar-layout":"default","site-content-layout":"","ast-site-content-layout":"default","site-content-style":"default","site-sidebar-style":"default","ast-global-header-display":"","ast-banner-title-visibility":"","ast-main-header-display":"","ast-hfb-above-header-display":"","ast-hfb-below-header-display":"","ast-hfb-mobile-header-display":"","site-post-title":"","ast-breadcrumbs-content":"","ast-featured-img":"","footer-sml-layout":"","ast-disable-related-posts":"","theme-transparent-header-meta":"default","adv-header-id-meta":"","stick-header-meta":"","header-above-stick-meta":"","header-main-stick-meta":"","header-below-stick-meta":"","astra-migrate-meta-layouts":"set","ast-page-background-enabled":"default","ast-page-background-meta":{"desktop":{"background-color":"","background-image":"","background-repeat":"repeat","background-position":"center center","background-size":"auto","background-attachment":"scroll","background-type":"","background-media":"","overlay-type":"","overlay-color":"","overlay-opacity":"","overlay-gradient":""},"tablet":{"background-color":"","background-image":"","background-repeat":"repeat","background-position":"center center","background-size":"auto","background-attachment":"scroll","background-type":"","background-media":"","overlay-type":"","overlay-color":"","overlay-opacity":"","overlay-gradient":""},"mobile":{"background-color":"","background-image":"","background-repeat":"repeat","background-position":"center center","background-size":"auto","background-attachment":"scroll","background-type":"","background-media":"","overlay-type":"","overlay-color":"","overlay-opacity":"","overlay-gradient":""}},"ast-content-background-meta":{"desktop":{"background-color":"var(--ast-global-color-5)","background-image":"","background-repeat":"repeat","background-position":"center center","background-size":"auto","background-attachment":"scroll","background-type":"","background-media":"","overlay-type":"","overlay-color":"","overlay-opacity":"","overlay-gradient":""},"tablet":{"background-color":"var(--ast-global-color-5)","background-image":"","background-repeat":"repeat","background-position":"center center","background-size":"auto","background-attachment":"scroll","background-type":"","background-media":"","overlay-type":"","overlay-color":"","overlay-opacity":"","overlay-gradient":""},"mobile":{"background-color":"var(--ast-global-color-5)","background-image":"","background-repeat":"repeat","background-position":"center center","background-size":"auto","background-attachment":"scroll","background-type":"","background-media":"","overlay-type":"","overlay-color":"","overlay-opacity":"","overlay-gradient":""}}},"product_brand":[],"product_cat":[18],"product_tag":[696],"class_list":{"0":"post-17095","1":"product","2":"type-product","3":"status-publish","4":"has-post-thumbnail","6":"product_cat-city-maps","7":"product_tag-30x40-40x50-50x70-canvas-city-map-europe-malta-valletta","8":"desktop-align-left","9":"tablet-align-left","10":"mobile-align-left","12":"first","13":"instock","14":"shipping-taxable","15":"purchasable","16":"product-type-variable"},"aioseo_notices":[],"uagb_featured_image_src":{"full":["https:\/\/mapospheres.eu\/wp-content\/uploads\/2026\/03\/CANVAS_3_BWROUND_VALLETTA.jpg",1000,1000,false],"thumbnail":["https:\/\/mapospheres.eu\/wp-content\/uploads\/2026\/03\/CANVAS_3_BWROUND_VALLETTA-150x150.jpg",150,150,true],"medium":["https:\/\/mapospheres.eu\/wp-content\/uploads\/2026\/03\/CANVAS_3_BWROUND_VALLETTA-300x300.jpg",300,300,true],"medium_large":["https:\/\/mapospheres.eu\/wp-content\/uploads\/2026\/03\/CANVAS_3_BWROUND_VALLETTA-768x768.jpg",768,768,true],"large":["https:\/\/mapospheres.eu\/wp-content\/uploads\/2026\/03\/CANVAS_3_BWROUND_VALLETTA.jpg",1000,1000,false],"1536x1536":["https:\/\/mapospheres.eu\/wp-content\/uploads\/2026\/03\/CANVAS_3_BWROUND_VALLETTA.jpg",1000,1000,false],"2048x2048":["https:\/\/mapospheres.eu\/wp-content\/uploads\/2026\/03\/CANVAS_3_BWROUND_VALLETTA.jpg",1000,1000,false],"woocommerce_thumbnail":["https:\/\/mapospheres.eu\/wp-content\/uploads\/2026\/03\/CANVAS_3_BWROUND_VALLETTA-300x300.jpg",300,300,true],"woocommerce_single":["https:\/\/mapospheres.eu\/wp-content\/uploads\/2026\/03\/CANVAS_3_BWROUND_VALLETTA-600x600.jpg",600,600,true],"woocommerce_gallery_thumbnail":["https:\/\/mapospheres.eu\/wp-content\/uploads\/2026\/03\/CANVAS_3_BWROUND_VALLETTA-100x100.jpg",100,100,true]},"uagb_author_info":{"display_name":"sgainot04@gmail.com","author_link":"https:\/\/mapospheres.eu\/es\/author\/"},"uagb_comment_info":0,"uagb_excerpt":"Consigue un City Map (mapa mural de ciudad) impreso de La Valeta, Malta. \u00a1Elige el tama\u00f1o, el color y el dise\u00f1o de tu mapa a continuaci\u00f3n!","_links":{"self":[{"href":"https:\/\/mapospheres.eu\/es\/wp-json\/wp\/v2\/product\/17095","targetHints":{"allow":["GET"]}}],"collection":[{"href":"https:\/\/mapospheres.eu\/es\/wp-json\/wp\/v2\/product"}],"about":[{"href":"https:\/\/mapospheres.eu\/es\/wp-json\/wp\/v2\/types\/product"}],"wp:featuredmedia":[{"embeddable":true,"href":"https:\/\/mapospheres.eu\/es\/wp-json\/wp\/v2\/media\/18655"}],"wp:attachment":[{"href":"https:\/\/mapospheres.eu\/es\/wp-json\/wp\/v2\/media?parent=17095"}],"wp:term":[{"taxonomy":"product_brand","embeddable":true,"href":"https:\/\/mapospheres.eu\/es\/wp-json\/wp\/v2\/product_brand?post=17095"},{"taxonomy":"product_cat","embeddable":true,"href":"https:\/\/mapospheres.eu\/es\/wp-json\/wp\/v2\/product_cat?post=17095"},{"taxonomy":"product_tag","embeddable":true,"href":"https:\/\/mapospheres.eu\/es\/wp-json\/wp\/v2\/product_tag?post=17095"}],"curies":[{"name":"wp","href":"https:\/\/api.w.org\/{rel}","templated":true}]}}