{"id":17096,"date":"2026-03-02T13:28:36","date_gmt":"2026-03-02T13:28:36","guid":{"rendered":"https:\/\/mapospheres.eu\/product\/poster-of-reykjavik-iceland\/"},"modified":"2026-03-06T10:36:42","modified_gmt":"2026-03-06T10:36:42","slug":"poster-of-reykjavik-iceland","status":"publish","type":"product","link":"https:\/\/mapospheres.eu\/es\/product\/poster-de-reikiavik-islandia\/","title":{"rendered":"Poster de Reikiavik | Islandia"},"content":{"rendered":"<p><strong>Poster City map de Reikiavik, Islandia: Fija tus ojos en Reikiavik, la capital m\u00e1s al norte donde la tierra a\u00fan humea con viejas historias y el mar nunca se calma del todo. <\/strong><\/p>\n<p>Este mapa de la ciudad dibuja la ciudad como un hechizo silencioso \u2014 grabado en las curvas de los fiordos, cosido con carreteras y suavizado por extensiones de verde que desaf\u00edan la lava debajo. La tierra aqu\u00ed respira en suaves colinas y se eleva hacia el monte Esja a lo lejos, como si la propia naturaleza quisiera un asiento en primera fila para esta curiosa peque\u00f1a capital.<\/p>\n<p>Reikiavik es una ciudad de sorpresas, envuelta en un paquete ordenado. Desde arriba, sus techos coloridos se agrupan alrededor del antiguo puerto como pescadores compartiendo historias. All\u00ed se encuentra Hallgr\u00edmskirkja, alta y p\u00e9trea, elev\u00e1ndose como si intentara atrapar un poco de cielo antes de que el invierno vuelva a instalarse.<\/p>\n<p>Ver\u00e1s Tj\u00f6rnin, el estanque de la ciudad, donde los patos reman a trav\u00e9s de la historia y los poetas probablemente han escrito demasiado sobre el reflejo del ayuntamiento en sus aguas. El mapa revela Elli\u00f0a\u00e1rdalur, un valle tranquilo dentro de la ciudad, donde los r\u00edos fluyen como si hubieran olvidado irse tras la Edad de Hielo.<\/p>\n<p>Los senderos serpentean a trav\u00e9s de campos de lava, y los abedules se inclinan como si escucharan. Incluso hay una playa geot\u00e9rmica \u2014 porque a los islandeses les gusta ba\u00f1arse en el fr\u00edo y llamarlo diversi\u00f3n.<\/p>\n<p>Este no es solo un mapa de calles y formas. Es un gui\u00f1o silencioso a los trolls en las colinas, a las sagas susurradas por las fumarolas y a una ciudad que conserva su calor, incluso cuando la nieve intenta robar la vista. Cu\u00e9lgalo en una pared, y Reikiavik te har\u00e1 compa\u00f1\u00eda \u2014 como un viejo cuento contado con una voz nueva.<\/p>\n","protected":false},"excerpt":{"rendered":"<p>Consigue un City Map (mapa mural de ciudad) impreso de Reikiavik, Islandia. \u00a1Elige el tama\u00f1o, el color y el dise\u00f1o de tu mapa a continuaci\u00f3n!<\/p>\n","protected":false},"featured_media":18648,"template":"","meta":{"_uag_custom_page_level_css":"","_monsterinsights_skip_tracking":false,"_monsterinsights_sitenote_active":false,"_monsterinsights_sitenote_note":"","_monsterinsights_sitenote_category":0,"site-sidebar-layout":"default","site-content-layout":"","ast-site-content-layout":"default","site-content-style":"default","site-sidebar-style":"default","ast-global-header-display":"","ast-banner-title-visibility":"","ast-main-header-display":"","ast-hfb-above-header-display":"","ast-hfb-below-header-display":"","ast-hfb-mobile-header-display":"","site-post-title":"","ast-breadcrumbs-content":"","ast-featured-img":"","footer-sml-layout":"","ast-disable-related-posts":"","theme-transparent-header-meta":"default","adv-header-id-meta":"","stick-header-meta":"","header-above-stick-meta":"","header-main-stick-meta":"","header-below-stick-meta":"","astra-migrate-meta-layouts":"set","ast-page-background-enabled":"default","ast-page-background-meta":{"desktop":{"background-color":"","background-image":"","background-repeat":"repeat","background-position":"center center","background-size":"auto","background-attachment":"scroll","background-type":"","background-media":"","overlay-type":"","overlay-color":"","overlay-opacity":"","overlay-gradient":""},"tablet":{"background-color":"","background-image":"","background-repeat":"repeat","background-position":"center center","background-size":"auto","background-attachment":"scroll","background-type":"","background-media":"","overlay-type":"","overlay-color":"","overlay-opacity":"","overlay-gradient":""},"mobile":{"background-color":"","background-image":"","background-repeat":"repeat","background-position":"center center","background-size":"auto","background-attachment":"scroll","background-type":"","background-media":"","overlay-type":"","overlay-color":"","overlay-opacity":"","overlay-gradient":""}},"ast-content-background-meta":{"desktop":{"background-color":"var(--ast-global-color-5)","background-image":"","background-repeat":"repeat","background-position":"center center","background-size":"auto","background-attachment":"scroll","background-type":"","background-media":"","overlay-type":"","overlay-color":"","overlay-opacity":"","overlay-gradient":""},"tablet":{"background-color":"var(--ast-global-color-5)","background-image":"","background-repeat":"repeat","background-position":"center center","background-size":"auto","background-attachment":"scroll","background-type":"","background-media":"","overlay-type":"","overlay-color":"","overlay-opacity":"","overlay-gradient":""},"mobile":{"background-color":"var(--ast-global-color-5)","background-image":"","background-repeat":"repeat","background-position":"center center","background-size":"auto","background-attachment":"scroll","background-type":"","background-media":"","overlay-type":"","overlay-color":"","overlay-opacity":"","overlay-gradient":""}}},"product_brand":[],"product_cat":[18,338,464],"product_tag":[34,35,36,39,40,93,95,96,776],"class_list":{"0":"post-17096","1":"product","2":"type-product","3":"status-publish","4":"has-post-thumbnail","6":"product_cat-city-maps","7":"product_cat-featured_eng","8":"product_cat-featured_fr","9":"product_tag-30x40","10":"product_tag-40x50","11":"product_tag-50x70","12":"product_tag-canvas","13":"product_tag-city-map","14":"product_tag-europe","15":"product_tag-iceland","16":"product_tag-island","17":"product_tag-reykjavik","18":"desktop-align-left","19":"tablet-align-left","20":"mobile-align-left","22":"first","23":"instock","24":"shipping-taxable","25":"purchasable","26":"product-type-variable"},"aioseo_notices":[],"uagb_featured_image_src":{"full":["https:\/\/mapospheres.eu\/wp-content\/uploads\/2026\/03\/Z_BW_FULL_REYKJAVIK_REYKJAVIK.jpg",1000,1000,false],"thumbnail":["https:\/\/mapospheres.eu\/wp-content\/uploads\/2026\/03\/Z_BW_FULL_REYKJAVIK_REYKJAVIK-150x150.jpg",150,150,true],"medium":["https:\/\/mapospheres.eu\/wp-content\/uploads\/2026\/03\/Z_BW_FULL_REYKJAVIK_REYKJAVIK-300x300.jpg",300,300,true],"medium_large":["https:\/\/mapospheres.eu\/wp-content\/uploads\/2026\/03\/Z_BW_FULL_REYKJAVIK_REYKJAVIK-768x768.jpg",768,768,true],"large":["https:\/\/mapospheres.eu\/wp-content\/uploads\/2026\/03\/Z_BW_FULL_REYKJAVIK_REYKJAVIK.jpg",1000,1000,false],"1536x1536":["https:\/\/mapospheres.eu\/wp-content\/uploads\/2026\/03\/Z_BW_FULL_REYKJAVIK_REYKJAVIK.jpg",1000,1000,false],"2048x2048":["https:\/\/mapospheres.eu\/wp-content\/uploads\/2026\/03\/Z_BW_FULL_REYKJAVIK_REYKJAVIK.jpg",1000,1000,false],"woocommerce_thumbnail":["https:\/\/mapospheres.eu\/wp-content\/uploads\/2026\/03\/Z_BW_FULL_REYKJAVIK_REYKJAVIK-300x300.jpg",300,300,true],"woocommerce_single":["https:\/\/mapospheres.eu\/wp-content\/uploads\/2026\/03\/Z_BW_FULL_REYKJAVIK_REYKJAVIK-600x600.jpg",600,600,true],"woocommerce_gallery_thumbnail":["https:\/\/mapospheres.eu\/wp-content\/uploads\/2026\/03\/Z_BW_FULL_REYKJAVIK_REYKJAVIK-100x100.jpg",100,100,true]},"uagb_author_info":{"display_name":"sgainot04@gmail.com","author_link":"https:\/\/mapospheres.eu\/es\/author\/"},"uagb_comment_info":0,"uagb_excerpt":"Consigue un City Map (mapa mural de ciudad) impreso de Reikiavik, Islandia. \u00a1Elige el tama\u00f1o, el color y el dise\u00f1o de tu mapa a continuaci\u00f3n!","_links":{"self":[{"href":"https:\/\/mapospheres.eu\/es\/wp-json\/wp\/v2\/product\/17096","targetHints":{"allow":["GET"]}}],"collection":[{"href":"https:\/\/mapospheres.eu\/es\/wp-json\/wp\/v2\/product"}],"about":[{"href":"https:\/\/mapospheres.eu\/es\/wp-json\/wp\/v2\/types\/product"}],"wp:featuredmedia":[{"embeddable":true,"href":"https:\/\/mapospheres.eu\/es\/wp-json\/wp\/v2\/media\/18648"}],"wp:attachment":[{"href":"https:\/\/mapospheres.eu\/es\/wp-json\/wp\/v2\/media?parent=17096"}],"wp:term":[{"taxonomy":"product_brand","embeddable":true,"href":"https:\/\/mapospheres.eu\/es\/wp-json\/wp\/v2\/product_brand?post=17096"},{"taxonomy":"product_cat","embeddable":true,"href":"https:\/\/mapospheres.eu\/es\/wp-json\/wp\/v2\/product_cat?post=17096"},{"taxonomy":"product_tag","embeddable":true,"href":"https:\/\/mapospheres.eu\/es\/wp-json\/wp\/v2\/product_tag?post=17096"}],"curies":[{"name":"wp","href":"https:\/\/api.w.org\/{rel}","templated":true}]}}