{"id":17098,"date":"2026-03-02T13:28:44","date_gmt":"2026-03-02T13:28:44","guid":{"rendered":"https:\/\/mapospheres.eu\/product\/poster-of-belgrade-serbia\/"},"modified":"2026-03-06T10:36:11","modified_gmt":"2026-03-06T10:36:11","slug":"poster-of-belgrade-serbia","status":"publish","type":"product","link":"https:\/\/mapospheres.eu\/es\/product\/poster-de-belgrado-serbia\/","title":{"rendered":"Poster de Belgrado | Serbia"},"content":{"rendered":"<p><strong>Poster City map de Belgrado, Serbia: se erige donde los r\u00edos se encuentran y donde los imperios alguna vez chocaron, y este mapa de la ciudad captura ese esp\u00edritu inquieto moldeado por la tierra y la leyenda.<\/strong><\/p>\n<p>En su coraz\u00f3n, la confluencia del Sava y el Danubio corta un camino audaz a trav\u00e9s del terreno, dos poderosos r\u00edos d\u00e1ndose la mano antes de dirigirse hacia el Mar Negro. Es un punto de encuentro, un escenario natural donde la historia ha entrado desde todas las direcciones \u2014 a menudo sin invitaci\u00f3n, rara vez sin ser notada.<\/p>\n<p>El mapa dirige la vista hacia Kalemegdan, la fortaleza erguida orgullosamente en la cresta donde se encuentran los r\u00edos. No es solo piedra y muro, sino una especie de museo al aire libre de la supervivencia, con una vista que ha presenciado desde legiones romanas hasta sesiones de fotos de bodas. Alrededor de ella, el parque desciende suavemente, un pulm\u00f3n verde lleno de estatuas, sombra y ocasionales partidas de ajedrez que podr\u00edan durar m\u00e1s que algunas guerras.<\/p>\n<p>El terreno de Belgrado sube y baja con una confianza tranquila. La ciudad vieja asciende desde el frente del r\u00edo con calles estrechas y un encanto obstinado, mientras que al otro lado de los r\u00edos, los distritos modernos se extienden con amplias avenidas y ambici\u00f3n sovi\u00e9tica. Las colinas de Dedinje al sur suavizan la expansi\u00f3n urbana, sus pendientes albergan embajadas, villas y m\u00e1s de un secreto.<\/p>\n<p>Hilos verdes recorren el mapa \u2014 la vasta forestal de Ko\u0161utnjak, donde los jabal\u00edes todav\u00eda deambulan como si nadie les hubiera dicho que ahora es un sendero para correr, y las l\u00edneas cuidadas del Parque Top\u010dider, antes un retiro real, hoy un \u00e1rea de picnic con ecos del pasado bajo cada \u00e1rbol. Ada Ciganlija, la isla fluvial convertida en playa urbana, flota como un pensamiento perezoso sobre el Sava, donde los veranos son ruidosos, junto al lago y alegremente desenfadados.<\/p>\n","protected":false},"excerpt":{"rendered":"<p>Consigue un City Map (mapa mural de ciudad) impreso de Belgrado, Serbia. \u00a1Elige el tama\u00f1o, el color y el dise\u00f1o de tu mapa a continuaci\u00f3n!<\/p>\n","protected":false},"featured_media":18626,"template":"","meta":{"_uag_custom_page_level_css":"","_monsterinsights_skip_tracking":false,"_monsterinsights_sitenote_active":false,"_monsterinsights_sitenote_note":"","_monsterinsights_sitenote_category":0,"site-sidebar-layout":"default","site-content-layout":"","ast-site-content-layout":"default","site-content-style":"default","site-sidebar-style":"default","ast-global-header-display":"","ast-banner-title-visibility":"","ast-main-header-display":"","ast-hfb-above-header-display":"","ast-hfb-below-header-display":"","ast-hfb-mobile-header-display":"","site-post-title":"","ast-breadcrumbs-content":"","ast-featured-img":"","footer-sml-layout":"","ast-disable-related-posts":"","theme-transparent-header-meta":"default","adv-header-id-meta":"","stick-header-meta":"","header-above-stick-meta":"","header-main-stick-meta":"","header-below-stick-meta":"","astra-migrate-meta-layouts":"set","ast-page-background-enabled":"default","ast-page-background-meta":{"desktop":{"background-color":"","background-image":"","background-repeat":"repeat","background-position":"center center","background-size":"auto","background-attachment":"scroll","background-type":"","background-media":"","overlay-type":"","overlay-color":"","overlay-opacity":"","overlay-gradient":""},"tablet":{"background-color":"","background-image":"","background-repeat":"repeat","background-position":"center center","background-size":"auto","background-attachment":"scroll","background-type":"","background-media":"","overlay-type":"","overlay-color":"","overlay-opacity":"","overlay-gradient":""},"mobile":{"background-color":"","background-image":"","background-repeat":"repeat","background-position":"center center","background-size":"auto","background-attachment":"scroll","background-type":"","background-media":"","overlay-type":"","overlay-color":"","overlay-opacity":"","overlay-gradient":""}},"ast-content-background-meta":{"desktop":{"background-color":"var(--ast-global-color-5)","background-image":"","background-repeat":"repeat","background-position":"center center","background-size":"auto","background-attachment":"scroll","background-type":"","background-media":"","overlay-type":"","overlay-color":"","overlay-opacity":"","overlay-gradient":""},"tablet":{"background-color":"var(--ast-global-color-5)","background-image":"","background-repeat":"repeat","background-position":"center center","background-size":"auto","background-attachment":"scroll","background-type":"","background-media":"","overlay-type":"","overlay-color":"","overlay-opacity":"","overlay-gradient":""},"mobile":{"background-color":"var(--ast-global-color-5)","background-image":"","background-repeat":"repeat","background-position":"center center","background-size":"auto","background-attachment":"scroll","background-type":"","background-media":"","overlay-type":"","overlay-color":"","overlay-opacity":"","overlay-gradient":""}}},"product_brand":[],"product_cat":[18,338,464,465],"product_tag":[34,35,36,773,39,40,93,774],"class_list":{"0":"post-17098","1":"product","2":"type-product","3":"status-publish","4":"has-post-thumbnail","6":"product_cat-city-maps","7":"product_cat-featured_eng","8":"product_cat-featured_fr","9":"product_cat-featured_esp","10":"product_tag-30x40","11":"product_tag-40x50","12":"product_tag-50x70","13":"product_tag-belgrade","14":"product_tag-canvas","15":"product_tag-city-map","16":"product_tag-europe","17":"product_tag-serbia","18":"desktop-align-left","19":"tablet-align-left","20":"mobile-align-left","22":"first","23":"instock","24":"shipping-taxable","25":"purchasable","26":"product-type-variable"},"aioseo_notices":[],"uagb_featured_image_src":{"full":["https:\/\/mapospheres.eu\/wp-content\/uploads\/2026\/03\/Z_RED_FULL_BELGRADE_BELGRADE.jpg",1000,1000,false],"thumbnail":["https:\/\/mapospheres.eu\/wp-content\/uploads\/2026\/03\/Z_RED_FULL_BELGRADE_BELGRADE-150x150.jpg",150,150,true],"medium":["https:\/\/mapospheres.eu\/wp-content\/uploads\/2026\/03\/Z_RED_FULL_BELGRADE_BELGRADE-300x300.jpg",300,300,true],"medium_large":["https:\/\/mapospheres.eu\/wp-content\/uploads\/2026\/03\/Z_RED_FULL_BELGRADE_BELGRADE-768x768.jpg",768,768,true],"large":["https:\/\/mapospheres.eu\/wp-content\/uploads\/2026\/03\/Z_RED_FULL_BELGRADE_BELGRADE.jpg",1000,1000,false],"1536x1536":["https:\/\/mapospheres.eu\/wp-content\/uploads\/2026\/03\/Z_RED_FULL_BELGRADE_BELGRADE.jpg",1000,1000,false],"2048x2048":["https:\/\/mapospheres.eu\/wp-content\/uploads\/2026\/03\/Z_RED_FULL_BELGRADE_BELGRADE.jpg",1000,1000,false],"woocommerce_thumbnail":["https:\/\/mapospheres.eu\/wp-content\/uploads\/2026\/03\/Z_RED_FULL_BELGRADE_BELGRADE-300x300.jpg",300,300,true],"woocommerce_single":["https:\/\/mapospheres.eu\/wp-content\/uploads\/2026\/03\/Z_RED_FULL_BELGRADE_BELGRADE-600x600.jpg",600,600,true],"woocommerce_gallery_thumbnail":["https:\/\/mapospheres.eu\/wp-content\/uploads\/2026\/03\/Z_RED_FULL_BELGRADE_BELGRADE-100x100.jpg",100,100,true]},"uagb_author_info":{"display_name":"sgainot04@gmail.com","author_link":"https:\/\/mapospheres.eu\/es\/author\/"},"uagb_comment_info":0,"uagb_excerpt":"Consigue un City Map (mapa mural de ciudad) impreso de Belgrado, Serbia. \u00a1Elige el tama\u00f1o, el color y el dise\u00f1o de tu mapa a continuaci\u00f3n!","_links":{"self":[{"href":"https:\/\/mapospheres.eu\/es\/wp-json\/wp\/v2\/product\/17098","targetHints":{"allow":["GET"]}}],"collection":[{"href":"https:\/\/mapospheres.eu\/es\/wp-json\/wp\/v2\/product"}],"about":[{"href":"https:\/\/mapospheres.eu\/es\/wp-json\/wp\/v2\/types\/product"}],"wp:featuredmedia":[{"embeddable":true,"href":"https:\/\/mapospheres.eu\/es\/wp-json\/wp\/v2\/media\/18626"}],"wp:attachment":[{"href":"https:\/\/mapospheres.eu\/es\/wp-json\/wp\/v2\/media?parent=17098"}],"wp:term":[{"taxonomy":"product_brand","embeddable":true,"href":"https:\/\/mapospheres.eu\/es\/wp-json\/wp\/v2\/product_brand?post=17098"},{"taxonomy":"product_cat","embeddable":true,"href":"https:\/\/mapospheres.eu\/es\/wp-json\/wp\/v2\/product_cat?post=17098"},{"taxonomy":"product_tag","embeddable":true,"href":"https:\/\/mapospheres.eu\/es\/wp-json\/wp\/v2\/product_tag?post=17098"}],"curies":[{"name":"wp","href":"https:\/\/api.w.org\/{rel}","templated":true}]}}