{"id":17099,"date":"2026-03-02T13:28:48","date_gmt":"2026-03-02T13:28:48","guid":{"rendered":"https:\/\/mapospheres.eu\/product\/poster-of-zurich-switzerland\/"},"modified":"2026-03-06T10:37:03","modified_gmt":"2026-03-06T10:37:03","slug":"poster-of-zurich-switzerland","status":"publish","type":"product","link":"https:\/\/mapospheres.eu\/es\/product\/poster-de-zurich-suiza\/","title":{"rendered":"Poster de Z\u00farich | Suiza"},"content":{"rendered":"<p><strong>Poster City map de Z\u00farich, Suiza: Acurrucada entre lago y colina, es una ciudad donde la tierra parece haberse apartado cort\u00e9smente para dejar pasar a la civilizaci\u00f3n.<\/strong><\/p>\n<p>Este mapa captura ese equilibrio tranquilo \u2014 donde la naturaleza se acerca, pero nunca grita. El lago de Z\u00farich se extiende como un espejo a los pies de la ciudad, calmado y vigilante, sus aguas han visto m\u00e1s banqueros que barcos en los \u00faltimos a\u00f1os, aunque los cisnes contin\u00faan como si fuera su propiedad privada. <\/p>\n<p>Arriba, el terreno comienza a arrugarse \u2014 las pendientes del Z\u00fcrichberg y el Uetliberg se elevan a cada lado como viejos centinelas vigilando los tejados de abajo. Estas colinas dan al mapa profundidad y textura, el tipo de terreno que ha sido recorrido por monjes, excursionistas y ni\u00f1os con trineos, seg\u00fan el siglo.<\/p>\n<p>El r\u00edo Limmat fluye recto por el centro, como siempre lo ha hecho, llevando no solo el agua del lago sino tambi\u00e9n un cierto sentido de prop\u00f3sito. Divide la ciudad vieja con una l\u00ednea limpia, mostrando ambos lados del car\u00e1cter de Z\u00farich \u2014 un lado ocupado con casas gremiales y torres de reloj, el otro con callejuelas tranquilas y curiosas historias.<\/p>\n<p>Las iglesias del Grossm\u00fcnster y del Fraum\u00fcnster se encuentran frente a frente como un viejo matrimonio, ambos observando pasar el tiempo con su propia gracia \u2014 una con altas torres, la otra con ventanas de colores al estilo Chagall.<\/p>\n<p>Notar\u00e1s la generosa extensi\u00f3n de espacios verdes a lo largo de la ciudad \u2014 parques que se enrollan por las colinas, jardines bordeando las calles antiguas y \u00e1reas boscosas que recuerdan a todos que los Alpes nunca est\u00e1n demasiado lejos.<\/p>\n","protected":false},"excerpt":{"rendered":"<p>Consigue un City Map (mapa mural de ciudad) impreso de Z\u00farich, Suiza. \u00a1Elige el tama\u00f1o, el color y el dise\u00f1o de tu mapa a continuaci\u00f3n!<\/p>\n","protected":false},"featured_media":18609,"template":"","meta":{"_uag_custom_page_level_css":"","_monsterinsights_skip_tracking":false,"_monsterinsights_sitenote_active":false,"_monsterinsights_sitenote_note":"","_monsterinsights_sitenote_category":0,"site-sidebar-layout":"default","site-content-layout":"","ast-site-content-layout":"default","site-content-style":"default","site-sidebar-style":"default","ast-global-header-display":"","ast-banner-title-visibility":"","ast-main-header-display":"","ast-hfb-above-header-display":"","ast-hfb-below-header-display":"","ast-hfb-mobile-header-display":"","site-post-title":"","ast-breadcrumbs-content":"","ast-featured-img":"","footer-sml-layout":"","ast-disable-related-posts":"","theme-transparent-header-meta":"default","adv-header-id-meta":"","stick-header-meta":"","header-above-stick-meta":"","header-main-stick-meta":"","header-below-stick-meta":"","astra-migrate-meta-layouts":"set","ast-page-background-enabled":"default","ast-page-background-meta":{"desktop":{"background-color":"","background-image":"","background-repeat":"repeat","background-position":"center center","background-size":"auto","background-attachment":"scroll","background-type":"","background-media":"","overlay-type":"","overlay-color":"","overlay-opacity":"","overlay-gradient":""},"tablet":{"background-color":"","background-image":"","background-repeat":"repeat","background-position":"center center","background-size":"auto","background-attachment":"scroll","background-type":"","background-media":"","overlay-type":"","overlay-color":"","overlay-opacity":"","overlay-gradient":""},"mobile":{"background-color":"","background-image":"","background-repeat":"repeat","background-position":"center center","background-size":"auto","background-attachment":"scroll","background-type":"","background-media":"","overlay-type":"","overlay-color":"","overlay-opacity":"","overlay-gradient":""}},"ast-content-background-meta":{"desktop":{"background-color":"var(--ast-global-color-5)","background-image":"","background-repeat":"repeat","background-position":"center center","background-size":"auto","background-attachment":"scroll","background-type":"","background-media":"","overlay-type":"","overlay-color":"","overlay-opacity":"","overlay-gradient":""},"tablet":{"background-color":"var(--ast-global-color-5)","background-image":"","background-repeat":"repeat","background-position":"center center","background-size":"auto","background-attachment":"scroll","background-type":"","background-media":"","overlay-type":"","overlay-color":"","overlay-opacity":"","overlay-gradient":""},"mobile":{"background-color":"var(--ast-global-color-5)","background-image":"","background-repeat":"repeat","background-position":"center center","background-size":"auto","background-attachment":"scroll","background-type":"","background-media":"","overlay-type":"","overlay-color":"","overlay-opacity":"","overlay-gradient":""}}},"product_brand":[],"product_cat":[18],"product_tag":[34,35,36,39,40,93,639,772],"class_list":{"0":"post-17099","1":"product","2":"type-product","3":"status-publish","4":"has-post-thumbnail","6":"product_cat-city-maps","7":"product_tag-30x40","8":"product_tag-40x50","9":"product_tag-50x70","10":"product_tag-canvas","11":"product_tag-city-map","12":"product_tag-europe","13":"product_tag-switzerland","14":"product_tag-zurich","15":"desktop-align-left","16":"tablet-align-left","17":"mobile-align-left","19":"first","20":"instock","21":"shipping-taxable","22":"purchasable","23":"product-type-variable"},"aioseo_notices":[],"uagb_featured_image_src":{"full":["https:\/\/mapospheres.eu\/wp-content\/uploads\/2026\/03\/CANVAS_NIGHTROUND_ZURICH.jpg",1000,1000,false],"thumbnail":["https:\/\/mapospheres.eu\/wp-content\/uploads\/2026\/03\/CANVAS_NIGHTROUND_ZURICH-150x150.jpg",150,150,true],"medium":["https:\/\/mapospheres.eu\/wp-content\/uploads\/2026\/03\/CANVAS_NIGHTROUND_ZURICH-300x300.jpg",300,300,true],"medium_large":["https:\/\/mapospheres.eu\/wp-content\/uploads\/2026\/03\/CANVAS_NIGHTROUND_ZURICH-768x768.jpg",768,768,true],"large":["https:\/\/mapospheres.eu\/wp-content\/uploads\/2026\/03\/CANVAS_NIGHTROUND_ZURICH.jpg",1000,1000,false],"1536x1536":["https:\/\/mapospheres.eu\/wp-content\/uploads\/2026\/03\/CANVAS_NIGHTROUND_ZURICH.jpg",1000,1000,false],"2048x2048":["https:\/\/mapospheres.eu\/wp-content\/uploads\/2026\/03\/CANVAS_NIGHTROUND_ZURICH.jpg",1000,1000,false],"woocommerce_thumbnail":["https:\/\/mapospheres.eu\/wp-content\/uploads\/2026\/03\/CANVAS_NIGHTROUND_ZURICH-300x300.jpg",300,300,true],"woocommerce_single":["https:\/\/mapospheres.eu\/wp-content\/uploads\/2026\/03\/CANVAS_NIGHTROUND_ZURICH-600x600.jpg",600,600,true],"woocommerce_gallery_thumbnail":["https:\/\/mapospheres.eu\/wp-content\/uploads\/2026\/03\/CANVAS_NIGHTROUND_ZURICH-100x100.jpg",100,100,true]},"uagb_author_info":{"display_name":"sgainot04@gmail.com","author_link":"https:\/\/mapospheres.eu\/es\/author\/"},"uagb_comment_info":0,"uagb_excerpt":"Consigue un City Map (mapa mural de ciudad) impreso de Z\u00farich, Suiza. \u00a1Elige el tama\u00f1o, el color y el dise\u00f1o de tu mapa a continuaci\u00f3n!","_links":{"self":[{"href":"https:\/\/mapospheres.eu\/es\/wp-json\/wp\/v2\/product\/17099","targetHints":{"allow":["GET"]}}],"collection":[{"href":"https:\/\/mapospheres.eu\/es\/wp-json\/wp\/v2\/product"}],"about":[{"href":"https:\/\/mapospheres.eu\/es\/wp-json\/wp\/v2\/types\/product"}],"wp:featuredmedia":[{"embeddable":true,"href":"https:\/\/mapospheres.eu\/es\/wp-json\/wp\/v2\/media\/18609"}],"wp:attachment":[{"href":"https:\/\/mapospheres.eu\/es\/wp-json\/wp\/v2\/media?parent=17099"}],"wp:term":[{"taxonomy":"product_brand","embeddable":true,"href":"https:\/\/mapospheres.eu\/es\/wp-json\/wp\/v2\/product_brand?post=17099"},{"taxonomy":"product_cat","embeddable":true,"href":"https:\/\/mapospheres.eu\/es\/wp-json\/wp\/v2\/product_cat?post=17099"},{"taxonomy":"product_tag","embeddable":true,"href":"https:\/\/mapospheres.eu\/es\/wp-json\/wp\/v2\/product_tag?post=17099"}],"curies":[{"name":"wp","href":"https:\/\/api.w.org\/{rel}","templated":true}]}}