{"id":17101,"date":"2026-03-02T13:28:55","date_gmt":"2026-03-02T13:28:55","guid":{"rendered":"https:\/\/mapospheres.eu\/product\/poster-of-sofia-bulgaria\/"},"modified":"2026-03-06T10:36:47","modified_gmt":"2026-03-06T10:36:47","slug":"poster-of-sofia-bulgaria","status":"publish","type":"product","link":"https:\/\/mapospheres.eu\/es\/product\/poster-de-sofia-bulgaria\/","title":{"rendered":"Poster de Sof\u00eda | Bulgaria"},"content":{"rendered":"<p><strong>Poster City map de Sof\u00eda, Bulgaria: Cu\u00e9lgala en tu pared y siente c\u00f3mo respira la ciudad \u2014 un poco antigua, un poco moderna, y siempre silenciosamente magn\u00edfica.<\/strong><\/p>\n<p>Sof\u00eda reposa tranquilamente al pie de una monta\u00f1a, medio enterrada en la historia, medio perdida en su propio encanto, y completamente satisfecha con su vista. Este mapa de pared revela todo el car\u00e1cter de la relajada reina de Bulgaria, siguiendo las suaves curvas del terreno y el alma obstinada de la ciudad con l\u00edneas limpias y elegantes. Al sur, la monta\u00f1a Vitosha se eleva como un guardi\u00e1n silencioso. En d\u00edas despejados, observa la ciudad desde lo alto, nevada en invierno y salpicada de flores silvestres en verano. El mapa muestra sus amplias pendientes que se estrechan hacia el l\u00edmite urbano, un punto de encuentro entre la naturaleza y el concreto con el que la mayor\u00eda de las ciudades solo sue\u00f1an. Es el tipo de monta\u00f1a en la que puedes esquiar por la ma\u00f1ana y brindar por ella por la tarde, preferiblemente con algo fuerte y local.<\/p>\n<p>La ciudad misma se despliega sobre una cuenca plana, como si hubiera extendido los brazos bajo la monta\u00f1a para recibir un poco de sol. Las antiguas calzadas romanas todav\u00eda susurran bajo las modernas, y el mapa insin\u00faa las capas del tiempo \u2014 amplios bulevares que se encuentran con callejuelas estrechas, c\u00fapulas ortodoxas elev\u00e1ndose cerca de bloques sovi\u00e9ticos, y parques intercalados como pausas en una larga conversaci\u00f3n.<\/p>\n<p>En el coraz\u00f3n de la ciudad, la catedral de Alejandro Nevski, con su c\u00fapula dorada, se mantiene firme, un hito tan imponente que incluso las palomas parecen impresionadas. Cerca, se pueden ver los restos de Serdica, la antigua ciudad romana que se neg\u00f3 a ser completamente enterrada. Sof\u00eda tiene esta costumbre \u2014 mantener el pasado justo bajo los pies, o a veces justo sobre el suelo, como un cuento a medio contar.<\/p>\n<p>Los espacios verdes ondulan por el mapa como suaves suspiros \u2014 el jard\u00edn Borisova se extiende como una larga respiraci\u00f3n, frondoso y tranquilo, mientras que el Parque del Sur se curva bajo Vitosha como si hubiera ca\u00eddo all\u00ed a prop\u00f3sito. Estos son lugares donde los habitantes caminan, conversan y, en ocasiones, bailan, especialmente cuando una banda aparece sin invitaci\u00f3n.<\/p>\n","protected":false},"excerpt":{"rendered":"<p>Consigue un City Map (mapa mural de ciudad) impreso de Sof\u00eda, Bulgaria. \u00a1Elige el tama\u00f1o, el color y el dise\u00f1o de tu mapa a continuaci\u00f3n!<\/p>\n","protected":false},"featured_media":18403,"template":"","meta":{"_uag_custom_page_level_css":"","_monsterinsights_skip_tracking":false,"_monsterinsights_sitenote_active":false,"_monsterinsights_sitenote_note":"","_monsterinsights_sitenote_category":0,"site-sidebar-layout":"default","site-content-layout":"","ast-site-content-layout":"default","site-content-style":"default","site-sidebar-style":"default","ast-global-header-display":"","ast-banner-title-visibility":"","ast-main-header-display":"","ast-hfb-above-header-display":"","ast-hfb-below-header-display":"","ast-hfb-mobile-header-display":"","site-post-title":"","ast-breadcrumbs-content":"","ast-featured-img":"","footer-sml-layout":"","ast-disable-related-posts":"","theme-transparent-header-meta":"default","adv-header-id-meta":"","stick-header-meta":"","header-above-stick-meta":"","header-main-stick-meta":"","header-below-stick-meta":"","astra-migrate-meta-layouts":"set","ast-page-background-enabled":"default","ast-page-background-meta":{"desktop":{"background-color":"","background-image":"","background-repeat":"repeat","background-position":"center center","background-size":"auto","background-attachment":"scroll","background-type":"","background-media":"","overlay-type":"","overlay-color":"","overlay-opacity":"","overlay-gradient":""},"tablet":{"background-color":"","background-image":"","background-repeat":"repeat","background-position":"center center","background-size":"auto","background-attachment":"scroll","background-type":"","background-media":"","overlay-type":"","overlay-color":"","overlay-opacity":"","overlay-gradient":""},"mobile":{"background-color":"","background-image":"","background-repeat":"repeat","background-position":"center center","background-size":"auto","background-attachment":"scroll","background-type":"","background-media":"","overlay-type":"","overlay-color":"","overlay-opacity":"","overlay-gradient":""}},"ast-content-background-meta":{"desktop":{"background-color":"var(--ast-global-color-5)","background-image":"","background-repeat":"repeat","background-position":"center center","background-size":"auto","background-attachment":"scroll","background-type":"","background-media":"","overlay-type":"","overlay-color":"","overlay-opacity":"","overlay-gradient":""},"tablet":{"background-color":"var(--ast-global-color-5)","background-image":"","background-repeat":"repeat","background-position":"center center","background-size":"auto","background-attachment":"scroll","background-type":"","background-media":"","overlay-type":"","overlay-color":"","overlay-opacity":"","overlay-gradient":""},"mobile":{"background-color":"var(--ast-global-color-5)","background-image":"","background-repeat":"repeat","background-position":"center center","background-size":"auto","background-attachment":"scroll","background-type":"","background-media":"","overlay-type":"","overlay-color":"","overlay-opacity":"","overlay-gradient":""}}},"product_brand":[],"product_cat":[18],"product_tag":[34,35,36,769,39,40,93,770],"class_list":{"0":"post-17101","1":"product","2":"type-product","3":"status-publish","4":"has-post-thumbnail","6":"product_cat-city-maps","7":"product_tag-30x40","8":"product_tag-40x50","9":"product_tag-50x70","10":"product_tag-bulgaria","11":"product_tag-canvas","12":"product_tag-city-map","13":"product_tag-europe","14":"product_tag-sofia","15":"desktop-align-left","16":"tablet-align-left","17":"mobile-align-left","19":"first","20":"instock","21":"shipping-taxable","22":"purchasable","23":"product-type-variable"},"aioseo_notices":[],"uagb_featured_image_src":{"full":["https:\/\/mapospheres.eu\/wp-content\/uploads\/2026\/03\/CANVAS_3_NIGHT_SOFIA.jpg",1000,1000,false],"thumbnail":["https:\/\/mapospheres.eu\/wp-content\/uploads\/2026\/03\/CANVAS_3_NIGHT_SOFIA-150x150.jpg",150,150,true],"medium":["https:\/\/mapospheres.eu\/wp-content\/uploads\/2026\/03\/CANVAS_3_NIGHT_SOFIA-300x300.jpg",300,300,true],"medium_large":["https:\/\/mapospheres.eu\/wp-content\/uploads\/2026\/03\/CANVAS_3_NIGHT_SOFIA-768x768.jpg",768,768,true],"large":["https:\/\/mapospheres.eu\/wp-content\/uploads\/2026\/03\/CANVAS_3_NIGHT_SOFIA.jpg",1000,1000,false],"1536x1536":["https:\/\/mapospheres.eu\/wp-content\/uploads\/2026\/03\/CANVAS_3_NIGHT_SOFIA.jpg",1000,1000,false],"2048x2048":["https:\/\/mapospheres.eu\/wp-content\/uploads\/2026\/03\/CANVAS_3_NIGHT_SOFIA.jpg",1000,1000,false],"woocommerce_thumbnail":["https:\/\/mapospheres.eu\/wp-content\/uploads\/2026\/03\/CANVAS_3_NIGHT_SOFIA-300x300.jpg",300,300,true],"woocommerce_single":["https:\/\/mapospheres.eu\/wp-content\/uploads\/2026\/03\/CANVAS_3_NIGHT_SOFIA-600x600.jpg",600,600,true],"woocommerce_gallery_thumbnail":["https:\/\/mapospheres.eu\/wp-content\/uploads\/2026\/03\/CANVAS_3_NIGHT_SOFIA-100x100.jpg",100,100,true]},"uagb_author_info":{"display_name":"sgainot04@gmail.com","author_link":"https:\/\/mapospheres.eu\/es\/author\/"},"uagb_comment_info":0,"uagb_excerpt":"Consigue un City Map (mapa mural de ciudad) impreso de Sof\u00eda, Bulgaria. \u00a1Elige el tama\u00f1o, el color y el dise\u00f1o de tu mapa a continuaci\u00f3n!","_links":{"self":[{"href":"https:\/\/mapospheres.eu\/es\/wp-json\/wp\/v2\/product\/17101","targetHints":{"allow":["GET"]}}],"collection":[{"href":"https:\/\/mapospheres.eu\/es\/wp-json\/wp\/v2\/product"}],"about":[{"href":"https:\/\/mapospheres.eu\/es\/wp-json\/wp\/v2\/types\/product"}],"wp:featuredmedia":[{"embeddable":true,"href":"https:\/\/mapospheres.eu\/es\/wp-json\/wp\/v2\/media\/18403"}],"wp:attachment":[{"href":"https:\/\/mapospheres.eu\/es\/wp-json\/wp\/v2\/media?parent=17101"}],"wp:term":[{"taxonomy":"product_brand","embeddable":true,"href":"https:\/\/mapospheres.eu\/es\/wp-json\/wp\/v2\/product_brand?post=17101"},{"taxonomy":"product_cat","embeddable":true,"href":"https:\/\/mapospheres.eu\/es\/wp-json\/wp\/v2\/product_cat?post=17101"},{"taxonomy":"product_tag","embeddable":true,"href":"https:\/\/mapospheres.eu\/es\/wp-json\/wp\/v2\/product_tag?post=17101"}],"curies":[{"name":"wp","href":"https:\/\/api.w.org\/{rel}","templated":true}]}}